{"id":2620,"date":"2019-03-09T14:06:33","date_gmt":"2019-03-09T13:06:33","guid":{"rendered":"https:\/\/www.acerosmetal.com\/?page_id=2620"},"modified":"2019-03-17T21:57:18","modified_gmt":"2019-03-17T20:57:18","slug":"farmaceutische-industrie","status":"publish","type":"page","link":"https:\/\/www.acerosmetal.com\/nl\/branches\/farmaceutische-industrie","title":{"rendered":"Farmaceutische industrie"},"content":{"rendered":"\n\t<section class=\"section\" id=\"section_1089781797\">\n\t\t<div class=\"section-bg fill\" >\n\t\t\t\t\t\t\t\t\t\n\t\t\t\n\n\t\t<\/div>\n\n\t\t\n\n\t\t<div class=\"section-content relative\">\n\t\t\t\n<h1 class=\"uppercase\">Farmaceutische industrie<\/h1>\n<p>Instrumenten en machines in de farmaceutische productieomgeving (cleanrooms) en laboratoria moeten voldoen aan strenge richtlijnen van de Inspectie voor de Gezondheidszorg, mede gebaseerd op Good Manufacturing Practices (GMP).<\/p>\n<h3>Roest op instrumenten en machines in farmaceutische laboratoria<\/h3>\n<p>Veel instrumenten en machines zijn gemaakt van roestvrij staal (rvs). Desondanks kunnen beschadigingen en blootstelling aan vocht, desinfectiemiddelen of bestanddelen in water leiden tot corrosie of roestvorming, zoals contactcorrosie, wrijvingscorrosie, putcorrosie of vliegroest. Dit kan zich bijvoorbeeld uiten als (zwarte) vlekken op of putjes in het rvs.<\/p>\n<h3>Effecten van corrosie op instrumenten en farmaceutische apparatuur<\/h3>\n<p>Op een gecorrodeerd oppervlak kunnen bacteri\u00ebn zich eenvoudig hechten. Het verwijderen van roest en corrosie helpt u daarom bij het handhaven van de essenti\u00eble hygi\u00ebnische omstandigheden in uw farmaceutische productieomgeving. Goed onderhoud verlengt daarnaast ook de levensduur van uw instrumentarium en apparatuur.<\/p>\n<h3>Roest verwijderen van rvs apparatuur en machines<\/h3>\n<p>Aceros Metal Treatment biedt u een effectieve oplossing voor het schoonmaken van roestvrij staal. Met <a href=\"\/shop\/rvs-reinigers\/rvs-reiniger-innoshine-b570-tevens-roestverwijderaar\">Innoshine B570 verwijdert u veilig en eenvoudig roest en vlekken<\/a> van uw instrumentarium en installaties. Vervolgens kunt u <a href=\"\/shop\/rvs-reinigers\/rvs-reiniger-b580\">Innocare B580 gebruiken voor het verwijderen van de losgekomen vuilresten<\/a>, maar dit middel is ook rechtstreeks te gebruiken voor het reinigen van licht vervuilde oppervlakken. Innocare B580 activeert tevens het beschermende oxidelaagje van rvs zodat nieuwe corrosie minder kans krijgt.<\/p>\n<h3>Veiligheid<\/h3>\n<p>Onze middelen zijn veilig in gebruik en breed inzetbaar. Zo zijn vier van onze producten NSF gecertificeerd en toegestaan in de voedingsmiddelenindustrie.<\/p>\n<h3>Keuze van het juiste RVS reinigings- of onderhoudsproduct<\/h3>\n<p>Meer specifieke productinformatie kunt u vinden op de betreffende productpagina\u2019s. U kunt gemakkelijk en snel bestellen via onze webshop.<\/p>\n<h3>Advisering en begeleiding<\/h3>\n<p>Heeft u behoefte aan een vrijblijvend en deskundig advies? Neem dan contact met ons op.<\/p>\n<p>Desgewenst kunnen wij ook een schoonmaakbeurt van uw instrumentarium of apparatuur van u overnemen. \u00a0Informeer naar de mogelijkheden of vraag een offerte aan.<\/p>\n\t\t<\/div>\n\n\t\t\n<style>\n#section_1089781797 {\n  padding-top: 30px;\n  padding-bottom: 30px;\n  background-color: rgb(248, 248, 248);\n}\n<\/style>\n\t<\/section>\n\t\n","protected":false},"excerpt":{"rendered":"","protected":false},"author":3,"featured_media":0,"parent":2316,"menu_order":0,"comment_status":"closed","ping_status":"closed","template":"","meta":{"footnotes":""},"class_list":["post-2620","page","type-page","status-publish","hentry"],"yoast_head":"<!-- This site is optimized with the Yoast SEO plugin v26.3 - https:\/\/yoast.com\/wordpress\/plugins\/seo\/ -->\n<title>Farmaceutische industrie - Aceros Metal Treatment<\/title>\n<meta name=\"robots\" content=\"index, follow, max-snippet:-1, max-image-preview:large, max-video-preview:-1\" \/>\n<link rel=\"canonical\" href=\"https:\/\/www.acerosmetal.com\/nl\/branches\/farmaceutische-industrie\" \/>\n<meta property=\"og:locale\" content=\"nl_NL\" \/>\n<meta property=\"og:type\" content=\"article\" \/>\n<meta property=\"og:title\" content=\"Farmaceutische industrie - Aceros Metal Treatment\" \/>\n<meta property=\"og:url\" content=\"https:\/\/www.acerosmetal.com\/nl\/branches\/farmaceutische-industrie\" \/>\n<meta property=\"og:site_name\" content=\"Aceros Metal Treatment\" \/>\n<meta property=\"article:modified_time\" content=\"2019-03-17T20:57:18+00:00\" \/>\n<meta name=\"twitter:card\" content=\"summary_large_image\" \/>\n<meta name=\"twitter:label1\" content=\"Geschatte leestijd\" \/>\n\t<meta name=\"twitter:data1\" content=\"2 minuten\" \/>\n<script type=\"application\/ld+json\" class=\"yoast-schema-graph\">{\"@context\":\"https:\/\/schema.org\",\"@graph\":[{\"@type\":\"WebPage\",\"@id\":\"https:\/\/www.acerosmetal.com\/nl\/branches\/farmaceutische-industrie\",\"url\":\"https:\/\/www.acerosmetal.com\/nl\/branches\/farmaceutische-industrie\",\"name\":\"Farmaceutische industrie - Aceros Metal Treatment\",\"isPartOf\":{\"@id\":\"https:\/\/www.acerosmetal.com\/nl#website\"},\"datePublished\":\"2019-03-09T13:06:33+00:00\",\"dateModified\":\"2019-03-17T20:57:18+00:00\",\"breadcrumb\":{\"@id\":\"https:\/\/www.acerosmetal.com\/nl\/branches\/farmaceutische-industrie#breadcrumb\"},\"inLanguage\":\"nl-NL\",\"potentialAction\":[{\"@type\":\"ReadAction\",\"target\":[\"https:\/\/www.acerosmetal.com\/nl\/branches\/farmaceutische-industrie\"]}]},{\"@type\":\"BreadcrumbList\",\"@id\":\"https:\/\/www.acerosmetal.com\/nl\/branches\/farmaceutische-industrie#breadcrumb\",\"itemListElement\":[{\"@type\":\"ListItem\",\"position\":1,\"name\":\"Home\",\"item\":\"https:\/\/www.acerosmetal.com\/nl\"},{\"@type\":\"ListItem\",\"position\":2,\"name\":\"Branches\",\"item\":\"https:\/\/www.acerosmetal.com\/nl\/branches\"},{\"@type\":\"ListItem\",\"position\":3,\"name\":\"Farmaceutische industrie\"}]},{\"@type\":\"WebSite\",\"@id\":\"https:\/\/www.acerosmetal.com\/nl#website\",\"url\":\"https:\/\/www.acerosmetal.com\/nl\",\"name\":\"Aceros Metal Treatment\",\"description\":\"\",\"potentialAction\":[{\"@type\":\"SearchAction\",\"target\":{\"@type\":\"EntryPoint\",\"urlTemplate\":\"https:\/\/www.acerosmetal.com\/nl?s={search_term_string}\"},\"query-input\":{\"@type\":\"PropertyValueSpecification\",\"valueRequired\":true,\"valueName\":\"search_term_string\"}}],\"inLanguage\":\"nl-NL\"}]}<\/script>\n<!-- \/ Yoast SEO plugin. -->","yoast_head_json":{"title":"Farmaceutische industrie - Aceros Metal Treatment","robots":{"index":"index","follow":"follow","max-snippet":"max-snippet:-1","max-image-preview":"max-image-preview:large","max-video-preview":"max-video-preview:-1"},"canonical":"https:\/\/www.acerosmetal.com\/nl\/branches\/farmaceutische-industrie","og_locale":"nl_NL","og_type":"article","og_title":"Farmaceutische industrie - Aceros Metal Treatment","og_url":"https:\/\/www.acerosmetal.com\/nl\/branches\/farmaceutische-industrie","og_site_name":"Aceros Metal Treatment","article_modified_time":"2019-03-17T20:57:18+00:00","twitter_card":"summary_large_image","twitter_misc":{"Geschatte leestijd":"2 minuten"},"schema":{"@context":"https:\/\/schema.org","@graph":[{"@type":"WebPage","@id":"https:\/\/www.acerosmetal.com\/nl\/branches\/farmaceutische-industrie","url":"https:\/\/www.acerosmetal.com\/nl\/branches\/farmaceutische-industrie","name":"Farmaceutische industrie - Aceros Metal Treatment","isPartOf":{"@id":"https:\/\/www.acerosmetal.com\/nl#website"},"datePublished":"2019-03-09T13:06:33+00:00","dateModified":"2019-03-17T20:57:18+00:00","breadcrumb":{"@id":"https:\/\/www.acerosmetal.com\/nl\/branches\/farmaceutische-industrie#breadcrumb"},"inLanguage":"nl-NL","potentialAction":[{"@type":"ReadAction","target":["https:\/\/www.acerosmetal.com\/nl\/branches\/farmaceutische-industrie"]}]},{"@type":"BreadcrumbList","@id":"https:\/\/www.acerosmetal.com\/nl\/branches\/farmaceutische-industrie#breadcrumb","itemListElement":[{"@type":"ListItem","position":1,"name":"Home","item":"https:\/\/www.acerosmetal.com\/nl"},{"@type":"ListItem","position":2,"name":"Branches","item":"https:\/\/www.acerosmetal.com\/nl\/branches"},{"@type":"ListItem","position":3,"name":"Farmaceutische industrie"}]},{"@type":"WebSite","@id":"https:\/\/www.acerosmetal.com\/nl#website","url":"https:\/\/www.acerosmetal.com\/nl","name":"Aceros Metal Treatment","description":"","potentialAction":[{"@type":"SearchAction","target":{"@type":"EntryPoint","urlTemplate":"https:\/\/www.acerosmetal.com\/nl?s={search_term_string}"},"query-input":{"@type":"PropertyValueSpecification","valueRequired":true,"valueName":"search_term_string"}}],"inLanguage":"nl-NL"}]}},"_links":{"self":[{"href":"https:\/\/www.acerosmetal.com\/nl\/wp-json\/wp\/v2\/pages\/2620","targetHints":{"allow":["GET"]}}],"collection":[{"href":"https:\/\/www.acerosmetal.com\/nl\/wp-json\/wp\/v2\/pages"}],"about":[{"href":"https:\/\/www.acerosmetal.com\/nl\/wp-json\/wp\/v2\/types\/page"}],"author":[{"embeddable":true,"href":"https:\/\/www.acerosmetal.com\/nl\/wp-json\/wp\/v2\/users\/3"}],"replies":[{"embeddable":true,"href":"https:\/\/www.acerosmetal.com\/nl\/wp-json\/wp\/v2\/comments?post=2620"}],"version-history":[{"count":3,"href":"https:\/\/www.acerosmetal.com\/nl\/wp-json\/wp\/v2\/pages\/2620\/revisions"}],"predecessor-version":[{"id":3333,"href":"https:\/\/www.acerosmetal.com\/nl\/wp-json\/wp\/v2\/pages\/2620\/revisions\/3333"}],"up":[{"embeddable":true,"href":"https:\/\/www.acerosmetal.com\/nl\/wp-json\/wp\/v2\/pages\/2316"}],"wp:attachment":[{"href":"https:\/\/www.acerosmetal.com\/nl\/wp-json\/wp\/v2\/media?parent=2620"}],"curies":[{"name":"wp","href":"https:\/\/api.w.org\/{rel}","templated":true}]}}