{"id":2819,"date":"2016-10-10T14:54:57","date_gmt":"2016-10-10T12:54:57","guid":{"rendered":"https:\/\/www.acerosmetal.com\/shop\/non%20class\u00e9\/innogel-b450"},"modified":"2023-01-09T20:33:46","modified_gmt":"2023-01-09T19:33:46","slug":"innogel-b450","status":"publish","type":"product","link":"https:\/\/www.acerosmetal.com\/fr\/product\/innogel-b450","title":{"rendered":"Innogel B450\u00ae"},"content":{"rendered":"<h2>Innogel B450 &#8211; d\u00e9capant inox<\/h2>\n<p> Innogel B450 est un gel d\u00e9capant pr\u00eat \u00e0 l\u2019emploi. Du fait de son pH tr\u00e8s acide (pH 1.4) il s\u2019av\u00e8re tr\u00e8s efficace pour les probl\u00e8mes de corrosion tr\u00e8s avanc\u00e9s. Du fait de sa consistance sous forme de gel, il est \u00e9galement plus facile \u00e0 appliquer dans les zones difficiles d\u2019acc\u00e8s tels que les recoins, les pas de vis, etc\u2026  Innogel B450 s\u2019applique au pinceau ou au rouleau sur la surface contamin\u00e9e et n\u2019a pas besoin d\u2019\u00eatre frott\u00e9. Il faut ensuite le laisser agir jusqu\u2019\u00e0 ce que toute la corrosion ait disparu (de 1 \u00e0 4 heures en moyenne). Il se rince ensuite \u00e0 l\u2019eau froide. <\/p>\n<p><iframe loading=\"lazy\" title=\"How to use Innogel B450\" width=\"1020\" height=\"574\" src=\"https:\/\/www.youtube.com\/embed\/0CwdwEnzFRQ?feature=oembed\" frameborder=\"0\" allow=\"accelerometer; autoplay; encrypted-media; gyroscope; picture-in-picture\" allowfullscreen><\/iframe><\/p>\n","protected":false},"excerpt":{"rendered":"<p>Innogel B450 &#8211; d\u00e9capant inox Innogel B450 est un gel d\u00e9capant pr\u00eat \u00e0 l\u2019emploi. Du fait de son pH tr\u00e8s acide (pH 1.4) il s\u2019av\u00e8re tr\u00e8s efficace pour les probl\u00e8mes de corrosion tr\u00e8s avanc\u00e9s. Du fait de sa consistance sous forme de gel, il est \u00e9galement plus facile \u00e0 appliquer dans les zones difficiles d\u2019acc\u00e8s [&#8230;]\n","protected":false},"featured_media":1424,"comment_status":"open","ping_status":"closed","template":"","meta":[],"product_brand":[],"product_cat":[149],"product_tag":[],"class_list":{"0":"post-2819","1":"product","2":"type-product","3":"status-publish","4":"has-post-thumbnail","6":"product_cat-nettoyants-inox","8":"first","9":"instock","10":"taxable","11":"shipping-taxable","12":"purchasable","13":"product-type-variable","14":"has-default-attributes"},"yoast_head":"<!-- This site is optimized with the Yoast SEO plugin v26.3 - https:\/\/yoast.com\/wordpress\/plugins\/seo\/ -->\n<title>Innogel B450 - d\u00e9capant inox | Aceros Metal Treatment<\/title>\n<meta name=\"description\" content=\"Innogel B450 est un gel d\u00e9capant pr\u00eat \u00e0 l\u2019emploi. Du fait de son pH tr\u00e8s acide (pH 1.4) il s\u2019av\u00e8re tr\u00e8s efficace pour les probl\u00e8mes de corrosion tr\u00e8s avanc\u00e9s.\" \/>\n<meta name=\"robots\" content=\"index, follow, max-snippet:-1, max-image-preview:large, max-video-preview:-1\" \/>\n<link rel=\"canonical\" href=\"https:\/\/www.acerosmetal.com\/fr\/product\/innogel-b450\" \/>\n<meta property=\"og:locale\" content=\"fr_FR\" \/>\n<meta property=\"og:type\" content=\"article\" \/>\n<meta property=\"og:title\" content=\"Innogel B450 - d\u00e9capant inox | Aceros Metal Treatment\" \/>\n<meta property=\"og:description\" content=\"Innogel B450 est un gel d\u00e9capant pr\u00eat \u00e0 l\u2019emploi. Du fait de son pH tr\u00e8s acide (pH 1.4) il s\u2019av\u00e8re tr\u00e8s efficace pour les probl\u00e8mes de corrosion tr\u00e8s avanc\u00e9s.\" \/>\n<meta property=\"og:url\" content=\"https:\/\/www.acerosmetal.com\/fr\/product\/innogel-b450\" \/>\n<meta property=\"og:site_name\" content=\"Aceros Metal Treatment\" \/>\n<meta property=\"article:modified_time\" content=\"2023-01-09T19:33:46+00:00\" \/>\n<meta property=\"og:image\" content=\"https:\/\/www.acerosmetal.com\/wp-content\/uploads\/2016\/10\/rvs-reiniger-innogel-B450.jpg\" \/>\n\t<meta property=\"og:image:width\" content=\"900\" \/>\n\t<meta property=\"og:image:height\" content=\"900\" \/>\n\t<meta property=\"og:image:type\" content=\"image\/jpeg\" \/>\n<meta name=\"twitter:card\" content=\"summary_large_image\" \/>\n<meta name=\"twitter:label1\" content=\"Dur\u00e9e de lecture estim\u00e9e\" \/>\n\t<meta name=\"twitter:data1\" content=\"1 minute\" \/>\n<script type=\"application\/ld+json\" class=\"yoast-schema-graph\">{\"@context\":\"https:\/\/schema.org\",\"@graph\":[{\"@type\":\"WebPage\",\"@id\":\"https:\/\/www.acerosmetal.com\/fr\/product\/innogel-b450\",\"url\":\"https:\/\/www.acerosmetal.com\/fr\/product\/innogel-b450\",\"name\":\"Innogel B450 - d\u00e9capant inox | Aceros Metal Treatment\",\"isPartOf\":{\"@id\":\"https:\/\/www.acerosmetal.com\/fr#website\"},\"primaryImageOfPage\":{\"@id\":\"https:\/\/www.acerosmetal.com\/fr\/product\/innogel-b450#primaryimage\"},\"image\":{\"@id\":\"https:\/\/www.acerosmetal.com\/fr\/product\/innogel-b450#primaryimage\"},\"thumbnailUrl\":\"https:\/\/www.acerosmetal.com\/wp-content\/uploads\/2016\/10\/rvs-reiniger-innogel-B450.jpg\",\"datePublished\":\"2016-10-10T12:54:57+00:00\",\"dateModified\":\"2023-01-09T19:33:46+00:00\",\"description\":\"Innogel B450 est un gel d\u00e9capant pr\u00eat \u00e0 l\u2019emploi. Du fait de son pH tr\u00e8s acide (pH 1.4) il s\u2019av\u00e8re tr\u00e8s efficace pour les probl\u00e8mes de corrosion tr\u00e8s avanc\u00e9s.\",\"breadcrumb\":{\"@id\":\"https:\/\/www.acerosmetal.com\/fr\/product\/innogel-b450#breadcrumb\"},\"inLanguage\":\"fr-FR\",\"potentialAction\":[{\"@type\":\"ReadAction\",\"target\":[\"https:\/\/www.acerosmetal.com\/fr\/product\/innogel-b450\"]}]},{\"@type\":\"ImageObject\",\"inLanguage\":\"fr-FR\",\"@id\":\"https:\/\/www.acerosmetal.com\/fr\/product\/innogel-b450#primaryimage\",\"url\":\"https:\/\/www.acerosmetal.com\/wp-content\/uploads\/2016\/10\/rvs-reiniger-innogel-B450.jpg\",\"contentUrl\":\"https:\/\/www.acerosmetal.com\/wp-content\/uploads\/2016\/10\/rvs-reiniger-innogel-B450.jpg\",\"width\":900,\"height\":900},{\"@type\":\"BreadcrumbList\",\"@id\":\"https:\/\/www.acerosmetal.com\/fr\/product\/innogel-b450#breadcrumb\",\"itemListElement\":[{\"@type\":\"ListItem\",\"position\":1,\"name\":\"Home\",\"item\":\"https:\/\/www.acerosmetal.com\/fr\"},{\"@type\":\"ListItem\",\"position\":2,\"name\":\"Shop\",\"item\":\"https:\/\/www.acerosmetal.com\/shop\"},{\"@type\":\"ListItem\",\"position\":3,\"name\":\"Innogel B450\u00ae\"}]},{\"@type\":\"WebSite\",\"@id\":\"https:\/\/www.acerosmetal.com\/fr#website\",\"url\":\"https:\/\/www.acerosmetal.com\/fr\",\"name\":\"Aceros Metal Treatment\",\"description\":\"\",\"potentialAction\":[{\"@type\":\"SearchAction\",\"target\":{\"@type\":\"EntryPoint\",\"urlTemplate\":\"https:\/\/www.acerosmetal.com\/fr?s={search_term_string}\"},\"query-input\":{\"@type\":\"PropertyValueSpecification\",\"valueRequired\":true,\"valueName\":\"search_term_string\"}}],\"inLanguage\":\"fr-FR\"}]}<\/script>\n<!-- \/ Yoast SEO plugin. -->","yoast_head_json":{"title":"Innogel B450 - d\u00e9capant inox | Aceros Metal Treatment","description":"Innogel B450 est un gel d\u00e9capant pr\u00eat \u00e0 l\u2019emploi. Du fait de son pH tr\u00e8s acide (pH 1.4) il s\u2019av\u00e8re tr\u00e8s efficace pour les probl\u00e8mes de corrosion tr\u00e8s avanc\u00e9s.","robots":{"index":"index","follow":"follow","max-snippet":"max-snippet:-1","max-image-preview":"max-image-preview:large","max-video-preview":"max-video-preview:-1"},"canonical":"https:\/\/www.acerosmetal.com\/fr\/product\/innogel-b450","og_locale":"fr_FR","og_type":"article","og_title":"Innogel B450 - d\u00e9capant inox | Aceros Metal Treatment","og_description":"Innogel B450 est un gel d\u00e9capant pr\u00eat \u00e0 l\u2019emploi. Du fait de son pH tr\u00e8s acide (pH 1.4) il s\u2019av\u00e8re tr\u00e8s efficace pour les probl\u00e8mes de corrosion tr\u00e8s avanc\u00e9s.","og_url":"https:\/\/www.acerosmetal.com\/fr\/product\/innogel-b450","og_site_name":"Aceros Metal Treatment","article_modified_time":"2023-01-09T19:33:46+00:00","og_image":[{"width":900,"height":900,"url":"https:\/\/www.acerosmetal.com\/wp-content\/uploads\/2016\/10\/rvs-reiniger-innogel-B450.jpg","type":"image\/jpeg"}],"twitter_card":"summary_large_image","twitter_misc":{"Dur\u00e9e de lecture estim\u00e9e":"1 minute"},"schema":{"@context":"https:\/\/schema.org","@graph":[{"@type":"WebPage","@id":"https:\/\/www.acerosmetal.com\/fr\/product\/innogel-b450","url":"https:\/\/www.acerosmetal.com\/fr\/product\/innogel-b450","name":"Innogel B450 - d\u00e9capant inox | Aceros Metal Treatment","isPartOf":{"@id":"https:\/\/www.acerosmetal.com\/fr#website"},"primaryImageOfPage":{"@id":"https:\/\/www.acerosmetal.com\/fr\/product\/innogel-b450#primaryimage"},"image":{"@id":"https:\/\/www.acerosmetal.com\/fr\/product\/innogel-b450#primaryimage"},"thumbnailUrl":"https:\/\/www.acerosmetal.com\/wp-content\/uploads\/2016\/10\/rvs-reiniger-innogel-B450.jpg","datePublished":"2016-10-10T12:54:57+00:00","dateModified":"2023-01-09T19:33:46+00:00","description":"Innogel B450 est un gel d\u00e9capant pr\u00eat \u00e0 l\u2019emploi. Du fait de son pH tr\u00e8s acide (pH 1.4) il s\u2019av\u00e8re tr\u00e8s efficace pour les probl\u00e8mes de corrosion tr\u00e8s avanc\u00e9s.","breadcrumb":{"@id":"https:\/\/www.acerosmetal.com\/fr\/product\/innogel-b450#breadcrumb"},"inLanguage":"fr-FR","potentialAction":[{"@type":"ReadAction","target":["https:\/\/www.acerosmetal.com\/fr\/product\/innogel-b450"]}]},{"@type":"ImageObject","inLanguage":"fr-FR","@id":"https:\/\/www.acerosmetal.com\/fr\/product\/innogel-b450#primaryimage","url":"https:\/\/www.acerosmetal.com\/wp-content\/uploads\/2016\/10\/rvs-reiniger-innogel-B450.jpg","contentUrl":"https:\/\/www.acerosmetal.com\/wp-content\/uploads\/2016\/10\/rvs-reiniger-innogel-B450.jpg","width":900,"height":900},{"@type":"BreadcrumbList","@id":"https:\/\/www.acerosmetal.com\/fr\/product\/innogel-b450#breadcrumb","itemListElement":[{"@type":"ListItem","position":1,"name":"Home","item":"https:\/\/www.acerosmetal.com\/fr"},{"@type":"ListItem","position":2,"name":"Shop","item":"https:\/\/www.acerosmetal.com\/shop"},{"@type":"ListItem","position":3,"name":"Innogel B450\u00ae"}]},{"@type":"WebSite","@id":"https:\/\/www.acerosmetal.com\/fr#website","url":"https:\/\/www.acerosmetal.com\/fr","name":"Aceros Metal Treatment","description":"","potentialAction":[{"@type":"SearchAction","target":{"@type":"EntryPoint","urlTemplate":"https:\/\/www.acerosmetal.com\/fr?s={search_term_string}"},"query-input":{"@type":"PropertyValueSpecification","valueRequired":true,"valueName":"search_term_string"}}],"inLanguage":"fr-FR"}]}},"_links":{"self":[{"href":"https:\/\/www.acerosmetal.com\/fr\/wp-json\/wp\/v2\/product\/2819","targetHints":{"allow":["GET"]}}],"collection":[{"href":"https:\/\/www.acerosmetal.com\/fr\/wp-json\/wp\/v2\/product"}],"about":[{"href":"https:\/\/www.acerosmetal.com\/fr\/wp-json\/wp\/v2\/types\/product"}],"replies":[{"embeddable":true,"href":"https:\/\/www.acerosmetal.com\/fr\/wp-json\/wp\/v2\/comments?post=2819"}],"wp:featuredmedia":[{"embeddable":true,"href":"https:\/\/www.acerosmetal.com\/fr\/wp-json\/wp\/v2\/media\/1424"}],"wp:attachment":[{"href":"https:\/\/www.acerosmetal.com\/fr\/wp-json\/wp\/v2\/media?parent=2819"}],"wp:term":[{"taxonomy":"product_brand","embeddable":true,"href":"https:\/\/www.acerosmetal.com\/fr\/wp-json\/wp\/v2\/product_brand?post=2819"},{"taxonomy":"product_cat","embeddable":true,"href":"https:\/\/www.acerosmetal.com\/fr\/wp-json\/wp\/v2\/product_cat?post=2819"},{"taxonomy":"product_tag","embeddable":true,"href":"https:\/\/www.acerosmetal.com\/fr\/wp-json\/wp\/v2\/product_tag?post=2819"}],"curies":[{"name":"wp","href":"https:\/\/api.w.org\/{rel}","templated":true}]}}