{"id":2816,"date":"2016-10-10T14:35:31","date_gmt":"2016-10-10T12:35:31","guid":{"rendered":"https:\/\/www.acerosmetal.com\/shop\/non%20class\u00e9\/innopolish-b520-polissant-inox"},"modified":"2022-12-16T19:30:14","modified_gmt":"2022-12-16T18:30:14","slug":"innopolish-b520-polissant-inox","status":"publish","type":"product","link":"https:\/\/www.acerosmetal.com\/fr\/product\/innopolish-b520-polissant-inox","title":{"rendered":"Innopolish B520\u00ae"},"content":{"rendered":"<h2>Innopolish B520 &#8211; Polissant inox <\/h2>\n<p> Innopolish B520 est un polissant aidant \u00e0 \u00e9liminer les ternissures sur les surfaces et les mat\u00e9riaux m\u00e9talliques non ferreux. Il s\u2019applique sur l&rsquo;acier inoxydable, le nickel, le cuivre, le laiton, le chrome et l&rsquo;aluminium.<\/p>\n<p><iframe loading=\"lazy\" title=\"How to use Innopolish B520\" width=\"1020\" height=\"574\" src=\"https:\/\/www.youtube.com\/embed\/C5aa0qX9KpM?feature=oembed\" frameborder=\"0\" allow=\"accelerometer; autoplay; encrypted-media; gyroscope; picture-in-picture\" allowfullscreen><\/iframe><\/p>\n<p>Innopolish B520 est certifi\u00e9 alimentaire sous la norme \u00ab NSF International \u00bb<\/p>\n<p>Disponible en flacon de 100 et 250 ml. <\/p>\n","protected":false},"excerpt":{"rendered":"<ul>\n<li>Effet nettoyant puissant<\/li>\n<li>Douceur pour l&rsquo;\u00e9quipement et la peau<\/li>\n<li>Prot\u00e8ge\u00a0les surfaces nettoy\u00e9es<\/li>\n<li>Convient pour une utilisation dans le secteur alimentaire (certifi\u00e9 NSF)<\/li>\n<li>Parfum agr\u00e9able<\/li>\n<\/ul>\n","protected":false},"featured_media":1419,"comment_status":"open","ping_status":"closed","template":"","meta":[],"product_brand":[],"product_cat":[149],"product_tag":[],"class_list":{"0":"post-2816","1":"product","2":"type-product","3":"status-publish","4":"has-post-thumbnail","6":"product_cat-nettoyants-inox","8":"first","9":"instock","10":"taxable","11":"shipping-taxable","12":"purchasable","13":"product-type-variable"},"yoast_head":"<!-- This site is optimized with the Yoast SEO plugin v26.3 - https:\/\/yoast.com\/wordpress\/plugins\/seo\/ -->\n<title>Nettoyant pour acier inoxydable Innopolish B520\u00ae | Aceros Metal Treatment<\/title>\n<meta name=\"description\" content=\"Innopolish B520 est un polissant aidant \u00e0 \u00e9liminer les ternissures sur les surfaces et les mat\u00e9riaux m\u00e9talliques non ferreux.\" \/>\n<meta name=\"robots\" content=\"index, follow, max-snippet:-1, max-image-preview:large, max-video-preview:-1\" \/>\n<link rel=\"canonical\" href=\"https:\/\/www.acerosmetal.com\/fr\/product\/innopolish-b520-polissant-inox\" \/>\n<meta property=\"og:locale\" content=\"fr_FR\" \/>\n<meta property=\"og:type\" content=\"article\" \/>\n<meta property=\"og:title\" content=\"Nettoyant pour acier inoxydable Innopolish B520\u00ae | Aceros Metal Treatment\" \/>\n<meta property=\"og:description\" content=\"Innopolish B520 est un polissant aidant \u00e0 \u00e9liminer les ternissures sur les surfaces et les mat\u00e9riaux m\u00e9talliques non ferreux.\" \/>\n<meta property=\"og:url\" content=\"https:\/\/www.acerosmetal.com\/fr\/product\/innopolish-b520-polissant-inox\" \/>\n<meta property=\"og:site_name\" content=\"Aceros Metal Treatment\" \/>\n<meta property=\"article:modified_time\" content=\"2022-12-16T18:30:14+00:00\" \/>\n<meta property=\"og:image\" content=\"https:\/\/www.acerosmetal.com\/wp-content\/uploads\/2016\/10\/INNOPOLISH-B520.jpg\" \/>\n\t<meta property=\"og:image:width\" content=\"900\" \/>\n\t<meta property=\"og:image:height\" content=\"900\" \/>\n\t<meta property=\"og:image:type\" content=\"image\/jpeg\" \/>\n<meta name=\"twitter:card\" content=\"summary_large_image\" \/>\n<script type=\"application\/ld+json\" class=\"yoast-schema-graph\">{\"@context\":\"https:\/\/schema.org\",\"@graph\":[{\"@type\":\"WebPage\",\"@id\":\"https:\/\/www.acerosmetal.com\/fr\/product\/innopolish-b520-polissant-inox\",\"url\":\"https:\/\/www.acerosmetal.com\/fr\/product\/innopolish-b520-polissant-inox\",\"name\":\"Nettoyant pour acier inoxydable Innopolish B520\u00ae | Aceros Metal Treatment\",\"isPartOf\":{\"@id\":\"https:\/\/www.acerosmetal.com\/fr#website\"},\"primaryImageOfPage\":{\"@id\":\"https:\/\/www.acerosmetal.com\/fr\/product\/innopolish-b520-polissant-inox#primaryimage\"},\"image\":{\"@id\":\"https:\/\/www.acerosmetal.com\/fr\/product\/innopolish-b520-polissant-inox#primaryimage\"},\"thumbnailUrl\":\"https:\/\/www.acerosmetal.com\/wp-content\/uploads\/2016\/10\/INNOPOLISH-B520.jpg\",\"datePublished\":\"2016-10-10T12:35:31+00:00\",\"dateModified\":\"2022-12-16T18:30:14+00:00\",\"description\":\"Innopolish B520 est un polissant aidant \u00e0 \u00e9liminer les ternissures sur les surfaces et les mat\u00e9riaux m\u00e9talliques non ferreux.\",\"breadcrumb\":{\"@id\":\"https:\/\/www.acerosmetal.com\/fr\/product\/innopolish-b520-polissant-inox#breadcrumb\"},\"inLanguage\":\"fr-FR\",\"potentialAction\":[{\"@type\":\"ReadAction\",\"target\":[\"https:\/\/www.acerosmetal.com\/fr\/product\/innopolish-b520-polissant-inox\"]}]},{\"@type\":\"ImageObject\",\"inLanguage\":\"fr-FR\",\"@id\":\"https:\/\/www.acerosmetal.com\/fr\/product\/innopolish-b520-polissant-inox#primaryimage\",\"url\":\"https:\/\/www.acerosmetal.com\/wp-content\/uploads\/2016\/10\/INNOPOLISH-B520.jpg\",\"contentUrl\":\"https:\/\/www.acerosmetal.com\/wp-content\/uploads\/2016\/10\/INNOPOLISH-B520.jpg\",\"width\":900,\"height\":900},{\"@type\":\"BreadcrumbList\",\"@id\":\"https:\/\/www.acerosmetal.com\/fr\/product\/innopolish-b520-polissant-inox#breadcrumb\",\"itemListElement\":[{\"@type\":\"ListItem\",\"position\":1,\"name\":\"Home\",\"item\":\"https:\/\/www.acerosmetal.com\/fr\"},{\"@type\":\"ListItem\",\"position\":2,\"name\":\"Shop\",\"item\":\"https:\/\/www.acerosmetal.com\/shop\"},{\"@type\":\"ListItem\",\"position\":3,\"name\":\"Innopolish B520\u00ae\"}]},{\"@type\":\"WebSite\",\"@id\":\"https:\/\/www.acerosmetal.com\/fr#website\",\"url\":\"https:\/\/www.acerosmetal.com\/fr\",\"name\":\"Aceros Metal Treatment\",\"description\":\"\",\"potentialAction\":[{\"@type\":\"SearchAction\",\"target\":{\"@type\":\"EntryPoint\",\"urlTemplate\":\"https:\/\/www.acerosmetal.com\/fr?s={search_term_string}\"},\"query-input\":{\"@type\":\"PropertyValueSpecification\",\"valueRequired\":true,\"valueName\":\"search_term_string\"}}],\"inLanguage\":\"fr-FR\"}]}<\/script>\n<!-- \/ Yoast SEO plugin. -->","yoast_head_json":{"title":"Nettoyant pour acier inoxydable Innopolish B520\u00ae | Aceros Metal Treatment","description":"Innopolish B520 est un polissant aidant \u00e0 \u00e9liminer les ternissures sur les surfaces et les mat\u00e9riaux m\u00e9talliques non ferreux.","robots":{"index":"index","follow":"follow","max-snippet":"max-snippet:-1","max-image-preview":"max-image-preview:large","max-video-preview":"max-video-preview:-1"},"canonical":"https:\/\/www.acerosmetal.com\/fr\/product\/innopolish-b520-polissant-inox","og_locale":"fr_FR","og_type":"article","og_title":"Nettoyant pour acier inoxydable Innopolish B520\u00ae | Aceros Metal Treatment","og_description":"Innopolish B520 est un polissant aidant \u00e0 \u00e9liminer les ternissures sur les surfaces et les mat\u00e9riaux m\u00e9talliques non ferreux.","og_url":"https:\/\/www.acerosmetal.com\/fr\/product\/innopolish-b520-polissant-inox","og_site_name":"Aceros Metal Treatment","article_modified_time":"2022-12-16T18:30:14+00:00","og_image":[{"width":900,"height":900,"url":"https:\/\/www.acerosmetal.com\/wp-content\/uploads\/2016\/10\/INNOPOLISH-B520.jpg","type":"image\/jpeg"}],"twitter_card":"summary_large_image","schema":{"@context":"https:\/\/schema.org","@graph":[{"@type":"WebPage","@id":"https:\/\/www.acerosmetal.com\/fr\/product\/innopolish-b520-polissant-inox","url":"https:\/\/www.acerosmetal.com\/fr\/product\/innopolish-b520-polissant-inox","name":"Nettoyant pour acier inoxydable Innopolish B520\u00ae | Aceros Metal Treatment","isPartOf":{"@id":"https:\/\/www.acerosmetal.com\/fr#website"},"primaryImageOfPage":{"@id":"https:\/\/www.acerosmetal.com\/fr\/product\/innopolish-b520-polissant-inox#primaryimage"},"image":{"@id":"https:\/\/www.acerosmetal.com\/fr\/product\/innopolish-b520-polissant-inox#primaryimage"},"thumbnailUrl":"https:\/\/www.acerosmetal.com\/wp-content\/uploads\/2016\/10\/INNOPOLISH-B520.jpg","datePublished":"2016-10-10T12:35:31+00:00","dateModified":"2022-12-16T18:30:14+00:00","description":"Innopolish B520 est un polissant aidant \u00e0 \u00e9liminer les ternissures sur les surfaces et les mat\u00e9riaux m\u00e9talliques non ferreux.","breadcrumb":{"@id":"https:\/\/www.acerosmetal.com\/fr\/product\/innopolish-b520-polissant-inox#breadcrumb"},"inLanguage":"fr-FR","potentialAction":[{"@type":"ReadAction","target":["https:\/\/www.acerosmetal.com\/fr\/product\/innopolish-b520-polissant-inox"]}]},{"@type":"ImageObject","inLanguage":"fr-FR","@id":"https:\/\/www.acerosmetal.com\/fr\/product\/innopolish-b520-polissant-inox#primaryimage","url":"https:\/\/www.acerosmetal.com\/wp-content\/uploads\/2016\/10\/INNOPOLISH-B520.jpg","contentUrl":"https:\/\/www.acerosmetal.com\/wp-content\/uploads\/2016\/10\/INNOPOLISH-B520.jpg","width":900,"height":900},{"@type":"BreadcrumbList","@id":"https:\/\/www.acerosmetal.com\/fr\/product\/innopolish-b520-polissant-inox#breadcrumb","itemListElement":[{"@type":"ListItem","position":1,"name":"Home","item":"https:\/\/www.acerosmetal.com\/fr"},{"@type":"ListItem","position":2,"name":"Shop","item":"https:\/\/www.acerosmetal.com\/shop"},{"@type":"ListItem","position":3,"name":"Innopolish B520\u00ae"}]},{"@type":"WebSite","@id":"https:\/\/www.acerosmetal.com\/fr#website","url":"https:\/\/www.acerosmetal.com\/fr","name":"Aceros Metal Treatment","description":"","potentialAction":[{"@type":"SearchAction","target":{"@type":"EntryPoint","urlTemplate":"https:\/\/www.acerosmetal.com\/fr?s={search_term_string}"},"query-input":{"@type":"PropertyValueSpecification","valueRequired":true,"valueName":"search_term_string"}}],"inLanguage":"fr-FR"}]}},"_links":{"self":[{"href":"https:\/\/www.acerosmetal.com\/fr\/wp-json\/wp\/v2\/product\/2816","targetHints":{"allow":["GET"]}}],"collection":[{"href":"https:\/\/www.acerosmetal.com\/fr\/wp-json\/wp\/v2\/product"}],"about":[{"href":"https:\/\/www.acerosmetal.com\/fr\/wp-json\/wp\/v2\/types\/product"}],"replies":[{"embeddable":true,"href":"https:\/\/www.acerosmetal.com\/fr\/wp-json\/wp\/v2\/comments?post=2816"}],"wp:featuredmedia":[{"embeddable":true,"href":"https:\/\/www.acerosmetal.com\/fr\/wp-json\/wp\/v2\/media\/1419"}],"wp:attachment":[{"href":"https:\/\/www.acerosmetal.com\/fr\/wp-json\/wp\/v2\/media?parent=2816"}],"wp:term":[{"taxonomy":"product_brand","embeddable":true,"href":"https:\/\/www.acerosmetal.com\/fr\/wp-json\/wp\/v2\/product_brand?post=2816"},{"taxonomy":"product_cat","embeddable":true,"href":"https:\/\/www.acerosmetal.com\/fr\/wp-json\/wp\/v2\/product_cat?post=2816"},{"taxonomy":"product_tag","embeddable":true,"href":"https:\/\/www.acerosmetal.com\/fr\/wp-json\/wp\/v2\/product_tag?post=2816"}],"curies":[{"name":"wp","href":"https:\/\/api.w.org\/{rel}","templated":true}]}}