{"id":2813,"date":"2016-10-10T14:18:37","date_gmt":"2016-10-10T12:18:37","guid":{"rendered":"https:\/\/www.acerosmetal.com\/shop\/non%20class\u00e9\/innospray-b600-entretien-inox-innospray-b600"},"modified":"2023-01-09T20:35:31","modified_gmt":"2023-01-09T19:35:31","slug":"innospray-b600-entretien-inox-innospray-b600","status":"publish","type":"product","link":"https:\/\/www.acerosmetal.com\/fr\/product\/innospray-b600-entretien-inox-innospray-b600","title":{"rendered":"Innospray B600\u00ae"},"content":{"rendered":"<h2>Innospray B600 &#8211; Entretien inox<\/h2>\n<p>Innospray B600 est un spray nettoyant pr\u00eat \u00e0 l&#8217;emploi qui \u00e9limine efficacement les taches de graisse et les traces de doigts sur l&rsquo;acier inoxydable. Innospray B600 rend un brillant \u00e9clatant sans traces r\u00e9siduelles.<\/p>\n<p><iframe loading=\"lazy\" title=\"How to use Innospray B600\" width=\"1020\" height=\"574\" src=\"https:\/\/www.youtube.com\/embed\/3K0CaTbVOYg?feature=oembed\" frameborder=\"0\" allow=\"accelerometer; autoplay; encrypted-media; gyroscope; picture-in-picture\" allowfullscreen><\/iframe><\/p>\n<p>Il n&rsquo;a pas besoin d&rsquo;\u00eatre rinc\u00e9 ni s\u00e9ch\u00e9.<\/p>\n<p>Innospray B600 est certifi\u00e9 alimentaire sous la norme \u00ab NSF International \u00bb<\/p>\n<p>Disponible en flacon de 100 ml et 500 ml. <\/p>\n","protected":false},"excerpt":{"rendered":"<p>Innospray B600 &#8211; Entretien inox Innospray B600 est un spray nettoyant pr\u00eat \u00e0 l&#8217;emploi qui \u00e9limine efficacement les taches de graisse et les traces de doigts sur l&rsquo;acier inoxydable. Innospray B600 rend un brillant \u00e9clatant sans traces r\u00e9siduelles. Il n&rsquo;a pas besoin d&rsquo;\u00eatre rinc\u00e9 ni s\u00e9ch\u00e9. Innospray B600 est certifi\u00e9 alimentaire sous la norme \u00ab [&#8230;]\n","protected":false},"featured_media":1414,"comment_status":"open","ping_status":"closed","template":"","meta":[],"product_brand":[],"product_cat":[149],"product_tag":[],"class_list":{"0":"post-2813","1":"product","2":"type-product","3":"status-publish","4":"has-post-thumbnail","6":"product_cat-nettoyants-inox","8":"first","9":"instock","10":"taxable","11":"shipping-taxable","12":"purchasable","13":"product-type-variable"},"yoast_head":"<!-- This site is optimized with the Yoast SEO plugin v26.3 - https:\/\/yoast.com\/wordpress\/plugins\/seo\/ -->\n<title>Innospray B600 - Entretien inox | Aceros Metal Treatment<\/title>\n<meta name=\"description\" content=\"Innospray B600 est un spray nettoyant pr\u00eat \u00e0 l&#039;emploi qui \u00e9limine efficacement les taches de graisse et les traces de doigts sur l&#039;acier inoxydable.\" \/>\n<meta name=\"robots\" content=\"index, follow, max-snippet:-1, max-image-preview:large, max-video-preview:-1\" \/>\n<link rel=\"canonical\" href=\"https:\/\/www.acerosmetal.com\/fr\/product\/innospray-b600-entretien-inox-innospray-b600\" \/>\n<meta property=\"og:locale\" content=\"fr_FR\" \/>\n<meta property=\"og:type\" content=\"article\" \/>\n<meta property=\"og:title\" content=\"Innospray B600 - Entretien inox | Aceros Metal Treatment\" \/>\n<meta property=\"og:description\" content=\"Innospray B600 est un spray nettoyant pr\u00eat \u00e0 l&#039;emploi qui \u00e9limine efficacement les taches de graisse et les traces de doigts sur l&#039;acier inoxydable.\" \/>\n<meta property=\"og:url\" content=\"https:\/\/www.acerosmetal.com\/fr\/product\/innospray-b600-entretien-inox-innospray-b600\" \/>\n<meta property=\"og:site_name\" content=\"Aceros Metal Treatment\" \/>\n<meta property=\"article:modified_time\" content=\"2023-01-09T19:35:31+00:00\" \/>\n<meta property=\"og:image\" content=\"https:\/\/www.acerosmetal.com\/wp-content\/uploads\/2016\/10\/INNOSPRAY-B600.jpg\" \/>\n\t<meta property=\"og:image:width\" content=\"900\" \/>\n\t<meta property=\"og:image:height\" content=\"900\" \/>\n\t<meta property=\"og:image:type\" content=\"image\/jpeg\" \/>\n<meta name=\"twitter:card\" content=\"summary_large_image\" \/>\n<script type=\"application\/ld+json\" class=\"yoast-schema-graph\">{\"@context\":\"https:\/\/schema.org\",\"@graph\":[{\"@type\":\"WebPage\",\"@id\":\"https:\/\/www.acerosmetal.com\/fr\/product\/innospray-b600-entretien-inox-innospray-b600\",\"url\":\"https:\/\/www.acerosmetal.com\/fr\/product\/innospray-b600-entretien-inox-innospray-b600\",\"name\":\"Innospray B600 - Entretien inox | Aceros Metal Treatment\",\"isPartOf\":{\"@id\":\"https:\/\/www.acerosmetal.com\/fr#website\"},\"primaryImageOfPage\":{\"@id\":\"https:\/\/www.acerosmetal.com\/fr\/product\/innospray-b600-entretien-inox-innospray-b600#primaryimage\"},\"image\":{\"@id\":\"https:\/\/www.acerosmetal.com\/fr\/product\/innospray-b600-entretien-inox-innospray-b600#primaryimage\"},\"thumbnailUrl\":\"https:\/\/www.acerosmetal.com\/wp-content\/uploads\/2016\/10\/INNOSPRAY-B600.jpg\",\"datePublished\":\"2016-10-10T12:18:37+00:00\",\"dateModified\":\"2023-01-09T19:35:31+00:00\",\"description\":\"Innospray B600 est un spray nettoyant pr\u00eat \u00e0 l'emploi qui \u00e9limine efficacement les taches de graisse et les traces de doigts sur l'acier inoxydable.\",\"breadcrumb\":{\"@id\":\"https:\/\/www.acerosmetal.com\/fr\/product\/innospray-b600-entretien-inox-innospray-b600#breadcrumb\"},\"inLanguage\":\"fr-FR\",\"potentialAction\":[{\"@type\":\"ReadAction\",\"target\":[\"https:\/\/www.acerosmetal.com\/fr\/product\/innospray-b600-entretien-inox-innospray-b600\"]}]},{\"@type\":\"ImageObject\",\"inLanguage\":\"fr-FR\",\"@id\":\"https:\/\/www.acerosmetal.com\/fr\/product\/innospray-b600-entretien-inox-innospray-b600#primaryimage\",\"url\":\"https:\/\/www.acerosmetal.com\/wp-content\/uploads\/2016\/10\/INNOSPRAY-B600.jpg\",\"contentUrl\":\"https:\/\/www.acerosmetal.com\/wp-content\/uploads\/2016\/10\/INNOSPRAY-B600.jpg\",\"width\":900,\"height\":900},{\"@type\":\"BreadcrumbList\",\"@id\":\"https:\/\/www.acerosmetal.com\/fr\/product\/innospray-b600-entretien-inox-innospray-b600#breadcrumb\",\"itemListElement\":[{\"@type\":\"ListItem\",\"position\":1,\"name\":\"Home\",\"item\":\"https:\/\/www.acerosmetal.com\/fr\"},{\"@type\":\"ListItem\",\"position\":2,\"name\":\"Shop\",\"item\":\"https:\/\/www.acerosmetal.com\/shop\"},{\"@type\":\"ListItem\",\"position\":3,\"name\":\"Innospray B600\u00ae\"}]},{\"@type\":\"WebSite\",\"@id\":\"https:\/\/www.acerosmetal.com\/fr#website\",\"url\":\"https:\/\/www.acerosmetal.com\/fr\",\"name\":\"Aceros Metal Treatment\",\"description\":\"\",\"potentialAction\":[{\"@type\":\"SearchAction\",\"target\":{\"@type\":\"EntryPoint\",\"urlTemplate\":\"https:\/\/www.acerosmetal.com\/fr?s={search_term_string}\"},\"query-input\":{\"@type\":\"PropertyValueSpecification\",\"valueRequired\":true,\"valueName\":\"search_term_string\"}}],\"inLanguage\":\"fr-FR\"}]}<\/script>\n<!-- \/ Yoast SEO plugin. -->","yoast_head_json":{"title":"Innospray B600 - Entretien inox | Aceros Metal Treatment","description":"Innospray B600 est un spray nettoyant pr\u00eat \u00e0 l'emploi qui \u00e9limine efficacement les taches de graisse et les traces de doigts sur l'acier inoxydable.","robots":{"index":"index","follow":"follow","max-snippet":"max-snippet:-1","max-image-preview":"max-image-preview:large","max-video-preview":"max-video-preview:-1"},"canonical":"https:\/\/www.acerosmetal.com\/fr\/product\/innospray-b600-entretien-inox-innospray-b600","og_locale":"fr_FR","og_type":"article","og_title":"Innospray B600 - Entretien inox | Aceros Metal Treatment","og_description":"Innospray B600 est un spray nettoyant pr\u00eat \u00e0 l'emploi qui \u00e9limine efficacement les taches de graisse et les traces de doigts sur l'acier inoxydable.","og_url":"https:\/\/www.acerosmetal.com\/fr\/product\/innospray-b600-entretien-inox-innospray-b600","og_site_name":"Aceros Metal Treatment","article_modified_time":"2023-01-09T19:35:31+00:00","og_image":[{"width":900,"height":900,"url":"https:\/\/www.acerosmetal.com\/wp-content\/uploads\/2016\/10\/INNOSPRAY-B600.jpg","type":"image\/jpeg"}],"twitter_card":"summary_large_image","schema":{"@context":"https:\/\/schema.org","@graph":[{"@type":"WebPage","@id":"https:\/\/www.acerosmetal.com\/fr\/product\/innospray-b600-entretien-inox-innospray-b600","url":"https:\/\/www.acerosmetal.com\/fr\/product\/innospray-b600-entretien-inox-innospray-b600","name":"Innospray B600 - Entretien inox | Aceros Metal Treatment","isPartOf":{"@id":"https:\/\/www.acerosmetal.com\/fr#website"},"primaryImageOfPage":{"@id":"https:\/\/www.acerosmetal.com\/fr\/product\/innospray-b600-entretien-inox-innospray-b600#primaryimage"},"image":{"@id":"https:\/\/www.acerosmetal.com\/fr\/product\/innospray-b600-entretien-inox-innospray-b600#primaryimage"},"thumbnailUrl":"https:\/\/www.acerosmetal.com\/wp-content\/uploads\/2016\/10\/INNOSPRAY-B600.jpg","datePublished":"2016-10-10T12:18:37+00:00","dateModified":"2023-01-09T19:35:31+00:00","description":"Innospray B600 est un spray nettoyant pr\u00eat \u00e0 l'emploi qui \u00e9limine efficacement les taches de graisse et les traces de doigts sur l'acier inoxydable.","breadcrumb":{"@id":"https:\/\/www.acerosmetal.com\/fr\/product\/innospray-b600-entretien-inox-innospray-b600#breadcrumb"},"inLanguage":"fr-FR","potentialAction":[{"@type":"ReadAction","target":["https:\/\/www.acerosmetal.com\/fr\/product\/innospray-b600-entretien-inox-innospray-b600"]}]},{"@type":"ImageObject","inLanguage":"fr-FR","@id":"https:\/\/www.acerosmetal.com\/fr\/product\/innospray-b600-entretien-inox-innospray-b600#primaryimage","url":"https:\/\/www.acerosmetal.com\/wp-content\/uploads\/2016\/10\/INNOSPRAY-B600.jpg","contentUrl":"https:\/\/www.acerosmetal.com\/wp-content\/uploads\/2016\/10\/INNOSPRAY-B600.jpg","width":900,"height":900},{"@type":"BreadcrumbList","@id":"https:\/\/www.acerosmetal.com\/fr\/product\/innospray-b600-entretien-inox-innospray-b600#breadcrumb","itemListElement":[{"@type":"ListItem","position":1,"name":"Home","item":"https:\/\/www.acerosmetal.com\/fr"},{"@type":"ListItem","position":2,"name":"Shop","item":"https:\/\/www.acerosmetal.com\/shop"},{"@type":"ListItem","position":3,"name":"Innospray B600\u00ae"}]},{"@type":"WebSite","@id":"https:\/\/www.acerosmetal.com\/fr#website","url":"https:\/\/www.acerosmetal.com\/fr","name":"Aceros Metal Treatment","description":"","potentialAction":[{"@type":"SearchAction","target":{"@type":"EntryPoint","urlTemplate":"https:\/\/www.acerosmetal.com\/fr?s={search_term_string}"},"query-input":{"@type":"PropertyValueSpecification","valueRequired":true,"valueName":"search_term_string"}}],"inLanguage":"fr-FR"}]}},"_links":{"self":[{"href":"https:\/\/www.acerosmetal.com\/fr\/wp-json\/wp\/v2\/product\/2813","targetHints":{"allow":["GET"]}}],"collection":[{"href":"https:\/\/www.acerosmetal.com\/fr\/wp-json\/wp\/v2\/product"}],"about":[{"href":"https:\/\/www.acerosmetal.com\/fr\/wp-json\/wp\/v2\/types\/product"}],"replies":[{"embeddable":true,"href":"https:\/\/www.acerosmetal.com\/fr\/wp-json\/wp\/v2\/comments?post=2813"}],"wp:featuredmedia":[{"embeddable":true,"href":"https:\/\/www.acerosmetal.com\/fr\/wp-json\/wp\/v2\/media\/1414"}],"wp:attachment":[{"href":"https:\/\/www.acerosmetal.com\/fr\/wp-json\/wp\/v2\/media?parent=2813"}],"wp:term":[{"taxonomy":"product_brand","embeddable":true,"href":"https:\/\/www.acerosmetal.com\/fr\/wp-json\/wp\/v2\/product_brand?post=2813"},{"taxonomy":"product_cat","embeddable":true,"href":"https:\/\/www.acerosmetal.com\/fr\/wp-json\/wp\/v2\/product_cat?post=2813"},{"taxonomy":"product_tag","embeddable":true,"href":"https:\/\/www.acerosmetal.com\/fr\/wp-json\/wp\/v2\/product_tag?post=2813"}],"curies":[{"name":"wp","href":"https:\/\/api.w.org\/{rel}","templated":true}]}}