{"id":2779,"date":"2016-10-10T13:24:31","date_gmt":"2016-10-10T11:24:31","guid":{"rendered":"https:\/\/www.acerosmetal.com\/shop\/non%20class\u00e9\/innocare-b580-protecteur-inox"},"modified":"2026-01-06T13:25:12","modified_gmt":"2026-01-06T12:25:12","slug":"innocare-b580-protecteur-inox","status":"publish","type":"product","link":"https:\/\/www.acerosmetal.com\/fr\/product\/innocare-b580-protecteur-inox","title":{"rendered":"Innocare B580 &#8211; Protecteur inox"},"content":{"rendered":"<h2>Innocare B580 &#8211; Protecteur inox<\/h2>\n<p>Innocare B580 est un nettoyant doux (pH 6.5) et neutre, et peut facilement \u00eatre associ\u00e9 \u00e0 l\u2019usage d\u2019Innoshine B570. De par son action nettoyante, le produit \u00e9liminera les oxydes et les contaminants, mais laissera \u00e9galement une nano-couche qui servira de barri\u00e8re contre de nouveaux effets corrosifs. Il peut aussi servir \u00e0 l\u2019entretien quotidien de surfaces l\u00e9g\u00e8rement ab\u00eem\u00e9es qui ont \u00e9t\u00e9 pr\u00e9alablement trait\u00e9es avec Innoshine B570.<\/p>\n<p><iframe loading=\"lazy\" title=\"How to use Innoshine B570 and Innocare B580\" width=\"1020\" height=\"574\" src=\"https:\/\/www.youtube.com\/embed\/YqI3Y94Gy8c?feature=oembed\" frameborder=\"0\" allow=\"accelerometer; autoplay; clipboard-write; encrypted-media; gyroscope; picture-in-picture; web-share\" referrerpolicy=\"strict-origin-when-cross-origin\" allowfullscreen><\/iframe><\/p>\n<p>Innocare B580 est certifi\u00e9 alimentaire sous la norme \u00ab NSF International \u00bb.<\/p>\n","protected":false},"excerpt":{"rendered":"<p>Innocare B580 &#8211; Protecteur inox Innocare B580 est un nettoyant doux (pH 6.5) et neutre, et peut facilement \u00eatre associ\u00e9 \u00e0 l\u2019usage d\u2019Innoshine B570. De par son action nettoyante, le produit \u00e9liminera les oxydes et les contaminants, mais laissera \u00e9galement une nano-couche qui servira de barri\u00e8re contre de nouveaux effets corrosifs. Il peut aussi servir [&#8230;]\n","protected":false},"featured_media":1614,"comment_status":"open","ping_status":"closed","template":"","meta":[],"product_brand":[],"product_cat":[],"product_tag":[],"class_list":{"0":"post-2779","1":"product","2":"type-product","3":"status-publish","4":"has-post-thumbnail","7":"first","8":"instock","9":"taxable","10":"shipping-taxable","11":"purchasable","12":"product-type-variable","13":"has-default-attributes"},"yoast_head":"<!-- This site is optimized with the Yoast SEO plugin v26.3 - https:\/\/yoast.com\/wordpress\/plugins\/seo\/ -->\n<title>Innocare B580 - Protecteur inox - Aceros Metal Treatment<\/title>\n<meta name=\"description\" content=\"Innocare B580 est un nettoyant doux (pH 6.5) et neutre, et peut facilement \u00eatre associ\u00e9 \u00e0 l\u2019usage d\u2019Innoshine B570. De par son action nettoyante, le produit \u00e9liminera les oxydes et les contaminants, mais laissera \u00e9galement une nano-couche qui servira de barri\u00e8re contre de nouveaux effets corrosifs.\" \/>\n<meta name=\"robots\" content=\"index, follow, max-snippet:-1, max-image-preview:large, max-video-preview:-1\" \/>\n<link rel=\"canonical\" href=\"https:\/\/www.acerosmetal.com\/fr\/product\/innocare-b580-protecteur-inox\" \/>\n<meta property=\"og:locale\" content=\"fr_FR\" \/>\n<meta property=\"og:type\" content=\"article\" \/>\n<meta property=\"og:title\" content=\"Innocare B580 - Protecteur inox - Aceros Metal Treatment\" \/>\n<meta property=\"og:description\" content=\"Innocare B580 est un nettoyant doux (pH 6.5) et neutre, et peut facilement \u00eatre associ\u00e9 \u00e0 l\u2019usage d\u2019Innoshine B570. De par son action nettoyante, le produit \u00e9liminera les oxydes et les contaminants, mais laissera \u00e9galement une nano-couche qui servira de barri\u00e8re contre de nouveaux effets corrosifs.\" \/>\n<meta property=\"og:url\" content=\"https:\/\/www.acerosmetal.com\/fr\/product\/innocare-b580-protecteur-inox\" \/>\n<meta property=\"og:site_name\" content=\"Aceros Metal Treatment\" \/>\n<meta property=\"article:modified_time\" content=\"2026-01-06T12:25:12+00:00\" \/>\n<meta property=\"og:image\" content=\"https:\/\/www.acerosmetal.com\/wp-content\/uploads\/2017\/07\/INNOCARE-B580-nieuw.jpg\" \/>\n\t<meta property=\"og:image:width\" content=\"900\" \/>\n\t<meta property=\"og:image:height\" content=\"900\" \/>\n\t<meta property=\"og:image:type\" content=\"image\/jpeg\" \/>\n<meta name=\"twitter:card\" content=\"summary_large_image\" \/>\n<meta name=\"twitter:label1\" content=\"Dur\u00e9e de lecture estim\u00e9e\" \/>\n\t<meta name=\"twitter:data1\" content=\"1 minute\" \/>\n<script type=\"application\/ld+json\" class=\"yoast-schema-graph\">{\"@context\":\"https:\/\/schema.org\",\"@graph\":[{\"@type\":\"WebPage\",\"@id\":\"https:\/\/www.acerosmetal.com\/fr\/product\/innocare-b580-protecteur-inox\",\"url\":\"https:\/\/www.acerosmetal.com\/fr\/product\/innocare-b580-protecteur-inox\",\"name\":\"Innocare B580 - Protecteur inox - Aceros Metal Treatment\",\"isPartOf\":{\"@id\":\"https:\/\/www.acerosmetal.com\/fr#website\"},\"primaryImageOfPage\":{\"@id\":\"https:\/\/www.acerosmetal.com\/fr\/product\/innocare-b580-protecteur-inox#primaryimage\"},\"image\":{\"@id\":\"https:\/\/www.acerosmetal.com\/fr\/product\/innocare-b580-protecteur-inox#primaryimage\"},\"thumbnailUrl\":\"https:\/\/www.acerosmetal.com\/wp-content\/uploads\/2017\/07\/INNOCARE-B580-nieuw.jpg\",\"datePublished\":\"2016-10-10T11:24:31+00:00\",\"dateModified\":\"2026-01-06T12:25:12+00:00\",\"description\":\"Innocare B580 est un nettoyant doux (pH 6.5) et neutre, et peut facilement \u00eatre associ\u00e9 \u00e0 l\u2019usage d\u2019Innoshine B570. De par son action nettoyante, le produit \u00e9liminera les oxydes et les contaminants, mais laissera \u00e9galement une nano-couche qui servira de barri\u00e8re contre de nouveaux effets corrosifs.\",\"breadcrumb\":{\"@id\":\"https:\/\/www.acerosmetal.com\/fr\/product\/innocare-b580-protecteur-inox#breadcrumb\"},\"inLanguage\":\"fr-FR\",\"potentialAction\":[{\"@type\":\"ReadAction\",\"target\":[\"https:\/\/www.acerosmetal.com\/fr\/product\/innocare-b580-protecteur-inox\"]}]},{\"@type\":\"ImageObject\",\"inLanguage\":\"fr-FR\",\"@id\":\"https:\/\/www.acerosmetal.com\/fr\/product\/innocare-b580-protecteur-inox#primaryimage\",\"url\":\"https:\/\/www.acerosmetal.com\/wp-content\/uploads\/2017\/07\/INNOCARE-B580-nieuw.jpg\",\"contentUrl\":\"https:\/\/www.acerosmetal.com\/wp-content\/uploads\/2017\/07\/INNOCARE-B580-nieuw.jpg\",\"width\":900,\"height\":900},{\"@type\":\"BreadcrumbList\",\"@id\":\"https:\/\/www.acerosmetal.com\/fr\/product\/innocare-b580-protecteur-inox#breadcrumb\",\"itemListElement\":[{\"@type\":\"ListItem\",\"position\":1,\"name\":\"Home\",\"item\":\"https:\/\/www.acerosmetal.com\/fr\"},{\"@type\":\"ListItem\",\"position\":2,\"name\":\"Shop\",\"item\":\"https:\/\/www.acerosmetal.com\/shop\"},{\"@type\":\"ListItem\",\"position\":3,\"name\":\"Innocare B580 &#8211; Protecteur inox\"}]},{\"@type\":\"WebSite\",\"@id\":\"https:\/\/www.acerosmetal.com\/fr#website\",\"url\":\"https:\/\/www.acerosmetal.com\/fr\",\"name\":\"Aceros Metal Treatment\",\"description\":\"\",\"potentialAction\":[{\"@type\":\"SearchAction\",\"target\":{\"@type\":\"EntryPoint\",\"urlTemplate\":\"https:\/\/www.acerosmetal.com\/fr?s={search_term_string}\"},\"query-input\":{\"@type\":\"PropertyValueSpecification\",\"valueRequired\":true,\"valueName\":\"search_term_string\"}}],\"inLanguage\":\"fr-FR\"}]}<\/script>\n<!-- \/ Yoast SEO plugin. -->","yoast_head_json":{"title":"Innocare B580 - Protecteur inox - Aceros Metal Treatment","description":"Innocare B580 est un nettoyant doux (pH 6.5) et neutre, et peut facilement \u00eatre associ\u00e9 \u00e0 l\u2019usage d\u2019Innoshine B570. De par son action nettoyante, le produit \u00e9liminera les oxydes et les contaminants, mais laissera \u00e9galement une nano-couche qui servira de barri\u00e8re contre de nouveaux effets corrosifs.","robots":{"index":"index","follow":"follow","max-snippet":"max-snippet:-1","max-image-preview":"max-image-preview:large","max-video-preview":"max-video-preview:-1"},"canonical":"https:\/\/www.acerosmetal.com\/fr\/product\/innocare-b580-protecteur-inox","og_locale":"fr_FR","og_type":"article","og_title":"Innocare B580 - Protecteur inox - Aceros Metal Treatment","og_description":"Innocare B580 est un nettoyant doux (pH 6.5) et neutre, et peut facilement \u00eatre associ\u00e9 \u00e0 l\u2019usage d\u2019Innoshine B570. De par son action nettoyante, le produit \u00e9liminera les oxydes et les contaminants, mais laissera \u00e9galement une nano-couche qui servira de barri\u00e8re contre de nouveaux effets corrosifs.","og_url":"https:\/\/www.acerosmetal.com\/fr\/product\/innocare-b580-protecteur-inox","og_site_name":"Aceros Metal Treatment","article_modified_time":"2026-01-06T12:25:12+00:00","og_image":[{"width":900,"height":900,"url":"https:\/\/www.acerosmetal.com\/wp-content\/uploads\/2017\/07\/INNOCARE-B580-nieuw.jpg","type":"image\/jpeg"}],"twitter_card":"summary_large_image","twitter_misc":{"Dur\u00e9e de lecture estim\u00e9e":"1 minute"},"schema":{"@context":"https:\/\/schema.org","@graph":[{"@type":"WebPage","@id":"https:\/\/www.acerosmetal.com\/fr\/product\/innocare-b580-protecteur-inox","url":"https:\/\/www.acerosmetal.com\/fr\/product\/innocare-b580-protecteur-inox","name":"Innocare B580 - Protecteur inox - Aceros Metal Treatment","isPartOf":{"@id":"https:\/\/www.acerosmetal.com\/fr#website"},"primaryImageOfPage":{"@id":"https:\/\/www.acerosmetal.com\/fr\/product\/innocare-b580-protecteur-inox#primaryimage"},"image":{"@id":"https:\/\/www.acerosmetal.com\/fr\/product\/innocare-b580-protecteur-inox#primaryimage"},"thumbnailUrl":"https:\/\/www.acerosmetal.com\/wp-content\/uploads\/2017\/07\/INNOCARE-B580-nieuw.jpg","datePublished":"2016-10-10T11:24:31+00:00","dateModified":"2026-01-06T12:25:12+00:00","description":"Innocare B580 est un nettoyant doux (pH 6.5) et neutre, et peut facilement \u00eatre associ\u00e9 \u00e0 l\u2019usage d\u2019Innoshine B570. De par son action nettoyante, le produit \u00e9liminera les oxydes et les contaminants, mais laissera \u00e9galement une nano-couche qui servira de barri\u00e8re contre de nouveaux effets corrosifs.","breadcrumb":{"@id":"https:\/\/www.acerosmetal.com\/fr\/product\/innocare-b580-protecteur-inox#breadcrumb"},"inLanguage":"fr-FR","potentialAction":[{"@type":"ReadAction","target":["https:\/\/www.acerosmetal.com\/fr\/product\/innocare-b580-protecteur-inox"]}]},{"@type":"ImageObject","inLanguage":"fr-FR","@id":"https:\/\/www.acerosmetal.com\/fr\/product\/innocare-b580-protecteur-inox#primaryimage","url":"https:\/\/www.acerosmetal.com\/wp-content\/uploads\/2017\/07\/INNOCARE-B580-nieuw.jpg","contentUrl":"https:\/\/www.acerosmetal.com\/wp-content\/uploads\/2017\/07\/INNOCARE-B580-nieuw.jpg","width":900,"height":900},{"@type":"BreadcrumbList","@id":"https:\/\/www.acerosmetal.com\/fr\/product\/innocare-b580-protecteur-inox#breadcrumb","itemListElement":[{"@type":"ListItem","position":1,"name":"Home","item":"https:\/\/www.acerosmetal.com\/fr"},{"@type":"ListItem","position":2,"name":"Shop","item":"https:\/\/www.acerosmetal.com\/shop"},{"@type":"ListItem","position":3,"name":"Innocare B580 &#8211; Protecteur inox"}]},{"@type":"WebSite","@id":"https:\/\/www.acerosmetal.com\/fr#website","url":"https:\/\/www.acerosmetal.com\/fr","name":"Aceros Metal Treatment","description":"","potentialAction":[{"@type":"SearchAction","target":{"@type":"EntryPoint","urlTemplate":"https:\/\/www.acerosmetal.com\/fr?s={search_term_string}"},"query-input":{"@type":"PropertyValueSpecification","valueRequired":true,"valueName":"search_term_string"}}],"inLanguage":"fr-FR"}]}},"_links":{"self":[{"href":"https:\/\/www.acerosmetal.com\/fr\/wp-json\/wp\/v2\/product\/2779","targetHints":{"allow":["GET"]}}],"collection":[{"href":"https:\/\/www.acerosmetal.com\/fr\/wp-json\/wp\/v2\/product"}],"about":[{"href":"https:\/\/www.acerosmetal.com\/fr\/wp-json\/wp\/v2\/types\/product"}],"replies":[{"embeddable":true,"href":"https:\/\/www.acerosmetal.com\/fr\/wp-json\/wp\/v2\/comments?post=2779"}],"wp:featuredmedia":[{"embeddable":true,"href":"https:\/\/www.acerosmetal.com\/fr\/wp-json\/wp\/v2\/media\/1614"}],"wp:attachment":[{"href":"https:\/\/www.acerosmetal.com\/fr\/wp-json\/wp\/v2\/media?parent=2779"}],"wp:term":[{"taxonomy":"product_brand","embeddable":true,"href":"https:\/\/www.acerosmetal.com\/fr\/wp-json\/wp\/v2\/product_brand?post=2779"},{"taxonomy":"product_cat","embeddable":true,"href":"https:\/\/www.acerosmetal.com\/fr\/wp-json\/wp\/v2\/product_cat?post=2779"},{"taxonomy":"product_tag","embeddable":true,"href":"https:\/\/www.acerosmetal.com\/fr\/wp-json\/wp\/v2\/product_tag?post=2779"}],"curies":[{"name":"wp","href":"https:\/\/api.w.org\/{rel}","templated":true}]}}