{"id":2755,"date":"2016-10-05T20:44:28","date_gmt":"2016-10-05T18:44:28","guid":{"rendered":"https:\/\/www.acerosmetal.com\/shop\/non%20class\u00e9\/derouillant-inox-innoshine-b570"},"modified":"2026-01-06T12:27:11","modified_gmt":"2026-01-06T11:27:11","slug":"derouillant-inox-innoshine-b570","status":"publish","type":"product","link":"https:\/\/www.acerosmetal.com\/fr\/product\/derouillant-inox-innoshine-b570","title":{"rendered":"Innoshine B570 \u00ae"},"content":{"rendered":"<h1>Innoshine B570 Innoshine B570<\/h1>\n<p>Le produit Innoshine B570 est un nettoyant qui \u00e9limine en profondeur la rouille et les traces d&rsquo;oxydation sur l\u2019inox. C\u2019est un liquide visqueux blanc de pH 3, compos\u00e9 d\u2019acides organiques et de tensio-actifs, sans particules abrasives. Le produit convient \u00e0 un nettoyage intensif de surfaces contamin\u00e9es par la rouille ou par d\u2019autres formes de corrosion, commun\u00e9ment appel\u00e9es \u00ab taches de th\u00e9 \u00bb. Il ne s\u2019agit en aucun cas d\u2019un agent d\u00e9capant, car il ne s\u2019attaque pas au m\u00e9tal. Innoshine est inoffensif \u00e0 l\u2019\u00e9gard des m\u00e9taux, mais tr\u00e8s agressif envers les oxydes et les impuret\u00e9s.<\/p>\n<p><iframe loading=\"lazy\" title=\"How to use Innoshine B570 and Innocare B580\" width=\"1020\" height=\"574\" src=\"https:\/\/www.youtube.com\/embed\/YqI3Y94Gy8c?feature=oembed\" frameborder=\"0\" allow=\"accelerometer; autoplay; clipboard-write; encrypted-media; gyroscope; picture-in-picture; web-share\" referrerpolicy=\"strict-origin-when-cross-origin\" allowfullscreen><\/iframe><\/p>\n<p>Ce produit est 100% organique et ne pr\u00e9sente aucun danger, ni pour l\u2019utilisateur, ni pour l\u2019environnement.<\/p>\n<p>De plus, Innoshine B570 d\u00e9tient la certification \u00ab NSF International \u00bb, il est donc utilisable dans un milieu alimentaire.<\/p>\n<p>Bien qu\u2019\u00e0 l\u2019origine, le produit Innoshine B570 ait \u00e9t\u00e9 d\u00e9velopp\u00e9 pour l\u2019inox, il a prouv\u00e9 son efficacit\u00e9 sur d\u2019autres m\u00e9taux, comme le cuivre, l\u2019aluminium, le laiton et m\u00eame l\u2019acier ordinaire. Pour ce dernier, il ne faut cependant pas utiliser le produit Innocare.<\/p>\n<p>Pour vous donner une id\u00e9e des propri\u00e9t\u00e9s uniques d\u2019Innoshine, nous vous recommandons de consulter notre galerie photos.<\/p>\n<p>Innoshine B570 est certifi\u00e9 alimentaire sous la norme NSF International.<\/p>\n","protected":false},"excerpt":{"rendered":"<p>Innoshine B570 Innoshine B570 Le produit Innoshine B570 est un nettoyant qui \u00e9limine en profondeur la rouille et les traces d&rsquo;oxydation sur l\u2019inox. C\u2019est un liquide visqueux blanc de pH 3, compos\u00e9 d\u2019acides organiques et de tensio-actifs, sans particules abrasives. Le produit convient \u00e0 un nettoyage intensif de surfaces contamin\u00e9es par la rouille ou par [&#8230;]\n","protected":false},"featured_media":1619,"comment_status":"open","ping_status":"closed","template":"","meta":[],"product_brand":[],"product_cat":[149],"product_tag":[],"class_list":{"0":"post-2755","1":"product","2":"type-product","3":"status-publish","4":"has-post-thumbnail","6":"product_cat-nettoyants-inox","8":"first","9":"instock","10":"taxable","11":"shipping-taxable","12":"purchasable","13":"product-type-variable"},"yoast_head":"<!-- This site is optimized with the Yoast SEO plugin v26.3 - https:\/\/yoast.com\/wordpress\/plugins\/seo\/ -->\n<title>Innoshine B570 \u00ae - Aceros Metal Treatment<\/title>\n<meta name=\"robots\" content=\"index, follow, max-snippet:-1, max-image-preview:large, max-video-preview:-1\" \/>\n<link rel=\"canonical\" href=\"https:\/\/www.acerosmetal.com\/fr\/product\/derouillant-inox-innoshine-b570\" \/>\n<meta property=\"og:locale\" content=\"fr_FR\" \/>\n<meta property=\"og:type\" content=\"article\" \/>\n<meta property=\"og:title\" content=\"Innoshine B570 \u00ae - Aceros Metal Treatment\" \/>\n<meta property=\"og:description\" content=\"Innoshine B570 Innoshine B570 Le produit Innoshine B570 est un nettoyant qui \u00e9limine en profondeur la rouille et les traces d&rsquo;oxydation sur l\u2019inox. C\u2019est un liquide visqueux blanc de pH 3, compos\u00e9 d\u2019acides organiques et de tensio-actifs, sans particules abrasives. Le produit convient \u00e0 un nettoyage intensif de surfaces contamin\u00e9es par la rouille ou par [...]\" \/>\n<meta property=\"og:url\" content=\"https:\/\/www.acerosmetal.com\/fr\/product\/derouillant-inox-innoshine-b570\" \/>\n<meta property=\"og:site_name\" content=\"Aceros Metal Treatment\" \/>\n<meta property=\"article:modified_time\" content=\"2026-01-06T11:27:11+00:00\" \/>\n<meta property=\"og:image\" content=\"https:\/\/www.acerosmetal.com\/wp-content\/uploads\/2017\/07\/innoshine-B570.jpg\" \/>\n\t<meta property=\"og:image:width\" content=\"900\" \/>\n\t<meta property=\"og:image:height\" content=\"900\" \/>\n\t<meta property=\"og:image:type\" content=\"image\/jpeg\" \/>\n<meta name=\"twitter:card\" content=\"summary_large_image\" \/>\n<meta name=\"twitter:label1\" content=\"Dur\u00e9e de lecture estim\u00e9e\" \/>\n\t<meta name=\"twitter:data1\" content=\"2 minutes\" \/>\n<script type=\"application\/ld+json\" class=\"yoast-schema-graph\">{\"@context\":\"https:\/\/schema.org\",\"@graph\":[{\"@type\":\"WebPage\",\"@id\":\"https:\/\/www.acerosmetal.com\/fr\/product\/derouillant-inox-innoshine-b570\",\"url\":\"https:\/\/www.acerosmetal.com\/fr\/product\/derouillant-inox-innoshine-b570\",\"name\":\"Innoshine B570 \u00ae - Aceros Metal Treatment\",\"isPartOf\":{\"@id\":\"https:\/\/www.acerosmetal.com\/fr#website\"},\"primaryImageOfPage\":{\"@id\":\"https:\/\/www.acerosmetal.com\/fr\/product\/derouillant-inox-innoshine-b570#primaryimage\"},\"image\":{\"@id\":\"https:\/\/www.acerosmetal.com\/fr\/product\/derouillant-inox-innoshine-b570#primaryimage\"},\"thumbnailUrl\":\"https:\/\/www.acerosmetal.com\/wp-content\/uploads\/2017\/07\/innoshine-B570.jpg\",\"datePublished\":\"2016-10-05T18:44:28+00:00\",\"dateModified\":\"2026-01-06T11:27:11+00:00\",\"breadcrumb\":{\"@id\":\"https:\/\/www.acerosmetal.com\/fr\/product\/derouillant-inox-innoshine-b570#breadcrumb\"},\"inLanguage\":\"fr-FR\",\"potentialAction\":[{\"@type\":\"ReadAction\",\"target\":[\"https:\/\/www.acerosmetal.com\/fr\/product\/derouillant-inox-innoshine-b570\"]}]},{\"@type\":\"ImageObject\",\"inLanguage\":\"fr-FR\",\"@id\":\"https:\/\/www.acerosmetal.com\/fr\/product\/derouillant-inox-innoshine-b570#primaryimage\",\"url\":\"https:\/\/www.acerosmetal.com\/wp-content\/uploads\/2017\/07\/innoshine-B570.jpg\",\"contentUrl\":\"https:\/\/www.acerosmetal.com\/wp-content\/uploads\/2017\/07\/innoshine-B570.jpg\",\"width\":900,\"height\":900},{\"@type\":\"BreadcrumbList\",\"@id\":\"https:\/\/www.acerosmetal.com\/fr\/product\/derouillant-inox-innoshine-b570#breadcrumb\",\"itemListElement\":[{\"@type\":\"ListItem\",\"position\":1,\"name\":\"Home\",\"item\":\"https:\/\/www.acerosmetal.com\/fr\"},{\"@type\":\"ListItem\",\"position\":2,\"name\":\"Shop\",\"item\":\"https:\/\/www.acerosmetal.com\/shop\"},{\"@type\":\"ListItem\",\"position\":3,\"name\":\"Innoshine B570 \u00ae\"}]},{\"@type\":\"WebSite\",\"@id\":\"https:\/\/www.acerosmetal.com\/fr#website\",\"url\":\"https:\/\/www.acerosmetal.com\/fr\",\"name\":\"Aceros Metal Treatment\",\"description\":\"\",\"potentialAction\":[{\"@type\":\"SearchAction\",\"target\":{\"@type\":\"EntryPoint\",\"urlTemplate\":\"https:\/\/www.acerosmetal.com\/fr?s={search_term_string}\"},\"query-input\":{\"@type\":\"PropertyValueSpecification\",\"valueRequired\":true,\"valueName\":\"search_term_string\"}}],\"inLanguage\":\"fr-FR\"}]}<\/script>\n<!-- \/ Yoast SEO plugin. -->","yoast_head_json":{"title":"Innoshine B570 \u00ae - Aceros Metal Treatment","robots":{"index":"index","follow":"follow","max-snippet":"max-snippet:-1","max-image-preview":"max-image-preview:large","max-video-preview":"max-video-preview:-1"},"canonical":"https:\/\/www.acerosmetal.com\/fr\/product\/derouillant-inox-innoshine-b570","og_locale":"fr_FR","og_type":"article","og_title":"Innoshine B570 \u00ae - Aceros Metal Treatment","og_description":"Innoshine B570 Innoshine B570 Le produit Innoshine B570 est un nettoyant qui \u00e9limine en profondeur la rouille et les traces d&rsquo;oxydation sur l\u2019inox. C\u2019est un liquide visqueux blanc de pH 3, compos\u00e9 d\u2019acides organiques et de tensio-actifs, sans particules abrasives. Le produit convient \u00e0 un nettoyage intensif de surfaces contamin\u00e9es par la rouille ou par [...]","og_url":"https:\/\/www.acerosmetal.com\/fr\/product\/derouillant-inox-innoshine-b570","og_site_name":"Aceros Metal Treatment","article_modified_time":"2026-01-06T11:27:11+00:00","og_image":[{"width":900,"height":900,"url":"https:\/\/www.acerosmetal.com\/wp-content\/uploads\/2017\/07\/innoshine-B570.jpg","type":"image\/jpeg"}],"twitter_card":"summary_large_image","twitter_misc":{"Dur\u00e9e de lecture estim\u00e9e":"2 minutes"},"schema":{"@context":"https:\/\/schema.org","@graph":[{"@type":"WebPage","@id":"https:\/\/www.acerosmetal.com\/fr\/product\/derouillant-inox-innoshine-b570","url":"https:\/\/www.acerosmetal.com\/fr\/product\/derouillant-inox-innoshine-b570","name":"Innoshine B570 \u00ae - Aceros Metal Treatment","isPartOf":{"@id":"https:\/\/www.acerosmetal.com\/fr#website"},"primaryImageOfPage":{"@id":"https:\/\/www.acerosmetal.com\/fr\/product\/derouillant-inox-innoshine-b570#primaryimage"},"image":{"@id":"https:\/\/www.acerosmetal.com\/fr\/product\/derouillant-inox-innoshine-b570#primaryimage"},"thumbnailUrl":"https:\/\/www.acerosmetal.com\/wp-content\/uploads\/2017\/07\/innoshine-B570.jpg","datePublished":"2016-10-05T18:44:28+00:00","dateModified":"2026-01-06T11:27:11+00:00","breadcrumb":{"@id":"https:\/\/www.acerosmetal.com\/fr\/product\/derouillant-inox-innoshine-b570#breadcrumb"},"inLanguage":"fr-FR","potentialAction":[{"@type":"ReadAction","target":["https:\/\/www.acerosmetal.com\/fr\/product\/derouillant-inox-innoshine-b570"]}]},{"@type":"ImageObject","inLanguage":"fr-FR","@id":"https:\/\/www.acerosmetal.com\/fr\/product\/derouillant-inox-innoshine-b570#primaryimage","url":"https:\/\/www.acerosmetal.com\/wp-content\/uploads\/2017\/07\/innoshine-B570.jpg","contentUrl":"https:\/\/www.acerosmetal.com\/wp-content\/uploads\/2017\/07\/innoshine-B570.jpg","width":900,"height":900},{"@type":"BreadcrumbList","@id":"https:\/\/www.acerosmetal.com\/fr\/product\/derouillant-inox-innoshine-b570#breadcrumb","itemListElement":[{"@type":"ListItem","position":1,"name":"Home","item":"https:\/\/www.acerosmetal.com\/fr"},{"@type":"ListItem","position":2,"name":"Shop","item":"https:\/\/www.acerosmetal.com\/shop"},{"@type":"ListItem","position":3,"name":"Innoshine B570 \u00ae"}]},{"@type":"WebSite","@id":"https:\/\/www.acerosmetal.com\/fr#website","url":"https:\/\/www.acerosmetal.com\/fr","name":"Aceros Metal Treatment","description":"","potentialAction":[{"@type":"SearchAction","target":{"@type":"EntryPoint","urlTemplate":"https:\/\/www.acerosmetal.com\/fr?s={search_term_string}"},"query-input":{"@type":"PropertyValueSpecification","valueRequired":true,"valueName":"search_term_string"}}],"inLanguage":"fr-FR"}]}},"_links":{"self":[{"href":"https:\/\/www.acerosmetal.com\/fr\/wp-json\/wp\/v2\/product\/2755","targetHints":{"allow":["GET"]}}],"collection":[{"href":"https:\/\/www.acerosmetal.com\/fr\/wp-json\/wp\/v2\/product"}],"about":[{"href":"https:\/\/www.acerosmetal.com\/fr\/wp-json\/wp\/v2\/types\/product"}],"replies":[{"embeddable":true,"href":"https:\/\/www.acerosmetal.com\/fr\/wp-json\/wp\/v2\/comments?post=2755"}],"wp:featuredmedia":[{"embeddable":true,"href":"https:\/\/www.acerosmetal.com\/fr\/wp-json\/wp\/v2\/media\/1619"}],"wp:attachment":[{"href":"https:\/\/www.acerosmetal.com\/fr\/wp-json\/wp\/v2\/media?parent=2755"}],"wp:term":[{"taxonomy":"product_brand","embeddable":true,"href":"https:\/\/www.acerosmetal.com\/fr\/wp-json\/wp\/v2\/product_brand?post=2755"},{"taxonomy":"product_cat","embeddable":true,"href":"https:\/\/www.acerosmetal.com\/fr\/wp-json\/wp\/v2\/product_cat?post=2755"},{"taxonomy":"product_tag","embeddable":true,"href":"https:\/\/www.acerosmetal.com\/fr\/wp-json\/wp\/v2\/product_tag?post=2755"}],"curies":[{"name":"wp","href":"https:\/\/api.w.org\/{rel}","templated":true}]}}