{"id":1859,"date":"2019-02-16T21:18:22","date_gmt":"2019-02-16T20:18:22","guid":{"rendered":"https:\/\/www.acerosmetal.com\/home"},"modified":"2019-03-14T22:09:23","modified_gmt":"2019-03-14T21:09:23","slug":"home","status":"publish","type":"page","link":"https:\/\/www.acerosmetal.com\/fr","title":{"rendered":"Home"},"content":{"rendered":"<div class=\"slider-wrapper relative\" id=\"slider-1268834971\" >\n    <div class=\"slider slider-nav-circle slider-nav-normal slider-nav-light slider-style-normal\"\n        data-flickity-options='{\n            \"cellAlign\": \"center\",\n            \"imagesLoaded\": true,\n            \"lazyLoad\": 1,\n            \"freeScroll\": true,\n            \"wrapAround\": true,\n            \"autoPlay\": 6000,\n            \"pauseAutoPlayOnHover\" : true,\n            \"prevNextButtons\": false,\n            \"contain\" : true,\n            \"adaptiveHeight\" : true,\n            \"dragThreshold\" : 10,\n            \"percentPosition\": true,\n            \"pageDots\": false,\n            \"rightToLeft\": false,\n            \"draggable\": true,\n            \"selectedAttraction\": 0.1,\n            \"parallax\" : 0,\n            \"friction\": 0.6        }'\n        >\n        \n\n  <div class=\"banner has-hover\" id=\"banner-1598636932\">\n          <div class=\"banner-inner fill\">\n        <div class=\"banner-bg fill\" >\n            <img loading=\"lazy\" decoding=\"async\" width=\"970\" height=\"250\" src=\"https:\/\/www.acerosmetal.com\/wp-content\/uploads\/2019\/02\/slider-3.jpg\" class=\"bg attachment-original size-original\" alt=\"metal treatment\" \/>                                    \n                    <\/div>\n\t\t\n        <div class=\"banner-layers container\">\n            <div class=\"fill banner-link\"><\/div>            \n   <div id=\"text-box-1947962909\" class=\"text-box banner-layer x50 md-x50 lg-x50 y50 md-y50 lg-y50 res-text\">\n                                <div class=\"text-box-content text dark\">\n              \n              <div class=\"text-inner text-center\">\n                  \n              <\/div>\n           <\/div>\n                            \n<style>\n#text-box-1947962909 {\n  width: 60%;\n}\n#text-box-1947962909 .text-box-content {\n  font-size: 100%;\n}\n@media (min-width:550px) {\n  #text-box-1947962909 {\n    width: 60%;\n  }\n}\n<\/style>\n    <\/div>\n \n        <\/div>\n      <\/div>\n\n            \n<style>\n#banner-1598636932 {\n  padding-top: 250px;\n}\n<\/style>\n  <\/div>\n\n\n\n  <div class=\"banner has-hover\" id=\"banner-572922901\">\n          <div class=\"banner-inner fill\">\n        <div class=\"banner-bg fill\" >\n            <img loading=\"lazy\" decoding=\"async\" width=\"970\" height=\"250\" src=\"https:\/\/www.acerosmetal.com\/wp-content\/uploads\/2019\/02\/slider-1.jpg\" class=\"bg attachment-original size-original\" alt=\"\" \/>                                    \n                    <\/div>\n\t\t\n        <div class=\"banner-layers container\">\n            <div class=\"fill banner-link\"><\/div>            \n   <div id=\"text-box-355911659\" class=\"text-box banner-layer x50 md-x50 lg-x50 y50 md-y50 lg-y50 res-text\">\n                                <div class=\"text-box-content text dark\">\n              \n              <div class=\"text-inner text-center\">\n                  \n              <\/div>\n           <\/div>\n                            \n<style>\n#text-box-355911659 {\n  width: 60%;\n}\n#text-box-355911659 .text-box-content {\n  font-size: 100%;\n}\n@media (min-width:550px) {\n  #text-box-355911659 {\n    width: 60%;\n  }\n}\n<\/style>\n    <\/div>\n \n        <\/div>\n      <\/div>\n\n            \n<style>\n#banner-572922901 {\n  padding-top: 250px;\n}\n<\/style>\n  <\/div>\n\n\n\n  <div class=\"banner has-hover\" id=\"banner-825811037\">\n          <div class=\"banner-inner fill\">\n        <div class=\"banner-bg fill\" >\n            <img loading=\"lazy\" decoding=\"async\" width=\"970\" height=\"250\" src=\"https:\/\/www.acerosmetal.com\/wp-content\/uploads\/2019\/02\/slider-2.jpg\" class=\"bg attachment-original size-original\" alt=\"stainless steel treatment\" \/>                                    \n                    <\/div>\n\t\t\n        <div class=\"banner-layers container\">\n            <div class=\"fill banner-link\"><\/div>            \n   <div id=\"text-box-207491169\" class=\"text-box banner-layer x50 md-x50 lg-x50 y50 md-y50 lg-y50 res-text\">\n                                <div class=\"text-box-content text dark\">\n              \n              <div class=\"text-inner text-center\">\n                  \n              <\/div>\n           <\/div>\n                            \n<style>\n#text-box-207491169 {\n  width: 60%;\n}\n#text-box-207491169 .text-box-content {\n  font-size: 100%;\n}\n@media (min-width:550px) {\n  #text-box-207491169 {\n    width: 60%;\n  }\n}\n<\/style>\n    <\/div>\n \n        <\/div>\n      <\/div>\n\n            \n<style>\n#banner-825811037 {\n  padding-top: 250px;\n}\n<\/style>\n  <\/div>\n\n\n     <\/div>\n\n     <div class=\"loading-spin dark large centered\"><\/div>\n\n\t<\/div>\n\n\n<div class=\"row row-small\"  id=\"row-265119323\">\n\n\t<div id=\"col-101236018\" class=\"col medium-8 small-12 large-8\"  >\n\t\t\t\t<div class=\"col-inner\" style=\"background-color:rgb(248, 248, 248);\" >\n\t\t\t\n\t\t\t\n<h1>Aceros Metal Treatment &#8211; Metal M\u00e9rite entretien<\/h1>\n<p>Aceros Metal Treatmentest sp\u00e9cialis\u00e9 dans la remise en \u00e9tat et l\u2019entretien des inox, des alu et autres m\u00e9taux non ferreux. L\u2019inox et l\u2019alu sont de plus en plus pr\u00e9sents, \u00e0 la fois dans l\u2019environnement professionnel et dans notre environnement priv\u00e9, du fait de leur r\u00e9sistance, leur durabilit\u00e9 et leur faible besoin d\u2019entretien.<\/p>\n<p>N\u00e9anmoins, l\u2019inox doit imp\u00e9rativement \u00eatre entretenu de la bonne fa\u00e7on et en utilisant les bons produits. Un entretien r\u00e9gulier de vos inox et alu, la dur\u00e9e de vie de ces derniers est consid\u00e9rablement prolong\u00e9e, et le taux de contamination et de corrosion nettement ralenti.<\/p>\n<p>Chez Aceros Metal Treatmentnous proposons :<\/p>\n<ul>\n<li>Une gamme de produits sp\u00e9cialis\u00e9s.<\/li>\n<li>Nos conseils et notre expertise dans le domaine de la maintenance des inox.<\/li>\n<li>Un service de prestation sp\u00e9cialis\u00e9 et sur mesure de votre mat\u00e9riel et de vos projets.<\/li>\n<\/ul>\n<h2>Notre gamme de produits<\/h2>\n<p>Aceros Metal Treatment est le distributeur exclusif d\u2019une gamme de produits sp\u00e9cialis\u00e9s dans la remise en \u00e9tat et l\u2019entretien des inox et alu. Nos produits sont particuli\u00e8rement efficaces pour les probl\u00e8mes de rouille, les ternissures, les oxydations et autres types de contamination des aciers inoxydables. Veuillez consulter notre rubrique \u00ab Produits \u00bb pour plus d\u2019informations.<\/p>\n<h2>Des conseils professionnels pr\u00e9cis<\/h2>\n<p>Chez Aceros Metal Treatment, nous nous effor\u00e7ons de vous apporter une r\u00e9elle expertise et des conseils pr\u00e9cis de maintenance de vos mat\u00e9riels pour, \u00e0 la fois minimiser les risques de contaminations futures, et assurer que vos inox restent en parfaites conditions sur le long terme. Retrouvez nos conseils dans la rubrique \u00ab Conseils \u00bb.<\/p>\n<h2>Une prestation de remise en \u00e9tat et de maintenance<\/h2>\n<p>Nos \u00e9quipes de maintenance se d\u00e9placent sur la France enti\u00e8re pour remettre en \u00e9tat vos \u00e9quipements, vos structures et autres mat\u00e9riels qui pr\u00e9sentent des probl\u00e8mes d\u2019oxydations plus ou moins avanc\u00e9s. Vous pouvez \u00e9galement souscrire un contrat d\u2019entretien r\u00e9gulier annuel ou encore un contrat \u00e0 intervalles plus r\u00e9guliers.<\/p>\n\t\t<\/div>\n\t\t\t\t\n<style>\n#col-101236018 > .col-inner {\n  padding: 20px 19px 20px 20px;\n}\n<\/style>\n\t<\/div>\n\n\t\n\n\t<div id=\"col-1727850204\" class=\"col medium-4 small-12 large-4\"  >\n\t\t\t\t<div class=\"col-inner text-left\"  >\n\t\t\t\n\t\t\t\n\n  <div class=\"banner has-hover\" id=\"banner-335935568\">\n          <div class=\"banner-inner fill\">\n        <div class=\"banner-bg fill\" >\n            <img loading=\"lazy\" decoding=\"async\" width=\"692\" height=\"636\" src=\"https:\/\/www.acerosmetal.com\/wp-content\/uploads\/2017\/07\/starterkit-NL-100ML_NIEUW-2017.jpg\" class=\"bg attachment-large size-large\" alt=\"rvs reiniger, starterskit, spons\" \/>                                    \n                    <\/div>\n\t\t\n        <div class=\"banner-layers container\">\n            <div class=\"fill banner-link\"><\/div>            \n        <\/div>\n      <\/div>\n\n            \n<style>\n#banner-335935568 {\n  padding-top: 50%;\n}\n<\/style>\n  <\/div>\n\n\n<a href=\"\/shop\/nettoyants-inox\/kit-de-demarrage-en-acier-inoxydable\" class=\"button secondary expand\" >\n\t\t<span>Commandez un kit de d\u00e9marrage<\/span>\n\t<i class=\"icon-angle-right\" aria-hidden=\"true\"><\/i><\/a>\n\n\t<div id=\"gap-1433994385\" class=\"gap-element clearfix\" style=\"display:block; height:auto;\">\n\t\t\n<style>\n#gap-1433994385 {\n  padding-top: 15px;\n}\n<\/style>\n\t<\/div>\n\t\n\n  <div class=\"banner has-hover\" id=\"banner-352140729\">\n          <div class=\"banner-inner fill\">\n        <div class=\"banner-bg fill\" >\n            <img loading=\"lazy\" decoding=\"async\" width=\"250\" height=\"150\" src=\"https:\/\/www.acerosmetal.com\/wp-content\/uploads\/2019\/02\/contact.jpg\" class=\"bg attachment-large size-large\" alt=\"\" \/>                                    \n                    <\/div>\n\t\t\n        <div class=\"banner-layers container\">\n            <div class=\"fill banner-link\"><\/div>            \n        <\/div>\n      <\/div>\n\n            \n<style>\n#banner-352140729 {\n  padding-top: 50%;\n}\n<\/style>\n  <\/div>\n\n\n<a href=\"\/contact\" class=\"button secondary expand\" >\n\t\t<span>Contact<\/span>\n\t<\/a>\n\n\t<div id=\"gap-1048316536\" class=\"gap-element clearfix\" style=\"display:block; height:auto;\">\n\t\t\n<style>\n#gap-1048316536 {\n  padding-top: 15px;\n}\n<\/style>\n\t<\/div>\n\t\n\t\t<\/div>\n\t\t\t\t\t<\/div>\n\n\t\n<\/div>\n","protected":false},"excerpt":{"rendered":"","protected":false},"author":3,"featured_media":0,"parent":0,"menu_order":0,"comment_status":"closed","ping_status":"closed","template":"page-blank.php","meta":{"footnotes":""},"class_list":["post-1859","page","type-page","status-publish","hentry"],"yoast_head":"<!-- This site is optimized with the Yoast SEO plugin v26.3 - https:\/\/yoast.com\/wordpress\/plugins\/seo\/ -->\n<title>Remove rust from Stainless Steel with a 100% organic solution | Aceros<\/title>\n<meta name=\"description\" content=\"Aceros Metal Treatment is distributor of cleaning and maintenance products against rust at all kind of metals Our rust remover is 100 organic\" \/>\n<meta name=\"robots\" content=\"index, follow, max-snippet:-1, max-image-preview:large, max-video-preview:-1\" \/>\n<link rel=\"canonical\" href=\"https:\/\/www.acerosmetal.com\/fr\" \/>\n<meta property=\"og:locale\" content=\"fr_FR\" \/>\n<meta property=\"og:type\" content=\"article\" \/>\n<meta property=\"og:title\" content=\"Remove rust from Stainless Steel with a 100% organic solution | Aceros\" \/>\n<meta property=\"og:description\" content=\"Aceros Metal Treatment is distributor of cleaning and maintenance products against rust at all kind of metals Our rust remover is 100 organic\" \/>\n<meta property=\"og:url\" content=\"https:\/\/www.acerosmetal.com\/fr\" \/>\n<meta property=\"og:site_name\" content=\"Aceros Metal Treatment\" \/>\n<meta property=\"article:modified_time\" content=\"2019-03-14T21:09:23+00:00\" \/>\n<meta name=\"twitter:card\" content=\"summary_large_image\" \/>\n<meta name=\"twitter:label1\" content=\"Dur\u00e9e de lecture estim\u00e9e\" \/>\n\t<meta name=\"twitter:data1\" content=\"2 minutes\" \/>\n<script type=\"application\/ld+json\" class=\"yoast-schema-graph\">{\"@context\":\"https:\/\/schema.org\",\"@graph\":[{\"@type\":\"WebPage\",\"@id\":\"https:\/\/www.acerosmetal.com\/fr\",\"url\":\"https:\/\/www.acerosmetal.com\/fr\",\"name\":\"Remove rust from Stainless Steel with a 100% organic solution | Aceros\",\"isPartOf\":{\"@id\":\"https:\/\/www.acerosmetal.com\/fr#website\"},\"datePublished\":\"2019-02-16T20:18:22+00:00\",\"dateModified\":\"2019-03-14T21:09:23+00:00\",\"description\":\"Aceros Metal Treatment is distributor of cleaning and maintenance products against rust at all kind of metals Our rust remover is 100 organic\",\"breadcrumb\":{\"@id\":\"https:\/\/www.acerosmetal.com\/fr#breadcrumb\"},\"inLanguage\":\"fr-FR\",\"potentialAction\":[{\"@type\":\"ReadAction\",\"target\":[\"https:\/\/www.acerosmetal.com\/fr\"]}]},{\"@type\":\"BreadcrumbList\",\"@id\":\"https:\/\/www.acerosmetal.com\/fr#breadcrumb\",\"itemListElement\":[{\"@type\":\"ListItem\",\"position\":1,\"name\":\"Home\",\"item\":\"https:\/\/www.acerosmetal.com\/fr\"},{\"@type\":\"ListItem\",\"position\":2,\"name\":\"Home\"}]},{\"@type\":\"WebSite\",\"@id\":\"https:\/\/www.acerosmetal.com\/fr#website\",\"url\":\"https:\/\/www.acerosmetal.com\/fr\",\"name\":\"Aceros Metal Treatment\",\"description\":\"\",\"potentialAction\":[{\"@type\":\"SearchAction\",\"target\":{\"@type\":\"EntryPoint\",\"urlTemplate\":\"https:\/\/www.acerosmetal.com\/fr?s={search_term_string}\"},\"query-input\":{\"@type\":\"PropertyValueSpecification\",\"valueRequired\":true,\"valueName\":\"search_term_string\"}}],\"inLanguage\":\"fr-FR\"}]}<\/script>\n<!-- \/ Yoast SEO plugin. -->","yoast_head_json":{"title":"Remove rust from Stainless Steel with a 100% organic solution | Aceros","description":"Aceros Metal Treatment is distributor of cleaning and maintenance products against rust at all kind of metals Our rust remover is 100 organic","robots":{"index":"index","follow":"follow","max-snippet":"max-snippet:-1","max-image-preview":"max-image-preview:large","max-video-preview":"max-video-preview:-1"},"canonical":"https:\/\/www.acerosmetal.com\/fr","og_locale":"fr_FR","og_type":"article","og_title":"Remove rust from Stainless Steel with a 100% organic solution | Aceros","og_description":"Aceros Metal Treatment is distributor of cleaning and maintenance products against rust at all kind of metals Our rust remover is 100 organic","og_url":"https:\/\/www.acerosmetal.com\/fr","og_site_name":"Aceros Metal Treatment","article_modified_time":"2019-03-14T21:09:23+00:00","twitter_card":"summary_large_image","twitter_misc":{"Dur\u00e9e de lecture estim\u00e9e":"2 minutes"},"schema":{"@context":"https:\/\/schema.org","@graph":[{"@type":"WebPage","@id":"https:\/\/www.acerosmetal.com\/fr","url":"https:\/\/www.acerosmetal.com\/fr","name":"Remove rust from Stainless Steel with a 100% organic solution | Aceros","isPartOf":{"@id":"https:\/\/www.acerosmetal.com\/fr#website"},"datePublished":"2019-02-16T20:18:22+00:00","dateModified":"2019-03-14T21:09:23+00:00","description":"Aceros Metal Treatment is distributor of cleaning and maintenance products against rust at all kind of metals Our rust remover is 100 organic","breadcrumb":{"@id":"https:\/\/www.acerosmetal.com\/fr#breadcrumb"},"inLanguage":"fr-FR","potentialAction":[{"@type":"ReadAction","target":["https:\/\/www.acerosmetal.com\/fr"]}]},{"@type":"BreadcrumbList","@id":"https:\/\/www.acerosmetal.com\/fr#breadcrumb","itemListElement":[{"@type":"ListItem","position":1,"name":"Home","item":"https:\/\/www.acerosmetal.com\/fr"},{"@type":"ListItem","position":2,"name":"Home"}]},{"@type":"WebSite","@id":"https:\/\/www.acerosmetal.com\/fr#website","url":"https:\/\/www.acerosmetal.com\/fr","name":"Aceros Metal Treatment","description":"","potentialAction":[{"@type":"SearchAction","target":{"@type":"EntryPoint","urlTemplate":"https:\/\/www.acerosmetal.com\/fr?s={search_term_string}"},"query-input":{"@type":"PropertyValueSpecification","valueRequired":true,"valueName":"search_term_string"}}],"inLanguage":"fr-FR"}]}},"_links":{"self":[{"href":"https:\/\/www.acerosmetal.com\/fr\/wp-json\/wp\/v2\/pages\/1859","targetHints":{"allow":["GET"]}}],"collection":[{"href":"https:\/\/www.acerosmetal.com\/fr\/wp-json\/wp\/v2\/pages"}],"about":[{"href":"https:\/\/www.acerosmetal.com\/fr\/wp-json\/wp\/v2\/types\/page"}],"author":[{"embeddable":true,"href":"https:\/\/www.acerosmetal.com\/fr\/wp-json\/wp\/v2\/users\/3"}],"replies":[{"embeddable":true,"href":"https:\/\/www.acerosmetal.com\/fr\/wp-json\/wp\/v2\/comments?post=1859"}],"version-history":[{"count":5,"href":"https:\/\/www.acerosmetal.com\/fr\/wp-json\/wp\/v2\/pages\/1859\/revisions"}],"predecessor-version":[{"id":2875,"href":"https:\/\/www.acerosmetal.com\/fr\/wp-json\/wp\/v2\/pages\/1859\/revisions\/2875"}],"wp:attachment":[{"href":"https:\/\/www.acerosmetal.com\/fr\/wp-json\/wp\/v2\/media?parent=1859"}],"curies":[{"name":"wp","href":"https:\/\/api.w.org\/{rel}","templated":true}]}}