{"id":2858,"date":"2016-10-10T14:18:37","date_gmt":"2016-10-10T12:18:37","guid":{"rendered":"https:\/\/www.acerosmetal.com\/shop\/sincategorizar\/innospray-b600"},"modified":"2023-01-09T20:26:32","modified_gmt":"2023-01-09T19:26:32","slug":"innospray-b600","status":"publish","type":"product","link":"https:\/\/www.acerosmetal.com\/es\/product\/innospray-b600","title":{"rendered":"Innospray B600\u00ae"},"content":{"rendered":"<h2>Limpiar acero inoxidable con Innospray B600<\/h2>\n<p>El acero inoxidable es f\u00e1cil de limpiar con Innospray B600. Es un limpiador listo para superficies impermeables. Es muy adecuado para la eliminaci\u00f3n de manchas (de grasa) y huellas dactilares. Primero arroja Innospray B600 a chorros sobre un pa\u00f1o de micro-fibra y luego borra el acero inoxidable seca sin rayas. Este limpiador de acero inoxidable es f\u00e1cil de usar y conveniente para la limpieza diaria de superficies resistentes al agua, como barandillas, ascensores, cocinas etc\u00e9tera.<\/p>\n<p><iframe loading=\"lazy\" title=\"How to use Innospray B600\" width=\"1020\" height=\"574\" src=\"https:\/\/www.youtube.com\/embed\/3K0CaTbVOYg?feature=oembed\" frameborder=\"0\" allow=\"accelerometer; autoplay; encrypted-media; gyroscope; picture-in-picture\" allowfullscreen><\/iframe><\/p>\n<h3>Limpieza de acero inoxidable con Innospray B600<\/h3>\n<p>Porque este aerosol de acero inoxidable es tan f\u00e1cil de usar, usted puede en forma r\u00e1pida y f\u00e1cil por ejemplo limpiar las m\u00e1quinas de la cocina. Ya sea una cocina profesional o simplemente la cocina en su hogar, a trav\u00e9s del aerosol a mano usted puede f\u00e1cilmente limpiar el acero inoxidable del extractor de humo o estufa. Esto asegura que siempre estar\u00e1 libre de las huellas dactilares y las manchas (de grasa).<\/p>\n<h2>\u00bfPor qu\u00e9 \u00fanico?<\/h2>\n<p>Productos de limpieza de acero inoxidable se encuentran suficientes en el mercado. Lo que lo hace tan \u00fanico Innospray B600:<\/p>\n<ul>\n<li>Innospray B600 se seca r\u00e1pidamente en acero inoxidable y sin rayas.<\/li>\n<li>Innospray B600 elimina las huellas dactilares con rapidez y eficacia.<\/li>\n<li>El aerosol Innospray B600 de acero inoxidable es f\u00e1cil de usar.<\/li>\n<\/ul>\n<p>N.B. Innospray B600 no se puede utilizar en vidrios acr\u00edlicos.<\/p>\n","protected":false},"excerpt":{"rendered":"<ul>\n<li>Innospray B600 se seca r\u00e1pidamente en acero inoxidable y sin rayas.<\/li>\n<li>Innospray B600 elimina las huellas dactilares con rapidez y eficacia.<\/li>\n<li>El aerosol Innospray B600 de acero inoxidable es f\u00e1cil de usar.<\/li>\n","protected":false},"featured_media":1417,"comment_status":"open","ping_status":"closed","template":"","meta":[],"product_brand":[],"product_cat":[152],"product_tag":[],"class_list":{"0":"post-2858","1":"product","2":"type-product","3":"status-publish","4":"has-post-thumbnail","6":"product_cat-limpiadores-de-acero-inoxidable","8":"first","9":"instock","10":"taxable","11":"shipping-taxable","12":"purchasable","13":"product-type-variable"},"yoast_head":"<!-- This site is optimized with the Yoast SEO plugin v26.3 - https:\/\/yoast.com\/wordpress\/plugins\/seo\/ -->\n<title>Limpiar acero inoxidable con Innospray B600 | Aceros Metal Treatment<\/title>\n<meta name=\"description\" content=\"El acero inoxidable es f\u00e1cil de limpiar con Innospray B600. Es un limpiador listo para superficies impermeables. Es muy adecuado para la eliminaci\u00f3n de manchas (de grasa) y huellas dactilares.\" \/>\n<meta name=\"robots\" content=\"index, follow, max-snippet:-1, max-image-preview:large, max-video-preview:-1\" \/>\n<link rel=\"canonical\" href=\"https:\/\/www.acerosmetal.com\/es\/product\/innospray-b600\" \/>\n<meta property=\"og:locale\" content=\"es_ES\" \/>\n<meta property=\"og:type\" content=\"article\" \/>\n<meta property=\"og:title\" content=\"Limpiar acero inoxidable con Innospray B600 | Aceros Metal Treatment\" \/>\n<meta property=\"og:description\" content=\"El acero inoxidable es f\u00e1cil de limpiar con Innospray B600. Es un limpiador listo para superficies impermeables. Es muy adecuado para la eliminaci\u00f3n de manchas (de grasa) y huellas dactilares.\" \/>\n<meta property=\"og:url\" content=\"https:\/\/www.acerosmetal.com\/es\/product\/innospray-b600\" \/>\n<meta property=\"og:site_name\" content=\"Aceros Metal Treatment\" \/>\n<meta property=\"article:modified_time\" content=\"2023-01-09T19:26:32+00:00\" \/>\n<meta property=\"og:image\" content=\"https:\/\/www.acerosmetal.com\/wp-content\/uploads\/2016\/10\/INNOSPRAY-B600.jpg\" \/>\n\t<meta property=\"og:image:width\" content=\"900\" \/>\n\t<meta property=\"og:image:height\" content=\"900\" \/>\n\t<meta property=\"og:image:type\" content=\"image\/jpeg\" \/>\n<meta name=\"twitter:card\" content=\"summary_large_image\" \/>\n<meta name=\"twitter:label1\" content=\"Tiempo de lectura\" \/>\n\t<meta name=\"twitter:data1\" content=\"1 minuto\" \/>\n<script type=\"application\/ld+json\" class=\"yoast-schema-graph\">{\"@context\":\"https:\/\/schema.org\",\"@graph\":[{\"@type\":\"WebPage\",\"@id\":\"https:\/\/www.acerosmetal.com\/es\/product\/innospray-b600\",\"url\":\"https:\/\/www.acerosmetal.com\/es\/product\/innospray-b600\",\"name\":\"Limpiar acero inoxidable con Innospray B600 | Aceros Metal Treatment\",\"isPartOf\":{\"@id\":\"https:\/\/www.acerosmetal.com\/es#website\"},\"primaryImageOfPage\":{\"@id\":\"https:\/\/www.acerosmetal.com\/es\/product\/innospray-b600#primaryimage\"},\"image\":{\"@id\":\"https:\/\/www.acerosmetal.com\/es\/product\/innospray-b600#primaryimage\"},\"thumbnailUrl\":\"https:\/\/www.acerosmetal.com\/wp-content\/uploads\/2016\/10\/INNOSPRAY-B600.jpg\",\"datePublished\":\"2016-10-10T12:18:37+00:00\",\"dateModified\":\"2023-01-09T19:26:32+00:00\",\"description\":\"El acero inoxidable es f\u00e1cil de limpiar con Innospray B600. Es un limpiador listo para superficies impermeables. Es muy adecuado para la eliminaci\u00f3n de manchas (de grasa) y huellas dactilares.\",\"breadcrumb\":{\"@id\":\"https:\/\/www.acerosmetal.com\/es\/product\/innospray-b600#breadcrumb\"},\"inLanguage\":\"es\",\"potentialAction\":[{\"@type\":\"ReadAction\",\"target\":[\"https:\/\/www.acerosmetal.com\/es\/product\/innospray-b600\"]}]},{\"@type\":\"ImageObject\",\"inLanguage\":\"es\",\"@id\":\"https:\/\/www.acerosmetal.com\/es\/product\/innospray-b600#primaryimage\",\"url\":\"https:\/\/www.acerosmetal.com\/wp-content\/uploads\/2016\/10\/INNOSPRAY-B600.jpg\",\"contentUrl\":\"https:\/\/www.acerosmetal.com\/wp-content\/uploads\/2016\/10\/INNOSPRAY-B600.jpg\",\"width\":900,\"height\":900},{\"@type\":\"BreadcrumbList\",\"@id\":\"https:\/\/www.acerosmetal.com\/es\/product\/innospray-b600#breadcrumb\",\"itemListElement\":[{\"@type\":\"ListItem\",\"position\":1,\"name\":\"Home\",\"item\":\"https:\/\/www.acerosmetal.com\/es\"},{\"@type\":\"ListItem\",\"position\":2,\"name\":\"Shop\",\"item\":\"https:\/\/www.acerosmetal.com\/shop\"},{\"@type\":\"ListItem\",\"position\":3,\"name\":\"Innospray B600\u00ae\"}]},{\"@type\":\"WebSite\",\"@id\":\"https:\/\/www.acerosmetal.com\/es#website\",\"url\":\"https:\/\/www.acerosmetal.com\/es\",\"name\":\"Aceros Metal Treatment\",\"description\":\"\",\"potentialAction\":[{\"@type\":\"SearchAction\",\"target\":{\"@type\":\"EntryPoint\",\"urlTemplate\":\"https:\/\/www.acerosmetal.com\/es?s={search_term_string}\"},\"query-input\":{\"@type\":\"PropertyValueSpecification\",\"valueRequired\":true,\"valueName\":\"search_term_string\"}}],\"inLanguage\":\"es\"}]}<\/script>\n<!-- \/ Yoast SEO plugin. -->","yoast_head_json":{"title":"Limpiar acero inoxidable con Innospray B600 | Aceros Metal Treatment","description":"El acero inoxidable es f\u00e1cil de limpiar con Innospray B600. Es un limpiador listo para superficies impermeables. Es muy adecuado para la eliminaci\u00f3n de manchas (de grasa) y huellas dactilares.","robots":{"index":"index","follow":"follow","max-snippet":"max-snippet:-1","max-image-preview":"max-image-preview:large","max-video-preview":"max-video-preview:-1"},"canonical":"https:\/\/www.acerosmetal.com\/es\/product\/innospray-b600","og_locale":"es_ES","og_type":"article","og_title":"Limpiar acero inoxidable con Innospray B600 | Aceros Metal Treatment","og_description":"El acero inoxidable es f\u00e1cil de limpiar con Innospray B600. Es un limpiador listo para superficies impermeables. Es muy adecuado para la eliminaci\u00f3n de manchas (de grasa) y huellas dactilares.","og_url":"https:\/\/www.acerosmetal.com\/es\/product\/innospray-b600","og_site_name":"Aceros Metal Treatment","article_modified_time":"2023-01-09T19:26:32+00:00","og_image":[{"width":900,"height":900,"url":"https:\/\/www.acerosmetal.com\/wp-content\/uploads\/2016\/10\/INNOSPRAY-B600.jpg","type":"image\/jpeg"}],"twitter_card":"summary_large_image","twitter_misc":{"Tiempo de lectura":"1 minuto"},"schema":{"@context":"https:\/\/schema.org","@graph":[{"@type":"WebPage","@id":"https:\/\/www.acerosmetal.com\/es\/product\/innospray-b600","url":"https:\/\/www.acerosmetal.com\/es\/product\/innospray-b600","name":"Limpiar acero inoxidable con Innospray B600 | Aceros Metal Treatment","isPartOf":{"@id":"https:\/\/www.acerosmetal.com\/es#website"},"primaryImageOfPage":{"@id":"https:\/\/www.acerosmetal.com\/es\/product\/innospray-b600#primaryimage"},"image":{"@id":"https:\/\/www.acerosmetal.com\/es\/product\/innospray-b600#primaryimage"},"thumbnailUrl":"https:\/\/www.acerosmetal.com\/wp-content\/uploads\/2016\/10\/INNOSPRAY-B600.jpg","datePublished":"2016-10-10T12:18:37+00:00","dateModified":"2023-01-09T19:26:32+00:00","description":"El acero inoxidable es f\u00e1cil de limpiar con Innospray B600. Es un limpiador listo para superficies impermeables. Es muy adecuado para la eliminaci\u00f3n de manchas (de grasa) y huellas dactilares.","breadcrumb":{"@id":"https:\/\/www.acerosmetal.com\/es\/product\/innospray-b600#breadcrumb"},"inLanguage":"es","potentialAction":[{"@type":"ReadAction","target":["https:\/\/www.acerosmetal.com\/es\/product\/innospray-b600"]}]},{"@type":"ImageObject","inLanguage":"es","@id":"https:\/\/www.acerosmetal.com\/es\/product\/innospray-b600#primaryimage","url":"https:\/\/www.acerosmetal.com\/wp-content\/uploads\/2016\/10\/INNOSPRAY-B600.jpg","contentUrl":"https:\/\/www.acerosmetal.com\/wp-content\/uploads\/2016\/10\/INNOSPRAY-B600.jpg","width":900,"height":900},{"@type":"BreadcrumbList","@id":"https:\/\/www.acerosmetal.com\/es\/product\/innospray-b600#breadcrumb","itemListElement":[{"@type":"ListItem","position":1,"name":"Home","item":"https:\/\/www.acerosmetal.com\/es"},{"@type":"ListItem","position":2,"name":"Shop","item":"https:\/\/www.acerosmetal.com\/shop"},{"@type":"ListItem","position":3,"name":"Innospray B600\u00ae"}]},{"@type":"WebSite","@id":"https:\/\/www.acerosmetal.com\/es#website","url":"https:\/\/www.acerosmetal.com\/es","name":"Aceros Metal Treatment","description":"","potentialAction":[{"@type":"SearchAction","target":{"@type":"EntryPoint","urlTemplate":"https:\/\/www.acerosmetal.com\/es?s={search_term_string}"},"query-input":{"@type":"PropertyValueSpecification","valueRequired":true,"valueName":"search_term_string"}}],"inLanguage":"es"}]}},"_links":{"self":[{"href":"https:\/\/www.acerosmetal.com\/es\/wp-json\/wp\/v2\/product\/2858","targetHints":{"allow":["GET"]}}],"collection":[{"href":"https:\/\/www.acerosmetal.com\/es\/wp-json\/wp\/v2\/product"}],"about":[{"href":"https:\/\/www.acerosmetal.com\/es\/wp-json\/wp\/v2\/types\/product"}],"replies":[{"embeddable":true,"href":"https:\/\/www.acerosmetal.com\/es\/wp-json\/wp\/v2\/comments?post=2858"}],"wp:featuredmedia":[{"embeddable":true,"href":"https:\/\/www.acerosmetal.com\/es\/wp-json\/wp\/v2\/media\/1417"}],"wp:attachment":[{"href":"https:\/\/www.acerosmetal.com\/es\/wp-json\/wp\/v2\/media?parent=2858"}],"wp:term":[{"taxonomy":"product_brand","embeddable":true,"href":"https:\/\/www.acerosmetal.com\/es\/wp-json\/wp\/v2\/product_brand?post=2858"},{"taxonomy":"product_cat","embeddable":true,"href":"https:\/\/www.acerosmetal.com\/es\/wp-json\/wp\/v2\/product_cat?post=2858"},{"taxonomy":"product_tag","embeddable":true,"href":"https:\/\/www.acerosmetal.com\/es\/wp-json\/wp\/v2\/product_tag?post=2858"}],"curies":[{"name":"wp","href":"https:\/\/api.w.org\/{rel}","templated":true}]}}