{"id":2855,"date":"2016-10-10T14:35:31","date_gmt":"2016-10-10T12:35:31","guid":{"rendered":"https:\/\/www.acerosmetal.com\/shop\/sincategorizar\/innopolish-b520"},"modified":"2023-01-09T20:25:32","modified_gmt":"2023-01-09T19:25:32","slug":"innopolish-b520","status":"publish","type":"product","link":"https:\/\/www.acerosmetal.com\/es\/product\/innopolish-b520","title":{"rendered":"Innopolish B520\u00ae"},"content":{"rendered":"<h2>Pulir acero inoxidable con innopolish B520<\/h2>\n<p>Innopolish B520 es un limpiador l\u00edquido especial, un pulidor de metales. Innopolish B520 es adecuado para limpiar superficies contaminadas y sin brillo. El limpiador es conveniente para el acero inoxidable, n\u00edquel, cobre, bronce, cromo y aluminio. Innopolish B520 deja el metal brillar como nuevo.<\/p>\n<p><iframe loading=\"lazy\" title=\"How to use Innopolish B520\" width=\"1020\" height=\"574\" src=\"https:\/\/www.youtube.com\/embed\/C5aa0qX9KpM?feature=oembed\" frameborder=\"0\" allow=\"accelerometer; autoplay; encrypted-media; gyroscope; picture-in-picture\" allowfullscreen><\/iframe><\/p>\n<h2>Acero inoxidable pulido y cepillado<\/h2>\n<p>Las superficies mates no tienen presencia! \u00bfQuiere su acero inoxidable brillante otra vez? El pulido de acero inoxidable se necesita para obtener metal brillante otra vez. Este proceso es muy f\u00e1cil por medio del l\u00edquido pulidor de Aceros Metal Treatment. Por supuesto, nuestro servicio de limpieza est\u00e1 dispuesto a ayudarle\u00a0 con el trabajo. Despu\u00e9s de pulir el acero inoxidable, no olvide de mantener el acero.<\/p>\n<h3>\u00bfPor qu\u00e9 \u00fanico?<\/h3>\n<p>Limpiadores de acero inoxidable y pulidores hay muchos en el mercado. \u00bfPor qu\u00e9 pulir acero inoxidable con Innopolish B520?<\/p>\n<ul>\n<li>Efecto de limpieza de gran alcance.<\/li>\n<li>Suave con el material y la piel.<\/li>\n<li>Protege las superficies limpiadas.<\/li>\n<li>Adecuado para el uso en el sector alimentario.<\/li>\n<li>Tiene un olor agradable.<\/li>\n<\/ul>\n","protected":false},"excerpt":{"rendered":"<ul>\n<li>Efecto de limpieza de gran alcance.<\/li>\n<li>Suave con el material y la piel.<\/li>\n<li>Protege las superficies limpiadas.<\/li>\n<li>Adecuado para el uso en el sector alimentario.<\/li>\n<li>Tiene un olor agradable.<\/li>\n<\/ul>\n","protected":false},"featured_media":1422,"comment_status":"open","ping_status":"closed","template":"","meta":[],"product_brand":[],"product_cat":[152],"product_tag":[],"class_list":{"0":"post-2855","1":"product","2":"type-product","3":"status-publish","4":"has-post-thumbnail","6":"product_cat-limpiadores-de-acero-inoxidable","8":"first","9":"instock","10":"taxable","11":"shipping-taxable","12":"purchasable","13":"product-type-variable"},"yoast_head":"<!-- This site is optimized with the Yoast SEO plugin v26.3 - https:\/\/yoast.com\/wordpress\/plugins\/seo\/ -->\n<title>Innopolish B520\u00ae - Aceros Metal Treatment<\/title>\n<meta name=\"description\" content=\"Innopolish B520 es un limpiador l\u00edquido especial, un pulidor de metales. Innopolish B520 es adecuado para limpiar superficies contaminadas y sin brillo.\" \/>\n<meta name=\"robots\" content=\"index, follow, max-snippet:-1, max-image-preview:large, max-video-preview:-1\" \/>\n<link rel=\"canonical\" href=\"https:\/\/www.acerosmetal.com\/es\/product\/innopolish-b520\" \/>\n<meta property=\"og:locale\" content=\"es_ES\" \/>\n<meta property=\"og:type\" content=\"article\" \/>\n<meta property=\"og:title\" content=\"Innopolish B520\u00ae - Aceros Metal Treatment\" \/>\n<meta property=\"og:description\" content=\"Innopolish B520 es un limpiador l\u00edquido especial, un pulidor de metales. Innopolish B520 es adecuado para limpiar superficies contaminadas y sin brillo.\" \/>\n<meta property=\"og:url\" content=\"https:\/\/www.acerosmetal.com\/es\/product\/innopolish-b520\" \/>\n<meta property=\"og:site_name\" content=\"Aceros Metal Treatment\" \/>\n<meta property=\"article:modified_time\" content=\"2023-01-09T19:25:32+00:00\" \/>\n<meta property=\"og:image\" content=\"https:\/\/www.acerosmetal.com\/wp-content\/uploads\/2016\/10\/INNOPOLISH-B520.jpg\" \/>\n\t<meta property=\"og:image:width\" content=\"900\" \/>\n\t<meta property=\"og:image:height\" content=\"900\" \/>\n\t<meta property=\"og:image:type\" content=\"image\/jpeg\" \/>\n<meta name=\"twitter:card\" content=\"summary_large_image\" \/>\n<meta name=\"twitter:label1\" content=\"Tiempo de lectura\" \/>\n\t<meta name=\"twitter:data1\" content=\"1 minuto\" \/>\n<script type=\"application\/ld+json\" class=\"yoast-schema-graph\">{\"@context\":\"https:\/\/schema.org\",\"@graph\":[{\"@type\":\"WebPage\",\"@id\":\"https:\/\/www.acerosmetal.com\/es\/product\/innopolish-b520\",\"url\":\"https:\/\/www.acerosmetal.com\/es\/product\/innopolish-b520\",\"name\":\"Innopolish B520\u00ae - Aceros Metal Treatment\",\"isPartOf\":{\"@id\":\"https:\/\/www.acerosmetal.com\/es#website\"},\"primaryImageOfPage\":{\"@id\":\"https:\/\/www.acerosmetal.com\/es\/product\/innopolish-b520#primaryimage\"},\"image\":{\"@id\":\"https:\/\/www.acerosmetal.com\/es\/product\/innopolish-b520#primaryimage\"},\"thumbnailUrl\":\"https:\/\/www.acerosmetal.com\/wp-content\/uploads\/2016\/10\/INNOPOLISH-B520.jpg\",\"datePublished\":\"2016-10-10T12:35:31+00:00\",\"dateModified\":\"2023-01-09T19:25:32+00:00\",\"description\":\"Innopolish B520 es un limpiador l\u00edquido especial, un pulidor de metales. Innopolish B520 es adecuado para limpiar superficies contaminadas y sin brillo.\",\"breadcrumb\":{\"@id\":\"https:\/\/www.acerosmetal.com\/es\/product\/innopolish-b520#breadcrumb\"},\"inLanguage\":\"es\",\"potentialAction\":[{\"@type\":\"ReadAction\",\"target\":[\"https:\/\/www.acerosmetal.com\/es\/product\/innopolish-b520\"]}]},{\"@type\":\"ImageObject\",\"inLanguage\":\"es\",\"@id\":\"https:\/\/www.acerosmetal.com\/es\/product\/innopolish-b520#primaryimage\",\"url\":\"https:\/\/www.acerosmetal.com\/wp-content\/uploads\/2016\/10\/INNOPOLISH-B520.jpg\",\"contentUrl\":\"https:\/\/www.acerosmetal.com\/wp-content\/uploads\/2016\/10\/INNOPOLISH-B520.jpg\",\"width\":900,\"height\":900},{\"@type\":\"BreadcrumbList\",\"@id\":\"https:\/\/www.acerosmetal.com\/es\/product\/innopolish-b520#breadcrumb\",\"itemListElement\":[{\"@type\":\"ListItem\",\"position\":1,\"name\":\"Home\",\"item\":\"https:\/\/www.acerosmetal.com\/es\"},{\"@type\":\"ListItem\",\"position\":2,\"name\":\"Shop\",\"item\":\"https:\/\/www.acerosmetal.com\/shop\"},{\"@type\":\"ListItem\",\"position\":3,\"name\":\"Innopolish B520\u00ae\"}]},{\"@type\":\"WebSite\",\"@id\":\"https:\/\/www.acerosmetal.com\/es#website\",\"url\":\"https:\/\/www.acerosmetal.com\/es\",\"name\":\"Aceros Metal Treatment\",\"description\":\"\",\"potentialAction\":[{\"@type\":\"SearchAction\",\"target\":{\"@type\":\"EntryPoint\",\"urlTemplate\":\"https:\/\/www.acerosmetal.com\/es?s={search_term_string}\"},\"query-input\":{\"@type\":\"PropertyValueSpecification\",\"valueRequired\":true,\"valueName\":\"search_term_string\"}}],\"inLanguage\":\"es\"}]}<\/script>\n<!-- \/ Yoast SEO plugin. -->","yoast_head_json":{"title":"Innopolish B520\u00ae - Aceros Metal Treatment","description":"Innopolish B520 es un limpiador l\u00edquido especial, un pulidor de metales. Innopolish B520 es adecuado para limpiar superficies contaminadas y sin brillo.","robots":{"index":"index","follow":"follow","max-snippet":"max-snippet:-1","max-image-preview":"max-image-preview:large","max-video-preview":"max-video-preview:-1"},"canonical":"https:\/\/www.acerosmetal.com\/es\/product\/innopolish-b520","og_locale":"es_ES","og_type":"article","og_title":"Innopolish B520\u00ae - Aceros Metal Treatment","og_description":"Innopolish B520 es un limpiador l\u00edquido especial, un pulidor de metales. Innopolish B520 es adecuado para limpiar superficies contaminadas y sin brillo.","og_url":"https:\/\/www.acerosmetal.com\/es\/product\/innopolish-b520","og_site_name":"Aceros Metal Treatment","article_modified_time":"2023-01-09T19:25:32+00:00","og_image":[{"width":900,"height":900,"url":"https:\/\/www.acerosmetal.com\/wp-content\/uploads\/2016\/10\/INNOPOLISH-B520.jpg","type":"image\/jpeg"}],"twitter_card":"summary_large_image","twitter_misc":{"Tiempo de lectura":"1 minuto"},"schema":{"@context":"https:\/\/schema.org","@graph":[{"@type":"WebPage","@id":"https:\/\/www.acerosmetal.com\/es\/product\/innopolish-b520","url":"https:\/\/www.acerosmetal.com\/es\/product\/innopolish-b520","name":"Innopolish B520\u00ae - Aceros Metal Treatment","isPartOf":{"@id":"https:\/\/www.acerosmetal.com\/es#website"},"primaryImageOfPage":{"@id":"https:\/\/www.acerosmetal.com\/es\/product\/innopolish-b520#primaryimage"},"image":{"@id":"https:\/\/www.acerosmetal.com\/es\/product\/innopolish-b520#primaryimage"},"thumbnailUrl":"https:\/\/www.acerosmetal.com\/wp-content\/uploads\/2016\/10\/INNOPOLISH-B520.jpg","datePublished":"2016-10-10T12:35:31+00:00","dateModified":"2023-01-09T19:25:32+00:00","description":"Innopolish B520 es un limpiador l\u00edquido especial, un pulidor de metales. Innopolish B520 es adecuado para limpiar superficies contaminadas y sin brillo.","breadcrumb":{"@id":"https:\/\/www.acerosmetal.com\/es\/product\/innopolish-b520#breadcrumb"},"inLanguage":"es","potentialAction":[{"@type":"ReadAction","target":["https:\/\/www.acerosmetal.com\/es\/product\/innopolish-b520"]}]},{"@type":"ImageObject","inLanguage":"es","@id":"https:\/\/www.acerosmetal.com\/es\/product\/innopolish-b520#primaryimage","url":"https:\/\/www.acerosmetal.com\/wp-content\/uploads\/2016\/10\/INNOPOLISH-B520.jpg","contentUrl":"https:\/\/www.acerosmetal.com\/wp-content\/uploads\/2016\/10\/INNOPOLISH-B520.jpg","width":900,"height":900},{"@type":"BreadcrumbList","@id":"https:\/\/www.acerosmetal.com\/es\/product\/innopolish-b520#breadcrumb","itemListElement":[{"@type":"ListItem","position":1,"name":"Home","item":"https:\/\/www.acerosmetal.com\/es"},{"@type":"ListItem","position":2,"name":"Shop","item":"https:\/\/www.acerosmetal.com\/shop"},{"@type":"ListItem","position":3,"name":"Innopolish B520\u00ae"}]},{"@type":"WebSite","@id":"https:\/\/www.acerosmetal.com\/es#website","url":"https:\/\/www.acerosmetal.com\/es","name":"Aceros Metal Treatment","description":"","potentialAction":[{"@type":"SearchAction","target":{"@type":"EntryPoint","urlTemplate":"https:\/\/www.acerosmetal.com\/es?s={search_term_string}"},"query-input":{"@type":"PropertyValueSpecification","valueRequired":true,"valueName":"search_term_string"}}],"inLanguage":"es"}]}},"_links":{"self":[{"href":"https:\/\/www.acerosmetal.com\/es\/wp-json\/wp\/v2\/product\/2855","targetHints":{"allow":["GET"]}}],"collection":[{"href":"https:\/\/www.acerosmetal.com\/es\/wp-json\/wp\/v2\/product"}],"about":[{"href":"https:\/\/www.acerosmetal.com\/es\/wp-json\/wp\/v2\/types\/product"}],"replies":[{"embeddable":true,"href":"https:\/\/www.acerosmetal.com\/es\/wp-json\/wp\/v2\/comments?post=2855"}],"wp:featuredmedia":[{"embeddable":true,"href":"https:\/\/www.acerosmetal.com\/es\/wp-json\/wp\/v2\/media\/1422"}],"wp:attachment":[{"href":"https:\/\/www.acerosmetal.com\/es\/wp-json\/wp\/v2\/media?parent=2855"}],"wp:term":[{"taxonomy":"product_brand","embeddable":true,"href":"https:\/\/www.acerosmetal.com\/es\/wp-json\/wp\/v2\/product_brand?post=2855"},{"taxonomy":"product_cat","embeddable":true,"href":"https:\/\/www.acerosmetal.com\/es\/wp-json\/wp\/v2\/product_cat?post=2855"},{"taxonomy":"product_tag","embeddable":true,"href":"https:\/\/www.acerosmetal.com\/es\/wp-json\/wp\/v2\/product_tag?post=2855"}],"curies":[{"name":"wp","href":"https:\/\/api.w.org\/{rel}","templated":true}]}}