{"id":2850,"date":"2016-10-10T14:54:57","date_gmt":"2016-10-10T12:54:57","guid":{"rendered":"https:\/\/www.acerosmetal.com\/shop\/sincategorizar\/innogel-b450"},"modified":"2023-01-09T20:22:09","modified_gmt":"2023-01-09T19:22:09","slug":"innogel-b450","status":"publish","type":"product","link":"https:\/\/www.acerosmetal.com\/es\/product\/innogel-b450","title":{"rendered":"Innogel B450\u00ae"},"content":{"rendered":"<h2>Innogel B450 es un limpiador especial para acero inoxidable<\/h2>\n<p> Innogel B450 es un limpiador especial para acero inoxidable que permite la sencilla eliminaci\u00f3n del \u00f3xido acumulado. Innogel B450 es un gel verde, de f\u00e1cil uso y adecuado para la limpieza intensiva de superficies contaminadas por el \u00f3xido.<\/p>\n<p><iframe loading=\"lazy\" title=\"How to use Innogel B450\" width=\"1020\" height=\"574\" src=\"https:\/\/www.youtube.com\/embed\/0CwdwEnzFRQ?feature=oembed\" frameborder=\"0\" allow=\"accelerometer; autoplay; encrypted-media; gyroscope; picture-in-picture\" allowfullscreen><\/iframe><\/p>\n<p>Innogel B450 puede sustituir el chorro de arena, el rascado y el decapado y otros m\u00e9todos com\u00fanmente usados para eliminar el \u00f3xido. Todos estos m\u00e9todos conllevan grandes desventajas ambientales. Mediante el uso de Innogel B450, todos los efectos da\u00f1inos para el medio ambiente se ven reducidos. Innogel B450 se aplica en la superficie erosionada y \u00e9sta se aclara como m\u00e1ximo a las 24 horas.<\/p>\n<p>Extraer el \u00f3xido con  Innogel B450 requiere muy poco esfuerzo y tiene la ventaja de que, incluso las superficies m\u00e1s dif\u00edciles de alcanzar, se vuelven f\u00e1ciles de limpiar. Innogel B450 se pulveriza y se expande manualmente sobre la superficie .Tras un breve per\u00edodo de tiempo, el gel se aclara y el \u00f3xido y otros contaminantes se van con el gel.<br \/>\n\u00bfCu\u00e1l es la diferencia entre Innogel B450 y B570 Innoshine?<\/p>\n<p>Innoshine B570 tiene los mismos e incluso mejores resultados, pero requiere un trabajo mec\u00e1nico mas intenso. Innogel B450 es ideal para las superficies que son dif\u00edciles de alcanzar mediante el uso de Innoshine B570. Innogel B450 tiene un tiempo de exposici\u00f3n necesario de 4 a 24 horas, mientras que Innoshine B570 da resultados inmediatos.<\/p>\n<h3>\u00bfQu\u00e9 hace a Innogel B450 \u00fanico?<\/h3>\n<p>A pesar de que Innogel B450 es un agente decapante, es biodegradable y por lo tanto mucho m\u00e1s sostenible con el medio ambiente que otros agentes de decapado. Y a pesar de ser biodegradable, el funcionamiento del producto es muy eficaz.<\/p>\n","protected":false},"excerpt":{"rendered":"<ul>\n<li>Seguro para las personas y el medio ambiente<\/li>\n<li>Biodegradable<\/li>\n<li>Ideal para partes dif\u00edciles de alcanzar<\/li>\n<li>Sin trabajo mec\u00e1nico<\/li>\n<li>F\u00e1cil de usar<\/li>\n<\/ul>\n","protected":false},"featured_media":1427,"comment_status":"open","ping_status":"closed","template":"","meta":[],"product_brand":[],"product_cat":[152],"product_tag":[],"class_list":{"0":"post-2850","1":"product","2":"type-product","3":"status-publish","4":"has-post-thumbnail","6":"product_cat-limpiadores-de-acero-inoxidable","8":"first","9":"instock","10":"taxable","11":"shipping-taxable","12":"purchasable","13":"product-type-variable","14":"has-default-attributes"},"yoast_head":"<!-- This site is optimized with the Yoast SEO plugin v26.3 - https:\/\/yoast.com\/wordpress\/plugins\/seo\/ -->\n<title>Eliminando el \u00f3xido con Innogel B450<\/title>\n<meta name=\"description\" content=\"Innogel B450 es un limpiador especial para acero inoxidable que permite la sencilla eliminaci\u00f3n del \u00f3xido acumulado\" \/>\n<meta name=\"robots\" content=\"index, follow, max-snippet:-1, max-image-preview:large, max-video-preview:-1\" \/>\n<link rel=\"canonical\" href=\"https:\/\/www.acerosmetal.com\/es\/product\/innogel-b450\" \/>\n<meta property=\"og:locale\" content=\"es_ES\" \/>\n<meta property=\"og:type\" content=\"article\" \/>\n<meta property=\"og:title\" content=\"Eliminando el \u00f3xido con Innogel B450\" \/>\n<meta property=\"og:description\" content=\"Innogel B450 es un limpiador especial para acero inoxidable que permite la sencilla eliminaci\u00f3n del \u00f3xido acumulado\" \/>\n<meta property=\"og:url\" content=\"https:\/\/www.acerosmetal.com\/es\/product\/innogel-b450\" \/>\n<meta property=\"og:site_name\" content=\"Aceros Metal Treatment\" \/>\n<meta property=\"article:modified_time\" content=\"2023-01-09T19:22:09+00:00\" \/>\n<meta property=\"og:image\" content=\"https:\/\/www.acerosmetal.com\/wp-content\/uploads\/2016\/10\/rvs-reiniger-innogel-B450.jpg\" \/>\n\t<meta property=\"og:image:width\" content=\"900\" \/>\n\t<meta property=\"og:image:height\" content=\"900\" \/>\n\t<meta property=\"og:image:type\" content=\"image\/jpeg\" \/>\n<meta name=\"twitter:card\" content=\"summary_large_image\" \/>\n<meta name=\"twitter:label1\" content=\"Tiempo de lectura\" \/>\n\t<meta name=\"twitter:data1\" content=\"2 minutos\" \/>\n<script type=\"application\/ld+json\" class=\"yoast-schema-graph\">{\"@context\":\"https:\/\/schema.org\",\"@graph\":[{\"@type\":\"WebPage\",\"@id\":\"https:\/\/www.acerosmetal.com\/es\/product\/innogel-b450\",\"url\":\"https:\/\/www.acerosmetal.com\/es\/product\/innogel-b450\",\"name\":\"Eliminando el \u00f3xido con Innogel B450\",\"isPartOf\":{\"@id\":\"https:\/\/www.acerosmetal.com\/es#website\"},\"primaryImageOfPage\":{\"@id\":\"https:\/\/www.acerosmetal.com\/es\/product\/innogel-b450#primaryimage\"},\"image\":{\"@id\":\"https:\/\/www.acerosmetal.com\/es\/product\/innogel-b450#primaryimage\"},\"thumbnailUrl\":\"https:\/\/www.acerosmetal.com\/wp-content\/uploads\/2016\/10\/rvs-reiniger-innogel-B450.jpg\",\"datePublished\":\"2016-10-10T12:54:57+00:00\",\"dateModified\":\"2023-01-09T19:22:09+00:00\",\"description\":\"Innogel B450 es un limpiador especial para acero inoxidable que permite la sencilla eliminaci\u00f3n del \u00f3xido acumulado\",\"breadcrumb\":{\"@id\":\"https:\/\/www.acerosmetal.com\/es\/product\/innogel-b450#breadcrumb\"},\"inLanguage\":\"es\",\"potentialAction\":[{\"@type\":\"ReadAction\",\"target\":[\"https:\/\/www.acerosmetal.com\/es\/product\/innogel-b450\"]}]},{\"@type\":\"ImageObject\",\"inLanguage\":\"es\",\"@id\":\"https:\/\/www.acerosmetal.com\/es\/product\/innogel-b450#primaryimage\",\"url\":\"https:\/\/www.acerosmetal.com\/wp-content\/uploads\/2016\/10\/rvs-reiniger-innogel-B450.jpg\",\"contentUrl\":\"https:\/\/www.acerosmetal.com\/wp-content\/uploads\/2016\/10\/rvs-reiniger-innogel-B450.jpg\",\"width\":900,\"height\":900},{\"@type\":\"BreadcrumbList\",\"@id\":\"https:\/\/www.acerosmetal.com\/es\/product\/innogel-b450#breadcrumb\",\"itemListElement\":[{\"@type\":\"ListItem\",\"position\":1,\"name\":\"Home\",\"item\":\"https:\/\/www.acerosmetal.com\/es\"},{\"@type\":\"ListItem\",\"position\":2,\"name\":\"Shop\",\"item\":\"https:\/\/www.acerosmetal.com\/shop\"},{\"@type\":\"ListItem\",\"position\":3,\"name\":\"Innogel B450\u00ae\"}]},{\"@type\":\"WebSite\",\"@id\":\"https:\/\/www.acerosmetal.com\/es#website\",\"url\":\"https:\/\/www.acerosmetal.com\/es\",\"name\":\"Aceros Metal Treatment\",\"description\":\"\",\"potentialAction\":[{\"@type\":\"SearchAction\",\"target\":{\"@type\":\"EntryPoint\",\"urlTemplate\":\"https:\/\/www.acerosmetal.com\/es?s={search_term_string}\"},\"query-input\":{\"@type\":\"PropertyValueSpecification\",\"valueRequired\":true,\"valueName\":\"search_term_string\"}}],\"inLanguage\":\"es\"}]}<\/script>\n<!-- \/ Yoast SEO plugin. -->","yoast_head_json":{"title":"Eliminando el \u00f3xido con Innogel B450","description":"Innogel B450 es un limpiador especial para acero inoxidable que permite la sencilla eliminaci\u00f3n del \u00f3xido acumulado","robots":{"index":"index","follow":"follow","max-snippet":"max-snippet:-1","max-image-preview":"max-image-preview:large","max-video-preview":"max-video-preview:-1"},"canonical":"https:\/\/www.acerosmetal.com\/es\/product\/innogel-b450","og_locale":"es_ES","og_type":"article","og_title":"Eliminando el \u00f3xido con Innogel B450","og_description":"Innogel B450 es un limpiador especial para acero inoxidable que permite la sencilla eliminaci\u00f3n del \u00f3xido acumulado","og_url":"https:\/\/www.acerosmetal.com\/es\/product\/innogel-b450","og_site_name":"Aceros Metal Treatment","article_modified_time":"2023-01-09T19:22:09+00:00","og_image":[{"width":900,"height":900,"url":"https:\/\/www.acerosmetal.com\/wp-content\/uploads\/2016\/10\/rvs-reiniger-innogel-B450.jpg","type":"image\/jpeg"}],"twitter_card":"summary_large_image","twitter_misc":{"Tiempo de lectura":"2 minutos"},"schema":{"@context":"https:\/\/schema.org","@graph":[{"@type":"WebPage","@id":"https:\/\/www.acerosmetal.com\/es\/product\/innogel-b450","url":"https:\/\/www.acerosmetal.com\/es\/product\/innogel-b450","name":"Eliminando el \u00f3xido con Innogel B450","isPartOf":{"@id":"https:\/\/www.acerosmetal.com\/es#website"},"primaryImageOfPage":{"@id":"https:\/\/www.acerosmetal.com\/es\/product\/innogel-b450#primaryimage"},"image":{"@id":"https:\/\/www.acerosmetal.com\/es\/product\/innogel-b450#primaryimage"},"thumbnailUrl":"https:\/\/www.acerosmetal.com\/wp-content\/uploads\/2016\/10\/rvs-reiniger-innogel-B450.jpg","datePublished":"2016-10-10T12:54:57+00:00","dateModified":"2023-01-09T19:22:09+00:00","description":"Innogel B450 es un limpiador especial para acero inoxidable que permite la sencilla eliminaci\u00f3n del \u00f3xido acumulado","breadcrumb":{"@id":"https:\/\/www.acerosmetal.com\/es\/product\/innogel-b450#breadcrumb"},"inLanguage":"es","potentialAction":[{"@type":"ReadAction","target":["https:\/\/www.acerosmetal.com\/es\/product\/innogel-b450"]}]},{"@type":"ImageObject","inLanguage":"es","@id":"https:\/\/www.acerosmetal.com\/es\/product\/innogel-b450#primaryimage","url":"https:\/\/www.acerosmetal.com\/wp-content\/uploads\/2016\/10\/rvs-reiniger-innogel-B450.jpg","contentUrl":"https:\/\/www.acerosmetal.com\/wp-content\/uploads\/2016\/10\/rvs-reiniger-innogel-B450.jpg","width":900,"height":900},{"@type":"BreadcrumbList","@id":"https:\/\/www.acerosmetal.com\/es\/product\/innogel-b450#breadcrumb","itemListElement":[{"@type":"ListItem","position":1,"name":"Home","item":"https:\/\/www.acerosmetal.com\/es"},{"@type":"ListItem","position":2,"name":"Shop","item":"https:\/\/www.acerosmetal.com\/shop"},{"@type":"ListItem","position":3,"name":"Innogel B450\u00ae"}]},{"@type":"WebSite","@id":"https:\/\/www.acerosmetal.com\/es#website","url":"https:\/\/www.acerosmetal.com\/es","name":"Aceros Metal Treatment","description":"","potentialAction":[{"@type":"SearchAction","target":{"@type":"EntryPoint","urlTemplate":"https:\/\/www.acerosmetal.com\/es?s={search_term_string}"},"query-input":{"@type":"PropertyValueSpecification","valueRequired":true,"valueName":"search_term_string"}}],"inLanguage":"es"}]}},"_links":{"self":[{"href":"https:\/\/www.acerosmetal.com\/es\/wp-json\/wp\/v2\/product\/2850","targetHints":{"allow":["GET"]}}],"collection":[{"href":"https:\/\/www.acerosmetal.com\/es\/wp-json\/wp\/v2\/product"}],"about":[{"href":"https:\/\/www.acerosmetal.com\/es\/wp-json\/wp\/v2\/types\/product"}],"replies":[{"embeddable":true,"href":"https:\/\/www.acerosmetal.com\/es\/wp-json\/wp\/v2\/comments?post=2850"}],"wp:featuredmedia":[{"embeddable":true,"href":"https:\/\/www.acerosmetal.com\/es\/wp-json\/wp\/v2\/media\/1427"}],"wp:attachment":[{"href":"https:\/\/www.acerosmetal.com\/es\/wp-json\/wp\/v2\/media?parent=2850"}],"wp:term":[{"taxonomy":"product_brand","embeddable":true,"href":"https:\/\/www.acerosmetal.com\/es\/wp-json\/wp\/v2\/product_brand?post=2850"},{"taxonomy":"product_cat","embeddable":true,"href":"https:\/\/www.acerosmetal.com\/es\/wp-json\/wp\/v2\/product_cat?post=2850"},{"taxonomy":"product_tag","embeddable":true,"href":"https:\/\/www.acerosmetal.com\/es\/wp-json\/wp\/v2\/product_tag?post=2850"}],"curies":[{"name":"wp","href":"https:\/\/api.w.org\/{rel}","templated":true}]}}