{"id":2791,"date":"2016-10-10T13:24:31","date_gmt":"2016-10-10T11:24:31","guid":{"rendered":"https:\/\/www.acerosmetal.com\/shop\/sincategorizar\/acero-inoxidable-mantenimiento-con-innocare-b580"},"modified":"2026-01-06T13:27:35","modified_gmt":"2026-01-06T12:27:35","slug":"acero-inoxidable-mantenimiento-con-innocare-b580","status":"publish","type":"product","link":"https:\/\/www.acerosmetal.com\/es\/product\/acero-inoxidable-mantenimiento-con-innocare-b580","title":{"rendered":"Acero inoxidable mantenimiento con Innocare b580"},"content":{"rendered":"<h2>Acero inoxidable mantenimiento con Innocare b580<\/h2>\n<p>Innocare B580 es un producto de limpieza neutro y suave y ideal para cuidar el acero inoxidable. Aparte de limpiar y eliminar los \u00f3xidos sueltos y contaminantes, esto producto aplica tambi\u00e9n una capa protectora en la nanoescala contra la corrosi\u00f3n fresco. Innocare B580 es un poderoso limpiador de acero inoxidable para la limpieza diaria de superficies ligeramente sucias.<\/p>\n<p><iframe loading=\"lazy\" title=\"How to use Innoshine B570 and Innocare B580\" width=\"1020\" height=\"574\" src=\"https:\/\/www.youtube.com\/embed\/YqI3Y94Gy8c?feature=oembed\" frameborder=\"0\" allow=\"accelerometer; autoplay; clipboard-write; encrypted-media; gyroscope; picture-in-picture; web-share\" referrerpolicy=\"strict-origin-when-cross-origin\" allowfullscreen><\/iframe><\/p>\n<p>Para superficies muy sucias y superficies con herrumbre superficial, se recomienda de extraer primero el \u00f3xido con Innoshine B570. Luego se continua el tratamiento con Innocare B580. Excepto que se hace la limpieza a fondo, dejando una capa protectora en la nanoescala, tambi\u00e9n el mantenimiento del acero inoxidable es hecho.<\/p>\n<h2>Un limpiador de acero inoxidable \u00fanica<\/h2>\n<p>Productos de limpieza de acero inoxidable no faltan en el mercado. Lo que lo hace\u00a0 tan \u00fanico Innocare\u00a0B580:<\/p>\n<ul>\n<li>Innocare\u00a0B580 protege el acero inoxidable con una capa nano.<\/li>\n<li>El necesario intercambio de ox\u00edgeno es promovido por Innocare\u00a0B580.<\/li>\n<li>Con el uso regular de Innocare\u00a0B580 la corrosi\u00f3n no tiene ninguna oportunidad.<\/li>\n<li>El uso de Innocare\u00a0B580 es sencillo, no difiere de los agentes de la limpieza normal.<\/li>\n<\/ul>\n","protected":false},"excerpt":{"rendered":"<ul>\n<li>Innocare B580 protege el acero inoxidable con una capa nano.<\/li>\n<li>El necesario intercambio de ox\u00edgeno es promovido por Innocare B580.<\/li>\n<li>Con el uso regular de Innocare B580 la corrosi\u00f3n no tiene ninguna oportunidad.<\/li>\n<li>El uso de Innocare B580 es sencillo, no difiere de los agentes de la limpieza normal.<\/li>\n<\/ul>\n","protected":false},"featured_media":1617,"comment_status":"open","ping_status":"closed","template":"","meta":[],"product_brand":[],"product_cat":[],"product_tag":[],"class_list":{"0":"post-2791","1":"product","2":"type-product","3":"status-publish","4":"has-post-thumbnail","7":"first","8":"instock","9":"taxable","10":"shipping-taxable","11":"purchasable","12":"product-type-variable","13":"has-default-attributes"},"yoast_head":"<!-- This site is optimized with the Yoast SEO plugin v26.3 - https:\/\/yoast.com\/wordpress\/plugins\/seo\/ -->\n<title>Acero inoxidable mantenimiento con Innocare b580 - Aceros Metal Treatment<\/title>\n<meta name=\"description\" content=\"Innocare B580 es un producto de limpieza neutro y suave y ideal para cuidar el acero inoxidable. Aparte de limpiar y eliminar los \u00f3xidos sueltos y contaminantes, esto producto aplica tambi\u00e9n una capa protectora en la nanoescala contra la corrosi\u00f3n fresco.\" \/>\n<meta name=\"robots\" content=\"index, follow, max-snippet:-1, max-image-preview:large, max-video-preview:-1\" \/>\n<link rel=\"canonical\" href=\"https:\/\/www.acerosmetal.com\/es\/product\/acero-inoxidable-mantenimiento-con-innocare-b580\" \/>\n<meta property=\"og:locale\" content=\"es_ES\" \/>\n<meta property=\"og:type\" content=\"article\" \/>\n<meta property=\"og:title\" content=\"Acero inoxidable mantenimiento con Innocare b580 - Aceros Metal Treatment\" \/>\n<meta property=\"og:description\" content=\"Innocare B580 es un producto de limpieza neutro y suave y ideal para cuidar el acero inoxidable. Aparte de limpiar y eliminar los \u00f3xidos sueltos y contaminantes, esto producto aplica tambi\u00e9n una capa protectora en la nanoescala contra la corrosi\u00f3n fresco.\" \/>\n<meta property=\"og:url\" content=\"https:\/\/www.acerosmetal.com\/es\/product\/acero-inoxidable-mantenimiento-con-innocare-b580\" \/>\n<meta property=\"og:site_name\" content=\"Aceros Metal Treatment\" \/>\n<meta property=\"article:modified_time\" content=\"2026-01-06T12:27:35+00:00\" \/>\n<meta property=\"og:image\" content=\"https:\/\/www.acerosmetal.com\/wp-content\/uploads\/2017\/07\/INNOCARE-B580-nieuw.jpg\" \/>\n\t<meta property=\"og:image:width\" content=\"900\" \/>\n\t<meta property=\"og:image:height\" content=\"900\" \/>\n\t<meta property=\"og:image:type\" content=\"image\/jpeg\" \/>\n<meta name=\"twitter:card\" content=\"summary_large_image\" \/>\n<meta name=\"twitter:label1\" content=\"Tiempo de lectura\" \/>\n\t<meta name=\"twitter:data1\" content=\"2 minutos\" \/>\n<script type=\"application\/ld+json\" class=\"yoast-schema-graph\">{\"@context\":\"https:\/\/schema.org\",\"@graph\":[{\"@type\":\"WebPage\",\"@id\":\"https:\/\/www.acerosmetal.com\/es\/product\/acero-inoxidable-mantenimiento-con-innocare-b580\",\"url\":\"https:\/\/www.acerosmetal.com\/es\/product\/acero-inoxidable-mantenimiento-con-innocare-b580\",\"name\":\"Acero inoxidable mantenimiento con Innocare b580 - Aceros Metal Treatment\",\"isPartOf\":{\"@id\":\"https:\/\/www.acerosmetal.com\/es#website\"},\"primaryImageOfPage\":{\"@id\":\"https:\/\/www.acerosmetal.com\/es\/product\/acero-inoxidable-mantenimiento-con-innocare-b580#primaryimage\"},\"image\":{\"@id\":\"https:\/\/www.acerosmetal.com\/es\/product\/acero-inoxidable-mantenimiento-con-innocare-b580#primaryimage\"},\"thumbnailUrl\":\"https:\/\/www.acerosmetal.com\/wp-content\/uploads\/2017\/07\/INNOCARE-B580-nieuw.jpg\",\"datePublished\":\"2016-10-10T11:24:31+00:00\",\"dateModified\":\"2026-01-06T12:27:35+00:00\",\"description\":\"Innocare B580 es un producto de limpieza neutro y suave y ideal para cuidar el acero inoxidable. Aparte de limpiar y eliminar los \u00f3xidos sueltos y contaminantes, esto producto aplica tambi\u00e9n una capa protectora en la nanoescala contra la corrosi\u00f3n fresco.\",\"breadcrumb\":{\"@id\":\"https:\/\/www.acerosmetal.com\/es\/product\/acero-inoxidable-mantenimiento-con-innocare-b580#breadcrumb\"},\"inLanguage\":\"es\",\"potentialAction\":[{\"@type\":\"ReadAction\",\"target\":[\"https:\/\/www.acerosmetal.com\/es\/product\/acero-inoxidable-mantenimiento-con-innocare-b580\"]}]},{\"@type\":\"ImageObject\",\"inLanguage\":\"es\",\"@id\":\"https:\/\/www.acerosmetal.com\/es\/product\/acero-inoxidable-mantenimiento-con-innocare-b580#primaryimage\",\"url\":\"https:\/\/www.acerosmetal.com\/wp-content\/uploads\/2017\/07\/INNOCARE-B580-nieuw.jpg\",\"contentUrl\":\"https:\/\/www.acerosmetal.com\/wp-content\/uploads\/2017\/07\/INNOCARE-B580-nieuw.jpg\",\"width\":900,\"height\":900},{\"@type\":\"BreadcrumbList\",\"@id\":\"https:\/\/www.acerosmetal.com\/es\/product\/acero-inoxidable-mantenimiento-con-innocare-b580#breadcrumb\",\"itemListElement\":[{\"@type\":\"ListItem\",\"position\":1,\"name\":\"Home\",\"item\":\"https:\/\/www.acerosmetal.com\/es\"},{\"@type\":\"ListItem\",\"position\":2,\"name\":\"Shop\",\"item\":\"https:\/\/www.acerosmetal.com\/shop\"},{\"@type\":\"ListItem\",\"position\":3,\"name\":\"Acero inoxidable mantenimiento con Innocare b580\"}]},{\"@type\":\"WebSite\",\"@id\":\"https:\/\/www.acerosmetal.com\/es#website\",\"url\":\"https:\/\/www.acerosmetal.com\/es\",\"name\":\"Aceros Metal Treatment\",\"description\":\"\",\"potentialAction\":[{\"@type\":\"SearchAction\",\"target\":{\"@type\":\"EntryPoint\",\"urlTemplate\":\"https:\/\/www.acerosmetal.com\/es?s={search_term_string}\"},\"query-input\":{\"@type\":\"PropertyValueSpecification\",\"valueRequired\":true,\"valueName\":\"search_term_string\"}}],\"inLanguage\":\"es\"}]}<\/script>\n<!-- \/ Yoast SEO plugin. -->","yoast_head_json":{"title":"Acero inoxidable mantenimiento con Innocare b580 - Aceros Metal Treatment","description":"Innocare B580 es un producto de limpieza neutro y suave y ideal para cuidar el acero inoxidable. Aparte de limpiar y eliminar los \u00f3xidos sueltos y contaminantes, esto producto aplica tambi\u00e9n una capa protectora en la nanoescala contra la corrosi\u00f3n fresco.","robots":{"index":"index","follow":"follow","max-snippet":"max-snippet:-1","max-image-preview":"max-image-preview:large","max-video-preview":"max-video-preview:-1"},"canonical":"https:\/\/www.acerosmetal.com\/es\/product\/acero-inoxidable-mantenimiento-con-innocare-b580","og_locale":"es_ES","og_type":"article","og_title":"Acero inoxidable mantenimiento con Innocare b580 - Aceros Metal Treatment","og_description":"Innocare B580 es un producto de limpieza neutro y suave y ideal para cuidar el acero inoxidable. Aparte de limpiar y eliminar los \u00f3xidos sueltos y contaminantes, esto producto aplica tambi\u00e9n una capa protectora en la nanoescala contra la corrosi\u00f3n fresco.","og_url":"https:\/\/www.acerosmetal.com\/es\/product\/acero-inoxidable-mantenimiento-con-innocare-b580","og_site_name":"Aceros Metal Treatment","article_modified_time":"2026-01-06T12:27:35+00:00","og_image":[{"width":900,"height":900,"url":"https:\/\/www.acerosmetal.com\/wp-content\/uploads\/2017\/07\/INNOCARE-B580-nieuw.jpg","type":"image\/jpeg"}],"twitter_card":"summary_large_image","twitter_misc":{"Tiempo de lectura":"2 minutos"},"schema":{"@context":"https:\/\/schema.org","@graph":[{"@type":"WebPage","@id":"https:\/\/www.acerosmetal.com\/es\/product\/acero-inoxidable-mantenimiento-con-innocare-b580","url":"https:\/\/www.acerosmetal.com\/es\/product\/acero-inoxidable-mantenimiento-con-innocare-b580","name":"Acero inoxidable mantenimiento con Innocare b580 - Aceros Metal Treatment","isPartOf":{"@id":"https:\/\/www.acerosmetal.com\/es#website"},"primaryImageOfPage":{"@id":"https:\/\/www.acerosmetal.com\/es\/product\/acero-inoxidable-mantenimiento-con-innocare-b580#primaryimage"},"image":{"@id":"https:\/\/www.acerosmetal.com\/es\/product\/acero-inoxidable-mantenimiento-con-innocare-b580#primaryimage"},"thumbnailUrl":"https:\/\/www.acerosmetal.com\/wp-content\/uploads\/2017\/07\/INNOCARE-B580-nieuw.jpg","datePublished":"2016-10-10T11:24:31+00:00","dateModified":"2026-01-06T12:27:35+00:00","description":"Innocare B580 es un producto de limpieza neutro y suave y ideal para cuidar el acero inoxidable. Aparte de limpiar y eliminar los \u00f3xidos sueltos y contaminantes, esto producto aplica tambi\u00e9n una capa protectora en la nanoescala contra la corrosi\u00f3n fresco.","breadcrumb":{"@id":"https:\/\/www.acerosmetal.com\/es\/product\/acero-inoxidable-mantenimiento-con-innocare-b580#breadcrumb"},"inLanguage":"es","potentialAction":[{"@type":"ReadAction","target":["https:\/\/www.acerosmetal.com\/es\/product\/acero-inoxidable-mantenimiento-con-innocare-b580"]}]},{"@type":"ImageObject","inLanguage":"es","@id":"https:\/\/www.acerosmetal.com\/es\/product\/acero-inoxidable-mantenimiento-con-innocare-b580#primaryimage","url":"https:\/\/www.acerosmetal.com\/wp-content\/uploads\/2017\/07\/INNOCARE-B580-nieuw.jpg","contentUrl":"https:\/\/www.acerosmetal.com\/wp-content\/uploads\/2017\/07\/INNOCARE-B580-nieuw.jpg","width":900,"height":900},{"@type":"BreadcrumbList","@id":"https:\/\/www.acerosmetal.com\/es\/product\/acero-inoxidable-mantenimiento-con-innocare-b580#breadcrumb","itemListElement":[{"@type":"ListItem","position":1,"name":"Home","item":"https:\/\/www.acerosmetal.com\/es"},{"@type":"ListItem","position":2,"name":"Shop","item":"https:\/\/www.acerosmetal.com\/shop"},{"@type":"ListItem","position":3,"name":"Acero inoxidable mantenimiento con Innocare b580"}]},{"@type":"WebSite","@id":"https:\/\/www.acerosmetal.com\/es#website","url":"https:\/\/www.acerosmetal.com\/es","name":"Aceros Metal Treatment","description":"","potentialAction":[{"@type":"SearchAction","target":{"@type":"EntryPoint","urlTemplate":"https:\/\/www.acerosmetal.com\/es?s={search_term_string}"},"query-input":{"@type":"PropertyValueSpecification","valueRequired":true,"valueName":"search_term_string"}}],"inLanguage":"es"}]}},"_links":{"self":[{"href":"https:\/\/www.acerosmetal.com\/es\/wp-json\/wp\/v2\/product\/2791","targetHints":{"allow":["GET"]}}],"collection":[{"href":"https:\/\/www.acerosmetal.com\/es\/wp-json\/wp\/v2\/product"}],"about":[{"href":"https:\/\/www.acerosmetal.com\/es\/wp-json\/wp\/v2\/types\/product"}],"replies":[{"embeddable":true,"href":"https:\/\/www.acerosmetal.com\/es\/wp-json\/wp\/v2\/comments?post=2791"}],"wp:featuredmedia":[{"embeddable":true,"href":"https:\/\/www.acerosmetal.com\/es\/wp-json\/wp\/v2\/media\/1617"}],"wp:attachment":[{"href":"https:\/\/www.acerosmetal.com\/es\/wp-json\/wp\/v2\/media?parent=2791"}],"wp:term":[{"taxonomy":"product_brand","embeddable":true,"href":"https:\/\/www.acerosmetal.com\/es\/wp-json\/wp\/v2\/product_brand?post=2791"},{"taxonomy":"product_cat","embeddable":true,"href":"https:\/\/www.acerosmetal.com\/es\/wp-json\/wp\/v2\/product_cat?post=2791"},{"taxonomy":"product_tag","embeddable":true,"href":"https:\/\/www.acerosmetal.com\/es\/wp-json\/wp\/v2\/product_tag?post=2791"}],"curies":[{"name":"wp","href":"https:\/\/api.w.org\/{rel}","templated":true}]}}