{"id":2770,"date":"2016-10-05T20:44:28","date_gmt":"2016-10-05T18:44:28","guid":{"rendered":"https:\/\/www.acerosmetal.com\/shop\/sincategorizar\/eliminar-el-oxido-con-innoshine-b570"},"modified":"2026-01-06T12:13:25","modified_gmt":"2026-01-06T11:13:25","slug":"eliminar-el-oxido-con-innoshine-b570","status":"publish","type":"product","link":"https:\/\/www.acerosmetal.com\/es\/product\/eliminar-el-oxido-con-innoshine-b570","title":{"rendered":"Innoshine B570 \u00ae"},"content":{"rendered":"<h1>Eliminar el \u00f3xido con Innoshine B570 \u00ae<\/h1>\n<p>Innoshine B570 \u00ae es un limpiador de profundidad que le permite eliminar los \u00f3xidos y la corrosi\u00f3n del acero inoxidable. Innoshine B570 \u00ae es un l\u00edquido blanco viscoso con una base de \u00e1cidos org\u00e1nicos y agentes activos de la superficie, libres de part\u00edculas abrasivas, con un pH de 3. Es conveniente para la limpieza intensiva de superficies contaminadas como herrumbre de superficie y otras partes oxidadas llamadas manchas de t\u00e9. Eliminaci\u00f3n de herrumbre nunca ha sido tan f\u00e1cil. El producto no es un mordiente y no afecta a la capa de \u00f3xido del metal. Innoshine B570 \u00ae es suave para el metal pero duro contra el \u00f3xido y la suciedad.<\/p>\n<p><iframe loading=\"lazy\" title=\"How to use Innoshine B570 and Innocare B580\" width=\"1020\" height=\"574\" src=\"https:\/\/www.youtube.com\/embed\/YqI3Y94Gy8c?feature=oembed\" frameborder=\"0\" allow=\"accelerometer; autoplay; clipboard-write; encrypted-media; gyroscope; picture-in-picture; web-share\" referrerpolicy=\"strict-origin-when-cross-origin\" allowfullscreen><\/iframe><\/p>\n<p>La caracter\u00edstica de Innoshine B570 \u00ae es que es org\u00e1nico y por lo tanto seguro para los humanos y el medio ambiente. Como resultado, Innoshine B570 \u00ae sirve tambi\u00e9n para limpiar maquinas que se utilizan en el sector de alimentos.<\/p>\n<p>Aunque desarrollado principalmente para quitar \u00f3xido de acero inoxidable, Innoshine B570 \u00ae tambi\u00e9n funciona en metales no ferrosos como cobre, aluminio y acero ordinario. En este \u00faltimo caso, no se usa Innocare B580 \u00ae. El corrosi\u00f3n blanquecina en aluminio se puede quitar efectivamente con Innoshine B570 \u00ae.<\/p>\n<p>Para obtener una idea sobre las capacidades del \u00fanico Innoshine B570 \u00ae, le invitamos a visitar el \u00e1lbum de fotos. Aqu\u00ed puede ver c\u00f3mo Innoshine B570 \u00ae elimina el \u00f3xido de las superficies que usted pens\u00f3 que nunca volver\u00eda a estar m\u00e1s limpia.<\/p>\n<h2>\u00bfPor qu\u00e9 \u00fanico?<\/h2>\n<p>Removedores de \u00f3xido y mordientes, por supuesto, hay suficientes en el mercado. Lo que lo hace tan \u00fanico Innoshine B570 \u00ae:<\/p>\n<ul>\n<li>En primer lugar el m\u00e1s importante; Innoshine B570 \u00ae funciona! \u00d3xido en superficies inoxidables desaparece sin problema.<\/li>\n<li>Innoshine B570 \u00ae no s\u00f3lo funciona en acero inoxidable, sino tambi\u00e9n en muchos otros metales no ferrosos como cobre, aluminio y acero ordinario.<\/li>\n<li>Innoshine B570 \u00ae es org\u00e1nico, seguro para los humanos y el medio ambiente, y por lo tanto puede ser utilizado en la industria alimentaria (Esto en contraste con los agentes habituales mordientes o removedores de \u00f3xido).<\/li>\n<li>No se ve afectada la piel de \u00f3xido del metal; Innoshine B570 \u00ae es duro contra la corrosi\u00f3n, pero suave para el metal.<\/li>\n<li>Innoshine B570 \u00ae puede, por tensioactivos que reducen la tensi\u00f3n superficial,\u00a0 entrar en los poros del acero inoxidable para realizar un &#8216;ataque bajo dep\u00f3sito&#8217;.<\/li>\n<li>En combinaci\u00f3n con Innocare B580 \u00ae se evita la corrosi\u00f3n en el futuro hasta el m\u00e1ximo.<\/li>\n<\/ul>\n","protected":false},"excerpt":{"rendered":"<ul>\n<li>\u00d3xido en superficies inoxidables desaparece sin problema.<\/li>\n<li>Tambi\u00e9n funciona en muchos otros metales no ferrosos como cobre, aluminio y acero ordinario.<\/li>\n<li>Innoshine B570 \u00ae es org\u00e1nico, seguro para los humanos y el medio ambiente<\/li>\n<li>No se ve afectada la piel de \u00f3xido del metal; Innoshine B570 \u00ae es duro contra la corrosi\u00f3n, pero suave para el metal.<\/li>\n<li>Se evita la corrosi\u00f3n en el futuro hasta el m\u00e1ximo.<\/li>\n<\/ul>\n","protected":false},"featured_media":1622,"comment_status":"open","ping_status":"closed","template":"","meta":[],"product_brand":[],"product_cat":[152],"product_tag":[],"class_list":{"0":"post-2770","1":"product","2":"type-product","3":"status-publish","4":"has-post-thumbnail","6":"product_cat-limpiadores-de-acero-inoxidable","8":"first","9":"instock","10":"taxable","11":"shipping-taxable","12":"purchasable","13":"product-type-variable"},"yoast_head":"<!-- This site is optimized with the Yoast SEO plugin v26.3 - https:\/\/yoast.com\/wordpress\/plugins\/seo\/ -->\n<title>Eliminar el \u00f3xido con Innoshine B570 \u00ae<\/title>\n<meta name=\"description\" content=\"Innoshine B570 \u00ae es un limpiador de profundidad que le permite eliminar los \u00f3xidos y la corrosi\u00f3n del acero inoxidable.\" \/>\n<meta name=\"robots\" content=\"index, follow, max-snippet:-1, max-image-preview:large, max-video-preview:-1\" \/>\n<link rel=\"canonical\" href=\"https:\/\/www.acerosmetal.com\/es\/product\/eliminar-el-oxido-con-innoshine-b570\" \/>\n<meta property=\"og:locale\" content=\"es_ES\" \/>\n<meta property=\"og:type\" content=\"article\" \/>\n<meta property=\"og:title\" content=\"Eliminar el \u00f3xido con Innoshine B570 \u00ae\" \/>\n<meta property=\"og:description\" content=\"Innoshine B570 \u00ae es un limpiador de profundidad que le permite eliminar los \u00f3xidos y la corrosi\u00f3n del acero inoxidable.\" \/>\n<meta property=\"og:url\" content=\"https:\/\/www.acerosmetal.com\/es\/product\/eliminar-el-oxido-con-innoshine-b570\" \/>\n<meta property=\"og:site_name\" content=\"Aceros Metal Treatment\" \/>\n<meta property=\"article:modified_time\" content=\"2026-01-06T11:13:25+00:00\" \/>\n<meta property=\"og:image\" content=\"https:\/\/www.acerosmetal.com\/wp-content\/uploads\/2017\/07\/innoshine-B570.jpg\" \/>\n\t<meta property=\"og:image:width\" content=\"900\" \/>\n\t<meta property=\"og:image:height\" content=\"900\" \/>\n\t<meta property=\"og:image:type\" content=\"image\/jpeg\" \/>\n<meta name=\"twitter:card\" content=\"summary_large_image\" \/>\n<meta name=\"twitter:label1\" content=\"Tiempo de lectura\" \/>\n\t<meta name=\"twitter:data1\" content=\"3 minutos\" \/>\n<script type=\"application\/ld+json\" class=\"yoast-schema-graph\">{\"@context\":\"https:\/\/schema.org\",\"@graph\":[{\"@type\":\"WebPage\",\"@id\":\"https:\/\/www.acerosmetal.com\/es\/product\/eliminar-el-oxido-con-innoshine-b570\",\"url\":\"https:\/\/www.acerosmetal.com\/es\/product\/eliminar-el-oxido-con-innoshine-b570\",\"name\":\"Eliminar el \u00f3xido con Innoshine B570 \u00ae\",\"isPartOf\":{\"@id\":\"https:\/\/www.acerosmetal.com\/es#website\"},\"primaryImageOfPage\":{\"@id\":\"https:\/\/www.acerosmetal.com\/es\/product\/eliminar-el-oxido-con-innoshine-b570#primaryimage\"},\"image\":{\"@id\":\"https:\/\/www.acerosmetal.com\/es\/product\/eliminar-el-oxido-con-innoshine-b570#primaryimage\"},\"thumbnailUrl\":\"https:\/\/www.acerosmetal.com\/wp-content\/uploads\/2017\/07\/innoshine-B570.jpg\",\"datePublished\":\"2016-10-05T18:44:28+00:00\",\"dateModified\":\"2026-01-06T11:13:25+00:00\",\"description\":\"Innoshine B570 \u00ae es un limpiador de profundidad que le permite eliminar los \u00f3xidos y la corrosi\u00f3n del acero inoxidable.\",\"breadcrumb\":{\"@id\":\"https:\/\/www.acerosmetal.com\/es\/product\/eliminar-el-oxido-con-innoshine-b570#breadcrumb\"},\"inLanguage\":\"es\",\"potentialAction\":[{\"@type\":\"ReadAction\",\"target\":[\"https:\/\/www.acerosmetal.com\/es\/product\/eliminar-el-oxido-con-innoshine-b570\"]}]},{\"@type\":\"ImageObject\",\"inLanguage\":\"es\",\"@id\":\"https:\/\/www.acerosmetal.com\/es\/product\/eliminar-el-oxido-con-innoshine-b570#primaryimage\",\"url\":\"https:\/\/www.acerosmetal.com\/wp-content\/uploads\/2017\/07\/innoshine-B570.jpg\",\"contentUrl\":\"https:\/\/www.acerosmetal.com\/wp-content\/uploads\/2017\/07\/innoshine-B570.jpg\",\"width\":900,\"height\":900},{\"@type\":\"BreadcrumbList\",\"@id\":\"https:\/\/www.acerosmetal.com\/es\/product\/eliminar-el-oxido-con-innoshine-b570#breadcrumb\",\"itemListElement\":[{\"@type\":\"ListItem\",\"position\":1,\"name\":\"Home\",\"item\":\"https:\/\/www.acerosmetal.com\/es\"},{\"@type\":\"ListItem\",\"position\":2,\"name\":\"Shop\",\"item\":\"https:\/\/www.acerosmetal.com\/shop\"},{\"@type\":\"ListItem\",\"position\":3,\"name\":\"Innoshine B570 \u00ae\"}]},{\"@type\":\"WebSite\",\"@id\":\"https:\/\/www.acerosmetal.com\/es#website\",\"url\":\"https:\/\/www.acerosmetal.com\/es\",\"name\":\"Aceros Metal Treatment\",\"description\":\"\",\"potentialAction\":[{\"@type\":\"SearchAction\",\"target\":{\"@type\":\"EntryPoint\",\"urlTemplate\":\"https:\/\/www.acerosmetal.com\/es?s={search_term_string}\"},\"query-input\":{\"@type\":\"PropertyValueSpecification\",\"valueRequired\":true,\"valueName\":\"search_term_string\"}}],\"inLanguage\":\"es\"}]}<\/script>\n<!-- \/ Yoast SEO plugin. -->","yoast_head_json":{"title":"Eliminar el \u00f3xido con Innoshine B570 \u00ae","description":"Innoshine B570 \u00ae es un limpiador de profundidad que le permite eliminar los \u00f3xidos y la corrosi\u00f3n del acero inoxidable.","robots":{"index":"index","follow":"follow","max-snippet":"max-snippet:-1","max-image-preview":"max-image-preview:large","max-video-preview":"max-video-preview:-1"},"canonical":"https:\/\/www.acerosmetal.com\/es\/product\/eliminar-el-oxido-con-innoshine-b570","og_locale":"es_ES","og_type":"article","og_title":"Eliminar el \u00f3xido con Innoshine B570 \u00ae","og_description":"Innoshine B570 \u00ae es un limpiador de profundidad que le permite eliminar los \u00f3xidos y la corrosi\u00f3n del acero inoxidable.","og_url":"https:\/\/www.acerosmetal.com\/es\/product\/eliminar-el-oxido-con-innoshine-b570","og_site_name":"Aceros Metal Treatment","article_modified_time":"2026-01-06T11:13:25+00:00","og_image":[{"width":900,"height":900,"url":"https:\/\/www.acerosmetal.com\/wp-content\/uploads\/2017\/07\/innoshine-B570.jpg","type":"image\/jpeg"}],"twitter_card":"summary_large_image","twitter_misc":{"Tiempo de lectura":"3 minutos"},"schema":{"@context":"https:\/\/schema.org","@graph":[{"@type":"WebPage","@id":"https:\/\/www.acerosmetal.com\/es\/product\/eliminar-el-oxido-con-innoshine-b570","url":"https:\/\/www.acerosmetal.com\/es\/product\/eliminar-el-oxido-con-innoshine-b570","name":"Eliminar el \u00f3xido con Innoshine B570 \u00ae","isPartOf":{"@id":"https:\/\/www.acerosmetal.com\/es#website"},"primaryImageOfPage":{"@id":"https:\/\/www.acerosmetal.com\/es\/product\/eliminar-el-oxido-con-innoshine-b570#primaryimage"},"image":{"@id":"https:\/\/www.acerosmetal.com\/es\/product\/eliminar-el-oxido-con-innoshine-b570#primaryimage"},"thumbnailUrl":"https:\/\/www.acerosmetal.com\/wp-content\/uploads\/2017\/07\/innoshine-B570.jpg","datePublished":"2016-10-05T18:44:28+00:00","dateModified":"2026-01-06T11:13:25+00:00","description":"Innoshine B570 \u00ae es un limpiador de profundidad que le permite eliminar los \u00f3xidos y la corrosi\u00f3n del acero inoxidable.","breadcrumb":{"@id":"https:\/\/www.acerosmetal.com\/es\/product\/eliminar-el-oxido-con-innoshine-b570#breadcrumb"},"inLanguage":"es","potentialAction":[{"@type":"ReadAction","target":["https:\/\/www.acerosmetal.com\/es\/product\/eliminar-el-oxido-con-innoshine-b570"]}]},{"@type":"ImageObject","inLanguage":"es","@id":"https:\/\/www.acerosmetal.com\/es\/product\/eliminar-el-oxido-con-innoshine-b570#primaryimage","url":"https:\/\/www.acerosmetal.com\/wp-content\/uploads\/2017\/07\/innoshine-B570.jpg","contentUrl":"https:\/\/www.acerosmetal.com\/wp-content\/uploads\/2017\/07\/innoshine-B570.jpg","width":900,"height":900},{"@type":"BreadcrumbList","@id":"https:\/\/www.acerosmetal.com\/es\/product\/eliminar-el-oxido-con-innoshine-b570#breadcrumb","itemListElement":[{"@type":"ListItem","position":1,"name":"Home","item":"https:\/\/www.acerosmetal.com\/es"},{"@type":"ListItem","position":2,"name":"Shop","item":"https:\/\/www.acerosmetal.com\/shop"},{"@type":"ListItem","position":3,"name":"Innoshine B570 \u00ae"}]},{"@type":"WebSite","@id":"https:\/\/www.acerosmetal.com\/es#website","url":"https:\/\/www.acerosmetal.com\/es","name":"Aceros Metal Treatment","description":"","potentialAction":[{"@type":"SearchAction","target":{"@type":"EntryPoint","urlTemplate":"https:\/\/www.acerosmetal.com\/es?s={search_term_string}"},"query-input":{"@type":"PropertyValueSpecification","valueRequired":true,"valueName":"search_term_string"}}],"inLanguage":"es"}]}},"_links":{"self":[{"href":"https:\/\/www.acerosmetal.com\/es\/wp-json\/wp\/v2\/product\/2770","targetHints":{"allow":["GET"]}}],"collection":[{"href":"https:\/\/www.acerosmetal.com\/es\/wp-json\/wp\/v2\/product"}],"about":[{"href":"https:\/\/www.acerosmetal.com\/es\/wp-json\/wp\/v2\/types\/product"}],"replies":[{"embeddable":true,"href":"https:\/\/www.acerosmetal.com\/es\/wp-json\/wp\/v2\/comments?post=2770"}],"wp:featuredmedia":[{"embeddable":true,"href":"https:\/\/www.acerosmetal.com\/es\/wp-json\/wp\/v2\/media\/1622"}],"wp:attachment":[{"href":"https:\/\/www.acerosmetal.com\/es\/wp-json\/wp\/v2\/media?parent=2770"}],"wp:term":[{"taxonomy":"product_brand","embeddable":true,"href":"https:\/\/www.acerosmetal.com\/es\/wp-json\/wp\/v2\/product_brand?post=2770"},{"taxonomy":"product_cat","embeddable":true,"href":"https:\/\/www.acerosmetal.com\/es\/wp-json\/wp\/v2\/product_cat?post=2770"},{"taxonomy":"product_tag","embeddable":true,"href":"https:\/\/www.acerosmetal.com\/es\/wp-json\/wp\/v2\/product_tag?post=2770"}],"curies":[{"name":"wp","href":"https:\/\/api.w.org\/{rel}","templated":true}]}}