{"id":2581,"date":"2019-03-07T21:49:56","date_gmt":"2019-03-07T20:49:56","guid":{"rendered":"https:\/\/www.acerosmetal.com\/ramas\/maritime"},"modified":"2019-03-15T16:15:09","modified_gmt":"2019-03-15T15:15:09","slug":"maritimo","status":"publish","type":"page","link":"https:\/\/www.acerosmetal.com\/es\/ramas\/maritimo","title":{"rendered":"Mar\u00edtimo"},"content":{"rendered":"\n\t<section class=\"section\" id=\"section_1068935242\">\n\t\t<div class=\"section-bg fill\" >\n\t\t\t\t\t\t\t\t\t\n\t\t\t\n\n\t\t<\/div>\n\n\t\t\n\n\t\t<div class=\"section-content relative\">\n\t\t\t\n<h1 class=\"uppercase\">Mar\u00edtimo<\/h1>\n<p>Los productos de <a href=\"\/\">Aceros Metal Treatment<\/a> son ampliamente utilizados en la industria mar\u00edtima. A continuaci\u00f3n se encuentra un resumen de como se aplican nuestros productos. Mantenimiento y limpieza del acero inoxidable y otros metales no ferrosos ahorra costo para la industria mar\u00edtima. Adem\u00e1s, su barco o nave siempre se ve bien.<\/p>\n<h3>Innoshine B570 y Innocare B580<\/h3>\n<p><a href=\"\/shop\/limpiadores-de-acero-inoxidable\/eliminar-el-oxido-con-innoshine-b570\">Innoshine B570<\/a>\u00a0es un limpiador de profundidad que elimina el \u00f3xido, y\u00a0<a href=\"\/shop\/limpiadores-de-acero-inoxidable\/acero-inoxidable-mantenimiento-con-innocare-b580\">Innocare B580<\/a>\u00a0es un limpiador neutro y suave que tambi\u00e9n deja una capa protectora en la nanoescala. En nuestra p\u00e1gina de productos se encuentra informaci\u00f3n detallada sobre ambos productos.<\/p>\n<h4>Quitar el \u00f3xido y las manchas de \u00f3xido<\/h4>\n<p>En el sector mar\u00edtimo es un problema com\u00fan; la corrosi\u00f3n (\u00f3xido) y otros dep\u00f3sitos en el acero inoxidable y otros metales no ferrosos. Si quiere tratar el \u00f3xido a la barandilla, el casco, la cubierta o la construcci\u00f3n, Aceros Metal Treatment ofrece la soluci\u00f3n.<\/p>\n<h3>Asesoramiento y limpieza<\/h3>\n<p>Aceros Metal Treatment trabaja con especialistas de metal. Como resultado, somos perfectamente capaces de comprobar si hay corrosi\u00f3n y otros da\u00f1os en barcos y naves y sus instalaciones. Despu\u00e9s de la investigaci\u00f3n se dar\u00e1\u00a0asesoramiento\u00a0sobre como tratar estos problemas.<\/p>\n<p>Porque la limpieza y el mantenimiento de metales no ferrosos como el acero inoxidable es trabajo de especialistas. Con nuestro propio\u00a0servicio de limpieza, aseguramos que el metal\u00a0 r\u00e1pidamente se vea como nuevo.<\/p>\n\t\t<\/div>\n\n\t\t\n<style>\n#section_1068935242 {\n  padding-top: 30px;\n  padding-bottom: 30px;\n  background-color: rgb(248, 248, 248);\n}\n<\/style>\n\t<\/section>\n\t\n","protected":false},"excerpt":{"rendered":"","protected":false},"author":3,"featured_media":0,"parent":2511,"menu_order":0,"comment_status":"closed","ping_status":"closed","template":"","meta":{"footnotes":""},"class_list":["post-2581","page","type-page","status-publish","hentry"],"yoast_head":"<!-- This site is optimized with the Yoast SEO plugin v26.3 - https:\/\/yoast.com\/wordpress\/plugins\/seo\/ -->\n<title>Mar\u00edtimo - Aceros Metal Treatment<\/title>\n<meta name=\"robots\" content=\"index, follow, max-snippet:-1, max-image-preview:large, max-video-preview:-1\" \/>\n<link rel=\"canonical\" href=\"https:\/\/www.acerosmetal.com\/es\/ramas\/maritimo\" \/>\n<meta property=\"og:locale\" content=\"es_ES\" \/>\n<meta property=\"og:type\" content=\"article\" \/>\n<meta property=\"og:title\" content=\"Mar\u00edtimo - Aceros Metal Treatment\" \/>\n<meta property=\"og:url\" content=\"https:\/\/www.acerosmetal.com\/es\/ramas\/maritimo\" \/>\n<meta property=\"og:site_name\" content=\"Aceros Metal Treatment\" \/>\n<meta property=\"article:modified_time\" content=\"2019-03-15T15:15:09+00:00\" \/>\n<meta name=\"twitter:card\" content=\"summary_large_image\" \/>\n<meta name=\"twitter:label1\" content=\"Tiempo de lectura\" \/>\n\t<meta name=\"twitter:data1\" content=\"1 minuto\" \/>\n<script type=\"application\/ld+json\" class=\"yoast-schema-graph\">{\"@context\":\"https:\/\/schema.org\",\"@graph\":[{\"@type\":\"WebPage\",\"@id\":\"https:\/\/www.acerosmetal.com\/es\/ramas\/maritimo\",\"url\":\"https:\/\/www.acerosmetal.com\/es\/ramas\/maritimo\",\"name\":\"Mar\u00edtimo - Aceros Metal Treatment\",\"isPartOf\":{\"@id\":\"https:\/\/www.acerosmetal.com\/es#website\"},\"datePublished\":\"2019-03-07T20:49:56+00:00\",\"dateModified\":\"2019-03-15T15:15:09+00:00\",\"breadcrumb\":{\"@id\":\"https:\/\/www.acerosmetal.com\/es\/ramas\/maritimo#breadcrumb\"},\"inLanguage\":\"es\",\"potentialAction\":[{\"@type\":\"ReadAction\",\"target\":[\"https:\/\/www.acerosmetal.com\/es\/ramas\/maritimo\"]}]},{\"@type\":\"BreadcrumbList\",\"@id\":\"https:\/\/www.acerosmetal.com\/es\/ramas\/maritimo#breadcrumb\",\"itemListElement\":[{\"@type\":\"ListItem\",\"position\":1,\"name\":\"Home\",\"item\":\"https:\/\/www.acerosmetal.com\/es\"},{\"@type\":\"ListItem\",\"position\":2,\"name\":\"Ramas\",\"item\":\"https:\/\/www.acerosmetal.com\/es\/ramas\"},{\"@type\":\"ListItem\",\"position\":3,\"name\":\"Mar\u00edtimo\"}]},{\"@type\":\"WebSite\",\"@id\":\"https:\/\/www.acerosmetal.com\/es#website\",\"url\":\"https:\/\/www.acerosmetal.com\/es\",\"name\":\"Aceros Metal Treatment\",\"description\":\"\",\"potentialAction\":[{\"@type\":\"SearchAction\",\"target\":{\"@type\":\"EntryPoint\",\"urlTemplate\":\"https:\/\/www.acerosmetal.com\/es?s={search_term_string}\"},\"query-input\":{\"@type\":\"PropertyValueSpecification\",\"valueRequired\":true,\"valueName\":\"search_term_string\"}}],\"inLanguage\":\"es\"}]}<\/script>\n<!-- \/ Yoast SEO plugin. -->","yoast_head_json":{"title":"Mar\u00edtimo - Aceros Metal Treatment","robots":{"index":"index","follow":"follow","max-snippet":"max-snippet:-1","max-image-preview":"max-image-preview:large","max-video-preview":"max-video-preview:-1"},"canonical":"https:\/\/www.acerosmetal.com\/es\/ramas\/maritimo","og_locale":"es_ES","og_type":"article","og_title":"Mar\u00edtimo - Aceros Metal Treatment","og_url":"https:\/\/www.acerosmetal.com\/es\/ramas\/maritimo","og_site_name":"Aceros Metal Treatment","article_modified_time":"2019-03-15T15:15:09+00:00","twitter_card":"summary_large_image","twitter_misc":{"Tiempo de lectura":"1 minuto"},"schema":{"@context":"https:\/\/schema.org","@graph":[{"@type":"WebPage","@id":"https:\/\/www.acerosmetal.com\/es\/ramas\/maritimo","url":"https:\/\/www.acerosmetal.com\/es\/ramas\/maritimo","name":"Mar\u00edtimo - Aceros Metal Treatment","isPartOf":{"@id":"https:\/\/www.acerosmetal.com\/es#website"},"datePublished":"2019-03-07T20:49:56+00:00","dateModified":"2019-03-15T15:15:09+00:00","breadcrumb":{"@id":"https:\/\/www.acerosmetal.com\/es\/ramas\/maritimo#breadcrumb"},"inLanguage":"es","potentialAction":[{"@type":"ReadAction","target":["https:\/\/www.acerosmetal.com\/es\/ramas\/maritimo"]}]},{"@type":"BreadcrumbList","@id":"https:\/\/www.acerosmetal.com\/es\/ramas\/maritimo#breadcrumb","itemListElement":[{"@type":"ListItem","position":1,"name":"Home","item":"https:\/\/www.acerosmetal.com\/es"},{"@type":"ListItem","position":2,"name":"Ramas","item":"https:\/\/www.acerosmetal.com\/es\/ramas"},{"@type":"ListItem","position":3,"name":"Mar\u00edtimo"}]},{"@type":"WebSite","@id":"https:\/\/www.acerosmetal.com\/es#website","url":"https:\/\/www.acerosmetal.com\/es","name":"Aceros Metal Treatment","description":"","potentialAction":[{"@type":"SearchAction","target":{"@type":"EntryPoint","urlTemplate":"https:\/\/www.acerosmetal.com\/es?s={search_term_string}"},"query-input":{"@type":"PropertyValueSpecification","valueRequired":true,"valueName":"search_term_string"}}],"inLanguage":"es"}]}},"_links":{"self":[{"href":"https:\/\/www.acerosmetal.com\/es\/wp-json\/wp\/v2\/pages\/2581","targetHints":{"allow":["GET"]}}],"collection":[{"href":"https:\/\/www.acerosmetal.com\/es\/wp-json\/wp\/v2\/pages"}],"about":[{"href":"https:\/\/www.acerosmetal.com\/es\/wp-json\/wp\/v2\/types\/page"}],"author":[{"embeddable":true,"href":"https:\/\/www.acerosmetal.com\/es\/wp-json\/wp\/v2\/users\/3"}],"replies":[{"embeddable":true,"href":"https:\/\/www.acerosmetal.com\/es\/wp-json\/wp\/v2\/comments?post=2581"}],"version-history":[{"count":5,"href":"https:\/\/www.acerosmetal.com\/es\/wp-json\/wp\/v2\/pages\/2581\/revisions"}],"predecessor-version":[{"id":3312,"href":"https:\/\/www.acerosmetal.com\/es\/wp-json\/wp\/v2\/pages\/2581\/revisions\/3312"}],"up":[{"embeddable":true,"href":"https:\/\/www.acerosmetal.com\/es\/wp-json\/wp\/v2\/pages\/2511"}],"wp:attachment":[{"href":"https:\/\/www.acerosmetal.com\/es\/wp-json\/wp\/v2\/media?parent=2581"}],"curies":[{"name":"wp","href":"https:\/\/api.w.org\/{rel}","templated":true}]}}