{"id":2573,"date":"2019-03-07T21:44:41","date_gmt":"2019-03-07T20:44:41","guid":{"rendered":"https:\/\/www.acerosmetal.com\/ramas\/bicycle-mechanics"},"modified":"2019-03-15T16:14:35","modified_gmt":"2019-03-15T15:14:35","slug":"fabricantes-de-bicicletas","status":"publish","type":"page","link":"https:\/\/www.acerosmetal.com\/es\/ramas\/fabricantes-de-bicicletas","title":{"rendered":"Fabricantes de bicicletas"},"content":{"rendered":"\n\t<section class=\"section\" id=\"section_1609420535\">\n\t\t<div class=\"section-bg fill\" >\n\t\t\t\t\t\t\t\t\t\n\t\t\t\n\n\t\t<\/div>\n\n\t\t\n\n\t\t<div class=\"section-content relative\">\n\t\t\t\n<h1 class=\"uppercase\">Fabricantes de bicicletas<\/h1>\n<p>Los productos de <a href=\"\/\">Aceros Metal Treatment<\/a> se utilizan a menudo los fabricantes de bicicletas. A continuaci\u00f3n se encuentra un resumen de c\u00f3mo se aplican nuestros productos.<\/p>\n<h2>Innoshine B570 y Innocare B580<\/h2>\n<p><a href=\"\/shop\/limpiadores-de-acero-inoxidable\/eliminar-el-oxido-con-innoshine-b570\">Innoshine B570<\/a>\u00a0es un limpiador de profundidad que elimina el \u00f3xido, y\u00a0<a href=\"\/shop\/limpiadores-de-acero-inoxidable\/acero-inoxidable-mantenimiento-con-innocare-b580\">Innocare B580<\/a>\u00a0es un limpiador neutro y suave que tambi\u00e9n deja una capa protectora en la nanoescala. En nuestra p\u00e1gina de productos se encuentra informaci\u00f3n detallada sobre ambos productos.<\/p>\n<h2>Extracci\u00f3n el \u00f3xido en la superficie de la bicicleta<\/h2>\n<p>Innoshine B570 es perfecta para quitar el \u00f3xido (en la superficie) y otros dep\u00f3sitos de la bicicleta. Este potente limpiador de profundidad asegura que su bicicleta se vea perfecta. Le aconsejamos de tratar la bicicleta despu\u00e9s con Innocare B580, que elimina efectivamente los \u00faltimos residuos y aplica una capa protectora en la nanoescala.<br \/>\n\t\t<\/div>\n\n\t\t\n<style>\n#section_1609420535 {\n  padding-top: 30px;\n  padding-bottom: 30px;\n  background-color: rgb(248, 248, 248);\n}\n<\/style>\n\t<\/section>\n\t\n","protected":false},"excerpt":{"rendered":"","protected":false},"author":3,"featured_media":0,"parent":2511,"menu_order":0,"comment_status":"closed","ping_status":"closed","template":"","meta":{"footnotes":""},"class_list":["post-2573","page","type-page","status-publish","hentry"],"yoast_head":"<!-- This site is optimized with the Yoast SEO plugin v26.3 - https:\/\/yoast.com\/wordpress\/plugins\/seo\/ -->\n<title>Fabricantes de bicicletas - Aceros Metal Treatment<\/title>\n<meta name=\"robots\" content=\"index, follow, max-snippet:-1, max-image-preview:large, max-video-preview:-1\" \/>\n<link rel=\"canonical\" href=\"https:\/\/www.acerosmetal.com\/es\/ramas\/fabricantes-de-bicicletas\" \/>\n<meta property=\"og:locale\" content=\"es_ES\" \/>\n<meta property=\"og:type\" content=\"article\" \/>\n<meta property=\"og:title\" content=\"Fabricantes de bicicletas - Aceros Metal Treatment\" \/>\n<meta property=\"og:url\" content=\"https:\/\/www.acerosmetal.com\/es\/ramas\/fabricantes-de-bicicletas\" \/>\n<meta property=\"og:site_name\" content=\"Aceros Metal Treatment\" \/>\n<meta property=\"article:modified_time\" content=\"2019-03-15T15:14:35+00:00\" \/>\n<meta name=\"twitter:card\" content=\"summary_large_image\" \/>\n<meta name=\"twitter:label1\" content=\"Tiempo de lectura\" \/>\n\t<meta name=\"twitter:data1\" content=\"1 minuto\" \/>\n<script type=\"application\/ld+json\" class=\"yoast-schema-graph\">{\"@context\":\"https:\/\/schema.org\",\"@graph\":[{\"@type\":\"WebPage\",\"@id\":\"https:\/\/www.acerosmetal.com\/es\/ramas\/fabricantes-de-bicicletas\",\"url\":\"https:\/\/www.acerosmetal.com\/es\/ramas\/fabricantes-de-bicicletas\",\"name\":\"Fabricantes de bicicletas - Aceros Metal Treatment\",\"isPartOf\":{\"@id\":\"https:\/\/www.acerosmetal.com\/es#website\"},\"datePublished\":\"2019-03-07T20:44:41+00:00\",\"dateModified\":\"2019-03-15T15:14:35+00:00\",\"breadcrumb\":{\"@id\":\"https:\/\/www.acerosmetal.com\/es\/ramas\/fabricantes-de-bicicletas#breadcrumb\"},\"inLanguage\":\"es\",\"potentialAction\":[{\"@type\":\"ReadAction\",\"target\":[\"https:\/\/www.acerosmetal.com\/es\/ramas\/fabricantes-de-bicicletas\"]}]},{\"@type\":\"BreadcrumbList\",\"@id\":\"https:\/\/www.acerosmetal.com\/es\/ramas\/fabricantes-de-bicicletas#breadcrumb\",\"itemListElement\":[{\"@type\":\"ListItem\",\"position\":1,\"name\":\"Home\",\"item\":\"https:\/\/www.acerosmetal.com\/es\"},{\"@type\":\"ListItem\",\"position\":2,\"name\":\"Ramas\",\"item\":\"https:\/\/www.acerosmetal.com\/es\/ramas\"},{\"@type\":\"ListItem\",\"position\":3,\"name\":\"Fabricantes de bicicletas\"}]},{\"@type\":\"WebSite\",\"@id\":\"https:\/\/www.acerosmetal.com\/es#website\",\"url\":\"https:\/\/www.acerosmetal.com\/es\",\"name\":\"Aceros Metal Treatment\",\"description\":\"\",\"potentialAction\":[{\"@type\":\"SearchAction\",\"target\":{\"@type\":\"EntryPoint\",\"urlTemplate\":\"https:\/\/www.acerosmetal.com\/es?s={search_term_string}\"},\"query-input\":{\"@type\":\"PropertyValueSpecification\",\"valueRequired\":true,\"valueName\":\"search_term_string\"}}],\"inLanguage\":\"es\"}]}<\/script>\n<!-- \/ Yoast SEO plugin. -->","yoast_head_json":{"title":"Fabricantes de bicicletas - Aceros Metal Treatment","robots":{"index":"index","follow":"follow","max-snippet":"max-snippet:-1","max-image-preview":"max-image-preview:large","max-video-preview":"max-video-preview:-1"},"canonical":"https:\/\/www.acerosmetal.com\/es\/ramas\/fabricantes-de-bicicletas","og_locale":"es_ES","og_type":"article","og_title":"Fabricantes de bicicletas - Aceros Metal Treatment","og_url":"https:\/\/www.acerosmetal.com\/es\/ramas\/fabricantes-de-bicicletas","og_site_name":"Aceros Metal Treatment","article_modified_time":"2019-03-15T15:14:35+00:00","twitter_card":"summary_large_image","twitter_misc":{"Tiempo de lectura":"1 minuto"},"schema":{"@context":"https:\/\/schema.org","@graph":[{"@type":"WebPage","@id":"https:\/\/www.acerosmetal.com\/es\/ramas\/fabricantes-de-bicicletas","url":"https:\/\/www.acerosmetal.com\/es\/ramas\/fabricantes-de-bicicletas","name":"Fabricantes de bicicletas - Aceros Metal Treatment","isPartOf":{"@id":"https:\/\/www.acerosmetal.com\/es#website"},"datePublished":"2019-03-07T20:44:41+00:00","dateModified":"2019-03-15T15:14:35+00:00","breadcrumb":{"@id":"https:\/\/www.acerosmetal.com\/es\/ramas\/fabricantes-de-bicicletas#breadcrumb"},"inLanguage":"es","potentialAction":[{"@type":"ReadAction","target":["https:\/\/www.acerosmetal.com\/es\/ramas\/fabricantes-de-bicicletas"]}]},{"@type":"BreadcrumbList","@id":"https:\/\/www.acerosmetal.com\/es\/ramas\/fabricantes-de-bicicletas#breadcrumb","itemListElement":[{"@type":"ListItem","position":1,"name":"Home","item":"https:\/\/www.acerosmetal.com\/es"},{"@type":"ListItem","position":2,"name":"Ramas","item":"https:\/\/www.acerosmetal.com\/es\/ramas"},{"@type":"ListItem","position":3,"name":"Fabricantes de bicicletas"}]},{"@type":"WebSite","@id":"https:\/\/www.acerosmetal.com\/es#website","url":"https:\/\/www.acerosmetal.com\/es","name":"Aceros Metal Treatment","description":"","potentialAction":[{"@type":"SearchAction","target":{"@type":"EntryPoint","urlTemplate":"https:\/\/www.acerosmetal.com\/es?s={search_term_string}"},"query-input":{"@type":"PropertyValueSpecification","valueRequired":true,"valueName":"search_term_string"}}],"inLanguage":"es"}]}},"_links":{"self":[{"href":"https:\/\/www.acerosmetal.com\/es\/wp-json\/wp\/v2\/pages\/2573","targetHints":{"allow":["GET"]}}],"collection":[{"href":"https:\/\/www.acerosmetal.com\/es\/wp-json\/wp\/v2\/pages"}],"about":[{"href":"https:\/\/www.acerosmetal.com\/es\/wp-json\/wp\/v2\/types\/page"}],"author":[{"embeddable":true,"href":"https:\/\/www.acerosmetal.com\/es\/wp-json\/wp\/v2\/users\/3"}],"replies":[{"embeddable":true,"href":"https:\/\/www.acerosmetal.com\/es\/wp-json\/wp\/v2\/comments?post=2573"}],"version-history":[{"count":3,"href":"https:\/\/www.acerosmetal.com\/es\/wp-json\/wp\/v2\/pages\/2573\/revisions"}],"predecessor-version":[{"id":3311,"href":"https:\/\/www.acerosmetal.com\/es\/wp-json\/wp\/v2\/pages\/2573\/revisions\/3311"}],"up":[{"embeddable":true,"href":"https:\/\/www.acerosmetal.com\/es\/wp-json\/wp\/v2\/pages\/2511"}],"wp:attachment":[{"href":"https:\/\/www.acerosmetal.com\/es\/wp-json\/wp\/v2\/media?parent=2573"}],"curies":[{"name":"wp","href":"https:\/\/api.w.org\/{rel}","templated":true}]}}