{"id":2569,"date":"2019-03-07T21:42:29","date_gmt":"2019-03-07T20:42:29","guid":{"rendered":"https:\/\/www.acerosmetal.com\/ramas\/consumers"},"modified":"2019-03-15T16:14:02","modified_gmt":"2019-03-15T15:14:02","slug":"los-consumidores","status":"publish","type":"page","link":"https:\/\/www.acerosmetal.com\/es\/ramas\/los-consumidores","title":{"rendered":"Los consumidores"},"content":{"rendered":"\n\t<section class=\"section\" id=\"section_1878196040\">\n\t\t<div class=\"section-bg fill\" >\n\t\t\t\t\t\t\t\t\t\n\t\t\t\n\n\t\t<\/div>\n\n\t\t\n\n\t\t<div class=\"section-content relative\">\n\t\t\t\n<h1 class=\"uppercase\">Los consumidores<\/h1>\n<p>Los productos de <a href=\"\/\">Aceros Metal Treatment<\/a> son ampliamente utilizados por los consumidores. A continuaci\u00f3n se muestra de c\u00f3mo nuestros productos se aplican.<\/p>\n<h2>Innoshine B570 en Innocare B580<\/h2>\n<p><a href=\"\/shop\/limpiadores-de-acero-inoxidable\/eliminar-el-oxido-con-innoshine-b570\">Innoshine B570<\/a>\u00a0es un limpiador de profundidad que elimina el \u00f3xido, y\u00a0Innocare B580\u00a0es un limpiador neutro y suave que tambi\u00e9n deja una capa protectora en la nanoescala. En nuestra p\u00e1gina de productos se encuentra informaci\u00f3n detallada sobre ambos productos.<\/p>\n<h2>Extracci\u00f3n de \u00f3xido de muebles de exterior<\/h2>\n<p>Innoshine B570\u00a0es ideal para eliminar el herrumbre y otros dep\u00f3sitos de sus muebles exterior de acero inoxidable. Este potente limpiador de profundidad asegura que sus muebles de acero inoxidable brille otra vez.<\/p>\n<p>Le aconsejamos de tratar sus muebles con\u00a0Innocare B580\u00a0despu\u00e9s. As\u00ed usted elimina los \u00faltimos residuos y aplica efectivamente una capa protectora en la nanoescala.<\/p>\n<h2>Quitar el \u00f3xido y las manchas de \u00f3xido<\/h2>\n<p>Todo el mundo conoce el problema; el \u00f3xido y las manchas de \u00f3xido en acero inoxidable y otros metales no ferrosos. Excepto que se ve feo, herrumbre tambi\u00e9n trae riesgos. Si no se trata el \u00f3xido, el riesgo de perforaci\u00f3n aumenta, provocando fugas y otros problemas. La corrosi\u00f3n debe ser atendida r\u00e1pidamente. Esto se puede realizar de manera eficaz mediante el uso de Innoshine B570 y la limpieza superficial despu\u00e9s con Innocare B580. Innospray B600 se seca r\u00e1pidamente y sin rayas y asegura que su acero inoxidable siempre se ve perfecto. En nuestra p\u00e1gina del producto se encuentra amplia informaci\u00f3n.<\/p>\n<h3>Innospray B600<\/h3>\n<p><a href=\"\/shop\/limpiadores-de-acero-inoxidable\/innospray-b600\">Innospray B600<\/a>\u00a0es un limpiador listo para el uso. Es muy adecuado para la eliminaci\u00f3n de manchas y huellas dactilares. Innospray B600 seca r\u00e1pidamente sin rayas, por lo cual es perfecto para eliminar huellas dactilares en las puertas del coche. Innospray B600 se utiliza durante las ferias y salas de exposici\u00f3n, donde los coches siempre deben ser presentados perfectamente.<\/p>\n<h4>Limpieza de la extractor de humo de acero inoxidable<\/h4>\n<p>Es un problema conocido; limpiar su extractor de humo de acero inoxidable sin rayas. Con\u00a0Innospray B600\u00a0se asegura que el extractor de humo siempre parece glamorosa. Innospray B600 elimina manchas (de grasa) y huellas dactilares de forma r\u00e1pida y sencilla desde su extractor de humo, y seca r\u00e1pidamente sin rayas.<\/p>\n<h4>Limpieza de una placa calefactora de acero inoxidable<\/h4>\n<p>Placas calefactoras o estufas de acero inoxidable est\u00e1n maravillosas para ver, pero est\u00e1n dif\u00edcil mantenerlas de manera impecable. En el mantenimiento de una placa calefactora de acero inoxidable hay 2 problemas distintos:<\/p>\n<h5>1. La aparici\u00f3n de rayas despu\u00e9s de la limpieza<\/h5>\n<p>Despu\u00e9s de la limpieza de la estufa o cocina, muchos productos dejan rayas. El uso de Innospray B600 evita esto, ya que se seca r\u00e1pidamente y libre de manchas. Adem\u00e1s, Innospray B600 es muy adecuado para quitar la contaminaci\u00f3n (grasa), manchas y huellas dactilares de la placa calefactora de acero inoxidable.<\/p>\n<h5>2.\u00a0Dep\u00f3sitos marrones \/ manchas alrededor de las llamas de la estufa<\/h5>\n<p>Con la aparici\u00f3n de dep\u00f3sitos marrones y \/ o manchas alrededor de las llamas de la estufa de acero inoxidable una limpieza sin Innospray B600 no es suficiente. Tampoco se recomienda el uso de una soluci\u00f3n limpiadora con part\u00edculas abrasivas o de acidez alta, ni el uso de estropajos. Esto puede rayar la superficie de estufa de acero inoxidable. <a href=\"\/es\/es\/shop\/limpiadores-de-acero-inoxidable\/innospray-b600\">Innocare B580<\/a> es muy adecuado para la eliminaci\u00f3n de los dep\u00f3sitos marr\u00f3n. Este limpiador suave y neutro elimina de forma efectiva el sucio y aplica una capa protectora en la nanoescala.<\/p>\n<p>&nbsp;<\/p>\n\t\t<\/div>\n\n\t\t\n<style>\n#section_1878196040 {\n  padding-top: 30px;\n  padding-bottom: 30px;\n  background-color: rgb(248, 248, 248);\n}\n<\/style>\n\t<\/section>\n\t\n","protected":false},"excerpt":{"rendered":"","protected":false},"author":3,"featured_media":0,"parent":2511,"menu_order":0,"comment_status":"closed","ping_status":"closed","template":"","meta":{"footnotes":""},"class_list":["post-2569","page","type-page","status-publish","hentry"],"yoast_head":"<!-- This site is optimized with the Yoast SEO plugin v26.3 - https:\/\/yoast.com\/wordpress\/plugins\/seo\/ -->\n<title>Los consumidores - Aceros Metal Treatment<\/title>\n<meta name=\"robots\" content=\"index, follow, max-snippet:-1, max-image-preview:large, max-video-preview:-1\" \/>\n<link rel=\"canonical\" href=\"https:\/\/www.acerosmetal.com\/es\/ramas\/los-consumidores\" \/>\n<meta property=\"og:locale\" content=\"es_ES\" \/>\n<meta property=\"og:type\" content=\"article\" \/>\n<meta property=\"og:title\" content=\"Los consumidores - Aceros Metal Treatment\" \/>\n<meta property=\"og:url\" content=\"https:\/\/www.acerosmetal.com\/es\/ramas\/los-consumidores\" \/>\n<meta property=\"og:site_name\" content=\"Aceros Metal Treatment\" \/>\n<meta property=\"article:modified_time\" content=\"2019-03-15T15:14:02+00:00\" \/>\n<meta name=\"twitter:card\" content=\"summary_large_image\" \/>\n<meta name=\"twitter:label1\" content=\"Tiempo de lectura\" \/>\n\t<meta name=\"twitter:data1\" content=\"3 minutos\" \/>\n<script type=\"application\/ld+json\" class=\"yoast-schema-graph\">{\"@context\":\"https:\/\/schema.org\",\"@graph\":[{\"@type\":\"WebPage\",\"@id\":\"https:\/\/www.acerosmetal.com\/es\/ramas\/los-consumidores\",\"url\":\"https:\/\/www.acerosmetal.com\/es\/ramas\/los-consumidores\",\"name\":\"Los consumidores - Aceros Metal Treatment\",\"isPartOf\":{\"@id\":\"https:\/\/www.acerosmetal.com\/es#website\"},\"datePublished\":\"2019-03-07T20:42:29+00:00\",\"dateModified\":\"2019-03-15T15:14:02+00:00\",\"breadcrumb\":{\"@id\":\"https:\/\/www.acerosmetal.com\/es\/ramas\/los-consumidores#breadcrumb\"},\"inLanguage\":\"es\",\"potentialAction\":[{\"@type\":\"ReadAction\",\"target\":[\"https:\/\/www.acerosmetal.com\/es\/ramas\/los-consumidores\"]}]},{\"@type\":\"BreadcrumbList\",\"@id\":\"https:\/\/www.acerosmetal.com\/es\/ramas\/los-consumidores#breadcrumb\",\"itemListElement\":[{\"@type\":\"ListItem\",\"position\":1,\"name\":\"Home\",\"item\":\"https:\/\/www.acerosmetal.com\/es\"},{\"@type\":\"ListItem\",\"position\":2,\"name\":\"Ramas\",\"item\":\"https:\/\/www.acerosmetal.com\/es\/ramas\"},{\"@type\":\"ListItem\",\"position\":3,\"name\":\"Los consumidores\"}]},{\"@type\":\"WebSite\",\"@id\":\"https:\/\/www.acerosmetal.com\/es#website\",\"url\":\"https:\/\/www.acerosmetal.com\/es\",\"name\":\"Aceros Metal Treatment\",\"description\":\"\",\"potentialAction\":[{\"@type\":\"SearchAction\",\"target\":{\"@type\":\"EntryPoint\",\"urlTemplate\":\"https:\/\/www.acerosmetal.com\/es?s={search_term_string}\"},\"query-input\":{\"@type\":\"PropertyValueSpecification\",\"valueRequired\":true,\"valueName\":\"search_term_string\"}}],\"inLanguage\":\"es\"}]}<\/script>\n<!-- \/ Yoast SEO plugin. -->","yoast_head_json":{"title":"Los consumidores - Aceros Metal Treatment","robots":{"index":"index","follow":"follow","max-snippet":"max-snippet:-1","max-image-preview":"max-image-preview:large","max-video-preview":"max-video-preview:-1"},"canonical":"https:\/\/www.acerosmetal.com\/es\/ramas\/los-consumidores","og_locale":"es_ES","og_type":"article","og_title":"Los consumidores - Aceros Metal Treatment","og_url":"https:\/\/www.acerosmetal.com\/es\/ramas\/los-consumidores","og_site_name":"Aceros Metal Treatment","article_modified_time":"2019-03-15T15:14:02+00:00","twitter_card":"summary_large_image","twitter_misc":{"Tiempo de lectura":"3 minutos"},"schema":{"@context":"https:\/\/schema.org","@graph":[{"@type":"WebPage","@id":"https:\/\/www.acerosmetal.com\/es\/ramas\/los-consumidores","url":"https:\/\/www.acerosmetal.com\/es\/ramas\/los-consumidores","name":"Los consumidores - Aceros Metal Treatment","isPartOf":{"@id":"https:\/\/www.acerosmetal.com\/es#website"},"datePublished":"2019-03-07T20:42:29+00:00","dateModified":"2019-03-15T15:14:02+00:00","breadcrumb":{"@id":"https:\/\/www.acerosmetal.com\/es\/ramas\/los-consumidores#breadcrumb"},"inLanguage":"es","potentialAction":[{"@type":"ReadAction","target":["https:\/\/www.acerosmetal.com\/es\/ramas\/los-consumidores"]}]},{"@type":"BreadcrumbList","@id":"https:\/\/www.acerosmetal.com\/es\/ramas\/los-consumidores#breadcrumb","itemListElement":[{"@type":"ListItem","position":1,"name":"Home","item":"https:\/\/www.acerosmetal.com\/es"},{"@type":"ListItem","position":2,"name":"Ramas","item":"https:\/\/www.acerosmetal.com\/es\/ramas"},{"@type":"ListItem","position":3,"name":"Los consumidores"}]},{"@type":"WebSite","@id":"https:\/\/www.acerosmetal.com\/es#website","url":"https:\/\/www.acerosmetal.com\/es","name":"Aceros Metal Treatment","description":"","potentialAction":[{"@type":"SearchAction","target":{"@type":"EntryPoint","urlTemplate":"https:\/\/www.acerosmetal.com\/es?s={search_term_string}"},"query-input":{"@type":"PropertyValueSpecification","valueRequired":true,"valueName":"search_term_string"}}],"inLanguage":"es"}]}},"_links":{"self":[{"href":"https:\/\/www.acerosmetal.com\/es\/wp-json\/wp\/v2\/pages\/2569","targetHints":{"allow":["GET"]}}],"collection":[{"href":"https:\/\/www.acerosmetal.com\/es\/wp-json\/wp\/v2\/pages"}],"about":[{"href":"https:\/\/www.acerosmetal.com\/es\/wp-json\/wp\/v2\/types\/page"}],"author":[{"embeddable":true,"href":"https:\/\/www.acerosmetal.com\/es\/wp-json\/wp\/v2\/users\/3"}],"replies":[{"embeddable":true,"href":"https:\/\/www.acerosmetal.com\/es\/wp-json\/wp\/v2\/comments?post=2569"}],"version-history":[{"count":4,"href":"https:\/\/www.acerosmetal.com\/es\/wp-json\/wp\/v2\/pages\/2569\/revisions"}],"predecessor-version":[{"id":3310,"href":"https:\/\/www.acerosmetal.com\/es\/wp-json\/wp\/v2\/pages\/2569\/revisions\/3310"}],"up":[{"embeddable":true,"href":"https:\/\/www.acerosmetal.com\/es\/wp-json\/wp\/v2\/pages\/2511"}],"wp:attachment":[{"href":"https:\/\/www.acerosmetal.com\/es\/wp-json\/wp\/v2\/media?parent=2569"}],"curies":[{"name":"wp","href":"https:\/\/api.w.org\/{rel}","templated":true}]}}