{"id":2565,"date":"2019-03-07T21:32:17","date_gmt":"2019-03-07T20:32:17","guid":{"rendered":"https:\/\/www.acerosmetal.com\/ramas\/automotive"},"modified":"2019-03-15T16:13:09","modified_gmt":"2019-03-15T15:13:09","slug":"automotor","status":"publish","type":"page","link":"https:\/\/www.acerosmetal.com\/es\/ramas\/automotor","title":{"rendered":"Automotor"},"content":{"rendered":"\n\t<section class=\"section\" id=\"section_216412809\">\n\t\t<div class=\"section-bg fill\" >\n\t\t\t\t\t\t\t\t\t\n\t\t\t\n\n\t\t<\/div>\n\n\t\t\n\n\t\t<div class=\"section-content relative\">\n\t\t\t\n<h1 class=\"uppercase\">Automotor<\/h1>\n<p>Los productos de <a href=\"\/\">Aceros Metal Treatment<\/a> son ampliamente utilizados en la industria del autom\u00f3vil. A continuaci\u00f3n se muestra un resumen de c\u00f3mo se aplican nuestros productos.<\/p>\n<h3>Innosoft B570 en Innoprotect B580<\/h3>\n<p>Innosoft B570 es un limpiador de profundidad que elimina el \u00f3xido, y Innoprotect B580 es un limpiador neutro y suave que tambi\u00e9n deja una capa protectora en la nanoescala. En nuestra p\u00e1gina de productos se encuentra informaci\u00f3n detallada sobre ambos productos.<\/p>\n<h4>Retirar el l\u00edquido de freno de llantas<\/h4>\n<p>Innosoft B570 es ideal para quitar el l\u00edquido de frenos, \u00f3xido y otros dep\u00f3sitos de las llantas. Este potente limpiador de profundidad asegura que las llantas parecen nuevas.<\/p>\n<p>Le aconsejamos de tratar sus llantas despu\u00e9s con <a href=\"\/shop\/limpiadores-de-acero-inoxidable\/acero-inoxidable-mantenimiento-con-innocare-b580\">Innoprotect B580<\/a>. As\u00ed usted elimina los \u00faltimos residuos y aplica efectivamente una capa protectora en la nanoescala.<\/p>\n<h4>Quitar el \u00f3xido y las manchas de \u00f3xido<\/h4>\n<p>Cada automovilista, garaje y reparador de da\u00f1os conoce el problema. La corrosi\u00f3n y el \u00f3xido en el coche. Excepto que se ve feo, oxidaci\u00f3n y herrumbre tambi\u00e9n trae riesgos. Si no se trata el \u00f3xido, el riesgo de perforaci\u00f3n aumenta, provocando fugas y otros problemas. La corrosi\u00f3n debe ser atendida r\u00e1pidamente. Esto puede realizarse de manera eficaz mediante el uso <a href=\"\/shop\/limpiadores-de-acero-inoxidable\/eliminar-el-oxido-con-innoshine-b570\">de Innosoft B570<\/a> y la limpieza superficial despu\u00e9s con Innoprotect B580.<\/p>\n<h3>Innospray B600<\/h3>\n<p>Innospray B600 es un limpiador listo para el uso. Es muy adecuado para la eliminaci\u00f3n de manchas y huellas dactilares. Innospray B600 seca r\u00e1pidamente sin rayas, por lo cual es perfecto para eliminar huellas dactilares en las puertas del coche. <a href=\"\/shop\/limpiadores-de-acero-inoxidable\/innospray-b600\">Innospray B600<\/a> se utiliza durante las ferias y salas de exposici\u00f3n, donde los coches siempre deben ser presentados perfectamente.<\/p>\n<p>&nbsp;<\/p>\n\t\t<\/div>\n\n\t\t\n<style>\n#section_216412809 {\n  padding-top: 30px;\n  padding-bottom: 30px;\n  background-color: rgb(248, 248, 248);\n}\n<\/style>\n\t<\/section>\n\t\n","protected":false},"excerpt":{"rendered":"","protected":false},"author":3,"featured_media":0,"parent":2511,"menu_order":0,"comment_status":"closed","ping_status":"closed","template":"","meta":{"footnotes":""},"class_list":["post-2565","page","type-page","status-publish","hentry"],"yoast_head":"<!-- This site is optimized with the Yoast SEO plugin v26.3 - https:\/\/yoast.com\/wordpress\/plugins\/seo\/ -->\n<title>Automotor - Aceros Metal Treatment<\/title>\n<meta name=\"robots\" content=\"index, follow, max-snippet:-1, max-image-preview:large, max-video-preview:-1\" \/>\n<link rel=\"canonical\" href=\"https:\/\/www.acerosmetal.com\/es\/ramas\/automotor\" \/>\n<meta property=\"og:locale\" content=\"es_ES\" \/>\n<meta property=\"og:type\" content=\"article\" \/>\n<meta property=\"og:title\" content=\"Automotor - Aceros Metal Treatment\" \/>\n<meta property=\"og:url\" content=\"https:\/\/www.acerosmetal.com\/es\/ramas\/automotor\" \/>\n<meta property=\"og:site_name\" content=\"Aceros Metal Treatment\" \/>\n<meta property=\"article:modified_time\" content=\"2019-03-15T15:13:09+00:00\" \/>\n<meta name=\"twitter:card\" content=\"summary_large_image\" \/>\n<meta name=\"twitter:label1\" content=\"Tiempo de lectura\" \/>\n\t<meta name=\"twitter:data1\" content=\"2 minutos\" \/>\n<script type=\"application\/ld+json\" class=\"yoast-schema-graph\">{\"@context\":\"https:\/\/schema.org\",\"@graph\":[{\"@type\":\"WebPage\",\"@id\":\"https:\/\/www.acerosmetal.com\/es\/ramas\/automotor\",\"url\":\"https:\/\/www.acerosmetal.com\/es\/ramas\/automotor\",\"name\":\"Automotor - Aceros Metal Treatment\",\"isPartOf\":{\"@id\":\"https:\/\/www.acerosmetal.com\/es#website\"},\"datePublished\":\"2019-03-07T20:32:17+00:00\",\"dateModified\":\"2019-03-15T15:13:09+00:00\",\"breadcrumb\":{\"@id\":\"https:\/\/www.acerosmetal.com\/es\/ramas\/automotor#breadcrumb\"},\"inLanguage\":\"es\",\"potentialAction\":[{\"@type\":\"ReadAction\",\"target\":[\"https:\/\/www.acerosmetal.com\/es\/ramas\/automotor\"]}]},{\"@type\":\"BreadcrumbList\",\"@id\":\"https:\/\/www.acerosmetal.com\/es\/ramas\/automotor#breadcrumb\",\"itemListElement\":[{\"@type\":\"ListItem\",\"position\":1,\"name\":\"Home\",\"item\":\"https:\/\/www.acerosmetal.com\/es\"},{\"@type\":\"ListItem\",\"position\":2,\"name\":\"Ramas\",\"item\":\"https:\/\/www.acerosmetal.com\/es\/ramas\"},{\"@type\":\"ListItem\",\"position\":3,\"name\":\"Automotor\"}]},{\"@type\":\"WebSite\",\"@id\":\"https:\/\/www.acerosmetal.com\/es#website\",\"url\":\"https:\/\/www.acerosmetal.com\/es\",\"name\":\"Aceros Metal Treatment\",\"description\":\"\",\"potentialAction\":[{\"@type\":\"SearchAction\",\"target\":{\"@type\":\"EntryPoint\",\"urlTemplate\":\"https:\/\/www.acerosmetal.com\/es?s={search_term_string}\"},\"query-input\":{\"@type\":\"PropertyValueSpecification\",\"valueRequired\":true,\"valueName\":\"search_term_string\"}}],\"inLanguage\":\"es\"}]}<\/script>\n<!-- \/ Yoast SEO plugin. -->","yoast_head_json":{"title":"Automotor - Aceros Metal Treatment","robots":{"index":"index","follow":"follow","max-snippet":"max-snippet:-1","max-image-preview":"max-image-preview:large","max-video-preview":"max-video-preview:-1"},"canonical":"https:\/\/www.acerosmetal.com\/es\/ramas\/automotor","og_locale":"es_ES","og_type":"article","og_title":"Automotor - Aceros Metal Treatment","og_url":"https:\/\/www.acerosmetal.com\/es\/ramas\/automotor","og_site_name":"Aceros Metal Treatment","article_modified_time":"2019-03-15T15:13:09+00:00","twitter_card":"summary_large_image","twitter_misc":{"Tiempo de lectura":"2 minutos"},"schema":{"@context":"https:\/\/schema.org","@graph":[{"@type":"WebPage","@id":"https:\/\/www.acerosmetal.com\/es\/ramas\/automotor","url":"https:\/\/www.acerosmetal.com\/es\/ramas\/automotor","name":"Automotor - Aceros Metal Treatment","isPartOf":{"@id":"https:\/\/www.acerosmetal.com\/es#website"},"datePublished":"2019-03-07T20:32:17+00:00","dateModified":"2019-03-15T15:13:09+00:00","breadcrumb":{"@id":"https:\/\/www.acerosmetal.com\/es\/ramas\/automotor#breadcrumb"},"inLanguage":"es","potentialAction":[{"@type":"ReadAction","target":["https:\/\/www.acerosmetal.com\/es\/ramas\/automotor"]}]},{"@type":"BreadcrumbList","@id":"https:\/\/www.acerosmetal.com\/es\/ramas\/automotor#breadcrumb","itemListElement":[{"@type":"ListItem","position":1,"name":"Home","item":"https:\/\/www.acerosmetal.com\/es"},{"@type":"ListItem","position":2,"name":"Ramas","item":"https:\/\/www.acerosmetal.com\/es\/ramas"},{"@type":"ListItem","position":3,"name":"Automotor"}]},{"@type":"WebSite","@id":"https:\/\/www.acerosmetal.com\/es#website","url":"https:\/\/www.acerosmetal.com\/es","name":"Aceros Metal Treatment","description":"","potentialAction":[{"@type":"SearchAction","target":{"@type":"EntryPoint","urlTemplate":"https:\/\/www.acerosmetal.com\/es?s={search_term_string}"},"query-input":{"@type":"PropertyValueSpecification","valueRequired":true,"valueName":"search_term_string"}}],"inLanguage":"es"}]}},"_links":{"self":[{"href":"https:\/\/www.acerosmetal.com\/es\/wp-json\/wp\/v2\/pages\/2565","targetHints":{"allow":["GET"]}}],"collection":[{"href":"https:\/\/www.acerosmetal.com\/es\/wp-json\/wp\/v2\/pages"}],"about":[{"href":"https:\/\/www.acerosmetal.com\/es\/wp-json\/wp\/v2\/types\/page"}],"author":[{"embeddable":true,"href":"https:\/\/www.acerosmetal.com\/es\/wp-json\/wp\/v2\/users\/3"}],"replies":[{"embeddable":true,"href":"https:\/\/www.acerosmetal.com\/es\/wp-json\/wp\/v2\/comments?post=2565"}],"version-history":[{"count":5,"href":"https:\/\/www.acerosmetal.com\/es\/wp-json\/wp\/v2\/pages\/2565\/revisions"}],"predecessor-version":[{"id":3309,"href":"https:\/\/www.acerosmetal.com\/es\/wp-json\/wp\/v2\/pages\/2565\/revisions\/3309"}],"up":[{"embeddable":true,"href":"https:\/\/www.acerosmetal.com\/es\/wp-json\/wp\/v2\/pages\/2511"}],"wp:attachment":[{"href":"https:\/\/www.acerosmetal.com\/es\/wp-json\/wp\/v2\/media?parent=2565"}],"curies":[{"name":"wp","href":"https:\/\/api.w.org\/{rel}","templated":true}]}}