{"id":2084,"date":"2019-03-03T21:13:50","date_gmt":"2019-03-03T20:13:50","guid":{"rendered":"https:\/\/www.acerosmetal.com\/praktijkfotos"},"modified":"2019-03-04T20:46:43","modified_gmt":"2019-03-04T19:46:43","slug":"fotos-de-la-realidad","status":"publish","type":"page","link":"https:\/\/www.acerosmetal.com\/es\/fotos-de-la-realidad","title":{"rendered":"Fotos de la realidad"},"content":{"rendered":"\n\t<section class=\"section\" id=\"section_1548766835\">\n\t\t<div class=\"section-bg fill\" >\n\t\t\t\t\t\t\t\t\t\n\t\t\t\n\n\t\t<\/div>\n\n\t\t\n\n\t\t<div class=\"section-content relative\">\n\t\t\t\n<h1 class=\"uppercase\">Fotos de la realidad<\/h1>\n<div class=\"row\"  id=\"row-820743074\">\n\n\t<div id=\"col-1263046637\" class=\"col small-12 large-12\"  >\n\t\t\t\t<div class=\"col-inner box-shadow-1\"  >\n\t\t\t\n\t\t\t\n<div class=\"row\"  id=\"row-957104760\">\n\n\t<div id=\"col-543491825\" class=\"col medium-3 small-6 large-3\"  >\n\t\t\t\t<div class=\"col-inner\"  >\n\t\t\t\n\t\t\t\n\t<div class=\"img has-hover x md-x lg-x y md-y lg-y\" id=\"image_684209543\">\n\t\t\t\t\t\t\t\t<div class=\"img-inner dark\" >\n\t\t\t<img loading=\"lazy\" decoding=\"async\" width=\"800\" height=\"600\" src=\"https:\/\/www.acerosmetal.com\/wp-content\/uploads\/2019\/03\/rvs-voorbeeld-1-800x600.jpg\" class=\"attachment-medium size-medium\" alt=\"\" srcset=\"https:\/\/www.acerosmetal.com\/wp-content\/uploads\/2019\/03\/rvs-voorbeeld-1.jpg 800w, https:\/\/www.acerosmetal.com\/wp-content\/uploads\/2019\/03\/rvs-voorbeeld-1-768x576.jpg 768w, https:\/\/www.acerosmetal.com\/wp-content\/uploads\/2019\/03\/rvs-voorbeeld-1-510x383.jpg 510w\" sizes=\"auto, (max-width: 800px) 100vw, 800px\" \/>\t\t\t\t\t\t\n\t\t\t\t\t<\/div>\n\t\t\t\t\t\t\t\t\n<style>\n#image_684209543 {\n  width: 100%;\n}\n<\/style>\n\t<\/div>\n\t\n\t\t<\/div>\n\t\t\t\t\t<\/div>\n\n\t\n\n\t<div id=\"col-2010319517\" class=\"col medium-3 small-6 large-3\"  >\n\t\t\t\t<div class=\"col-inner\"  >\n\t\t\t\n\t\t\t\n\t<div class=\"img has-hover x md-x lg-x y md-y lg-y\" id=\"image_702557975\">\n\t\t\t\t\t\t\t\t<div class=\"img-inner dark\" >\n\t\t\t<img loading=\"lazy\" decoding=\"async\" width=\"800\" height=\"600\" src=\"https:\/\/www.acerosmetal.com\/wp-content\/uploads\/2019\/03\/rvs-voorbeeld-2-800x600.jpg\" class=\"attachment-medium size-medium\" alt=\"\" srcset=\"https:\/\/www.acerosmetal.com\/wp-content\/uploads\/2019\/03\/rvs-voorbeeld-2.jpg 800w, https:\/\/www.acerosmetal.com\/wp-content\/uploads\/2019\/03\/rvs-voorbeeld-2-768x576.jpg 768w, https:\/\/www.acerosmetal.com\/wp-content\/uploads\/2019\/03\/rvs-voorbeeld-2-510x383.jpg 510w\" sizes=\"auto, (max-width: 800px) 100vw, 800px\" \/>\t\t\t\t\t\t\n\t\t\t\t\t<\/div>\n\t\t\t\t\t\t\t\t\n<style>\n#image_702557975 {\n  width: 100%;\n}\n<\/style>\n\t<\/div>\n\t\n\t\t<\/div>\n\t\t\t\t\t<\/div>\n\n\t\n\n\t<div id=\"col-1725940627\" class=\"col medium-6 small-6 large-6\"  >\n\t\t\t\t<div class=\"col-inner\"  >\n\t\t\t\n\t\t\t\n<h2>Innoshine B570 \u00ae \/ Innocare B580 \u00ae<\/h2>\n<p>Aqu\u00ed usted encontrar\u00e1 una serie de im\u00e1genes de superficies da\u00f1adas tratados con Innoshine B570. Adem\u00e1s, se obtiene una impresi\u00f3n de c\u00f3mo la superficie se ve afectada por un corrosivo carga demasiado pesada y c\u00f3mo la situaci\u00f3n actual puede reacondicionamiento todav\u00eda. Eliminar el \u00f3xido y mantenimiento de acero inoxidable en la pr\u00e1ctica!<\/p>\n<a href=\"\/fotos-de-la-realidad\/innoshine-b570-innocare-b580\" class=\"button primary lowercase\" >\n\t\t<span>Ver m\u00e1s fotos<\/span>\n\t<i class=\"icon-angle-right\" aria-hidden=\"true\"><\/i><\/a>\n\n\t\t<\/div>\n\t\t\t\t\t<\/div>\n\n\t\n\n<style>\n#row-957104760 > .col > .col-inner {\n  padding: 10px 0px 0px 10px;\n}\n<\/style>\n<\/div>\n\t\t<\/div>\n\t\t\t\t\n<style>\n#col-1263046637 > .col-inner {\n  padding: 0px 0px 0px 0px;\n}\n<\/style>\n\t<\/div>\n\n\t\n\n<style>\n#row-820743074 > .col > .col-inner {\n  padding: 10px 10px 10px 10px;\n  background-color: rgb(255, 255, 255);\n}\n<\/style>\n<\/div>\n<div class=\"row\"  id=\"row-381649059\">\n\n\t<div id=\"col-815266660\" class=\"col small-12 large-12\"  >\n\t\t\t\t<div class=\"col-inner box-shadow-1\"  >\n\t\t\t\n\t\t\t\n<div class=\"row\"  id=\"row-542568624\">\n\n\t<div id=\"col-375543043\" class=\"col medium-3 small-6 large-3\"  >\n\t\t\t\t<div class=\"col-inner\"  >\n\t\t\t\n\t\t\t\n\t<div class=\"img has-hover x md-x lg-x y md-y lg-y\" id=\"image_2068807343\">\n\t\t\t\t\t\t\t\t<div class=\"img-inner dark\" >\n\t\t\t<img loading=\"lazy\" decoding=\"async\" width=\"800\" height=\"600\" src=\"https:\/\/www.acerosmetal.com\/wp-content\/uploads\/2019\/03\/rvs-voorbeeld-3-800x600.jpg\" class=\"attachment-medium size-medium\" alt=\"\" srcset=\"https:\/\/www.acerosmetal.com\/wp-content\/uploads\/2019\/03\/rvs-voorbeeld-3.jpg 800w, https:\/\/www.acerosmetal.com\/wp-content\/uploads\/2019\/03\/rvs-voorbeeld-3-768x576.jpg 768w, https:\/\/www.acerosmetal.com\/wp-content\/uploads\/2019\/03\/rvs-voorbeeld-3-510x383.jpg 510w\" sizes=\"auto, (max-width: 800px) 100vw, 800px\" \/>\t\t\t\t\t\t\n\t\t\t\t\t<\/div>\n\t\t\t\t\t\t\t\t\n<style>\n#image_2068807343 {\n  width: 100%;\n}\n<\/style>\n\t<\/div>\n\t\n\t\t<\/div>\n\t\t\t\t\t<\/div>\n\n\t\n\n\t<div id=\"col-1659097048\" class=\"col medium-3 small-6 large-3\"  >\n\t\t\t\t<div class=\"col-inner\"  >\n\t\t\t\n\t\t\t\n\t<div class=\"img has-hover x md-x lg-x y md-y lg-y\" id=\"image_2140184758\">\n\t\t\t\t\t\t\t\t<div class=\"img-inner dark\" >\n\t\t\t<img loading=\"lazy\" decoding=\"async\" width=\"800\" height=\"600\" src=\"https:\/\/www.acerosmetal.com\/wp-content\/uploads\/2019\/03\/rvs-voorbeeld-4-800x600.jpg\" class=\"attachment-medium size-medium\" alt=\"\" srcset=\"https:\/\/www.acerosmetal.com\/wp-content\/uploads\/2019\/03\/rvs-voorbeeld-4.jpg 800w, https:\/\/www.acerosmetal.com\/wp-content\/uploads\/2019\/03\/rvs-voorbeeld-4-768x576.jpg 768w, https:\/\/www.acerosmetal.com\/wp-content\/uploads\/2019\/03\/rvs-voorbeeld-4-510x383.jpg 510w\" sizes=\"auto, (max-width: 800px) 100vw, 800px\" \/>\t\t\t\t\t\t\n\t\t\t\t\t<\/div>\n\t\t\t\t\t\t\t\t\n<style>\n#image_2140184758 {\n  width: 100%;\n}\n<\/style>\n\t<\/div>\n\t\n\t\t<\/div>\n\t\t\t\t\t<\/div>\n\n\t\n\n\t<div id=\"col-1457724324\" class=\"col medium-6 small-6 large-6\"  >\n\t\t\t\t<div class=\"col-inner\"  >\n\t\t\t\n\t\t\t\n<h2>Innopolish B520 \u00ae<\/h2>\n<p>Aqu\u00ed encontrar\u00e1 algunas fotos de las superficies afectadas que han sido tratadas con Innopolish B520. Tambi\u00e9n se obtiene una impresi\u00f3n de c\u00f3mo la superficie se ve afectada por una presi\u00f3n demasiado fuerte corrosivo, y c\u00f3mo todav\u00eda se puede reacondicionar la situaci\u00f3n actual. Eliminar el \u00f3xido y mantenimiento el acero inoxidable en la pr\u00e1ctica.<\/p>\n<a href=\"\/fotos-de-la-realidad\/innopolish-b520\" class=\"button primary lowercase\" >\n\t\t<span>Ver m\u00e1s fotos<\/span>\n\t<i class=\"icon-angle-right\" aria-hidden=\"true\"><\/i><\/a>\n\n\t\t<\/div>\n\t\t\t\t\t<\/div>\n\n\t\n\n<style>\n#row-542568624 > .col > .col-inner {\n  padding: 10px 0px 0px 10px;\n}\n<\/style>\n<\/div>\n\t\t<\/div>\n\t\t\t\t\n<style>\n#col-815266660 > .col-inner {\n  padding: 0px 0px 0px 0px;\n}\n<\/style>\n\t<\/div>\n\n\t\n\n<style>\n#row-381649059 > .col > .col-inner {\n  padding: 10px 10px 10px 10px;\n  background-color: rgb(255, 255, 255);\n}\n<\/style>\n<\/div>\n<div class=\"row\"  id=\"row-1611221064\">\n\n\t<div id=\"col-1687220226\" class=\"col small-12 large-12\"  >\n\t\t\t\t<div class=\"col-inner box-shadow-1\"  >\n\t\t\t\n\t\t\t\n<div class=\"row\"  id=\"row-1837778559\">\n\n\t<div id=\"col-1261936949\" class=\"col medium-3 small-6 large-3\"  >\n\t\t\t\t<div class=\"col-inner\"  >\n\t\t\t\n\t\t\t\n\t<div class=\"img has-hover x md-x lg-x y md-y lg-y\" id=\"image_2092812959\">\n\t\t\t\t\t\t\t\t<div class=\"img-inner dark\" >\n\t\t\t<img loading=\"lazy\" decoding=\"async\" width=\"800\" height=\"600\" src=\"https:\/\/www.acerosmetal.com\/wp-content\/uploads\/2019\/03\/Innospray-B600-vingervlekken-rvs-prullenbak-voor-en-na-behandeling-800x600.jpg\" class=\"attachment-medium size-medium\" alt=\"\" srcset=\"https:\/\/www.acerosmetal.com\/wp-content\/uploads\/2019\/03\/Innospray-B600-vingervlekken-rvs-prullenbak-voor-en-na-behandeling.jpg 800w, https:\/\/www.acerosmetal.com\/wp-content\/uploads\/2019\/03\/Innospray-B600-vingervlekken-rvs-prullenbak-voor-en-na-behandeling-768x576.jpg 768w, https:\/\/www.acerosmetal.com\/wp-content\/uploads\/2019\/03\/Innospray-B600-vingervlekken-rvs-prullenbak-voor-en-na-behandeling-510x383.jpg 510w\" sizes=\"auto, (max-width: 800px) 100vw, 800px\" \/>\t\t\t\t\t\t\n\t\t\t\t\t<\/div>\n\t\t\t\t\t\t\t\t\n<style>\n#image_2092812959 {\n  width: 100%;\n}\n<\/style>\n\t<\/div>\n\t\n\t\t<\/div>\n\t\t\t\t\t<\/div>\n\n\t\n\n\t<div id=\"col-619513151\" class=\"col medium-3 small-6 large-3\"  >\n\t\t\t\t<div class=\"col-inner\"  >\n\t\t\t\n\t\t\t\n\t<div class=\"img has-hover x md-x lg-x y md-y lg-y\" id=\"image_513157282\">\n\t\t\t\t\t\t\t\t<div class=\"img-inner dark\" >\n\t\t\t<img loading=\"lazy\" decoding=\"async\" width=\"800\" height=\"600\" src=\"https:\/\/www.acerosmetal.com\/wp-content\/uploads\/2019\/03\/Innospray-B600-vingervlekken-staalplaat-voor-en-na-behandeling-800x600.jpg\" class=\"attachment-medium size-medium\" alt=\"\" srcset=\"https:\/\/www.acerosmetal.com\/wp-content\/uploads\/2019\/03\/Innospray-B600-vingervlekken-staalplaat-voor-en-na-behandeling.jpg 800w, https:\/\/www.acerosmetal.com\/wp-content\/uploads\/2019\/03\/Innospray-B600-vingervlekken-staalplaat-voor-en-na-behandeling-768x576.jpg 768w, https:\/\/www.acerosmetal.com\/wp-content\/uploads\/2019\/03\/Innospray-B600-vingervlekken-staalplaat-voor-en-na-behandeling-510x383.jpg 510w\" sizes=\"auto, (max-width: 800px) 100vw, 800px\" \/>\t\t\t\t\t\t\n\t\t\t\t\t<\/div>\n\t\t\t\t\t\t\t\t\n<style>\n#image_513157282 {\n  width: 100%;\n}\n<\/style>\n\t<\/div>\n\t\n\t\t<\/div>\n\t\t\t\t\t<\/div>\n\n\t\n\n\t<div id=\"col-1982204377\" class=\"col medium-6 small-6 large-6\"  >\n\t\t\t\t<div class=\"col-inner\"  >\n\t\t\t\n\t\t\t\n<h2>Innopolish B600 \u00ae<\/h2>\n<p>Aqu\u00ed usted encontrar\u00e1 una serie de im\u00e1genes de las superficies sucias tratadas con Innospray B600.<\/p>\n<a href=\"\/fotos-de-la-realidad\/innospray-b600\" class=\"button primary lowercase\" >\n\t\t<span>Ver m\u00e1s fotos<\/span>\n\t<i class=\"icon-angle-right\" aria-hidden=\"true\"><\/i><\/a>\n\n\t\t<\/div>\n\t\t\t\t\t<\/div>\n\n\t\n\n<style>\n#row-1837778559 > .col > .col-inner {\n  padding: 10px 0px 0px 10px;\n}\n<\/style>\n<\/div>\n\t\t<\/div>\n\t\t\t\t\n<style>\n#col-1687220226 > .col-inner {\n  padding: 0px 0px 0px 0px;\n}\n<\/style>\n\t<\/div>\n\n\t\n\n<style>\n#row-1611221064 > .col > .col-inner {\n  padding: 10px 10px 10px 10px;\n  background-color: rgb(255, 255, 255);\n}\n<\/style>\n<\/div>\n\t\t<\/div>\n\n\t\t\n<style>\n#section_1548766835 {\n  padding-top: 30px;\n  padding-bottom: 30px;\n  background-color: rgb(248, 248, 248);\n}\n<\/style>\n\t<\/section>\n\t\n","protected":false},"excerpt":{"rendered":"","protected":false},"author":3,"featured_media":0,"parent":0,"menu_order":0,"comment_status":"closed","ping_status":"closed","template":"","meta":{"footnotes":""},"class_list":["post-2084","page","type-page","status-publish","hentry"],"yoast_head":"<!-- This site is optimized with the Yoast SEO plugin v26.3 - https:\/\/yoast.com\/wordpress\/plugins\/seo\/ -->\n<title>Fotos de la realidad - Aceros Metal Treatment<\/title>\n<meta name=\"robots\" content=\"index, follow, max-snippet:-1, max-image-preview:large, max-video-preview:-1\" \/>\n<link rel=\"canonical\" href=\"https:\/\/www.acerosmetal.com\/es\/fotos-de-la-realidad\" \/>\n<meta property=\"og:locale\" content=\"es_ES\" \/>\n<meta property=\"og:type\" content=\"article\" \/>\n<meta property=\"og:title\" content=\"Fotos de la realidad - Aceros Metal Treatment\" \/>\n<meta property=\"og:url\" content=\"https:\/\/www.acerosmetal.com\/es\/fotos-de-la-realidad\" \/>\n<meta property=\"og:site_name\" content=\"Aceros Metal Treatment\" \/>\n<meta property=\"article:modified_time\" content=\"2019-03-04T19:46:43+00:00\" \/>\n<meta name=\"twitter:card\" content=\"summary_large_image\" \/>\n<meta name=\"twitter:label1\" content=\"Tiempo de lectura\" \/>\n\t<meta name=\"twitter:data1\" content=\"2 minutos\" \/>\n<script type=\"application\/ld+json\" class=\"yoast-schema-graph\">{\"@context\":\"https:\/\/schema.org\",\"@graph\":[{\"@type\":\"WebPage\",\"@id\":\"https:\/\/www.acerosmetal.com\/es\/fotos-de-la-realidad\",\"url\":\"https:\/\/www.acerosmetal.com\/es\/fotos-de-la-realidad\",\"name\":\"Fotos de la realidad - Aceros Metal Treatment\",\"isPartOf\":{\"@id\":\"https:\/\/www.acerosmetal.com\/es#website\"},\"datePublished\":\"2019-03-03T20:13:50+00:00\",\"dateModified\":\"2019-03-04T19:46:43+00:00\",\"breadcrumb\":{\"@id\":\"https:\/\/www.acerosmetal.com\/es\/fotos-de-la-realidad#breadcrumb\"},\"inLanguage\":\"es\",\"potentialAction\":[{\"@type\":\"ReadAction\",\"target\":[\"https:\/\/www.acerosmetal.com\/es\/fotos-de-la-realidad\"]}]},{\"@type\":\"BreadcrumbList\",\"@id\":\"https:\/\/www.acerosmetal.com\/es\/fotos-de-la-realidad#breadcrumb\",\"itemListElement\":[{\"@type\":\"ListItem\",\"position\":1,\"name\":\"Home\",\"item\":\"https:\/\/www.acerosmetal.com\/es\"},{\"@type\":\"ListItem\",\"position\":2,\"name\":\"Fotos de la realidad\"}]},{\"@type\":\"WebSite\",\"@id\":\"https:\/\/www.acerosmetal.com\/es#website\",\"url\":\"https:\/\/www.acerosmetal.com\/es\",\"name\":\"Aceros Metal Treatment\",\"description\":\"\",\"potentialAction\":[{\"@type\":\"SearchAction\",\"target\":{\"@type\":\"EntryPoint\",\"urlTemplate\":\"https:\/\/www.acerosmetal.com\/es?s={search_term_string}\"},\"query-input\":{\"@type\":\"PropertyValueSpecification\",\"valueRequired\":true,\"valueName\":\"search_term_string\"}}],\"inLanguage\":\"es\"}]}<\/script>\n<!-- \/ Yoast SEO plugin. -->","yoast_head_json":{"title":"Fotos de la realidad - Aceros Metal Treatment","robots":{"index":"index","follow":"follow","max-snippet":"max-snippet:-1","max-image-preview":"max-image-preview:large","max-video-preview":"max-video-preview:-1"},"canonical":"https:\/\/www.acerosmetal.com\/es\/fotos-de-la-realidad","og_locale":"es_ES","og_type":"article","og_title":"Fotos de la realidad - Aceros Metal Treatment","og_url":"https:\/\/www.acerosmetal.com\/es\/fotos-de-la-realidad","og_site_name":"Aceros Metal Treatment","article_modified_time":"2019-03-04T19:46:43+00:00","twitter_card":"summary_large_image","twitter_misc":{"Tiempo de lectura":"2 minutos"},"schema":{"@context":"https:\/\/schema.org","@graph":[{"@type":"WebPage","@id":"https:\/\/www.acerosmetal.com\/es\/fotos-de-la-realidad","url":"https:\/\/www.acerosmetal.com\/es\/fotos-de-la-realidad","name":"Fotos de la realidad - Aceros Metal Treatment","isPartOf":{"@id":"https:\/\/www.acerosmetal.com\/es#website"},"datePublished":"2019-03-03T20:13:50+00:00","dateModified":"2019-03-04T19:46:43+00:00","breadcrumb":{"@id":"https:\/\/www.acerosmetal.com\/es\/fotos-de-la-realidad#breadcrumb"},"inLanguage":"es","potentialAction":[{"@type":"ReadAction","target":["https:\/\/www.acerosmetal.com\/es\/fotos-de-la-realidad"]}]},{"@type":"BreadcrumbList","@id":"https:\/\/www.acerosmetal.com\/es\/fotos-de-la-realidad#breadcrumb","itemListElement":[{"@type":"ListItem","position":1,"name":"Home","item":"https:\/\/www.acerosmetal.com\/es"},{"@type":"ListItem","position":2,"name":"Fotos de la realidad"}]},{"@type":"WebSite","@id":"https:\/\/www.acerosmetal.com\/es#website","url":"https:\/\/www.acerosmetal.com\/es","name":"Aceros Metal Treatment","description":"","potentialAction":[{"@type":"SearchAction","target":{"@type":"EntryPoint","urlTemplate":"https:\/\/www.acerosmetal.com\/es?s={search_term_string}"},"query-input":{"@type":"PropertyValueSpecification","valueRequired":true,"valueName":"search_term_string"}}],"inLanguage":"es"}]}},"_links":{"self":[{"href":"https:\/\/www.acerosmetal.com\/es\/wp-json\/wp\/v2\/pages\/2084","targetHints":{"allow":["GET"]}}],"collection":[{"href":"https:\/\/www.acerosmetal.com\/es\/wp-json\/wp\/v2\/pages"}],"about":[{"href":"https:\/\/www.acerosmetal.com\/es\/wp-json\/wp\/v2\/types\/page"}],"author":[{"embeddable":true,"href":"https:\/\/www.acerosmetal.com\/es\/wp-json\/wp\/v2\/users\/3"}],"replies":[{"embeddable":true,"href":"https:\/\/www.acerosmetal.com\/es\/wp-json\/wp\/v2\/comments?post=2084"}],"version-history":[{"count":8,"href":"https:\/\/www.acerosmetal.com\/es\/wp-json\/wp\/v2\/pages\/2084\/revisions"}],"predecessor-version":[{"id":2315,"href":"https:\/\/www.acerosmetal.com\/es\/wp-json\/wp\/v2\/pages\/2084\/revisions\/2315"}],"wp:attachment":[{"href":"https:\/\/www.acerosmetal.com\/es\/wp-json\/wp\/v2\/media?parent=2084"}],"curies":[{"name":"wp","href":"https:\/\/api.w.org\/{rel}","templated":true}]}}