{"id":1970,"date":"2019-03-02T22:00:28","date_gmt":"2019-03-02T21:00:28","guid":{"rendered":"https:\/\/www.acerosmetal.com\/advice"},"modified":"2019-03-02T22:28:02","modified_gmt":"2019-03-02T21:28:02","slug":"asesoramiento","status":"publish","type":"page","link":"https:\/\/www.acerosmetal.com\/es\/asesoramiento","title":{"rendered":"Asesoramiento"},"content":{"rendered":"<div class=\"slider-wrapper relative\" id=\"slider-723558058\" >\n    <div class=\"slider slider-nav-circle slider-nav-normal slider-nav-light slider-style-normal\"\n        data-flickity-options='{\n            \"cellAlign\": \"center\",\n            \"imagesLoaded\": true,\n            \"lazyLoad\": 1,\n            \"freeScroll\": true,\n            \"wrapAround\": true,\n            \"autoPlay\": 6000,\n            \"pauseAutoPlayOnHover\" : true,\n            \"prevNextButtons\": false,\n            \"contain\" : true,\n            \"adaptiveHeight\" : true,\n            \"dragThreshold\" : 10,\n            \"percentPosition\": true,\n            \"pageDots\": false,\n            \"rightToLeft\": false,\n            \"draggable\": true,\n            \"selectedAttraction\": 0.1,\n            \"parallax\" : 0,\n            \"friction\": 0.6        }'\n        >\n        \n\n  <div class=\"banner has-hover\" id=\"banner-280318237\">\n          <div class=\"banner-inner fill\">\n        <div class=\"banner-bg fill\" >\n            <img loading=\"lazy\" decoding=\"async\" width=\"970\" height=\"250\" src=\"https:\/\/www.acerosmetal.com\/wp-content\/uploads\/2019\/02\/slider-2.jpg\" class=\"bg attachment-original size-original\" alt=\"stainless steel treatment\" \/>                                    \n                    <\/div>\n\t\t\n        <div class=\"banner-layers container\">\n            <div class=\"fill banner-link\"><\/div>            \n   <div id=\"text-box-579774396\" class=\"text-box banner-layer x50 md-x50 lg-x50 y50 md-y50 lg-y50 res-text\">\n                                <div class=\"text-box-content text dark\">\n              \n              <div class=\"text-inner text-center\">\n                  \n              <\/div>\n           <\/div>\n                            \n<style>\n#text-box-579774396 {\n  width: 60%;\n}\n#text-box-579774396 .text-box-content {\n  font-size: 100%;\n}\n@media (min-width:550px) {\n  #text-box-579774396 {\n    width: 60%;\n  }\n}\n<\/style>\n    <\/div>\n \n        <\/div>\n      <\/div>\n\n            \n<style>\n#banner-280318237 {\n  padding-top: 250px;\n}\n<\/style>\n  <\/div>\n\n\n\n  <div class=\"banner has-hover\" id=\"banner-761590801\">\n          <div class=\"banner-inner fill\">\n        <div class=\"banner-bg fill\" >\n            <img loading=\"lazy\" decoding=\"async\" width=\"970\" height=\"250\" src=\"https:\/\/www.acerosmetal.com\/wp-content\/uploads\/2019\/02\/slider-3.jpg\" class=\"bg attachment-original size-original\" alt=\"metal treatment\" \/>                                    \n                    <\/div>\n\t\t\n        <div class=\"banner-layers container\">\n            <div class=\"fill banner-link\"><\/div>            \n   <div id=\"text-box-1800150135\" class=\"text-box banner-layer x50 md-x50 lg-x50 y50 md-y50 lg-y50 res-text\">\n                                <div class=\"text-box-content text dark\">\n              \n              <div class=\"text-inner text-center\">\n                  \n              <\/div>\n           <\/div>\n                            \n<style>\n#text-box-1800150135 {\n  width: 60%;\n}\n#text-box-1800150135 .text-box-content {\n  font-size: 100%;\n}\n@media (min-width:550px) {\n  #text-box-1800150135 {\n    width: 60%;\n  }\n}\n<\/style>\n    <\/div>\n \n        <\/div>\n      <\/div>\n\n            \n<style>\n#banner-761590801 {\n  padding-top: 250px;\n}\n<\/style>\n  <\/div>\n\n\n\n  <div class=\"banner has-hover\" id=\"banner-292710177\">\n          <div class=\"banner-inner fill\">\n        <div class=\"banner-bg fill\" >\n            <img loading=\"lazy\" decoding=\"async\" width=\"970\" height=\"250\" src=\"https:\/\/www.acerosmetal.com\/wp-content\/uploads\/2019\/03\/slider-advice-5.jpg\" class=\"bg attachment-original size-original\" alt=\"\" \/>                                    \n                    <\/div>\n\t\t\n        <div class=\"banner-layers container\">\n            <div class=\"fill banner-link\"><\/div>            \n   <div id=\"text-box-1739177554\" class=\"text-box banner-layer x50 md-x50 lg-x50 y50 md-y50 lg-y50 res-text\">\n                                <div class=\"text-box-content text dark\">\n              \n              <div class=\"text-inner text-center\">\n                  \n              <\/div>\n           <\/div>\n                            \n<style>\n#text-box-1739177554 {\n  width: 60%;\n}\n#text-box-1739177554 .text-box-content {\n  font-size: 100%;\n}\n@media (min-width:550px) {\n  #text-box-1739177554 {\n    width: 60%;\n  }\n}\n<\/style>\n    <\/div>\n \n        <\/div>\n      <\/div>\n\n            \n<style>\n#banner-292710177 {\n  padding-top: 250px;\n}\n<\/style>\n  <\/div>\n\n\n     <\/div>\n\n     <div class=\"loading-spin dark large centered\"><\/div>\n\n\t<\/div>\n\n\n<div class=\"row\"  id=\"row-1234152472\">\n\n\t<div id=\"col-1893523029\" class=\"col medium-8 small-12 large-8\"  >\n\t\t\t\t<div class=\"col-inner\"  >\n\t\t\t\n\t\t\t\n<h1>Consejo para la limpieza de acero inoxidable por especialistas<\/h1>\n<p>Aceros Metal colabora con especialistas en el tratamiento de superficies de metales no ferrosos y el mantenimiento y limpieza de acero inoxidable. Por lo tanto, somos perfectamente capaces de analizar sus problemas. Como resultado de este an\u00e1lisis damos un asesoramiento eficaz.<\/p>\n<h2>Concepto para el cuidado de acero inoxidable<\/h2>\n<p>Metales no ferrosos no est\u00e1n libres de mantenimiento. Sin mantenimiento, la condici\u00f3n de los metales no ferrosos se van a deteriorar. Metal en mal estado es susceptible a la corrosi\u00f3n r\u00e1pida.<\/p>\n<p>El incumplimiento de mantenimiento de acero inoxidable se traduce en costos. Sus superficies de metal deben ser reemplazados o reparados m\u00e1s r\u00e1pida.<\/p>\n<p>Aceros Metal Treatment le ofrece un concepto total para el mantenimiento de su metal no ferroso. Basado en el an\u00e1lisis de expertos y una correcta aplicaci\u00f3n de nuestros productos sigue siendo el metal permanente en las mejores condiciones.<\/p>\n<p>P\u00f3ngase <a href=\"\/es\/es\/contacto\">en contacto<\/a> con nosotros para las posibilidades, sin compromiso!<\/p>\n\t\t<\/div>\n\t\t\t\t\t<\/div>\n\n\t\n\n\t<div id=\"col-1422641495\" class=\"col medium-4 small-12 large-4\"  >\n\t\t\t\t<div class=\"col-inner\"  >\n\t\t\t\n\t\t\t\n\n  <div class=\"banner has-hover\" id=\"banner-979255335\">\n          <div class=\"banner-inner fill\">\n        <div class=\"banner-bg fill\" >\n            <img loading=\"lazy\" decoding=\"async\" width=\"250\" height=\"150\" src=\"https:\/\/www.acerosmetal.com\/wp-content\/uploads\/2019\/03\/advice-rust-removing.jpg\" class=\"bg attachment-original size-original\" alt=\"removing rust\" \/>                                    \n                    <\/div>\n\t\t\n        <div class=\"banner-layers container\">\n            <div class=\"fill banner-link\"><\/div>            \n   <div id=\"text-box-1646990052\" class=\"text-box banner-layer x50 md-x50 lg-x50 y50 md-y50 lg-y50 res-text\">\n                                <div class=\"text-box-content text dark\">\n              \n              <div class=\"text-inner text-center\">\n                  \n              <\/div>\n           <\/div>\n                            \n<style>\n#text-box-1646990052 {\n  width: 60%;\n}\n#text-box-1646990052 .text-box-content {\n  font-size: 100%;\n}\n@media (min-width:550px) {\n  #text-box-1646990052 {\n    width: 60%;\n  }\n}\n<\/style>\n    <\/div>\n \n        <\/div>\n      <\/div>\n\n            \n<style>\n#banner-979255335 {\n  padding-top: 50%;\n}\n<\/style>\n  <\/div>\n\n\n<a href=\"https:\/\/www.acerosmetal.com\/es\/contacto\" class=\"button secondary expand\" >\n\t\t<span>Pedir una cotizaci\u00f3n<\/span>\n\t<i class=\"icon-angle-right\" aria-hidden=\"true\"><\/i><\/a>\n\n\t\t<\/div>\n\t\t\t\t\t<\/div>\n\n\t\n<\/div>\n","protected":false},"excerpt":{"rendered":"","protected":false},"author":3,"featured_media":0,"parent":0,"menu_order":0,"comment_status":"closed","ping_status":"closed","template":"","meta":{"footnotes":""},"class_list":["post-1970","page","type-page","status-publish","hentry"],"yoast_head":"<!-- This site is optimized with the Yoast SEO plugin v26.3 - https:\/\/yoast.com\/wordpress\/plugins\/seo\/ -->\n<title>Quitar herrumbre y manchas del \u00f3xido de acero inoxidable y otros metales<\/title>\n<meta name=\"description\" content=\"Aceros Metal Treatment es un especialista en limpieza y mantenimiento de metales no ferrosos\" \/>\n<meta name=\"robots\" content=\"index, follow, max-snippet:-1, max-image-preview:large, max-video-preview:-1\" \/>\n<link rel=\"canonical\" href=\"https:\/\/www.acerosmetal.com\/es\/asesoramiento\" \/>\n<meta property=\"og:locale\" content=\"es_ES\" \/>\n<meta property=\"og:type\" content=\"article\" \/>\n<meta property=\"og:title\" content=\"Quitar herrumbre y manchas del \u00f3xido de acero inoxidable y otros metales\" \/>\n<meta property=\"og:description\" content=\"Aceros Metal Treatment es un especialista en limpieza y mantenimiento de metales no ferrosos\" \/>\n<meta property=\"og:url\" content=\"https:\/\/www.acerosmetal.com\/es\/asesoramiento\" \/>\n<meta property=\"og:site_name\" content=\"Aceros Metal Treatment\" \/>\n<meta property=\"article:modified_time\" content=\"2019-03-02T21:28:02+00:00\" \/>\n<meta name=\"twitter:card\" content=\"summary_large_image\" \/>\n<meta name=\"twitter:label1\" content=\"Tiempo de lectura\" \/>\n\t<meta name=\"twitter:data1\" content=\"1 minuto\" \/>\n<script type=\"application\/ld+json\" class=\"yoast-schema-graph\">{\"@context\":\"https:\/\/schema.org\",\"@graph\":[{\"@type\":\"WebPage\",\"@id\":\"https:\/\/www.acerosmetal.com\/es\/asesoramiento\",\"url\":\"https:\/\/www.acerosmetal.com\/es\/asesoramiento\",\"name\":\"Quitar herrumbre y manchas del \u00f3xido de acero inoxidable y otros metales\",\"isPartOf\":{\"@id\":\"https:\/\/www.acerosmetal.com\/es#website\"},\"datePublished\":\"2019-03-02T21:00:28+00:00\",\"dateModified\":\"2019-03-02T21:28:02+00:00\",\"description\":\"Aceros Metal Treatment es un especialista en limpieza y mantenimiento de metales no ferrosos\",\"breadcrumb\":{\"@id\":\"https:\/\/www.acerosmetal.com\/es\/asesoramiento#breadcrumb\"},\"inLanguage\":\"es\",\"potentialAction\":[{\"@type\":\"ReadAction\",\"target\":[\"https:\/\/www.acerosmetal.com\/es\/asesoramiento\"]}]},{\"@type\":\"BreadcrumbList\",\"@id\":\"https:\/\/www.acerosmetal.com\/es\/asesoramiento#breadcrumb\",\"itemListElement\":[{\"@type\":\"ListItem\",\"position\":1,\"name\":\"Home\",\"item\":\"https:\/\/www.acerosmetal.com\/es\"},{\"@type\":\"ListItem\",\"position\":2,\"name\":\"Asesoramiento\"}]},{\"@type\":\"WebSite\",\"@id\":\"https:\/\/www.acerosmetal.com\/es#website\",\"url\":\"https:\/\/www.acerosmetal.com\/es\",\"name\":\"Aceros Metal Treatment\",\"description\":\"\",\"potentialAction\":[{\"@type\":\"SearchAction\",\"target\":{\"@type\":\"EntryPoint\",\"urlTemplate\":\"https:\/\/www.acerosmetal.com\/es?s={search_term_string}\"},\"query-input\":{\"@type\":\"PropertyValueSpecification\",\"valueRequired\":true,\"valueName\":\"search_term_string\"}}],\"inLanguage\":\"es\"}]}<\/script>\n<!-- \/ Yoast SEO plugin. -->","yoast_head_json":{"title":"Quitar herrumbre y manchas del \u00f3xido de acero inoxidable y otros metales","description":"Aceros Metal Treatment es un especialista en limpieza y mantenimiento de metales no ferrosos","robots":{"index":"index","follow":"follow","max-snippet":"max-snippet:-1","max-image-preview":"max-image-preview:large","max-video-preview":"max-video-preview:-1"},"canonical":"https:\/\/www.acerosmetal.com\/es\/asesoramiento","og_locale":"es_ES","og_type":"article","og_title":"Quitar herrumbre y manchas del \u00f3xido de acero inoxidable y otros metales","og_description":"Aceros Metal Treatment es un especialista en limpieza y mantenimiento de metales no ferrosos","og_url":"https:\/\/www.acerosmetal.com\/es\/asesoramiento","og_site_name":"Aceros Metal Treatment","article_modified_time":"2019-03-02T21:28:02+00:00","twitter_card":"summary_large_image","twitter_misc":{"Tiempo de lectura":"1 minuto"},"schema":{"@context":"https:\/\/schema.org","@graph":[{"@type":"WebPage","@id":"https:\/\/www.acerosmetal.com\/es\/asesoramiento","url":"https:\/\/www.acerosmetal.com\/es\/asesoramiento","name":"Quitar herrumbre y manchas del \u00f3xido de acero inoxidable y otros metales","isPartOf":{"@id":"https:\/\/www.acerosmetal.com\/es#website"},"datePublished":"2019-03-02T21:00:28+00:00","dateModified":"2019-03-02T21:28:02+00:00","description":"Aceros Metal Treatment es un especialista en limpieza y mantenimiento de metales no ferrosos","breadcrumb":{"@id":"https:\/\/www.acerosmetal.com\/es\/asesoramiento#breadcrumb"},"inLanguage":"es","potentialAction":[{"@type":"ReadAction","target":["https:\/\/www.acerosmetal.com\/es\/asesoramiento"]}]},{"@type":"BreadcrumbList","@id":"https:\/\/www.acerosmetal.com\/es\/asesoramiento#breadcrumb","itemListElement":[{"@type":"ListItem","position":1,"name":"Home","item":"https:\/\/www.acerosmetal.com\/es"},{"@type":"ListItem","position":2,"name":"Asesoramiento"}]},{"@type":"WebSite","@id":"https:\/\/www.acerosmetal.com\/es#website","url":"https:\/\/www.acerosmetal.com\/es","name":"Aceros Metal Treatment","description":"","potentialAction":[{"@type":"SearchAction","target":{"@type":"EntryPoint","urlTemplate":"https:\/\/www.acerosmetal.com\/es?s={search_term_string}"},"query-input":{"@type":"PropertyValueSpecification","valueRequired":true,"valueName":"search_term_string"}}],"inLanguage":"es"}]}},"_links":{"self":[{"href":"https:\/\/www.acerosmetal.com\/es\/wp-json\/wp\/v2\/pages\/1970","targetHints":{"allow":["GET"]}}],"collection":[{"href":"https:\/\/www.acerosmetal.com\/es\/wp-json\/wp\/v2\/pages"}],"about":[{"href":"https:\/\/www.acerosmetal.com\/es\/wp-json\/wp\/v2\/types\/page"}],"author":[{"embeddable":true,"href":"https:\/\/www.acerosmetal.com\/es\/wp-json\/wp\/v2\/users\/3"}],"replies":[{"embeddable":true,"href":"https:\/\/www.acerosmetal.com\/es\/wp-json\/wp\/v2\/comments?post=1970"}],"version-history":[{"count":3,"href":"https:\/\/www.acerosmetal.com\/es\/wp-json\/wp\/v2\/pages\/1970\/revisions"}],"predecessor-version":[{"id":1992,"href":"https:\/\/www.acerosmetal.com\/es\/wp-json\/wp\/v2\/pages\/1970\/revisions\/1992"}],"wp:attachment":[{"href":"https:\/\/www.acerosmetal.com\/es\/wp-json\/wp\/v2\/media?parent=1970"}],"curies":[{"name":"wp","href":"https:\/\/api.w.org\/{rel}","templated":true}]}}