{"id":1862,"date":"2019-02-16T21:18:22","date_gmt":"2019-02-16T20:18:22","guid":{"rendered":"https:\/\/www.acerosmetal.com\/home"},"modified":"2019-03-15T15:05:21","modified_gmt":"2019-03-15T14:05:21","slug":"home","status":"publish","type":"page","link":"https:\/\/www.acerosmetal.com\/es","title":{"rendered":"Home"},"content":{"rendered":"<div class=\"slider-wrapper relative\" id=\"slider-1401989324\" >\n    <div class=\"slider slider-nav-circle slider-nav-normal slider-nav-light slider-style-normal\"\n        data-flickity-options='{\n            \"cellAlign\": \"center\",\n            \"imagesLoaded\": true,\n            \"lazyLoad\": 1,\n            \"freeScroll\": true,\n            \"wrapAround\": true,\n            \"autoPlay\": 6000,\n            \"pauseAutoPlayOnHover\" : true,\n            \"prevNextButtons\": false,\n            \"contain\" : true,\n            \"adaptiveHeight\" : true,\n            \"dragThreshold\" : 10,\n            \"percentPosition\": true,\n            \"pageDots\": false,\n            \"rightToLeft\": false,\n            \"draggable\": true,\n            \"selectedAttraction\": 0.1,\n            \"parallax\" : 0,\n            \"friction\": 0.6        }'\n        >\n        \n\n  <div class=\"banner has-hover\" id=\"banner-660038304\">\n          <div class=\"banner-inner fill\">\n        <div class=\"banner-bg fill\" >\n            <img loading=\"lazy\" decoding=\"async\" width=\"970\" height=\"250\" src=\"https:\/\/www.acerosmetal.com\/wp-content\/uploads\/2019\/02\/slider-3.jpg\" class=\"bg attachment-original size-original\" alt=\"metal treatment\" \/>                                    \n                    <\/div>\n\t\t\n        <div class=\"banner-layers container\">\n            <div class=\"fill banner-link\"><\/div>            \n   <div id=\"text-box-1099843558\" class=\"text-box banner-layer x50 md-x50 lg-x50 y50 md-y50 lg-y50 res-text\">\n                                <div class=\"text-box-content text dark\">\n              \n              <div class=\"text-inner text-center\">\n                  \n              <\/div>\n           <\/div>\n                            \n<style>\n#text-box-1099843558 {\n  width: 60%;\n}\n#text-box-1099843558 .text-box-content {\n  font-size: 100%;\n}\n@media (min-width:550px) {\n  #text-box-1099843558 {\n    width: 60%;\n  }\n}\n<\/style>\n    <\/div>\n \n        <\/div>\n      <\/div>\n\n            \n<style>\n#banner-660038304 {\n  padding-top: 250px;\n}\n<\/style>\n  <\/div>\n\n\n\n  <div class=\"banner has-hover\" id=\"banner-2070431551\">\n          <div class=\"banner-inner fill\">\n        <div class=\"banner-bg fill\" >\n            <img loading=\"lazy\" decoding=\"async\" width=\"970\" height=\"250\" src=\"https:\/\/www.acerosmetal.com\/wp-content\/uploads\/2019\/02\/slider-1.jpg\" class=\"bg attachment-original size-original\" alt=\"\" \/>                                    \n                    <\/div>\n\t\t\n        <div class=\"banner-layers container\">\n            <div class=\"fill banner-link\"><\/div>            \n   <div id=\"text-box-446451088\" class=\"text-box banner-layer x50 md-x50 lg-x50 y50 md-y50 lg-y50 res-text\">\n                                <div class=\"text-box-content text dark\">\n              \n              <div class=\"text-inner text-center\">\n                  \n              <\/div>\n           <\/div>\n                            \n<style>\n#text-box-446451088 {\n  width: 60%;\n}\n#text-box-446451088 .text-box-content {\n  font-size: 100%;\n}\n@media (min-width:550px) {\n  #text-box-446451088 {\n    width: 60%;\n  }\n}\n<\/style>\n    <\/div>\n \n        <\/div>\n      <\/div>\n\n            \n<style>\n#banner-2070431551 {\n  padding-top: 250px;\n}\n<\/style>\n  <\/div>\n\n\n\n  <div class=\"banner has-hover\" id=\"banner-140600877\">\n          <div class=\"banner-inner fill\">\n        <div class=\"banner-bg fill\" >\n            <img loading=\"lazy\" decoding=\"async\" width=\"970\" height=\"250\" src=\"https:\/\/www.acerosmetal.com\/wp-content\/uploads\/2019\/02\/slider-2.jpg\" class=\"bg attachment-original size-original\" alt=\"stainless steel treatment\" \/>                                    \n                    <\/div>\n\t\t\n        <div class=\"banner-layers container\">\n            <div class=\"fill banner-link\"><\/div>            \n   <div id=\"text-box-1388470885\" class=\"text-box banner-layer x50 md-x50 lg-x50 y50 md-y50 lg-y50 res-text\">\n                                <div class=\"text-box-content text dark\">\n              \n              <div class=\"text-inner text-center\">\n                  \n              <\/div>\n           <\/div>\n                            \n<style>\n#text-box-1388470885 {\n  width: 60%;\n}\n#text-box-1388470885 .text-box-content {\n  font-size: 100%;\n}\n@media (min-width:550px) {\n  #text-box-1388470885 {\n    width: 60%;\n  }\n}\n<\/style>\n    <\/div>\n \n        <\/div>\n      <\/div>\n\n            \n<style>\n#banner-140600877 {\n  padding-top: 250px;\n}\n<\/style>\n  <\/div>\n\n\n     <\/div>\n\n     <div class=\"loading-spin dark large centered\"><\/div>\n\n\t<\/div>\n\n\n<div class=\"row row-small\"  id=\"row-1869210861\">\n\n\t<div id=\"col-1814384297\" class=\"col medium-8 small-12 large-8\"  >\n\t\t\t\t<div class=\"col-inner\" style=\"background-color:rgb(248, 248, 248);\" >\n\t\t\t\n\t\t\t\n<h1>Aceros Metal Treatment &#8211; Metal merece mantenimiento<\/h1>\n<p>Aceros Metal Treatment es un especialista en limpieza y mantenimiento de metales no ferrosos. Acero inoxidable se utiliza cada vez m\u00e1s en diversas industrias. Estos metales son resistentes a la abrasi\u00f3n y de bajo mantenimiento, pero ciertamente no son libres de mantenimiento!<\/p>\n<p>Limpieza y mantenimiento de su metal es de gran importancia. Mantenimiento frecuente prolongar\u00e1 la vida, evita problemas por la corrosi\u00f3n y asegura que el metal se ve bien est\u00e9ticamente.El campo de acero inoxidable o aluminio, Aceros Metal Treatment tiene todo en casa para mantener su metal en \u00f3ptimas condiciones.<\/p>\n<p>Aceros Metal Treatment tiene la soluci\u00f3n en casa para eliminar y prevenir la corrosi\u00f3n (herrumbre) y otros dep\u00f3sitos en metales no ferrosos. Lo hacemos a trav\u00e9s de:<\/p>\n<ul>\n<li>Una gama de productos para la limpieza y mantenimiento del acero inoxidable.<\/li>\n<li>Asesoramiento e investigaci\u00f3n por parte de especialistas.<\/li>\n<li>Nuestro propio servicio de limpieza.<\/li>\n<\/ul>\n<h2>Gama de productos \u00fanicos<\/h2>\n<p>Aceros Metal Treatment distribuye a nivel internacional productos de mantenimiento y limpieza para el acero inoxidable. Puede leer m\u00e1s sobre nuestros productos en nuestras p\u00e1ginas de productos, incluyendo la informaci\u00f3n sobre la manera de eliminar el \u00f3xido f\u00e1cilmente. <\/p>\n<h2>Asesoramiento e investigaci\u00f3n<\/h2>\n<p>Aceros Metal Treatment trabaja con especialistas en el campo del tratamiento de superficie de metales. Estos especialistas analizan su problema y dan asesoramiento experto sobre como solucionar el problema. Lea todo sobre nuestras capacidades en nuestra p\u00e1gina de consejos.<\/p>\n<h2>Servicio de Limpieza<\/h2>\n<p>Aparte de asesoramiento y productos exclusivos, tambi\u00e9n ofrecemos un servicio de limpieza. Aceros Metal Treatment tiene un equipo de trabajadores con experiencia y conocimiento disponible, que con gusto cuidan la limpieza de los proyectos se hagan a cargo. Adem\u00e1s, somos capaces de hacer la limpieza regular de su metal. Visite nuestra p\u00e1gina de servicio de limpieza o p\u00f3ngase en contacto con nosotros.<\/p>\n\t\t<\/div>\n\t\t\t\t\n<style>\n#col-1814384297 > .col-inner {\n  padding: 20px 19px 20px 20px;\n}\n<\/style>\n\t<\/div>\n\n\t\n\n\t<div id=\"col-747066478\" class=\"col medium-4 small-12 large-4\"  >\n\t\t\t\t<div class=\"col-inner text-left\"  >\n\t\t\t\n\t\t\t\n\n  <div class=\"banner has-hover\" id=\"banner-2021880887\">\n          <div class=\"banner-inner fill\">\n        <div class=\"banner-bg fill\" >\n            <img loading=\"lazy\" decoding=\"async\" width=\"692\" height=\"636\" src=\"https:\/\/www.acerosmetal.com\/wp-content\/uploads\/2017\/07\/starterkit-NL-100ML_NIEUW-2017.jpg\" class=\"bg attachment-large size-large\" alt=\"rvs reiniger, starterskit, spons\" \/>                                    \n                    <\/div>\n\t\t\n        <div class=\"banner-layers container\">\n            <div class=\"fill banner-link\"><\/div>            \n   <div id=\"text-box-1750844898\" class=\"text-box banner-layer x50 md-x50 lg-x50 y50 md-y50 lg-y50 res-text\">\n                                <div class=\"text-box-content text dark\">\n              \n              <div class=\"text-inner text-center\">\n                  \n              <\/div>\n           <\/div>\n                            \n<style>\n#text-box-1750844898 {\n  width: 60%;\n}\n#text-box-1750844898 .text-box-content {\n  font-size: 100%;\n}\n@media (min-width:550px) {\n  #text-box-1750844898 {\n    width: 60%;\n  }\n}\n<\/style>\n    <\/div>\n \n        <\/div>\n      <\/div>\n\n            \n<style>\n#banner-2021880887 {\n  padding-top: 50%;\n}\n<\/style>\n  <\/div>\n\n\n<a href=\"\/shop\/limpiadores-de-acero-inoxidable\/kit-de-inicio-de-acero-inoxidable\" class=\"button secondary expand\" >\n\t\t<span>Order a starter kit<\/span>\n\t<i class=\"icon-angle-right\" aria-hidden=\"true\"><\/i><\/a>\n\n\t<div id=\"gap-1093472725\" class=\"gap-element clearfix\" style=\"display:block; height:auto;\">\n\t\t\n<style>\n#gap-1093472725 {\n  padding-top: 15px;\n}\n<\/style>\n\t<\/div>\n\t\n\n  <div class=\"banner has-hover\" id=\"banner-141703034\">\n          <div class=\"banner-inner fill\">\n        <div class=\"banner-bg fill\" >\n            <img loading=\"lazy\" decoding=\"async\" width=\"250\" height=\"150\" src=\"https:\/\/www.acerosmetal.com\/wp-content\/uploads\/2019\/02\/contact.jpg\" class=\"bg attachment-large size-large\" alt=\"\" \/>                                    \n                    <\/div>\n\t\t\n        <div class=\"banner-layers container\">\n            <div class=\"fill banner-link\"><\/div>            \n   <div id=\"text-box-1972004729\" class=\"text-box banner-layer x50 md-x50 lg-x50 y50 md-y50 lg-y50 res-text\">\n                                <div class=\"text-box-content text dark\">\n              \n              <div class=\"text-inner text-center\">\n                  \n              <\/div>\n           <\/div>\n                            \n<style>\n#text-box-1972004729 {\n  width: 60%;\n}\n#text-box-1972004729 .text-box-content {\n  font-size: 100%;\n}\n@media (min-width:550px) {\n  #text-box-1972004729 {\n    width: 60%;\n  }\n}\n<\/style>\n    <\/div>\n \n        <\/div>\n      <\/div>\n\n            \n<style>\n#banner-141703034 {\n  padding-top: 50%;\n}\n<\/style>\n  <\/div>\n\n\n<a href=\"\/contacto\/\" class=\"button secondary expand\" >\n\t\t<span>Contacto<\/span>\n\t<i class=\"icon-angle-right\" aria-hidden=\"true\"><\/i><\/a>\n\n\t<div id=\"gap-1394134147\" class=\"gap-element clearfix\" style=\"display:block; height:auto;\">\n\t\t\n<style>\n#gap-1394134147 {\n  padding-top: 15px;\n}\n<\/style>\n\t<\/div>\n\t\n\n  <div class=\"banner has-hover\" id=\"banner-232011626\">\n          <div class=\"banner-inner fill\">\n        <div class=\"banner-bg fill\" >\n            <img loading=\"lazy\" decoding=\"async\" width=\"250\" height=\"150\" src=\"https:\/\/www.acerosmetal.com\/wp-content\/uploads\/2019\/02\/gallery.jpg\" class=\"bg attachment-large size-large\" alt=\"\" \/>                                    \n                    <\/div>\n\t\t\n        <div class=\"banner-layers container\">\n            <div class=\"fill banner-link\"><\/div>            \n   <div id=\"text-box-1947931002\" class=\"text-box banner-layer x50 md-x50 lg-x50 y50 md-y50 lg-y50 res-text\">\n                                <div class=\"text-box-content text dark\">\n              \n              <div class=\"text-inner text-center\">\n                  \n              <\/div>\n           <\/div>\n                            \n<style>\n#text-box-1947931002 {\n  width: 60%;\n}\n#text-box-1947931002 .text-box-content {\n  font-size: 100%;\n}\n@media (min-width:550px) {\n  #text-box-1947931002 {\n    width: 60%;\n  }\n}\n<\/style>\n    <\/div>\n \n        <\/div>\n      <\/div>\n\n            \n<style>\n#banner-232011626 {\n  padding-top: 50%;\n}\n<\/style>\n  <\/div>\n\n\n<a href=\"\/fotos-de-la-realidad\" class=\"button secondary expand\" >\n\t\t<span>Photogallery<\/span>\n\t<i class=\"icon-angle-right\" aria-hidden=\"true\"><\/i><\/a>\n\n\t\t<\/div>\n\t\t\t\t\t<\/div>\n\n\t\n<\/div>\n","protected":false},"excerpt":{"rendered":"","protected":false},"author":3,"featured_media":0,"parent":0,"menu_order":0,"comment_status":"closed","ping_status":"closed","template":"page-blank.php","meta":{"footnotes":""},"class_list":["post-1862","page","type-page","status-publish","hentry"],"yoast_head":"<!-- This site is optimized with the Yoast SEO plugin v26.3 - https:\/\/yoast.com\/wordpress\/plugins\/seo\/ -->\n<title>Quitar herrumbre y manchas del \u00f3xido de acero inoxidable y otros metales<\/title>\n<meta name=\"description\" content=\"Aceros Metal Treatment es un especialista en limpieza y mantenimiento de metales no ferrosos.\" \/>\n<meta name=\"robots\" content=\"index, follow, max-snippet:-1, max-image-preview:large, max-video-preview:-1\" \/>\n<link rel=\"canonical\" href=\"https:\/\/www.acerosmetal.com\/es\" \/>\n<meta property=\"og:locale\" content=\"es_ES\" \/>\n<meta property=\"og:type\" content=\"article\" \/>\n<meta property=\"og:title\" content=\"Quitar herrumbre y manchas del \u00f3xido de acero inoxidable y otros metales\" \/>\n<meta property=\"og:description\" content=\"Aceros Metal Treatment es un especialista en limpieza y mantenimiento de metales no ferrosos.\" \/>\n<meta property=\"og:url\" content=\"https:\/\/www.acerosmetal.com\/es\" \/>\n<meta property=\"og:site_name\" content=\"Aceros Metal Treatment\" \/>\n<meta property=\"article:modified_time\" content=\"2019-03-15T14:05:21+00:00\" \/>\n<meta name=\"twitter:card\" content=\"summary_large_image\" \/>\n<meta name=\"twitter:label1\" content=\"Tiempo de lectura\" \/>\n\t<meta name=\"twitter:data1\" content=\"3 minutos\" \/>\n<script type=\"application\/ld+json\" class=\"yoast-schema-graph\">{\"@context\":\"https:\/\/schema.org\",\"@graph\":[{\"@type\":\"WebPage\",\"@id\":\"https:\/\/www.acerosmetal.com\/es\",\"url\":\"https:\/\/www.acerosmetal.com\/es\",\"name\":\"Quitar herrumbre y manchas del \u00f3xido de acero inoxidable y otros metales\",\"isPartOf\":{\"@id\":\"https:\/\/www.acerosmetal.com\/es#website\"},\"datePublished\":\"2019-02-16T20:18:22+00:00\",\"dateModified\":\"2019-03-15T14:05:21+00:00\",\"description\":\"Aceros Metal Treatment es un especialista en limpieza y mantenimiento de metales no ferrosos.\",\"breadcrumb\":{\"@id\":\"https:\/\/www.acerosmetal.com\/es#breadcrumb\"},\"inLanguage\":\"es\",\"potentialAction\":[{\"@type\":\"ReadAction\",\"target\":[\"https:\/\/www.acerosmetal.com\/es\"]}]},{\"@type\":\"BreadcrumbList\",\"@id\":\"https:\/\/www.acerosmetal.com\/es#breadcrumb\",\"itemListElement\":[{\"@type\":\"ListItem\",\"position\":1,\"name\":\"Home\",\"item\":\"https:\/\/www.acerosmetal.com\/es\"},{\"@type\":\"ListItem\",\"position\":2,\"name\":\"Home\"}]},{\"@type\":\"WebSite\",\"@id\":\"https:\/\/www.acerosmetal.com\/es#website\",\"url\":\"https:\/\/www.acerosmetal.com\/es\",\"name\":\"Aceros Metal Treatment\",\"description\":\"\",\"potentialAction\":[{\"@type\":\"SearchAction\",\"target\":{\"@type\":\"EntryPoint\",\"urlTemplate\":\"https:\/\/www.acerosmetal.com\/es?s={search_term_string}\"},\"query-input\":{\"@type\":\"PropertyValueSpecification\",\"valueRequired\":true,\"valueName\":\"search_term_string\"}}],\"inLanguage\":\"es\"}]}<\/script>\n<!-- \/ Yoast SEO plugin. -->","yoast_head_json":{"title":"Quitar herrumbre y manchas del \u00f3xido de acero inoxidable y otros metales","description":"Aceros Metal Treatment es un especialista en limpieza y mantenimiento de metales no ferrosos.","robots":{"index":"index","follow":"follow","max-snippet":"max-snippet:-1","max-image-preview":"max-image-preview:large","max-video-preview":"max-video-preview:-1"},"canonical":"https:\/\/www.acerosmetal.com\/es","og_locale":"es_ES","og_type":"article","og_title":"Quitar herrumbre y manchas del \u00f3xido de acero inoxidable y otros metales","og_description":"Aceros Metal Treatment es un especialista en limpieza y mantenimiento de metales no ferrosos.","og_url":"https:\/\/www.acerosmetal.com\/es","og_site_name":"Aceros Metal Treatment","article_modified_time":"2019-03-15T14:05:21+00:00","twitter_card":"summary_large_image","twitter_misc":{"Tiempo de lectura":"3 minutos"},"schema":{"@context":"https:\/\/schema.org","@graph":[{"@type":"WebPage","@id":"https:\/\/www.acerosmetal.com\/es","url":"https:\/\/www.acerosmetal.com\/es","name":"Quitar herrumbre y manchas del \u00f3xido de acero inoxidable y otros metales","isPartOf":{"@id":"https:\/\/www.acerosmetal.com\/es#website"},"datePublished":"2019-02-16T20:18:22+00:00","dateModified":"2019-03-15T14:05:21+00:00","description":"Aceros Metal Treatment es un especialista en limpieza y mantenimiento de metales no ferrosos.","breadcrumb":{"@id":"https:\/\/www.acerosmetal.com\/es#breadcrumb"},"inLanguage":"es","potentialAction":[{"@type":"ReadAction","target":["https:\/\/www.acerosmetal.com\/es"]}]},{"@type":"BreadcrumbList","@id":"https:\/\/www.acerosmetal.com\/es#breadcrumb","itemListElement":[{"@type":"ListItem","position":1,"name":"Home","item":"https:\/\/www.acerosmetal.com\/es"},{"@type":"ListItem","position":2,"name":"Home"}]},{"@type":"WebSite","@id":"https:\/\/www.acerosmetal.com\/es#website","url":"https:\/\/www.acerosmetal.com\/es","name":"Aceros Metal Treatment","description":"","potentialAction":[{"@type":"SearchAction","target":{"@type":"EntryPoint","urlTemplate":"https:\/\/www.acerosmetal.com\/es?s={search_term_string}"},"query-input":{"@type":"PropertyValueSpecification","valueRequired":true,"valueName":"search_term_string"}}],"inLanguage":"es"}]}},"_links":{"self":[{"href":"https:\/\/www.acerosmetal.com\/es\/wp-json\/wp\/v2\/pages\/1862","targetHints":{"allow":["GET"]}}],"collection":[{"href":"https:\/\/www.acerosmetal.com\/es\/wp-json\/wp\/v2\/pages"}],"about":[{"href":"https:\/\/www.acerosmetal.com\/es\/wp-json\/wp\/v2\/types\/page"}],"author":[{"embeddable":true,"href":"https:\/\/www.acerosmetal.com\/es\/wp-json\/wp\/v2\/users\/3"}],"replies":[{"embeddable":true,"href":"https:\/\/www.acerosmetal.com\/es\/wp-json\/wp\/v2\/comments?post=1862"}],"version-history":[{"count":9,"href":"https:\/\/www.acerosmetal.com\/es\/wp-json\/wp\/v2\/pages\/1862\/revisions"}],"predecessor-version":[{"id":3251,"href":"https:\/\/www.acerosmetal.com\/es\/wp-json\/wp\/v2\/pages\/1862\/revisions\/3251"}],"wp:attachment":[{"href":"https:\/\/www.acerosmetal.com\/es\/wp-json\/wp\/v2\/media?parent=1862"}],"curies":[{"name":"wp","href":"https:\/\/api.w.org\/{rel}","templated":true}]}}