{"id":2836,"date":"2016-10-10T14:18:37","date_gmt":"2016-10-10T12:18:37","guid":{"rendered":"https:\/\/www.acerosmetal.com\/shop\/unkategorisiert\/edelstahl-reinigung-mit-innospray-b600"},"modified":"2023-01-09T20:42:43","modified_gmt":"2023-01-09T19:42:43","slug":"edelstahl-reinigung-mit-innospray-b600","status":"publish","type":"product","link":"https:\/\/www.acerosmetal.com\/de\/product\/edelstahl-reinigung-mit-innospray-b600","title":{"rendered":"Innospray B600\u00ae"},"content":{"rendered":"<h2>Edelstahl reinigung mit Innospray B600 \u00ae<\/h2>\n<p>Die Reinigung von Edelstahl ist leicht mit Innospray B600 \u00ae. Es ist ein gebrauchsfertiger Reiniger f\u00fcr wasserdichte Oberfl\u00e4chen. Er eignet sich hervorragend zum Entfernen von (Fett-)Flecken und Fingerabdr\u00fccken. Zuerst tragen Sie Innospray B600 \u00ae auf ein Mikrofasertuch auf und wischen dann den Edelstahl ab; es trocknet dann streifenfrei. Dieser Edelstahlreiniger ist einfach zu verwenden und eignet sich f\u00fcr die t\u00e4gliche Reinigung von wasserbest\u00e4ndigen Oberfl\u00e4chen wie Handl\u00e4ufe, Aufz\u00fcge, K\u00fcchen etc.<\/p>\n<p><iframe loading=\"lazy\" title=\"How to use Innospray B600\" width=\"1020\" height=\"574\" src=\"https:\/\/www.youtube.com\/embed\/3K0CaTbVOYg?feature=oembed\" frameborder=\"0\" allow=\"accelerometer; autoplay; encrypted-media; gyroscope; picture-in-picture\" allowfullscreen><\/iframe><\/p>\n<h3>Edelstahlreinigung mit Innospray B600 \u00ae<\/h3>\n<p>Da dieses Edelstahl-Spray so leicht zu verwenden ist, k\u00f6nnen Sie beispielsweise auf schnelle und einfache Weise die Armaturen in Ihrer K\u00fcche reinigen. Ob dies jetzt eine professionelle K\u00fcche oder nur die K\u00fcche in Ihrem Haus ist; Sie k\u00f6nnen durch das praktische Spray einfach die Edelstahl-Dunstabzugshaube oder Ihr Edelstahl-Kochfeld reinigen. So sorgen Sie daf\u00fcr, dass alles jederzeit frei von Fingerabdr\u00fccken und (Fett)Flecken ist.<\/p>\n<h4>Warum einzigartig?<\/h4>\n<p>Edelstahl-Reinigungsprodukte gibt es viele auf dem Markt. Was macht Innospray B600 \u00ae dann so einzigartig:<\/p>\n<ul>\n<li lang=\"de-DE\">\u00a0 \u00a0 \u00a0 \u00a0Innospray B600 \u00ae trocknet schnell und streifenfrei auf Edelstahl<\/li>\n<li lang=\"de-DE\">\u00a0 \u00a0 \u00a0 \u00a0Innospray B600 \u00ae entfernt Fingerabdr\u00fccke schnell und effektiv<\/li>\n<li lang=\"de-DE\">\u00a0 \u00a0 \u00a0 \u00a0Das Edelstahl-Spray Innospray B600 \u00ae ist leicht anzuwenden<\/li>\n<\/ul>\n","protected":false},"excerpt":{"rendered":"<ul>\n<li lang=\"de-DE\">\u00a0 \u00a0 \u00a0 \u00a0Innospray B600 \u00ae trocknet schnell und streifenfrei auf Edelstahl<\/li>\n<li lang=\"de-DE\">\u00a0 \u00a0 \u00a0 \u00a0Innospray B600 \u00ae entfernt Fingerabdr\u00fccke schnell und effektiv<\/li>\n<li lang=\"de-DE\">\u00a0 \u00a0 \u00a0 \u00a0Das Edelstahl-Spray Innospray B600 \u00ae ist leicht anzuwenden<\/li>\n<\/ul>\n","protected":false},"featured_media":1415,"comment_status":"open","ping_status":"closed","template":"","meta":[],"product_brand":[],"product_cat":[150],"product_tag":[],"class_list":{"0":"post-2836","1":"product","2":"type-product","3":"status-publish","4":"has-post-thumbnail","6":"product_cat-edelstahlreiniger","8":"first","9":"instock","10":"taxable","11":"shipping-taxable","12":"purchasable","13":"product-type-variable"},"yoast_head":"<!-- This site is optimized with the Yoast SEO plugin v26.3 - https:\/\/yoast.com\/wordpress\/plugins\/seo\/ -->\n<title>Innospray B600\u00ae - Aceros Metal Treatment<\/title>\n<meta name=\"robots\" content=\"index, follow, max-snippet:-1, max-image-preview:large, max-video-preview:-1\" \/>\n<link rel=\"canonical\" href=\"https:\/\/www.acerosmetal.com\/de\/product\/edelstahl-reinigung-mit-innospray-b600\" \/>\n<meta property=\"og:locale\" content=\"de_DE\" \/>\n<meta property=\"og:type\" content=\"article\" \/>\n<meta property=\"og:title\" content=\"Innospray B600\u00ae - Aceros Metal Treatment\" \/>\n<meta property=\"og:description\" content=\"\u00a0 \u00a0 \u00a0 \u00a0Innospray B600 \u00ae trocknet schnell und streifenfrei auf Edelstahl  \u00a0 \u00a0 \u00a0 \u00a0Innospray B600 \u00ae entfernt Fingerabdr\u00fccke schnell und effektiv  \u00a0 \u00a0 \u00a0 \u00a0Das Edelstahl-Spray Innospray B600 \u00ae ist leicht anzuwenden\" \/>\n<meta property=\"og:url\" content=\"https:\/\/www.acerosmetal.com\/de\/product\/edelstahl-reinigung-mit-innospray-b600\" \/>\n<meta property=\"og:site_name\" content=\"Aceros Metal Treatment\" \/>\n<meta property=\"article:modified_time\" content=\"2023-01-09T19:42:43+00:00\" \/>\n<meta property=\"og:image\" content=\"https:\/\/www.acerosmetal.com\/wp-content\/uploads\/2016\/10\/INNOSPRAY-B600.jpg\" \/>\n\t<meta property=\"og:image:width\" content=\"900\" \/>\n\t<meta property=\"og:image:height\" content=\"900\" \/>\n\t<meta property=\"og:image:type\" content=\"image\/jpeg\" \/>\n<meta name=\"twitter:card\" content=\"summary_large_image\" \/>\n<meta name=\"twitter:label1\" content=\"Gesch\u00e4tzte Lesezeit\" \/>\n\t<meta name=\"twitter:data1\" content=\"1\u00a0Minute\" \/>\n<script type=\"application\/ld+json\" class=\"yoast-schema-graph\">{\"@context\":\"https:\/\/schema.org\",\"@graph\":[{\"@type\":\"WebPage\",\"@id\":\"https:\/\/www.acerosmetal.com\/de\/product\/edelstahl-reinigung-mit-innospray-b600\",\"url\":\"https:\/\/www.acerosmetal.com\/de\/product\/edelstahl-reinigung-mit-innospray-b600\",\"name\":\"Innospray B600\u00ae - Aceros Metal Treatment\",\"isPartOf\":{\"@id\":\"https:\/\/www.acerosmetal.com\/de\/#website\"},\"primaryImageOfPage\":{\"@id\":\"https:\/\/www.acerosmetal.com\/de\/product\/edelstahl-reinigung-mit-innospray-b600#primaryimage\"},\"image\":{\"@id\":\"https:\/\/www.acerosmetal.com\/de\/product\/edelstahl-reinigung-mit-innospray-b600#primaryimage\"},\"thumbnailUrl\":\"https:\/\/www.acerosmetal.com\/wp-content\/uploads\/2016\/10\/INNOSPRAY-B600.jpg\",\"datePublished\":\"2016-10-10T12:18:37+00:00\",\"dateModified\":\"2023-01-09T19:42:43+00:00\",\"breadcrumb\":{\"@id\":\"https:\/\/www.acerosmetal.com\/de\/product\/edelstahl-reinigung-mit-innospray-b600#breadcrumb\"},\"inLanguage\":\"de\",\"potentialAction\":[{\"@type\":\"ReadAction\",\"target\":[\"https:\/\/www.acerosmetal.com\/de\/product\/edelstahl-reinigung-mit-innospray-b600\"]}]},{\"@type\":\"ImageObject\",\"inLanguage\":\"de\",\"@id\":\"https:\/\/www.acerosmetal.com\/de\/product\/edelstahl-reinigung-mit-innospray-b600#primaryimage\",\"url\":\"https:\/\/www.acerosmetal.com\/wp-content\/uploads\/2016\/10\/INNOSPRAY-B600.jpg\",\"contentUrl\":\"https:\/\/www.acerosmetal.com\/wp-content\/uploads\/2016\/10\/INNOSPRAY-B600.jpg\",\"width\":900,\"height\":900},{\"@type\":\"BreadcrumbList\",\"@id\":\"https:\/\/www.acerosmetal.com\/de\/product\/edelstahl-reinigung-mit-innospray-b600#breadcrumb\",\"itemListElement\":[{\"@type\":\"ListItem\",\"position\":1,\"name\":\"Home\",\"item\":\"https:\/\/www.acerosmetal.com\/de\"},{\"@type\":\"ListItem\",\"position\":2,\"name\":\"Shop\",\"item\":\"https:\/\/www.acerosmetal.com\/shop\"},{\"@type\":\"ListItem\",\"position\":3,\"name\":\"Innospray B600\u00ae\"}]},{\"@type\":\"WebSite\",\"@id\":\"https:\/\/www.acerosmetal.com\/de\/#website\",\"url\":\"https:\/\/www.acerosmetal.com\/de\/\",\"name\":\"Aceros Metal Treatment\",\"description\":\"\",\"potentialAction\":[{\"@type\":\"SearchAction\",\"target\":{\"@type\":\"EntryPoint\",\"urlTemplate\":\"https:\/\/www.acerosmetal.com\/de\/?s={search_term_string}\"},\"query-input\":{\"@type\":\"PropertyValueSpecification\",\"valueRequired\":true,\"valueName\":\"search_term_string\"}}],\"inLanguage\":\"de\"}]}<\/script>\n<!-- \/ Yoast SEO plugin. -->","yoast_head_json":{"title":"Innospray B600\u00ae - Aceros Metal Treatment","robots":{"index":"index","follow":"follow","max-snippet":"max-snippet:-1","max-image-preview":"max-image-preview:large","max-video-preview":"max-video-preview:-1"},"canonical":"https:\/\/www.acerosmetal.com\/de\/product\/edelstahl-reinigung-mit-innospray-b600","og_locale":"de_DE","og_type":"article","og_title":"Innospray B600\u00ae - Aceros Metal Treatment","og_description":"\u00a0 \u00a0 \u00a0 \u00a0Innospray B600 \u00ae trocknet schnell und streifenfrei auf Edelstahl  \u00a0 \u00a0 \u00a0 \u00a0Innospray B600 \u00ae entfernt Fingerabdr\u00fccke schnell und effektiv  \u00a0 \u00a0 \u00a0 \u00a0Das Edelstahl-Spray Innospray B600 \u00ae ist leicht anzuwenden","og_url":"https:\/\/www.acerosmetal.com\/de\/product\/edelstahl-reinigung-mit-innospray-b600","og_site_name":"Aceros Metal Treatment","article_modified_time":"2023-01-09T19:42:43+00:00","og_image":[{"width":900,"height":900,"url":"https:\/\/www.acerosmetal.com\/wp-content\/uploads\/2016\/10\/INNOSPRAY-B600.jpg","type":"image\/jpeg"}],"twitter_card":"summary_large_image","twitter_misc":{"Gesch\u00e4tzte Lesezeit":"1\u00a0Minute"},"schema":{"@context":"https:\/\/schema.org","@graph":[{"@type":"WebPage","@id":"https:\/\/www.acerosmetal.com\/de\/product\/edelstahl-reinigung-mit-innospray-b600","url":"https:\/\/www.acerosmetal.com\/de\/product\/edelstahl-reinigung-mit-innospray-b600","name":"Innospray B600\u00ae - Aceros Metal Treatment","isPartOf":{"@id":"https:\/\/www.acerosmetal.com\/de\/#website"},"primaryImageOfPage":{"@id":"https:\/\/www.acerosmetal.com\/de\/product\/edelstahl-reinigung-mit-innospray-b600#primaryimage"},"image":{"@id":"https:\/\/www.acerosmetal.com\/de\/product\/edelstahl-reinigung-mit-innospray-b600#primaryimage"},"thumbnailUrl":"https:\/\/www.acerosmetal.com\/wp-content\/uploads\/2016\/10\/INNOSPRAY-B600.jpg","datePublished":"2016-10-10T12:18:37+00:00","dateModified":"2023-01-09T19:42:43+00:00","breadcrumb":{"@id":"https:\/\/www.acerosmetal.com\/de\/product\/edelstahl-reinigung-mit-innospray-b600#breadcrumb"},"inLanguage":"de","potentialAction":[{"@type":"ReadAction","target":["https:\/\/www.acerosmetal.com\/de\/product\/edelstahl-reinigung-mit-innospray-b600"]}]},{"@type":"ImageObject","inLanguage":"de","@id":"https:\/\/www.acerosmetal.com\/de\/product\/edelstahl-reinigung-mit-innospray-b600#primaryimage","url":"https:\/\/www.acerosmetal.com\/wp-content\/uploads\/2016\/10\/INNOSPRAY-B600.jpg","contentUrl":"https:\/\/www.acerosmetal.com\/wp-content\/uploads\/2016\/10\/INNOSPRAY-B600.jpg","width":900,"height":900},{"@type":"BreadcrumbList","@id":"https:\/\/www.acerosmetal.com\/de\/product\/edelstahl-reinigung-mit-innospray-b600#breadcrumb","itemListElement":[{"@type":"ListItem","position":1,"name":"Home","item":"https:\/\/www.acerosmetal.com\/de"},{"@type":"ListItem","position":2,"name":"Shop","item":"https:\/\/www.acerosmetal.com\/shop"},{"@type":"ListItem","position":3,"name":"Innospray B600\u00ae"}]},{"@type":"WebSite","@id":"https:\/\/www.acerosmetal.com\/de\/#website","url":"https:\/\/www.acerosmetal.com\/de\/","name":"Aceros Metal Treatment","description":"","potentialAction":[{"@type":"SearchAction","target":{"@type":"EntryPoint","urlTemplate":"https:\/\/www.acerosmetal.com\/de\/?s={search_term_string}"},"query-input":{"@type":"PropertyValueSpecification","valueRequired":true,"valueName":"search_term_string"}}],"inLanguage":"de"}]}},"_links":{"self":[{"href":"https:\/\/www.acerosmetal.com\/de\/wp-json\/wp\/v2\/product\/2836","targetHints":{"allow":["GET"]}}],"collection":[{"href":"https:\/\/www.acerosmetal.com\/de\/wp-json\/wp\/v2\/product"}],"about":[{"href":"https:\/\/www.acerosmetal.com\/de\/wp-json\/wp\/v2\/types\/product"}],"replies":[{"embeddable":true,"href":"https:\/\/www.acerosmetal.com\/de\/wp-json\/wp\/v2\/comments?post=2836"}],"wp:featuredmedia":[{"embeddable":true,"href":"https:\/\/www.acerosmetal.com\/de\/wp-json\/wp\/v2\/media\/1415"}],"wp:attachment":[{"href":"https:\/\/www.acerosmetal.com\/de\/wp-json\/wp\/v2\/media?parent=2836"}],"wp:term":[{"taxonomy":"product_brand","embeddable":true,"href":"https:\/\/www.acerosmetal.com\/de\/wp-json\/wp\/v2\/product_brand?post=2836"},{"taxonomy":"product_cat","embeddable":true,"href":"https:\/\/www.acerosmetal.com\/de\/wp-json\/wp\/v2\/product_cat?post=2836"},{"taxonomy":"product_tag","embeddable":true,"href":"https:\/\/www.acerosmetal.com\/de\/wp-json\/wp\/v2\/product_tag?post=2836"}],"curies":[{"name":"wp","href":"https:\/\/api.w.org\/{rel}","templated":true}]}}