{"id":2833,"date":"2016-10-10T14:35:31","date_gmt":"2016-10-10T12:35:31","guid":{"rendered":"https:\/\/www.acerosmetal.com\/shop\/unkategorisiert\/edelstahl-mit-innopolish-b520-polieren"},"modified":"2023-01-09T20:41:42","modified_gmt":"2023-01-09T19:41:42","slug":"edelstahl-mit-innopolish-b520-polieren","status":"publish","type":"product","link":"https:\/\/www.acerosmetal.com\/de\/product\/edelstahl-mit-innopolish-b520-polieren","title":{"rendered":"Innopolish B520\u00ae"},"content":{"rendered":"<h2>Edelstahl mit Innopolish B520 \u00ae polieren<\/h2>\n<p>Innopolish B520 \u00ae ist ein fl\u00fcssiger Spezialreiniger, eine Metall-Politur. Innopolish B520 \u00ae eignet sich zur Reinigung kontaminierter und stumpfer Oberfl\u00e4chen. Geeignet f\u00fcr Edelstahl, Nickel, Kupfer, Bronze, Chrom und Aluminium. Holen Sie den Glanz mit Innopolish B520 \u00ae zur\u00fcck.<\/p>\n<p><iframe loading=\"lazy\" title=\"How to use Innopolish B520\" width=\"1020\" height=\"574\" src=\"https:\/\/www.youtube.com\/embed\/C5aa0qX9KpM?feature=oembed\" frameborder=\"0\" allow=\"accelerometer; autoplay; encrypted-media; gyroscope; picture-in-picture\" allowfullscreen><\/iframe><\/p>\n<h3>Edelstahl polieren und reinigen<\/h3>\n<p>M\u00f6chten Sie, dass Ihr Edelstahl wieder gl\u00e4nzt? Stumpfe Oberfl\u00e4chen strahlen nicht! Das Polieren von Edelstahl ist notwendig, um wieder wirklich gl\u00e4nzendes Metall zu haben. Dieser Prozess ist jetzt sehr einfach, durch die Fl\u00fcssig-Politur Aceros Metal Treatment. Nat\u00fcrlich steht unser Reinigungsdienst gern bereit, Ihnen bei den Oberfl\u00e4chen zu helfen, die Sie behandelt m\u00f6chten. Achten Sie darauf, dass Sie nach dem Polieren nicht vergessen, den Edelstahl zu pflegen.<\/p>\n<h2>Warum einzigartig?<\/h2>\n<p>Edelstahl-Reinigungsprodukte gibt es viele auf dem Markt. Warum Edelstahl dann mit Innopolish B520 \u00ae polieren?<\/p>\n<ul>\n<li>Starke Reinigungswirkung<\/li>\n<li>Sanft zum Material und zur Haut<\/li>\n<li>Sch\u00fcfzt die gereinigten Fl\u00e4chen<\/li>\n<li>F\u00fcr den Einsatz im Lebensmittelbereich geeignet<\/li>\n<li>Angenehmer Geruch<\/li>\n<\/ul>\n","protected":false},"excerpt":{"rendered":"<ul>\n<li>Starke Reinigungswirkung<\/li>\n<li>Sanft zum Material und zur Haut<\/li>\n<li>Sch\u00fcfzt die gereinigten Fl\u00e4chen<\/li>\n<li>F\u00fcr den Einsatz im Lebensmittelbereich geeignet<\/li>\n<li>Angenehmer Geruch<\/li>\n<\/ul>\n","protected":false},"featured_media":1420,"comment_status":"open","ping_status":"closed","template":"","meta":[],"product_brand":[],"product_cat":[150],"product_tag":[],"class_list":{"0":"post-2833","1":"product","2":"type-product","3":"status-publish","4":"has-post-thumbnail","6":"product_cat-edelstahlreiniger","8":"first","9":"instock","10":"taxable","11":"shipping-taxable","12":"purchasable","13":"product-type-variable"},"yoast_head":"<!-- This site is optimized with the Yoast SEO plugin v26.3 - https:\/\/yoast.com\/wordpress\/plugins\/seo\/ -->\n<title>Innopolish B520\u00ae - Aceros Metal Treatment<\/title>\n<meta name=\"description\" content=\"nnopolish B520 \u00ae ist ein fl\u00fcssiger Spezialreiniger, eine Metall-Politur. Innopolish B520 \u00ae eignet sich zur Reinigung kontaminierter und stumpfer Oberfl\u00e4chen.\" \/>\n<meta name=\"robots\" content=\"index, follow, max-snippet:-1, max-image-preview:large, max-video-preview:-1\" \/>\n<link rel=\"canonical\" href=\"https:\/\/www.acerosmetal.com\/de\/product\/edelstahl-mit-innopolish-b520-polieren\" \/>\n<meta property=\"og:locale\" content=\"de_DE\" \/>\n<meta property=\"og:type\" content=\"article\" \/>\n<meta property=\"og:title\" content=\"Innopolish B520\u00ae - Aceros Metal Treatment\" \/>\n<meta property=\"og:description\" content=\"nnopolish B520 \u00ae ist ein fl\u00fcssiger Spezialreiniger, eine Metall-Politur. Innopolish B520 \u00ae eignet sich zur Reinigung kontaminierter und stumpfer Oberfl\u00e4chen.\" \/>\n<meta property=\"og:url\" content=\"https:\/\/www.acerosmetal.com\/de\/product\/edelstahl-mit-innopolish-b520-polieren\" \/>\n<meta property=\"og:site_name\" content=\"Aceros Metal Treatment\" \/>\n<meta property=\"article:modified_time\" content=\"2023-01-09T19:41:42+00:00\" \/>\n<meta property=\"og:image\" content=\"https:\/\/www.acerosmetal.com\/wp-content\/uploads\/2016\/10\/INNOPOLISH-B520.jpg\" \/>\n\t<meta property=\"og:image:width\" content=\"900\" \/>\n\t<meta property=\"og:image:height\" content=\"900\" \/>\n\t<meta property=\"og:image:type\" content=\"image\/jpeg\" \/>\n<meta name=\"twitter:card\" content=\"summary_large_image\" \/>\n<meta name=\"twitter:label1\" content=\"Gesch\u00e4tzte Lesezeit\" \/>\n\t<meta name=\"twitter:data1\" content=\"1\u00a0Minute\" \/>\n<script type=\"application\/ld+json\" class=\"yoast-schema-graph\">{\"@context\":\"https:\/\/schema.org\",\"@graph\":[{\"@type\":\"WebPage\",\"@id\":\"https:\/\/www.acerosmetal.com\/de\/product\/edelstahl-mit-innopolish-b520-polieren\",\"url\":\"https:\/\/www.acerosmetal.com\/de\/product\/edelstahl-mit-innopolish-b520-polieren\",\"name\":\"Innopolish B520\u00ae - Aceros Metal Treatment\",\"isPartOf\":{\"@id\":\"https:\/\/www.acerosmetal.com\/de\/#website\"},\"primaryImageOfPage\":{\"@id\":\"https:\/\/www.acerosmetal.com\/de\/product\/edelstahl-mit-innopolish-b520-polieren#primaryimage\"},\"image\":{\"@id\":\"https:\/\/www.acerosmetal.com\/de\/product\/edelstahl-mit-innopolish-b520-polieren#primaryimage\"},\"thumbnailUrl\":\"https:\/\/www.acerosmetal.com\/wp-content\/uploads\/2016\/10\/INNOPOLISH-B520.jpg\",\"datePublished\":\"2016-10-10T12:35:31+00:00\",\"dateModified\":\"2023-01-09T19:41:42+00:00\",\"description\":\"nnopolish B520 \u00ae ist ein fl\u00fcssiger Spezialreiniger, eine Metall-Politur. Innopolish B520 \u00ae eignet sich zur Reinigung kontaminierter und stumpfer Oberfl\u00e4chen.\",\"breadcrumb\":{\"@id\":\"https:\/\/www.acerosmetal.com\/de\/product\/edelstahl-mit-innopolish-b520-polieren#breadcrumb\"},\"inLanguage\":\"de\",\"potentialAction\":[{\"@type\":\"ReadAction\",\"target\":[\"https:\/\/www.acerosmetal.com\/de\/product\/edelstahl-mit-innopolish-b520-polieren\"]}]},{\"@type\":\"ImageObject\",\"inLanguage\":\"de\",\"@id\":\"https:\/\/www.acerosmetal.com\/de\/product\/edelstahl-mit-innopolish-b520-polieren#primaryimage\",\"url\":\"https:\/\/www.acerosmetal.com\/wp-content\/uploads\/2016\/10\/INNOPOLISH-B520.jpg\",\"contentUrl\":\"https:\/\/www.acerosmetal.com\/wp-content\/uploads\/2016\/10\/INNOPOLISH-B520.jpg\",\"width\":900,\"height\":900},{\"@type\":\"BreadcrumbList\",\"@id\":\"https:\/\/www.acerosmetal.com\/de\/product\/edelstahl-mit-innopolish-b520-polieren#breadcrumb\",\"itemListElement\":[{\"@type\":\"ListItem\",\"position\":1,\"name\":\"Home\",\"item\":\"https:\/\/www.acerosmetal.com\/de\"},{\"@type\":\"ListItem\",\"position\":2,\"name\":\"Shop\",\"item\":\"https:\/\/www.acerosmetal.com\/shop\"},{\"@type\":\"ListItem\",\"position\":3,\"name\":\"Innopolish B520\u00ae\"}]},{\"@type\":\"WebSite\",\"@id\":\"https:\/\/www.acerosmetal.com\/de\/#website\",\"url\":\"https:\/\/www.acerosmetal.com\/de\/\",\"name\":\"Aceros Metal Treatment\",\"description\":\"\",\"potentialAction\":[{\"@type\":\"SearchAction\",\"target\":{\"@type\":\"EntryPoint\",\"urlTemplate\":\"https:\/\/www.acerosmetal.com\/de\/?s={search_term_string}\"},\"query-input\":{\"@type\":\"PropertyValueSpecification\",\"valueRequired\":true,\"valueName\":\"search_term_string\"}}],\"inLanguage\":\"de\"}]}<\/script>\n<!-- \/ Yoast SEO plugin. -->","yoast_head_json":{"title":"Innopolish B520\u00ae - Aceros Metal Treatment","description":"nnopolish B520 \u00ae ist ein fl\u00fcssiger Spezialreiniger, eine Metall-Politur. Innopolish B520 \u00ae eignet sich zur Reinigung kontaminierter und stumpfer Oberfl\u00e4chen.","robots":{"index":"index","follow":"follow","max-snippet":"max-snippet:-1","max-image-preview":"max-image-preview:large","max-video-preview":"max-video-preview:-1"},"canonical":"https:\/\/www.acerosmetal.com\/de\/product\/edelstahl-mit-innopolish-b520-polieren","og_locale":"de_DE","og_type":"article","og_title":"Innopolish B520\u00ae - Aceros Metal Treatment","og_description":"nnopolish B520 \u00ae ist ein fl\u00fcssiger Spezialreiniger, eine Metall-Politur. Innopolish B520 \u00ae eignet sich zur Reinigung kontaminierter und stumpfer Oberfl\u00e4chen.","og_url":"https:\/\/www.acerosmetal.com\/de\/product\/edelstahl-mit-innopolish-b520-polieren","og_site_name":"Aceros Metal Treatment","article_modified_time":"2023-01-09T19:41:42+00:00","og_image":[{"width":900,"height":900,"url":"https:\/\/www.acerosmetal.com\/wp-content\/uploads\/2016\/10\/INNOPOLISH-B520.jpg","type":"image\/jpeg"}],"twitter_card":"summary_large_image","twitter_misc":{"Gesch\u00e4tzte Lesezeit":"1\u00a0Minute"},"schema":{"@context":"https:\/\/schema.org","@graph":[{"@type":"WebPage","@id":"https:\/\/www.acerosmetal.com\/de\/product\/edelstahl-mit-innopolish-b520-polieren","url":"https:\/\/www.acerosmetal.com\/de\/product\/edelstahl-mit-innopolish-b520-polieren","name":"Innopolish B520\u00ae - Aceros Metal Treatment","isPartOf":{"@id":"https:\/\/www.acerosmetal.com\/de\/#website"},"primaryImageOfPage":{"@id":"https:\/\/www.acerosmetal.com\/de\/product\/edelstahl-mit-innopolish-b520-polieren#primaryimage"},"image":{"@id":"https:\/\/www.acerosmetal.com\/de\/product\/edelstahl-mit-innopolish-b520-polieren#primaryimage"},"thumbnailUrl":"https:\/\/www.acerosmetal.com\/wp-content\/uploads\/2016\/10\/INNOPOLISH-B520.jpg","datePublished":"2016-10-10T12:35:31+00:00","dateModified":"2023-01-09T19:41:42+00:00","description":"nnopolish B520 \u00ae ist ein fl\u00fcssiger Spezialreiniger, eine Metall-Politur. Innopolish B520 \u00ae eignet sich zur Reinigung kontaminierter und stumpfer Oberfl\u00e4chen.","breadcrumb":{"@id":"https:\/\/www.acerosmetal.com\/de\/product\/edelstahl-mit-innopolish-b520-polieren#breadcrumb"},"inLanguage":"de","potentialAction":[{"@type":"ReadAction","target":["https:\/\/www.acerosmetal.com\/de\/product\/edelstahl-mit-innopolish-b520-polieren"]}]},{"@type":"ImageObject","inLanguage":"de","@id":"https:\/\/www.acerosmetal.com\/de\/product\/edelstahl-mit-innopolish-b520-polieren#primaryimage","url":"https:\/\/www.acerosmetal.com\/wp-content\/uploads\/2016\/10\/INNOPOLISH-B520.jpg","contentUrl":"https:\/\/www.acerosmetal.com\/wp-content\/uploads\/2016\/10\/INNOPOLISH-B520.jpg","width":900,"height":900},{"@type":"BreadcrumbList","@id":"https:\/\/www.acerosmetal.com\/de\/product\/edelstahl-mit-innopolish-b520-polieren#breadcrumb","itemListElement":[{"@type":"ListItem","position":1,"name":"Home","item":"https:\/\/www.acerosmetal.com\/de"},{"@type":"ListItem","position":2,"name":"Shop","item":"https:\/\/www.acerosmetal.com\/shop"},{"@type":"ListItem","position":3,"name":"Innopolish B520\u00ae"}]},{"@type":"WebSite","@id":"https:\/\/www.acerosmetal.com\/de\/#website","url":"https:\/\/www.acerosmetal.com\/de\/","name":"Aceros Metal Treatment","description":"","potentialAction":[{"@type":"SearchAction","target":{"@type":"EntryPoint","urlTemplate":"https:\/\/www.acerosmetal.com\/de\/?s={search_term_string}"},"query-input":{"@type":"PropertyValueSpecification","valueRequired":true,"valueName":"search_term_string"}}],"inLanguage":"de"}]}},"_links":{"self":[{"href":"https:\/\/www.acerosmetal.com\/de\/wp-json\/wp\/v2\/product\/2833","targetHints":{"allow":["GET"]}}],"collection":[{"href":"https:\/\/www.acerosmetal.com\/de\/wp-json\/wp\/v2\/product"}],"about":[{"href":"https:\/\/www.acerosmetal.com\/de\/wp-json\/wp\/v2\/types\/product"}],"replies":[{"embeddable":true,"href":"https:\/\/www.acerosmetal.com\/de\/wp-json\/wp\/v2\/comments?post=2833"}],"wp:featuredmedia":[{"embeddable":true,"href":"https:\/\/www.acerosmetal.com\/de\/wp-json\/wp\/v2\/media\/1420"}],"wp:attachment":[{"href":"https:\/\/www.acerosmetal.com\/de\/wp-json\/wp\/v2\/media?parent=2833"}],"wp:term":[{"taxonomy":"product_brand","embeddable":true,"href":"https:\/\/www.acerosmetal.com\/de\/wp-json\/wp\/v2\/product_brand?post=2833"},{"taxonomy":"product_cat","embeddable":true,"href":"https:\/\/www.acerosmetal.com\/de\/wp-json\/wp\/v2\/product_cat?post=2833"},{"taxonomy":"product_tag","embeddable":true,"href":"https:\/\/www.acerosmetal.com\/de\/wp-json\/wp\/v2\/product_tag?post=2833"}],"curies":[{"name":"wp","href":"https:\/\/api.w.org\/{rel}","templated":true}]}}