{"id":2828,"date":"2016-10-10T14:54:57","date_gmt":"2016-10-10T12:54:57","guid":{"rendered":"https:\/\/www.acerosmetal.com\/shop\/unkategorisiert\/innogel-b450"},"modified":"2023-01-09T20:40:47","modified_gmt":"2023-01-09T19:40:47","slug":"innogel-b450","status":"publish","type":"product","link":"https:\/\/www.acerosmetal.com\/de\/product\/innogel-b450","title":{"rendered":"Innogel B450\u00ae"},"content":{"rendered":"<h2>Innogel B450 ist ein spezieller Edelstahlreiniger<\/h2>\n<p>Innogel B450 ist ein spezieller Reiniger f\u00fcr rostfreien Stahl, mit dem Rost einfach von rostfreiem Stahl entfernt werden kann. Innogel B450 ist ein benutzerfreundliches gr\u00fcnes Gel, das f\u00fcr die intensive Reinigung von kontaminierten Oberfl\u00e4chen mit Flugrost und anderen Rostflecken geeignet ist.<\/p>\n<p><iframe loading=\"lazy\" title=\"How to use Innogel B450\" width=\"1020\" height=\"574\" src=\"https:\/\/www.youtube.com\/embed\/0CwdwEnzFRQ?feature=oembed\" frameborder=\"0\" allow=\"accelerometer; autoplay; encrypted-media; gyroscope; picture-in-picture\" allowfullscreen><\/iframe><\/p>\n<p>Innogel B450 kann das Sandstrahlen und andere Metallbearbeitungen, die bis heute genutzt werden, ersetzen. All diese Methoden besitzen \u00f6kologische Nachteile. Durch die Benutzung von Innogel B540 vermeiden Sie die umweltsch\u00e4dlichen Nebenwirkungen der oben genannten Methoden. Au\u00dferdem ist das Gel einfach anzuwenden. Innogel B450 muss auf die Oberfl\u00e4che gesr\u00fcht werden und nach maximal 24 Stunden abgeweicht oder abgesp\u00fclt werden.<\/p>\n<p>Die Entfernung von Rost mit Innogel B450 ist m\u00fchelos und besitzt den Vorteil, dass schwierig zu reinigende Oberfl\u00e4chen einfacher sauber werden, weil keine mechanische Arbeit verrichtet werden muss. Das Gel muss auf die Oberfl\u00e4che aufgebracht werden und einwirken. Nach einer kurzen Zeit kann das Gel bereits abgesp\u00fclt werden. Rost und andere Kontaminationen werden dabei entfernt.<\/p>\n<h3>Was ist der Unterschied zwischen Innogel B450 und Innoshine B570?<\/h3>\n<p>Mit Innoshine B570 erreichen Sie dasselbe oder ein besseres Ergebnis, doch dazu ist Putzarbeit notwendig. Deshalb eignet sich Innogel B450 sehr f\u00fcr Oberfl\u00e4chen, bei denen die Benutzung von Innoshine B570 schwierig ist, beispielsweise auf schwierig zu erreichenden Oberfl\u00e4chen. Innogel B450 hat eine Einwirkungszeit von 4-24 Stunden, w\u00e4hrend mit Innoshine B570 sofort ein Ergebnis zu sehen ist.<\/p>\n<h2>Was macht Innogel B450 einzigartig?<\/h2>\n<p>Obwohl Innogel B450 zu den Beizmitteln z\u00e4hlt, ist es biologisch abbaubar und dadurch viel umweltfreundlicher als andere Beizmittel. Ungeachtet der biologischen Abbaubarkeit ist die Wirkung dieses Produktes sehr intensiv.<\/p>\n","protected":false},"excerpt":{"rendered":"<ul>\n<li>Sicher f\u00fcr Mensch und Umwelt<\/li>\n<li>Biologisch abbaubar<\/li>\n<li>Ideal f\u00fcr schwer zug\u00e4ngliche Teile<\/li>\n<li>Keine mechanische Arbeit<\/li>\n<li>Einfach zu bedienen<\/li>\n<\/ul>\n","protected":false},"featured_media":1425,"comment_status":"open","ping_status":"closed","template":"","meta":[],"product_brand":[],"product_cat":[150],"product_tag":[],"class_list":{"0":"post-2828","1":"product","2":"type-product","3":"status-publish","4":"has-post-thumbnail","6":"product_cat-edelstahlreiniger","8":"first","9":"instock","10":"taxable","11":"shipping-taxable","12":"purchasable","13":"product-type-variable","14":"has-default-attributes"},"yoast_head":"<!-- This site is optimized with the Yoast SEO plugin v26.3 - https:\/\/yoast.com\/wordpress\/plugins\/seo\/ -->\n<title>Innogel B450 ist ein spezieller Edelstahlreiniger<\/title>\n<meta name=\"description\" content=\"Innogel B450 ist ein spezieller Reiniger f\u00fcr rostfreien Stahl, mit dem Rost einfach von rostfreiem Stahl entfernt werden kann.\" \/>\n<meta name=\"robots\" content=\"index, follow, max-snippet:-1, max-image-preview:large, max-video-preview:-1\" \/>\n<link rel=\"canonical\" href=\"https:\/\/www.acerosmetal.com\/de\/product\/innogel-b450\" \/>\n<meta property=\"og:locale\" content=\"de_DE\" \/>\n<meta property=\"og:type\" content=\"article\" \/>\n<meta property=\"og:title\" content=\"Innogel B450 ist ein spezieller Edelstahlreiniger\" \/>\n<meta property=\"og:description\" content=\"Innogel B450 ist ein spezieller Reiniger f\u00fcr rostfreien Stahl, mit dem Rost einfach von rostfreiem Stahl entfernt werden kann.\" \/>\n<meta property=\"og:url\" content=\"https:\/\/www.acerosmetal.com\/de\/product\/innogel-b450\" \/>\n<meta property=\"og:site_name\" content=\"Aceros Metal Treatment\" \/>\n<meta property=\"article:modified_time\" content=\"2023-01-09T19:40:47+00:00\" \/>\n<meta property=\"og:image\" content=\"https:\/\/www.acerosmetal.com\/wp-content\/uploads\/2016\/10\/rvs-reiniger-innogel-B450.jpg\" \/>\n\t<meta property=\"og:image:width\" content=\"900\" \/>\n\t<meta property=\"og:image:height\" content=\"900\" \/>\n\t<meta property=\"og:image:type\" content=\"image\/jpeg\" \/>\n<meta name=\"twitter:card\" content=\"summary_large_image\" \/>\n<meta name=\"twitter:label1\" content=\"Gesch\u00e4tzte Lesezeit\" \/>\n\t<meta name=\"twitter:data1\" content=\"1\u00a0Minute\" \/>\n<script type=\"application\/ld+json\" class=\"yoast-schema-graph\">{\"@context\":\"https:\/\/schema.org\",\"@graph\":[{\"@type\":\"WebPage\",\"@id\":\"https:\/\/www.acerosmetal.com\/de\/product\/innogel-b450\",\"url\":\"https:\/\/www.acerosmetal.com\/de\/product\/innogel-b450\",\"name\":\"Innogel B450 ist ein spezieller Edelstahlreiniger\",\"isPartOf\":{\"@id\":\"https:\/\/www.acerosmetal.com\/de\/#website\"},\"primaryImageOfPage\":{\"@id\":\"https:\/\/www.acerosmetal.com\/de\/product\/innogel-b450#primaryimage\"},\"image\":{\"@id\":\"https:\/\/www.acerosmetal.com\/de\/product\/innogel-b450#primaryimage\"},\"thumbnailUrl\":\"https:\/\/www.acerosmetal.com\/wp-content\/uploads\/2016\/10\/rvs-reiniger-innogel-B450.jpg\",\"datePublished\":\"2016-10-10T12:54:57+00:00\",\"dateModified\":\"2023-01-09T19:40:47+00:00\",\"description\":\"Innogel B450 ist ein spezieller Reiniger f\u00fcr rostfreien Stahl, mit dem Rost einfach von rostfreiem Stahl entfernt werden kann.\",\"breadcrumb\":{\"@id\":\"https:\/\/www.acerosmetal.com\/de\/product\/innogel-b450#breadcrumb\"},\"inLanguage\":\"de\",\"potentialAction\":[{\"@type\":\"ReadAction\",\"target\":[\"https:\/\/www.acerosmetal.com\/de\/product\/innogel-b450\"]}]},{\"@type\":\"ImageObject\",\"inLanguage\":\"de\",\"@id\":\"https:\/\/www.acerosmetal.com\/de\/product\/innogel-b450#primaryimage\",\"url\":\"https:\/\/www.acerosmetal.com\/wp-content\/uploads\/2016\/10\/rvs-reiniger-innogel-B450.jpg\",\"contentUrl\":\"https:\/\/www.acerosmetal.com\/wp-content\/uploads\/2016\/10\/rvs-reiniger-innogel-B450.jpg\",\"width\":900,\"height\":900},{\"@type\":\"BreadcrumbList\",\"@id\":\"https:\/\/www.acerosmetal.com\/de\/product\/innogel-b450#breadcrumb\",\"itemListElement\":[{\"@type\":\"ListItem\",\"position\":1,\"name\":\"Home\",\"item\":\"https:\/\/www.acerosmetal.com\/de\"},{\"@type\":\"ListItem\",\"position\":2,\"name\":\"Shop\",\"item\":\"https:\/\/www.acerosmetal.com\/shop\"},{\"@type\":\"ListItem\",\"position\":3,\"name\":\"Innogel B450\u00ae\"}]},{\"@type\":\"WebSite\",\"@id\":\"https:\/\/www.acerosmetal.com\/de\/#website\",\"url\":\"https:\/\/www.acerosmetal.com\/de\/\",\"name\":\"Aceros Metal Treatment\",\"description\":\"\",\"potentialAction\":[{\"@type\":\"SearchAction\",\"target\":{\"@type\":\"EntryPoint\",\"urlTemplate\":\"https:\/\/www.acerosmetal.com\/de\/?s={search_term_string}\"},\"query-input\":{\"@type\":\"PropertyValueSpecification\",\"valueRequired\":true,\"valueName\":\"search_term_string\"}}],\"inLanguage\":\"de\"}]}<\/script>\n<!-- \/ Yoast SEO plugin. -->","yoast_head_json":{"title":"Innogel B450 ist ein spezieller Edelstahlreiniger","description":"Innogel B450 ist ein spezieller Reiniger f\u00fcr rostfreien Stahl, mit dem Rost einfach von rostfreiem Stahl entfernt werden kann.","robots":{"index":"index","follow":"follow","max-snippet":"max-snippet:-1","max-image-preview":"max-image-preview:large","max-video-preview":"max-video-preview:-1"},"canonical":"https:\/\/www.acerosmetal.com\/de\/product\/innogel-b450","og_locale":"de_DE","og_type":"article","og_title":"Innogel B450 ist ein spezieller Edelstahlreiniger","og_description":"Innogel B450 ist ein spezieller Reiniger f\u00fcr rostfreien Stahl, mit dem Rost einfach von rostfreiem Stahl entfernt werden kann.","og_url":"https:\/\/www.acerosmetal.com\/de\/product\/innogel-b450","og_site_name":"Aceros Metal Treatment","article_modified_time":"2023-01-09T19:40:47+00:00","og_image":[{"width":900,"height":900,"url":"https:\/\/www.acerosmetal.com\/wp-content\/uploads\/2016\/10\/rvs-reiniger-innogel-B450.jpg","type":"image\/jpeg"}],"twitter_card":"summary_large_image","twitter_misc":{"Gesch\u00e4tzte Lesezeit":"1\u00a0Minute"},"schema":{"@context":"https:\/\/schema.org","@graph":[{"@type":"WebPage","@id":"https:\/\/www.acerosmetal.com\/de\/product\/innogel-b450","url":"https:\/\/www.acerosmetal.com\/de\/product\/innogel-b450","name":"Innogel B450 ist ein spezieller Edelstahlreiniger","isPartOf":{"@id":"https:\/\/www.acerosmetal.com\/de\/#website"},"primaryImageOfPage":{"@id":"https:\/\/www.acerosmetal.com\/de\/product\/innogel-b450#primaryimage"},"image":{"@id":"https:\/\/www.acerosmetal.com\/de\/product\/innogel-b450#primaryimage"},"thumbnailUrl":"https:\/\/www.acerosmetal.com\/wp-content\/uploads\/2016\/10\/rvs-reiniger-innogel-B450.jpg","datePublished":"2016-10-10T12:54:57+00:00","dateModified":"2023-01-09T19:40:47+00:00","description":"Innogel B450 ist ein spezieller Reiniger f\u00fcr rostfreien Stahl, mit dem Rost einfach von rostfreiem Stahl entfernt werden kann.","breadcrumb":{"@id":"https:\/\/www.acerosmetal.com\/de\/product\/innogel-b450#breadcrumb"},"inLanguage":"de","potentialAction":[{"@type":"ReadAction","target":["https:\/\/www.acerosmetal.com\/de\/product\/innogel-b450"]}]},{"@type":"ImageObject","inLanguage":"de","@id":"https:\/\/www.acerosmetal.com\/de\/product\/innogel-b450#primaryimage","url":"https:\/\/www.acerosmetal.com\/wp-content\/uploads\/2016\/10\/rvs-reiniger-innogel-B450.jpg","contentUrl":"https:\/\/www.acerosmetal.com\/wp-content\/uploads\/2016\/10\/rvs-reiniger-innogel-B450.jpg","width":900,"height":900},{"@type":"BreadcrumbList","@id":"https:\/\/www.acerosmetal.com\/de\/product\/innogel-b450#breadcrumb","itemListElement":[{"@type":"ListItem","position":1,"name":"Home","item":"https:\/\/www.acerosmetal.com\/de"},{"@type":"ListItem","position":2,"name":"Shop","item":"https:\/\/www.acerosmetal.com\/shop"},{"@type":"ListItem","position":3,"name":"Innogel B450\u00ae"}]},{"@type":"WebSite","@id":"https:\/\/www.acerosmetal.com\/de\/#website","url":"https:\/\/www.acerosmetal.com\/de\/","name":"Aceros Metal Treatment","description":"","potentialAction":[{"@type":"SearchAction","target":{"@type":"EntryPoint","urlTemplate":"https:\/\/www.acerosmetal.com\/de\/?s={search_term_string}"},"query-input":{"@type":"PropertyValueSpecification","valueRequired":true,"valueName":"search_term_string"}}],"inLanguage":"de"}]}},"_links":{"self":[{"href":"https:\/\/www.acerosmetal.com\/de\/wp-json\/wp\/v2\/product\/2828","targetHints":{"allow":["GET"]}}],"collection":[{"href":"https:\/\/www.acerosmetal.com\/de\/wp-json\/wp\/v2\/product"}],"about":[{"href":"https:\/\/www.acerosmetal.com\/de\/wp-json\/wp\/v2\/types\/product"}],"replies":[{"embeddable":true,"href":"https:\/\/www.acerosmetal.com\/de\/wp-json\/wp\/v2\/comments?post=2828"}],"wp:featuredmedia":[{"embeddable":true,"href":"https:\/\/www.acerosmetal.com\/de\/wp-json\/wp\/v2\/media\/1425"}],"wp:attachment":[{"href":"https:\/\/www.acerosmetal.com\/de\/wp-json\/wp\/v2\/media?parent=2828"}],"wp:term":[{"taxonomy":"product_brand","embeddable":true,"href":"https:\/\/www.acerosmetal.com\/de\/wp-json\/wp\/v2\/product_brand?post=2828"},{"taxonomy":"product_cat","embeddable":true,"href":"https:\/\/www.acerosmetal.com\/de\/wp-json\/wp\/v2\/product_cat?post=2828"},{"taxonomy":"product_tag","embeddable":true,"href":"https:\/\/www.acerosmetal.com\/de\/wp-json\/wp\/v2\/product_tag?post=2828"}],"curies":[{"name":"wp","href":"https:\/\/api.w.org\/{rel}","templated":true}]}}