{"id":2783,"date":"2016-10-10T13:24:31","date_gmt":"2016-10-10T11:24:31","guid":{"rendered":"https:\/\/www.acerosmetal.com\/shop\/unkategorisiert\/edelstahl-pflege-mit-innocare-b580"},"modified":"2026-01-06T13:26:03","modified_gmt":"2026-01-06T12:26:03","slug":"edelstahl-pflege-mit-innocare-b580","status":"publish","type":"product","link":"https:\/\/www.acerosmetal.com\/de\/product\/edelstahl-pflege-mit-innocare-b580","title":{"rendered":"Edelstahl-pflege mit Innocare B580 \u00ae"},"content":{"rendered":"<h2>Edelstahl-pflege mit Innocare B580 \u00ae<\/h2>\n<p>Innocare B580 \u00ae ist ein neutraler und milder Reiniger und sehr f\u00fcr die Edelstahlpflege geeignet.\u00a0 Neben der reinigenden Eigenschaften und dem Beseitigen von Oxiden und Verunreinigungen, wird dieses Produkt eine Schutzschicht im Nano-Ma\u00dfstab bilden, um m\u00f6glichst neue Korrosion zu verhindern. Innocare B580 \u00ae eignet sich f\u00fcr die t\u00e4gliche Pflege von leicht verschmutzten Fl\u00e4chen.<\/p>\n<p><iframe loading=\"lazy\" title=\"How to use Innoshine B570 and Innocare B580\" width=\"1020\" height=\"574\" src=\"https:\/\/www.youtube.com\/embed\/YqI3Y94Gy8c?feature=oembed\" frameborder=\"0\" allow=\"accelerometer; autoplay; clipboard-write; encrypted-media; gyroscope; picture-in-picture; web-share\" referrerpolicy=\"strict-origin-when-cross-origin\" allowfullscreen><\/iframe><\/p>\n<p>Bei stark verschmutzten Fl\u00e4chen oder Fl\u00e4chen mit (Flug-)Rost, empfehlen wir zuerst mit Innoshine B570 \u00ae zu s\u00e4ubern. Dar\u00fcber hinaus wird empfohlen, danach das Metall mit Innocare B580 \u00ae zu behandeln, das neben tiefen Reinigungseigenschaften, das Metall mit einer Schutzschicht im Nano-Ma\u00dfstab versieht.<\/p>\n<h2>Ein einzigartiger Edelstahlreiniger<\/h2>\n<p>Edelstahl-Reinigungsprodukte gibt es viele auf dem Markt. Was macht Innocare B580 \u00ae dann so einzigartig:<\/p>\n<ul>\n<li>Innocare B580 \u00ae sch\u00fctzt Edelstahl mit einer Nano-Schicht<\/li>\n<li>Der erforderliche Austausch von Sauerstoff wird durch Innocare B580 \u00ae\u00a0gef\u00f6rdert<\/li>\n<li>Durch regelm\u00e4\u00dfige Nutzung von Innocare B580 \u00ae hat Korrosionsbildung keine Chance<\/li>\n<li>Die Verwendung von Innocare B580 \u00ae ist einfach; das unterscheidet sich nicht von normalen Reinigungsmittel<\/li>\n<\/ul>\n","protected":false},"excerpt":{"rendered":"<ul>\n<li>Sch\u00fctzt Edelstahl mit einer Nano-Schicht<\/li>\n<li>Der erforderliche Austausch von Sauerstoff wird durch Innocare B580 \u00ae gef\u00f6rdert<\/li>\n<li>Durch regelm\u00e4\u00dfige Nutzung von Innocare B580 \u00ae hat Korrosionsbildung keine Chance<\/li>\n<li>Die Verwendung von Innocare B580 \u00ae ist einfach; das unterscheidet sich nicht von normalen Reinigungsmittel<\/li>\n<\/ul>\n","protected":false},"featured_media":1615,"comment_status":"open","ping_status":"closed","template":"","meta":[],"product_brand":[],"product_cat":[],"product_tag":[],"class_list":{"0":"post-2783","1":"product","2":"type-product","3":"status-publish","4":"has-post-thumbnail","7":"first","8":"instock","9":"taxable","10":"shipping-taxable","11":"purchasable","12":"product-type-variable","13":"has-default-attributes"},"yoast_head":"<!-- This site is optimized with the Yoast SEO plugin v26.3 - https:\/\/yoast.com\/wordpress\/plugins\/seo\/ -->\n<title>Edelstahl-pflege mit Innocare B580 \u00ae - Aceros Metal Treatment<\/title>\n<meta name=\"description\" content=\"Innocare B580 \u00ae ist ein neutraler und milder Reiniger und sehr f\u00fcr die Edelstahlpflege geeignet. Neben der reinigenden Eigenschaften und dem Beseitigen von Oxiden und Verunreinigungen, wird dieses Produkt eine Schutzschicht im Nano-Ma\u00dfstab bilden, um m\u00f6glichst neue Korrosion zu verhindern.\" \/>\n<meta name=\"robots\" content=\"index, follow, max-snippet:-1, max-image-preview:large, max-video-preview:-1\" \/>\n<link rel=\"canonical\" href=\"https:\/\/www.acerosmetal.com\/de\/product\/edelstahl-pflege-mit-innocare-b580\" \/>\n<meta property=\"og:locale\" content=\"de_DE\" \/>\n<meta property=\"og:type\" content=\"article\" \/>\n<meta property=\"og:title\" content=\"Edelstahl-pflege mit Innocare B580 \u00ae - Aceros Metal Treatment\" \/>\n<meta property=\"og:description\" content=\"Innocare B580 \u00ae ist ein neutraler und milder Reiniger und sehr f\u00fcr die Edelstahlpflege geeignet. Neben der reinigenden Eigenschaften und dem Beseitigen von Oxiden und Verunreinigungen, wird dieses Produkt eine Schutzschicht im Nano-Ma\u00dfstab bilden, um m\u00f6glichst neue Korrosion zu verhindern.\" \/>\n<meta property=\"og:url\" content=\"https:\/\/www.acerosmetal.com\/de\/product\/edelstahl-pflege-mit-innocare-b580\" \/>\n<meta property=\"og:site_name\" content=\"Aceros Metal Treatment\" \/>\n<meta property=\"article:modified_time\" content=\"2026-01-06T12:26:03+00:00\" \/>\n<meta property=\"og:image\" content=\"https:\/\/www.acerosmetal.com\/wp-content\/uploads\/2017\/07\/INNOCARE-B580-nieuw.jpg\" \/>\n\t<meta property=\"og:image:width\" content=\"900\" \/>\n\t<meta property=\"og:image:height\" content=\"900\" \/>\n\t<meta property=\"og:image:type\" content=\"image\/jpeg\" \/>\n<meta name=\"twitter:card\" content=\"summary_large_image\" \/>\n<meta name=\"twitter:label1\" content=\"Gesch\u00e4tzte Lesezeit\" \/>\n\t<meta name=\"twitter:data1\" content=\"2\u00a0Minuten\" \/>\n<script type=\"application\/ld+json\" class=\"yoast-schema-graph\">{\"@context\":\"https:\/\/schema.org\",\"@graph\":[{\"@type\":\"WebPage\",\"@id\":\"https:\/\/www.acerosmetal.com\/de\/product\/edelstahl-pflege-mit-innocare-b580\",\"url\":\"https:\/\/www.acerosmetal.com\/de\/product\/edelstahl-pflege-mit-innocare-b580\",\"name\":\"Edelstahl-pflege mit Innocare B580 \u00ae - Aceros Metal Treatment\",\"isPartOf\":{\"@id\":\"https:\/\/www.acerosmetal.com\/de\/#website\"},\"primaryImageOfPage\":{\"@id\":\"https:\/\/www.acerosmetal.com\/de\/product\/edelstahl-pflege-mit-innocare-b580#primaryimage\"},\"image\":{\"@id\":\"https:\/\/www.acerosmetal.com\/de\/product\/edelstahl-pflege-mit-innocare-b580#primaryimage\"},\"thumbnailUrl\":\"https:\/\/www.acerosmetal.com\/wp-content\/uploads\/2017\/07\/INNOCARE-B580-nieuw.jpg\",\"datePublished\":\"2016-10-10T11:24:31+00:00\",\"dateModified\":\"2026-01-06T12:26:03+00:00\",\"description\":\"Innocare B580 \u00ae ist ein neutraler und milder Reiniger und sehr f\u00fcr die Edelstahlpflege geeignet. Neben der reinigenden Eigenschaften und dem Beseitigen von Oxiden und Verunreinigungen, wird dieses Produkt eine Schutzschicht im Nano-Ma\u00dfstab bilden, um m\u00f6glichst neue Korrosion zu verhindern.\",\"breadcrumb\":{\"@id\":\"https:\/\/www.acerosmetal.com\/de\/product\/edelstahl-pflege-mit-innocare-b580#breadcrumb\"},\"inLanguage\":\"de\",\"potentialAction\":[{\"@type\":\"ReadAction\",\"target\":[\"https:\/\/www.acerosmetal.com\/de\/product\/edelstahl-pflege-mit-innocare-b580\"]}]},{\"@type\":\"ImageObject\",\"inLanguage\":\"de\",\"@id\":\"https:\/\/www.acerosmetal.com\/de\/product\/edelstahl-pflege-mit-innocare-b580#primaryimage\",\"url\":\"https:\/\/www.acerosmetal.com\/wp-content\/uploads\/2017\/07\/INNOCARE-B580-nieuw.jpg\",\"contentUrl\":\"https:\/\/www.acerosmetal.com\/wp-content\/uploads\/2017\/07\/INNOCARE-B580-nieuw.jpg\",\"width\":900,\"height\":900},{\"@type\":\"BreadcrumbList\",\"@id\":\"https:\/\/www.acerosmetal.com\/de\/product\/edelstahl-pflege-mit-innocare-b580#breadcrumb\",\"itemListElement\":[{\"@type\":\"ListItem\",\"position\":1,\"name\":\"Home\",\"item\":\"https:\/\/www.acerosmetal.com\/de\"},{\"@type\":\"ListItem\",\"position\":2,\"name\":\"Shop\",\"item\":\"https:\/\/www.acerosmetal.com\/shop\"},{\"@type\":\"ListItem\",\"position\":3,\"name\":\"Edelstahl-pflege mit Innocare B580 \u00ae\"}]},{\"@type\":\"WebSite\",\"@id\":\"https:\/\/www.acerosmetal.com\/de\/#website\",\"url\":\"https:\/\/www.acerosmetal.com\/de\/\",\"name\":\"Aceros Metal Treatment\",\"description\":\"\",\"potentialAction\":[{\"@type\":\"SearchAction\",\"target\":{\"@type\":\"EntryPoint\",\"urlTemplate\":\"https:\/\/www.acerosmetal.com\/de\/?s={search_term_string}\"},\"query-input\":{\"@type\":\"PropertyValueSpecification\",\"valueRequired\":true,\"valueName\":\"search_term_string\"}}],\"inLanguage\":\"de\"}]}<\/script>\n<!-- \/ Yoast SEO plugin. -->","yoast_head_json":{"title":"Edelstahl-pflege mit Innocare B580 \u00ae - Aceros Metal Treatment","description":"Innocare B580 \u00ae ist ein neutraler und milder Reiniger und sehr f\u00fcr die Edelstahlpflege geeignet. Neben der reinigenden Eigenschaften und dem Beseitigen von Oxiden und Verunreinigungen, wird dieses Produkt eine Schutzschicht im Nano-Ma\u00dfstab bilden, um m\u00f6glichst neue Korrosion zu verhindern.","robots":{"index":"index","follow":"follow","max-snippet":"max-snippet:-1","max-image-preview":"max-image-preview:large","max-video-preview":"max-video-preview:-1"},"canonical":"https:\/\/www.acerosmetal.com\/de\/product\/edelstahl-pflege-mit-innocare-b580","og_locale":"de_DE","og_type":"article","og_title":"Edelstahl-pflege mit Innocare B580 \u00ae - Aceros Metal Treatment","og_description":"Innocare B580 \u00ae ist ein neutraler und milder Reiniger und sehr f\u00fcr die Edelstahlpflege geeignet. Neben der reinigenden Eigenschaften und dem Beseitigen von Oxiden und Verunreinigungen, wird dieses Produkt eine Schutzschicht im Nano-Ma\u00dfstab bilden, um m\u00f6glichst neue Korrosion zu verhindern.","og_url":"https:\/\/www.acerosmetal.com\/de\/product\/edelstahl-pflege-mit-innocare-b580","og_site_name":"Aceros Metal Treatment","article_modified_time":"2026-01-06T12:26:03+00:00","og_image":[{"width":900,"height":900,"url":"https:\/\/www.acerosmetal.com\/wp-content\/uploads\/2017\/07\/INNOCARE-B580-nieuw.jpg","type":"image\/jpeg"}],"twitter_card":"summary_large_image","twitter_misc":{"Gesch\u00e4tzte Lesezeit":"2\u00a0Minuten"},"schema":{"@context":"https:\/\/schema.org","@graph":[{"@type":"WebPage","@id":"https:\/\/www.acerosmetal.com\/de\/product\/edelstahl-pflege-mit-innocare-b580","url":"https:\/\/www.acerosmetal.com\/de\/product\/edelstahl-pflege-mit-innocare-b580","name":"Edelstahl-pflege mit Innocare B580 \u00ae - Aceros Metal Treatment","isPartOf":{"@id":"https:\/\/www.acerosmetal.com\/de\/#website"},"primaryImageOfPage":{"@id":"https:\/\/www.acerosmetal.com\/de\/product\/edelstahl-pflege-mit-innocare-b580#primaryimage"},"image":{"@id":"https:\/\/www.acerosmetal.com\/de\/product\/edelstahl-pflege-mit-innocare-b580#primaryimage"},"thumbnailUrl":"https:\/\/www.acerosmetal.com\/wp-content\/uploads\/2017\/07\/INNOCARE-B580-nieuw.jpg","datePublished":"2016-10-10T11:24:31+00:00","dateModified":"2026-01-06T12:26:03+00:00","description":"Innocare B580 \u00ae ist ein neutraler und milder Reiniger und sehr f\u00fcr die Edelstahlpflege geeignet. Neben der reinigenden Eigenschaften und dem Beseitigen von Oxiden und Verunreinigungen, wird dieses Produkt eine Schutzschicht im Nano-Ma\u00dfstab bilden, um m\u00f6glichst neue Korrosion zu verhindern.","breadcrumb":{"@id":"https:\/\/www.acerosmetal.com\/de\/product\/edelstahl-pflege-mit-innocare-b580#breadcrumb"},"inLanguage":"de","potentialAction":[{"@type":"ReadAction","target":["https:\/\/www.acerosmetal.com\/de\/product\/edelstahl-pflege-mit-innocare-b580"]}]},{"@type":"ImageObject","inLanguage":"de","@id":"https:\/\/www.acerosmetal.com\/de\/product\/edelstahl-pflege-mit-innocare-b580#primaryimage","url":"https:\/\/www.acerosmetal.com\/wp-content\/uploads\/2017\/07\/INNOCARE-B580-nieuw.jpg","contentUrl":"https:\/\/www.acerosmetal.com\/wp-content\/uploads\/2017\/07\/INNOCARE-B580-nieuw.jpg","width":900,"height":900},{"@type":"BreadcrumbList","@id":"https:\/\/www.acerosmetal.com\/de\/product\/edelstahl-pflege-mit-innocare-b580#breadcrumb","itemListElement":[{"@type":"ListItem","position":1,"name":"Home","item":"https:\/\/www.acerosmetal.com\/de"},{"@type":"ListItem","position":2,"name":"Shop","item":"https:\/\/www.acerosmetal.com\/shop"},{"@type":"ListItem","position":3,"name":"Edelstahl-pflege mit Innocare B580 \u00ae"}]},{"@type":"WebSite","@id":"https:\/\/www.acerosmetal.com\/de\/#website","url":"https:\/\/www.acerosmetal.com\/de\/","name":"Aceros Metal Treatment","description":"","potentialAction":[{"@type":"SearchAction","target":{"@type":"EntryPoint","urlTemplate":"https:\/\/www.acerosmetal.com\/de\/?s={search_term_string}"},"query-input":{"@type":"PropertyValueSpecification","valueRequired":true,"valueName":"search_term_string"}}],"inLanguage":"de"}]}},"_links":{"self":[{"href":"https:\/\/www.acerosmetal.com\/de\/wp-json\/wp\/v2\/product\/2783","targetHints":{"allow":["GET"]}}],"collection":[{"href":"https:\/\/www.acerosmetal.com\/de\/wp-json\/wp\/v2\/product"}],"about":[{"href":"https:\/\/www.acerosmetal.com\/de\/wp-json\/wp\/v2\/types\/product"}],"replies":[{"embeddable":true,"href":"https:\/\/www.acerosmetal.com\/de\/wp-json\/wp\/v2\/comments?post=2783"}],"wp:featuredmedia":[{"embeddable":true,"href":"https:\/\/www.acerosmetal.com\/de\/wp-json\/wp\/v2\/media\/1615"}],"wp:attachment":[{"href":"https:\/\/www.acerosmetal.com\/de\/wp-json\/wp\/v2\/media?parent=2783"}],"wp:term":[{"taxonomy":"product_brand","embeddable":true,"href":"https:\/\/www.acerosmetal.com\/de\/wp-json\/wp\/v2\/product_brand?post=2783"},{"taxonomy":"product_cat","embeddable":true,"href":"https:\/\/www.acerosmetal.com\/de\/wp-json\/wp\/v2\/product_cat?post=2783"},{"taxonomy":"product_tag","embeddable":true,"href":"https:\/\/www.acerosmetal.com\/de\/wp-json\/wp\/v2\/product_tag?post=2783"}],"curies":[{"name":"wp","href":"https:\/\/api.w.org\/{rel}","templated":true}]}}