{"id":2760,"date":"2016-10-05T20:44:28","date_gmt":"2016-10-05T18:44:28","guid":{"rendered":"https:\/\/www.acerosmetal.com\/shop\/unkategorisiert\/entfernen-von-rost-innoshine-b570"},"modified":"2026-01-06T12:31:31","modified_gmt":"2026-01-06T11:31:31","slug":"entfernen-von-rost-innoshine-b570","status":"publish","type":"product","link":"https:\/\/www.acerosmetal.com\/de\/product\/entfernen-von-rost-innoshine-b570","title":{"rendered":"Innoshine B570 \u00ae"},"content":{"rendered":"<h1>Entfernen von rost mit Innoshine B570 \u00ae<\/h1>\n<p>Innoshine B570 \u00ae ist ein spezieller Tiefenreiniger, der Oxide bzw. Rost von Edelstahl entfernen kann. Innoshine B570 \u00ae ist eine wei\u00dfe, z\u00e4he Fl\u00fcssigkeit, die auf der Grundlage von organischen S\u00e4uren und nicht scheuernden Tensiden einen pH-Wert von 3 erreicht. Sie ist geeignet f\u00fcr die intensive Reinigung von kontaminierten Oberfl\u00e4chen wie Flugrost und andere Rostflecken, die auch als Teeflecken bezeichnet werden. Rost zu entfernen war noch nie so einfach. Es ist kein Beizmittel und beeintr\u00e4chtigt nicht die Oxidschicht des Metalls. Innoshine B570 \u00ae ist sanft zum Metall, aber stark gegen Schmutz und Oxide.<\/p>\n<p><iframe loading=\"lazy\" title=\"How to use Innoshine B570 and Innocare B580\" width=\"1020\" height=\"574\" src=\"https:\/\/www.youtube.com\/embed\/YqI3Y94Gy8c?feature=oembed\" frameborder=\"0\" allow=\"accelerometer; autoplay; clipboard-write; encrypted-media; gyroscope; picture-in-picture; web-share\" referrerpolicy=\"strict-origin-when-cross-origin\" allowfullscreen><\/iframe><\/p>\n<p>Die Einzigartigkeit von Innoshine B570 ist die Tatsache, dass es organisch und daher f\u00fcr Mensch und Umwelt ungef\u00e4hrlich ist. Dies bedeutet, dass Innoshine B570 sogar f\u00fcr die Reinigung von Maschinen im Lebensmittelbereich eingesetzt werden kann.<\/p>\n<p>Trotz der Tatsache, dass Innoshine B570 \u00ae in erster Linie f\u00fcr Edelstahl entwickelt wurde, funktioniert es auch auf anderen Nichteisenmetallen wie Kupfer, Aluminium und sogar normalem Stahl. In diesem letzten Fall sollte man nicht Innocare B580 \u00ae verwenden. Die bekannte wei\u00dfe Korrosion an Aluminium kann daher mit Innoshine B570 \u00ae auch effektiv entfernt werden.<\/p>\n<p>Um Ihnen ein Beispiel zu geben, wie einzigartig Innoshine B570 \u00ae ist, m\u00fcssen Sie unbedingt das Fotoalbum anschauen. Hier k\u00f6nnen Sie sehen, wie mit Hilfe von Innoshine B570 \u00ae Rost von Objekten entfernt wird, von denen man dachte, man w\u00fcrde sie nie mehr rostfrei bekommen.<\/p>\n<h2>Warum einzigartig?<\/h2>\n<p>Nat\u00fcrlich gibt es bereits gen\u00fcgend Rostschutz- und Beizmittel auf dem Markt. Was macht Innoshine B570 \u00ae dann so einzigartig:<\/p>\n<ul>\n<li>Erstens, das Wichtigste; Innoshine B570 \u00ae funktioniert! Flugrost auf Edelstahl verschwindet einfach.<\/li>\n<li>Innoshine B570 \u00ae funktioniert nicht nur auf Edelstahl, sondern auch auf vielen anderen Metallen; Kupfer,<br \/>\nAluminium und sogar einfacher Stahl.<\/li>\n<li>Innoshine B570 \u00ae ist organisch; f\u00fcr Mensch und Umwelt sicher und kann sogar in der Lebensmittelindustrie verwendet werden. (Dies steht im Gegensatz zu den \u00fcblichen Beizmitteln oder Rostschutzmitteln).<\/li>\n<li>Die Oxidhaut des Metalls wird nicht angegriffen; Innoshine B570 \u00ae ist stark gegen Rost, aber sanft zum Metall.<\/li>\n<li>Durch Tenside, die die Oberfl\u00e4chenspannung verringern, gelangt Innoshine B570 \u00ae bis in die Poren des Edelstahls, und man kann sogenannte &#8222;Tiefenablagerungsangriffe&#8220; durchf\u00fchren.<\/li>\n<li>In Kombination mit Innocare B580 \u00ae wird Korrosion in der Zukunft so weit wie m\u00f6glich verhindert.<\/li>\n<\/ul>\n<p>NB. Vermeiden Sie den Kontakt von Innoshin B570 \u00ae mit Naturstein.<\/p>\n","protected":false},"excerpt":{"rendered":"<ul>\n<li>Flugrost auf Edelstahl verschwindet einfach.<\/li>\n<li>Funktioniert nicht nur auf Edelstahl, sondern auch auf vielen anderen Metallen; Kupfer, Aluminium und sogar einfacher Stahl.<\/li>\n<li>F\u00fcr Mensch und Umwelt sicher und kann sogar in der Lebensmittelindustrie verwendet werden.<\/li>\n<li>Die Oxidhaut des Metalls wird nicht angegriffen<\/li>\n<\/ul>\n","protected":false},"featured_media":1620,"comment_status":"open","ping_status":"closed","template":"","meta":[],"product_brand":[],"product_cat":[150],"product_tag":[],"class_list":{"0":"post-2760","1":"product","2":"type-product","3":"status-publish","4":"has-post-thumbnail","6":"product_cat-edelstahlreiniger","8":"first","9":"instock","10":"taxable","11":"shipping-taxable","12":"purchasable","13":"product-type-variable"},"yoast_head":"<!-- This site is optimized with the Yoast SEO plugin v26.3 - https:\/\/yoast.com\/wordpress\/plugins\/seo\/ -->\n<title>Entfernen von rost mit Innoshine B570 \u00ae | Aceros Metal<\/title>\n<meta name=\"description\" content=\"Innoshine B570 \u00ae ist ein spezieller Tiefenreiniger, der Oxide bzw. Rost von Edelstahl entfernen kann.\" \/>\n<meta name=\"robots\" content=\"index, follow, max-snippet:-1, max-image-preview:large, max-video-preview:-1\" \/>\n<link rel=\"canonical\" href=\"https:\/\/www.acerosmetal.com\/de\/product\/entfernen-von-rost-innoshine-b570\" \/>\n<meta property=\"og:locale\" content=\"de_DE\" \/>\n<meta property=\"og:type\" content=\"article\" \/>\n<meta property=\"og:title\" content=\"Entfernen von rost mit Innoshine B570 \u00ae | Aceros Metal\" \/>\n<meta property=\"og:description\" content=\"Innoshine B570 \u00ae ist ein spezieller Tiefenreiniger, der Oxide bzw. Rost von Edelstahl entfernen kann.\" \/>\n<meta property=\"og:url\" content=\"https:\/\/www.acerosmetal.com\/de\/product\/entfernen-von-rost-innoshine-b570\" \/>\n<meta property=\"og:site_name\" content=\"Aceros Metal Treatment\" \/>\n<meta property=\"article:modified_time\" content=\"2026-01-06T11:31:31+00:00\" \/>\n<meta property=\"og:image\" content=\"https:\/\/www.acerosmetal.com\/wp-content\/uploads\/2017\/07\/innoshine-B570.jpg\" \/>\n\t<meta property=\"og:image:width\" content=\"900\" \/>\n\t<meta property=\"og:image:height\" content=\"900\" \/>\n\t<meta property=\"og:image:type\" content=\"image\/jpeg\" \/>\n<meta name=\"twitter:card\" content=\"summary_large_image\" \/>\n<meta name=\"twitter:label1\" content=\"Gesch\u00e4tzte Lesezeit\" \/>\n\t<meta name=\"twitter:data1\" content=\"3\u00a0Minuten\" \/>\n<script type=\"application\/ld+json\" class=\"yoast-schema-graph\">{\"@context\":\"https:\/\/schema.org\",\"@graph\":[{\"@type\":\"WebPage\",\"@id\":\"https:\/\/www.acerosmetal.com\/de\/product\/entfernen-von-rost-innoshine-b570\",\"url\":\"https:\/\/www.acerosmetal.com\/de\/product\/entfernen-von-rost-innoshine-b570\",\"name\":\"Entfernen von rost mit Innoshine B570 \u00ae | Aceros Metal\",\"isPartOf\":{\"@id\":\"https:\/\/www.acerosmetal.com\/de\/#website\"},\"primaryImageOfPage\":{\"@id\":\"https:\/\/www.acerosmetal.com\/de\/product\/entfernen-von-rost-innoshine-b570#primaryimage\"},\"image\":{\"@id\":\"https:\/\/www.acerosmetal.com\/de\/product\/entfernen-von-rost-innoshine-b570#primaryimage\"},\"thumbnailUrl\":\"https:\/\/www.acerosmetal.com\/wp-content\/uploads\/2017\/07\/innoshine-B570.jpg\",\"datePublished\":\"2016-10-05T18:44:28+00:00\",\"dateModified\":\"2026-01-06T11:31:31+00:00\",\"description\":\"Innoshine B570 \u00ae ist ein spezieller Tiefenreiniger, der Oxide bzw. Rost von Edelstahl entfernen kann.\",\"breadcrumb\":{\"@id\":\"https:\/\/www.acerosmetal.com\/de\/product\/entfernen-von-rost-innoshine-b570#breadcrumb\"},\"inLanguage\":\"de\",\"potentialAction\":[{\"@type\":\"ReadAction\",\"target\":[\"https:\/\/www.acerosmetal.com\/de\/product\/entfernen-von-rost-innoshine-b570\"]}]},{\"@type\":\"ImageObject\",\"inLanguage\":\"de\",\"@id\":\"https:\/\/www.acerosmetal.com\/de\/product\/entfernen-von-rost-innoshine-b570#primaryimage\",\"url\":\"https:\/\/www.acerosmetal.com\/wp-content\/uploads\/2017\/07\/innoshine-B570.jpg\",\"contentUrl\":\"https:\/\/www.acerosmetal.com\/wp-content\/uploads\/2017\/07\/innoshine-B570.jpg\",\"width\":900,\"height\":900},{\"@type\":\"BreadcrumbList\",\"@id\":\"https:\/\/www.acerosmetal.com\/de\/product\/entfernen-von-rost-innoshine-b570#breadcrumb\",\"itemListElement\":[{\"@type\":\"ListItem\",\"position\":1,\"name\":\"Home\",\"item\":\"https:\/\/www.acerosmetal.com\/de\"},{\"@type\":\"ListItem\",\"position\":2,\"name\":\"Shop\",\"item\":\"https:\/\/www.acerosmetal.com\/shop\"},{\"@type\":\"ListItem\",\"position\":3,\"name\":\"Innoshine B570 \u00ae\"}]},{\"@type\":\"WebSite\",\"@id\":\"https:\/\/www.acerosmetal.com\/de\/#website\",\"url\":\"https:\/\/www.acerosmetal.com\/de\/\",\"name\":\"Aceros Metal Treatment\",\"description\":\"\",\"potentialAction\":[{\"@type\":\"SearchAction\",\"target\":{\"@type\":\"EntryPoint\",\"urlTemplate\":\"https:\/\/www.acerosmetal.com\/de\/?s={search_term_string}\"},\"query-input\":{\"@type\":\"PropertyValueSpecification\",\"valueRequired\":true,\"valueName\":\"search_term_string\"}}],\"inLanguage\":\"de\"}]}<\/script>\n<!-- \/ Yoast SEO plugin. -->","yoast_head_json":{"title":"Entfernen von rost mit Innoshine B570 \u00ae | Aceros Metal","description":"Innoshine B570 \u00ae ist ein spezieller Tiefenreiniger, der Oxide bzw. Rost von Edelstahl entfernen kann.","robots":{"index":"index","follow":"follow","max-snippet":"max-snippet:-1","max-image-preview":"max-image-preview:large","max-video-preview":"max-video-preview:-1"},"canonical":"https:\/\/www.acerosmetal.com\/de\/product\/entfernen-von-rost-innoshine-b570","og_locale":"de_DE","og_type":"article","og_title":"Entfernen von rost mit Innoshine B570 \u00ae | Aceros Metal","og_description":"Innoshine B570 \u00ae ist ein spezieller Tiefenreiniger, der Oxide bzw. Rost von Edelstahl entfernen kann.","og_url":"https:\/\/www.acerosmetal.com\/de\/product\/entfernen-von-rost-innoshine-b570","og_site_name":"Aceros Metal Treatment","article_modified_time":"2026-01-06T11:31:31+00:00","og_image":[{"width":900,"height":900,"url":"https:\/\/www.acerosmetal.com\/wp-content\/uploads\/2017\/07\/innoshine-B570.jpg","type":"image\/jpeg"}],"twitter_card":"summary_large_image","twitter_misc":{"Gesch\u00e4tzte Lesezeit":"3\u00a0Minuten"},"schema":{"@context":"https:\/\/schema.org","@graph":[{"@type":"WebPage","@id":"https:\/\/www.acerosmetal.com\/de\/product\/entfernen-von-rost-innoshine-b570","url":"https:\/\/www.acerosmetal.com\/de\/product\/entfernen-von-rost-innoshine-b570","name":"Entfernen von rost mit Innoshine B570 \u00ae | Aceros Metal","isPartOf":{"@id":"https:\/\/www.acerosmetal.com\/de\/#website"},"primaryImageOfPage":{"@id":"https:\/\/www.acerosmetal.com\/de\/product\/entfernen-von-rost-innoshine-b570#primaryimage"},"image":{"@id":"https:\/\/www.acerosmetal.com\/de\/product\/entfernen-von-rost-innoshine-b570#primaryimage"},"thumbnailUrl":"https:\/\/www.acerosmetal.com\/wp-content\/uploads\/2017\/07\/innoshine-B570.jpg","datePublished":"2016-10-05T18:44:28+00:00","dateModified":"2026-01-06T11:31:31+00:00","description":"Innoshine B570 \u00ae ist ein spezieller Tiefenreiniger, der Oxide bzw. Rost von Edelstahl entfernen kann.","breadcrumb":{"@id":"https:\/\/www.acerosmetal.com\/de\/product\/entfernen-von-rost-innoshine-b570#breadcrumb"},"inLanguage":"de","potentialAction":[{"@type":"ReadAction","target":["https:\/\/www.acerosmetal.com\/de\/product\/entfernen-von-rost-innoshine-b570"]}]},{"@type":"ImageObject","inLanguage":"de","@id":"https:\/\/www.acerosmetal.com\/de\/product\/entfernen-von-rost-innoshine-b570#primaryimage","url":"https:\/\/www.acerosmetal.com\/wp-content\/uploads\/2017\/07\/innoshine-B570.jpg","contentUrl":"https:\/\/www.acerosmetal.com\/wp-content\/uploads\/2017\/07\/innoshine-B570.jpg","width":900,"height":900},{"@type":"BreadcrumbList","@id":"https:\/\/www.acerosmetal.com\/de\/product\/entfernen-von-rost-innoshine-b570#breadcrumb","itemListElement":[{"@type":"ListItem","position":1,"name":"Home","item":"https:\/\/www.acerosmetal.com\/de"},{"@type":"ListItem","position":2,"name":"Shop","item":"https:\/\/www.acerosmetal.com\/shop"},{"@type":"ListItem","position":3,"name":"Innoshine B570 \u00ae"}]},{"@type":"WebSite","@id":"https:\/\/www.acerosmetal.com\/de\/#website","url":"https:\/\/www.acerosmetal.com\/de\/","name":"Aceros Metal Treatment","description":"","potentialAction":[{"@type":"SearchAction","target":{"@type":"EntryPoint","urlTemplate":"https:\/\/www.acerosmetal.com\/de\/?s={search_term_string}"},"query-input":{"@type":"PropertyValueSpecification","valueRequired":true,"valueName":"search_term_string"}}],"inLanguage":"de"}]}},"_links":{"self":[{"href":"https:\/\/www.acerosmetal.com\/de\/wp-json\/wp\/v2\/product\/2760","targetHints":{"allow":["GET"]}}],"collection":[{"href":"https:\/\/www.acerosmetal.com\/de\/wp-json\/wp\/v2\/product"}],"about":[{"href":"https:\/\/www.acerosmetal.com\/de\/wp-json\/wp\/v2\/types\/product"}],"replies":[{"embeddable":true,"href":"https:\/\/www.acerosmetal.com\/de\/wp-json\/wp\/v2\/comments?post=2760"}],"wp:featuredmedia":[{"embeddable":true,"href":"https:\/\/www.acerosmetal.com\/de\/wp-json\/wp\/v2\/media\/1620"}],"wp:attachment":[{"href":"https:\/\/www.acerosmetal.com\/de\/wp-json\/wp\/v2\/media?parent=2760"}],"wp:term":[{"taxonomy":"product_brand","embeddable":true,"href":"https:\/\/www.acerosmetal.com\/de\/wp-json\/wp\/v2\/product_brand?post=2760"},{"taxonomy":"product_cat","embeddable":true,"href":"https:\/\/www.acerosmetal.com\/de\/wp-json\/wp\/v2\/product_cat?post=2760"},{"taxonomy":"product_tag","embeddable":true,"href":"https:\/\/www.acerosmetal.com\/de\/wp-json\/wp\/v2\/product_tag?post=2760"}],"curies":[{"name":"wp","href":"https:\/\/api.w.org\/{rel}","templated":true}]}}