{"id":2588,"date":"2019-03-07T21:54:10","date_gmt":"2019-03-07T20:54:10","guid":{"rendered":"https:\/\/www.acerosmetal.com\/branchen\/swimming-pools"},"modified":"2019-03-15T15:51:44","modified_gmt":"2019-03-15T14:51:44","slug":"schwimmbaeder","status":"publish","type":"page","link":"https:\/\/www.acerosmetal.com\/de\/branchen\/schwimmbaeder","title":{"rendered":"Schwimmb\u00e4der"},"content":{"rendered":"\n\t<section class=\"section\" id=\"section_1239250271\">\n\t\t<div class=\"section-bg fill\" >\n\t\t\t\t\t\t\t\t\t\n\t\t\t\n\n\t\t<\/div>\n\n\t\t\n\n\t\t<div class=\"section-content relative\">\n\t\t\t\n<h1 class=\"uppercase\">Schwimmb\u00e4der<\/h1>\n<p>Die Produkte von <a href=\"\/\">Aceros Metal Treatment<\/a> werden h\u00e4ufig in Schwimmb\u00e4dern eingesetzt.\u00a0Im Folgenden finden Sie einen \u00dcberblick dar\u00fcber, wie unsere Produkte angewendet werden.<\/p>\n<h3>Innoshine B570 \u00ae und Innocare B580 \u00ae<\/h3>\n<p>Wer f\u00fcr den Unterhalt eines Schwimmbades mit Edelstahl-Komponenten verantwortlich ist, ist mit dem Problem vertraut; Rostbildung auf dem Edelstahl.\u00a0 Sei es im Maschinenraum, auf Edelstahl-Treppenkanten, auf den Edelstahl-Leitern oder anderswo, in jedem Schwimmbad gibt es Rostbildung.<\/p>\n<p><a href=\"\/shop\/edelstahlreiniger\/entfernen-von-rost-innoshine-b570\">Innoshine B570\u00a0\u00ae\u00a0ist ein starker Tiefenreiniger<\/a>, der den Rost effektiv entfernt. Durch eine Nachbehandlung mit <a href=\"\/shop\/edelstahlreiniger\/edelstahl-pflege-mit-innocare-b580\">Innocare B580\u00a0\u00ae<\/a>, stellen Sie sicher, dass auch eine Schutzschicht auf Nanoebene aufgebracht wird.\u00a0 Ihre Edelstahlteile sind wieder in Top-Zustand und Risiken durch Rosten werden ausgeschlossen.<\/p>\n<p>Die Schwimmbad-Branche ist in den letzten Jahren mehrere Male durch Vorf\u00e4lle aufgeschreckt worden, die durch das Durchrosten von Teilen verursacht wurden. Stellen Sie sicher, dass Sie dem durch regelm\u00e4\u00dfige Kontrollen und fachgerechte Wartung vorbeugen.<\/p>\n<h3>Beratung und Reinigung<\/h3>\n<p>Aceros Metal Treatment arbeitet mit Metall-Spezialisten zusammen. Dadurch k\u00f6nnen wir Ihr Schwimmbad hervorragend auf Korrosion und andere Sch\u00e4den \u00fcberpr\u00fcfen.\u00a0 Nach der Untersuchung wird fachkundige\u00a0Beratung\u00a0geleistet, wie man dieses Problem angehen kann.<\/p>\n<p>Da die Reinigung und Pflege von Nichteisenmetallen wie Edelstahl Facharbeit ist, wird die Reinigung durch ein eigenes Service-Team von Aceros Metal Treatment durchgef\u00fchrt.\u00a0Mit unserem\u00a0Reinigungsdienst\u00a0bringen Sie Ihr Metall schnell wieder in Top-Form.<\/p>\n<p>&nbsp;<\/p>\n\t\t<\/div>\n\n\t\t\n<style>\n#section_1239250271 {\n  padding-top: 30px;\n  padding-bottom: 30px;\n  background-color: rgb(248, 248, 248);\n}\n<\/style>\n\t<\/section>\n\t\n","protected":false},"excerpt":{"rendered":"","protected":false},"author":3,"featured_media":0,"parent":2509,"menu_order":0,"comment_status":"closed","ping_status":"closed","template":"","meta":{"footnotes":""},"class_list":["post-2588","page","type-page","status-publish","hentry"],"yoast_head":"<!-- This site is optimized with the Yoast SEO plugin v26.3 - https:\/\/yoast.com\/wordpress\/plugins\/seo\/ -->\n<title>Schwimmb\u00e4der - Aceros Metal Treatment<\/title>\n<meta name=\"robots\" content=\"index, follow, max-snippet:-1, max-image-preview:large, max-video-preview:-1\" \/>\n<link rel=\"canonical\" href=\"https:\/\/www.acerosmetal.com\/de\/branchen\/schwimmbaeder\" \/>\n<meta property=\"og:locale\" content=\"de_DE\" \/>\n<meta property=\"og:type\" content=\"article\" \/>\n<meta property=\"og:title\" content=\"Schwimmb\u00e4der - Aceros Metal Treatment\" \/>\n<meta property=\"og:url\" content=\"https:\/\/www.acerosmetal.com\/de\/branchen\/schwimmbaeder\" \/>\n<meta property=\"og:site_name\" content=\"Aceros Metal Treatment\" \/>\n<meta property=\"article:modified_time\" content=\"2019-03-15T14:51:44+00:00\" \/>\n<meta name=\"twitter:card\" content=\"summary_large_image\" \/>\n<meta name=\"twitter:label1\" content=\"Gesch\u00e4tzte Lesezeit\" \/>\n\t<meta name=\"twitter:data1\" content=\"1\u00a0Minute\" \/>\n<script type=\"application\/ld+json\" class=\"yoast-schema-graph\">{\"@context\":\"https:\/\/schema.org\",\"@graph\":[{\"@type\":\"WebPage\",\"@id\":\"https:\/\/www.acerosmetal.com\/de\/branchen\/schwimmbaeder\",\"url\":\"https:\/\/www.acerosmetal.com\/de\/branchen\/schwimmbaeder\",\"name\":\"Schwimmb\u00e4der - Aceros Metal Treatment\",\"isPartOf\":{\"@id\":\"https:\/\/www.acerosmetal.com\/de\/#website\"},\"datePublished\":\"2019-03-07T20:54:10+00:00\",\"dateModified\":\"2019-03-15T14:51:44+00:00\",\"breadcrumb\":{\"@id\":\"https:\/\/www.acerosmetal.com\/de\/branchen\/schwimmbaeder#breadcrumb\"},\"inLanguage\":\"de\",\"potentialAction\":[{\"@type\":\"ReadAction\",\"target\":[\"https:\/\/www.acerosmetal.com\/de\/branchen\/schwimmbaeder\"]}]},{\"@type\":\"BreadcrumbList\",\"@id\":\"https:\/\/www.acerosmetal.com\/de\/branchen\/schwimmbaeder#breadcrumb\",\"itemListElement\":[{\"@type\":\"ListItem\",\"position\":1,\"name\":\"Home\",\"item\":\"https:\/\/www.acerosmetal.com\/de\"},{\"@type\":\"ListItem\",\"position\":2,\"name\":\"Branchen\",\"item\":\"https:\/\/www.acerosmetal.com\/de\/branchen\"},{\"@type\":\"ListItem\",\"position\":3,\"name\":\"Schwimmb\u00e4der\"}]},{\"@type\":\"WebSite\",\"@id\":\"https:\/\/www.acerosmetal.com\/de\/#website\",\"url\":\"https:\/\/www.acerosmetal.com\/de\/\",\"name\":\"Aceros Metal Treatment\",\"description\":\"\",\"potentialAction\":[{\"@type\":\"SearchAction\",\"target\":{\"@type\":\"EntryPoint\",\"urlTemplate\":\"https:\/\/www.acerosmetal.com\/de\/?s={search_term_string}\"},\"query-input\":{\"@type\":\"PropertyValueSpecification\",\"valueRequired\":true,\"valueName\":\"search_term_string\"}}],\"inLanguage\":\"de\"}]}<\/script>\n<!-- \/ Yoast SEO plugin. -->","yoast_head_json":{"title":"Schwimmb\u00e4der - Aceros Metal Treatment","robots":{"index":"index","follow":"follow","max-snippet":"max-snippet:-1","max-image-preview":"max-image-preview:large","max-video-preview":"max-video-preview:-1"},"canonical":"https:\/\/www.acerosmetal.com\/de\/branchen\/schwimmbaeder","og_locale":"de_DE","og_type":"article","og_title":"Schwimmb\u00e4der - Aceros Metal Treatment","og_url":"https:\/\/www.acerosmetal.com\/de\/branchen\/schwimmbaeder","og_site_name":"Aceros Metal Treatment","article_modified_time":"2019-03-15T14:51:44+00:00","twitter_card":"summary_large_image","twitter_misc":{"Gesch\u00e4tzte Lesezeit":"1\u00a0Minute"},"schema":{"@context":"https:\/\/schema.org","@graph":[{"@type":"WebPage","@id":"https:\/\/www.acerosmetal.com\/de\/branchen\/schwimmbaeder","url":"https:\/\/www.acerosmetal.com\/de\/branchen\/schwimmbaeder","name":"Schwimmb\u00e4der - Aceros Metal Treatment","isPartOf":{"@id":"https:\/\/www.acerosmetal.com\/de\/#website"},"datePublished":"2019-03-07T20:54:10+00:00","dateModified":"2019-03-15T14:51:44+00:00","breadcrumb":{"@id":"https:\/\/www.acerosmetal.com\/de\/branchen\/schwimmbaeder#breadcrumb"},"inLanguage":"de","potentialAction":[{"@type":"ReadAction","target":["https:\/\/www.acerosmetal.com\/de\/branchen\/schwimmbaeder"]}]},{"@type":"BreadcrumbList","@id":"https:\/\/www.acerosmetal.com\/de\/branchen\/schwimmbaeder#breadcrumb","itemListElement":[{"@type":"ListItem","position":1,"name":"Home","item":"https:\/\/www.acerosmetal.com\/de"},{"@type":"ListItem","position":2,"name":"Branchen","item":"https:\/\/www.acerosmetal.com\/de\/branchen"},{"@type":"ListItem","position":3,"name":"Schwimmb\u00e4der"}]},{"@type":"WebSite","@id":"https:\/\/www.acerosmetal.com\/de\/#website","url":"https:\/\/www.acerosmetal.com\/de\/","name":"Aceros Metal Treatment","description":"","potentialAction":[{"@type":"SearchAction","target":{"@type":"EntryPoint","urlTemplate":"https:\/\/www.acerosmetal.com\/de\/?s={search_term_string}"},"query-input":{"@type":"PropertyValueSpecification","valueRequired":true,"valueName":"search_term_string"}}],"inLanguage":"de"}]}},"_links":{"self":[{"href":"https:\/\/www.acerosmetal.com\/de\/wp-json\/wp\/v2\/pages\/2588","targetHints":{"allow":["GET"]}}],"collection":[{"href":"https:\/\/www.acerosmetal.com\/de\/wp-json\/wp\/v2\/pages"}],"about":[{"href":"https:\/\/www.acerosmetal.com\/de\/wp-json\/wp\/v2\/types\/page"}],"author":[{"embeddable":true,"href":"https:\/\/www.acerosmetal.com\/de\/wp-json\/wp\/v2\/users\/3"}],"replies":[{"embeddable":true,"href":"https:\/\/www.acerosmetal.com\/de\/wp-json\/wp\/v2\/comments?post=2588"}],"version-history":[{"count":2,"href":"https:\/\/www.acerosmetal.com\/de\/wp-json\/wp\/v2\/pages\/2588\/revisions"}],"predecessor-version":[{"id":3291,"href":"https:\/\/www.acerosmetal.com\/de\/wp-json\/wp\/v2\/pages\/2588\/revisions\/3291"}],"up":[{"embeddable":true,"href":"https:\/\/www.acerosmetal.com\/de\/wp-json\/wp\/v2\/pages\/2509"}],"wp:attachment":[{"href":"https:\/\/www.acerosmetal.com\/de\/wp-json\/wp\/v2\/media?parent=2588"}],"curies":[{"name":"wp","href":"https:\/\/api.w.org\/{rel}","templated":true}]}}