{"id":2583,"date":"2019-03-07T21:52:19","date_gmt":"2019-03-07T20:52:19","guid":{"rendered":"https:\/\/www.acerosmetal.com\/branchen\/dental-professionals"},"modified":"2019-03-15T15:50:21","modified_gmt":"2019-03-15T14:50:21","slug":"zahnaertze","status":"publish","type":"page","link":"https:\/\/www.acerosmetal.com\/de\/branchen\/zahnaertze","title":{"rendered":"Zahn\u00e4rtze"},"content":{"rendered":"\n\t<section class=\"section\" id=\"section_1885972685\">\n\t\t<div class=\"section-bg fill\" >\n\t\t\t\t\t\t\t\t\t\n\t\t\t\n\n\t\t<\/div>\n\n\t\t\n\n\t\t<div class=\"section-content relative\">\n\t\t\t\n<h1 class=\"uppercase\">Zahn\u00e4rtze<\/h1>\n<p>Die Produkte von <a href=\"\/\">Aceros Metal Treatment<\/a> werden h\u00e4ufig in Zahnarztpraxen eingesetzt.\u00a0 Im Folgenden finden Sie einen \u00dcberblick dar\u00fcber, wie unsere Produkte angewendet werden.<\/p>\n<h3>Innoshine B570 \u00ae und Innocare B580 \u00ae<\/h3>\n<p>Es ist f\u00fcr alle Zahn\u00e4rzte, Mundhygieniker und Kiefernorthop\u00e4den ein bekanntes Problem; Flugrost auf den Instrumenten. Leichte, br\u00e4unliche Verf\u00e4rbungen, die nicht nur \u00e4sthetisch unangenehm sind, sondern auch ein N\u00e4hrboden f\u00fcr Mikroorganismen sind. Bis jetzt gab es nur wenige Mittel dagegen, da aggressive Mittel f\u00fcr die Anwendung an Zahninstrumenten nicht sicher genug waren. Es ist f\u00fcr alle Zahn\u00e4rzte, Mundhygieniker und Kiefernorthop\u00e4den ein bekanntes Problem; Flugrost auf den Instrumenten. Leichte, br\u00e4unliche Verf\u00e4rbungen, die nicht nur \u00e4sthetisch unangenehm sind, sondern auch ein N\u00e4hrboden f\u00fcr Mikroorganismen sind.\u00a0 Bis jetzt gab es nur wenige Mittel dagegen, da aggressive Mittel f\u00fcr die Anwendung an Zahninstrumenten nicht sicher genug waren.<\/p>\n<p><a href=\"\/shop\/edelstahlreiniger\/entfernen-von-rost-innoshine-b570\">Innoshine B570 \u00ae\u00a0ist ein 100% organisches Mittel<\/a> und somit sicher f\u00fcr Mensch und Umwelt. Das Mittel wirkt stark gegen Flugrost und andere Verunreinigungen, ist aber sanft zum Metall und greift somit die Oxidhaut nicht an.\u00a0 Das bedeutet, wenn Sie das Mittel auf die Instrumente bringen und kurze Zeit einwirken lassen, ist der Flugrost im Handumdrehen mit einem Schwamm abgewischt.\u00a0Innoshine B570 \u00ae wird in Kombination mit\u00a0<a href=\"\/shop\/edelstahlreiniger\/edelstahl-pflege-mit-innocare-b580\">Innocare B580\u00a0\u00ae<\/a> verkauft; dieses &#8211; auch 100% organische &#8211; Mittel wird verwendet, um die verbleibenden R\u00fcckst\u00e4nde zu entfernen, aber es bringt auch eine Schutzschicht auf Nanoebene auf, die Flugrost so weit wie m\u00f6glich in der Zukunft verhindert.<\/p>\n<p>Verschiedene Zahn\u00e4rzte haben bereits Erfahrungen mit diesen Produkten und freuen sich \u00fcber diese L\u00f6sung, die dem Flugrost ein Ende setzt.<\/p>\n<p>&nbsp;<\/p>\n\t\t<\/div>\n\n\t\t\n<style>\n#section_1885972685 {\n  padding-top: 30px;\n  padding-bottom: 30px;\n  background-color: rgb(248, 248, 248);\n}\n<\/style>\n\t<\/section>\n\t\n","protected":false},"excerpt":{"rendered":"","protected":false},"author":3,"featured_media":0,"parent":2509,"menu_order":0,"comment_status":"closed","ping_status":"closed","template":"","meta":{"footnotes":""},"class_list":["post-2583","page","type-page","status-publish","hentry"],"yoast_head":"<!-- This site is optimized with the Yoast SEO plugin v26.3 - https:\/\/yoast.com\/wordpress\/plugins\/seo\/ -->\n<title>Zahn\u00e4rtze - Aceros Metal Treatment<\/title>\n<meta name=\"robots\" content=\"index, follow, max-snippet:-1, max-image-preview:large, max-video-preview:-1\" \/>\n<link rel=\"canonical\" href=\"https:\/\/www.acerosmetal.com\/de\/branchen\/zahnaertze\" \/>\n<meta property=\"og:locale\" content=\"de_DE\" \/>\n<meta property=\"og:type\" content=\"article\" \/>\n<meta property=\"og:title\" content=\"Zahn\u00e4rtze - Aceros Metal Treatment\" \/>\n<meta property=\"og:url\" content=\"https:\/\/www.acerosmetal.com\/de\/branchen\/zahnaertze\" \/>\n<meta property=\"og:site_name\" content=\"Aceros Metal Treatment\" \/>\n<meta property=\"article:modified_time\" content=\"2019-03-15T14:50:21+00:00\" \/>\n<meta name=\"twitter:card\" content=\"summary_large_image\" \/>\n<meta name=\"twitter:label1\" content=\"Gesch\u00e4tzte Lesezeit\" \/>\n\t<meta name=\"twitter:data1\" content=\"1\u00a0Minute\" \/>\n<script type=\"application\/ld+json\" class=\"yoast-schema-graph\">{\"@context\":\"https:\/\/schema.org\",\"@graph\":[{\"@type\":\"WebPage\",\"@id\":\"https:\/\/www.acerosmetal.com\/de\/branchen\/zahnaertze\",\"url\":\"https:\/\/www.acerosmetal.com\/de\/branchen\/zahnaertze\",\"name\":\"Zahn\u00e4rtze - Aceros Metal Treatment\",\"isPartOf\":{\"@id\":\"https:\/\/www.acerosmetal.com\/de\/#website\"},\"datePublished\":\"2019-03-07T20:52:19+00:00\",\"dateModified\":\"2019-03-15T14:50:21+00:00\",\"breadcrumb\":{\"@id\":\"https:\/\/www.acerosmetal.com\/de\/branchen\/zahnaertze#breadcrumb\"},\"inLanguage\":\"de\",\"potentialAction\":[{\"@type\":\"ReadAction\",\"target\":[\"https:\/\/www.acerosmetal.com\/de\/branchen\/zahnaertze\"]}]},{\"@type\":\"BreadcrumbList\",\"@id\":\"https:\/\/www.acerosmetal.com\/de\/branchen\/zahnaertze#breadcrumb\",\"itemListElement\":[{\"@type\":\"ListItem\",\"position\":1,\"name\":\"Home\",\"item\":\"https:\/\/www.acerosmetal.com\/de\"},{\"@type\":\"ListItem\",\"position\":2,\"name\":\"Branchen\",\"item\":\"https:\/\/www.acerosmetal.com\/de\/branchen\"},{\"@type\":\"ListItem\",\"position\":3,\"name\":\"Zahn\u00e4rtze\"}]},{\"@type\":\"WebSite\",\"@id\":\"https:\/\/www.acerosmetal.com\/de\/#website\",\"url\":\"https:\/\/www.acerosmetal.com\/de\/\",\"name\":\"Aceros Metal Treatment\",\"description\":\"\",\"potentialAction\":[{\"@type\":\"SearchAction\",\"target\":{\"@type\":\"EntryPoint\",\"urlTemplate\":\"https:\/\/www.acerosmetal.com\/de\/?s={search_term_string}\"},\"query-input\":{\"@type\":\"PropertyValueSpecification\",\"valueRequired\":true,\"valueName\":\"search_term_string\"}}],\"inLanguage\":\"de\"}]}<\/script>\n<!-- \/ Yoast SEO plugin. -->","yoast_head_json":{"title":"Zahn\u00e4rtze - Aceros Metal Treatment","robots":{"index":"index","follow":"follow","max-snippet":"max-snippet:-1","max-image-preview":"max-image-preview:large","max-video-preview":"max-video-preview:-1"},"canonical":"https:\/\/www.acerosmetal.com\/de\/branchen\/zahnaertze","og_locale":"de_DE","og_type":"article","og_title":"Zahn\u00e4rtze - Aceros Metal Treatment","og_url":"https:\/\/www.acerosmetal.com\/de\/branchen\/zahnaertze","og_site_name":"Aceros Metal Treatment","article_modified_time":"2019-03-15T14:50:21+00:00","twitter_card":"summary_large_image","twitter_misc":{"Gesch\u00e4tzte Lesezeit":"1\u00a0Minute"},"schema":{"@context":"https:\/\/schema.org","@graph":[{"@type":"WebPage","@id":"https:\/\/www.acerosmetal.com\/de\/branchen\/zahnaertze","url":"https:\/\/www.acerosmetal.com\/de\/branchen\/zahnaertze","name":"Zahn\u00e4rtze - Aceros Metal Treatment","isPartOf":{"@id":"https:\/\/www.acerosmetal.com\/de\/#website"},"datePublished":"2019-03-07T20:52:19+00:00","dateModified":"2019-03-15T14:50:21+00:00","breadcrumb":{"@id":"https:\/\/www.acerosmetal.com\/de\/branchen\/zahnaertze#breadcrumb"},"inLanguage":"de","potentialAction":[{"@type":"ReadAction","target":["https:\/\/www.acerosmetal.com\/de\/branchen\/zahnaertze"]}]},{"@type":"BreadcrumbList","@id":"https:\/\/www.acerosmetal.com\/de\/branchen\/zahnaertze#breadcrumb","itemListElement":[{"@type":"ListItem","position":1,"name":"Home","item":"https:\/\/www.acerosmetal.com\/de"},{"@type":"ListItem","position":2,"name":"Branchen","item":"https:\/\/www.acerosmetal.com\/de\/branchen"},{"@type":"ListItem","position":3,"name":"Zahn\u00e4rtze"}]},{"@type":"WebSite","@id":"https:\/\/www.acerosmetal.com\/de\/#website","url":"https:\/\/www.acerosmetal.com\/de\/","name":"Aceros Metal Treatment","description":"","potentialAction":[{"@type":"SearchAction","target":{"@type":"EntryPoint","urlTemplate":"https:\/\/www.acerosmetal.com\/de\/?s={search_term_string}"},"query-input":{"@type":"PropertyValueSpecification","valueRequired":true,"valueName":"search_term_string"}}],"inLanguage":"de"}]}},"_links":{"self":[{"href":"https:\/\/www.acerosmetal.com\/de\/wp-json\/wp\/v2\/pages\/2583","targetHints":{"allow":["GET"]}}],"collection":[{"href":"https:\/\/www.acerosmetal.com\/de\/wp-json\/wp\/v2\/pages"}],"about":[{"href":"https:\/\/www.acerosmetal.com\/de\/wp-json\/wp\/v2\/types\/page"}],"author":[{"embeddable":true,"href":"https:\/\/www.acerosmetal.com\/de\/wp-json\/wp\/v2\/users\/3"}],"replies":[{"embeddable":true,"href":"https:\/\/www.acerosmetal.com\/de\/wp-json\/wp\/v2\/comments?post=2583"}],"version-history":[{"count":3,"href":"https:\/\/www.acerosmetal.com\/de\/wp-json\/wp\/v2\/pages\/2583\/revisions"}],"predecessor-version":[{"id":3290,"href":"https:\/\/www.acerosmetal.com\/de\/wp-json\/wp\/v2\/pages\/2583\/revisions\/3290"}],"up":[{"embeddable":true,"href":"https:\/\/www.acerosmetal.com\/de\/wp-json\/wp\/v2\/pages\/2509"}],"wp:attachment":[{"href":"https:\/\/www.acerosmetal.com\/de\/wp-json\/wp\/v2\/media?parent=2583"}],"curies":[{"name":"wp","href":"https:\/\/api.w.org\/{rel}","templated":true}]}}