{"id":2567,"date":"2019-03-07T21:42:29","date_gmt":"2019-03-07T20:42:29","guid":{"rendered":"https:\/\/www.acerosmetal.com\/branchen\/consumers"},"modified":"2019-03-15T15:45:24","modified_gmt":"2019-03-15T14:45:24","slug":"verbraucher","status":"publish","type":"page","link":"https:\/\/www.acerosmetal.com\/de\/branchen\/verbraucher","title":{"rendered":"Verbraucher"},"content":{"rendered":"\n\t<section class=\"section\" id=\"section_1097711491\">\n\t\t<div class=\"section-bg fill\" >\n\t\t\t\t\t\t\t\t\t\n\t\t\t\n\n\t\t<\/div>\n\n\t\t\n\n\t\t<div class=\"section-content relative\">\n\t\t\t\n<h1 class=\"uppercase\">Verbraucher<\/h1>\n<p>Die Produkte von <a href=\"\/\">Aceros Metal Treatment<\/a> werden von den Verbrauchern h\u00e4ufig verwendet. Im Folgenden finden Sie einen \u00dcberblick dar\u00fcber, wie unsere Produkte angewendet werden.<\/p>\n<h3>Innoshine B570 \u00ae und Innocare B580 \u00ae<\/h3>\n<p><a href=\"\/shop\/edelstahlreiniger\/entfernen-von-rost-innoshine-b570\">Innoshine B570\u00a0\u00ae ist ein Tiefenreiniger<\/a>, der Rost entfernt und <a href=\"\/shop\/edelstahlreiniger\/edelstahl-pflege-mit-innocare-b580\">Innocare B580\u00a0\u00ae ist ein neutraler und milder Reiniger<\/a>, der eine Schutzschicht auf Nanoebene auftr\u00e4gt. Zu beiden Produkten finden Sie umfangreiche Informationen auf unserer Produktseite.<\/p>\n<h4>Entfernen von Rost auf Gartenm\u00f6beln<\/h4>\n<p>Innoshine B570 \u00ae eignet sich hervorragend, um Rost und anderen Belag von Ihren Edelstahl-Gartenm\u00f6beln zu entfernen. Dieser leistungsstarke Tiefenreiniger sorgt daf\u00fcr, dass Ihre M\u00f6bel aus rostfreiem Stahl wieder strahlen.<\/p>\n<p>Wir empfehlen Ihnen, Ihr Mobiliar danach mit Innocare B580 \u00ae zu behandeln. So werden letzte R\u00fcckst\u00e4nde entfernt und Sie bringen eine effektive Schutzschicht auf Nanoebene auf.<\/p>\n<h4>Entfernen von Rost und Rostflecken<\/h4>\n<p>Jeder kennt das &#8211; Rost und Rostflecken auf rostfreiem Stahl (Edelstahl) und anderen Nichteisenmetallen. Dar\u00fcber hinaus, dass es h\u00e4sslich aussieht, bringt Rost auch Risiken mit sich. Je l\u00e4nger Rost Zeit hat, desto gr\u00f6\u00dfer die Chance des Durchrostens, was Lecks und andere Probleme verursachen kann. Rostbildung muss schnell behandelt werden. Sie k\u00f6nnen dies effektiv tun, indem Sie Innoshine B570 \u00ae nutzen und die gereinigte Oberfl\u00e4che danach mit Innocare B580 \u00ae behandeln.<br \/>\n<a href=\"\/shop\/edelstahlreiniger\/edelstahl-reinigung-mit-innospray-b600\">Innospray B600 \u00ae trocknet schnell und streifenfrei<\/a> und sorgt daf\u00fcr, dass Ihr Edelstahl immer perfekt aussieht. Sie finden umfangreiche Informationen dazu auf unserer Produktseite.<\/p>\n<h3>Innospray B600 \u00ae<\/h3>\n<p>Innospray B600 \u00ae\u00a0ist ein gebrauchsfertiger Reiniger, der sich sehr gut eignet, um Flecken und Fingerabdr\u00fccke zu entfernen. Innospray B600 \u00ae trocknet schnell und eignet sich daher einwandfrei, um Fingerabdr\u00fccke auf Autot\u00fcren zu entfernen. Innospray B600 \u00ae wird auf essen und in Ausstellungsr\u00e4umen verwendet, so dass das Auto immer perfekt aussieht.<\/p>\n<h4>Edelstahl-Dunstabzugshaube reinigen<\/h4>\n<p>Es ist ein bekanntes Problem, Ihre Edelstahl-Dunstabzugshaube (streifenfrei) zu reinigen. Mit Innospray B600 \u00ae sorgen Sie daf\u00fcr, dass Ihre Edelstahl-Dunstabzugshaube immer strahlt. Innospray B600 \u00ae entfernt (Fett-) Flecken und Fingerabdr\u00fccke schnell und m\u00fchelos von Ihrer Dunstabzugshaube und trocknet schnell und streifenfrei.<\/p>\n<h4>Edelstahl-Kochfeld reinigen<\/h4>\n<p>Ein Edelstahl-Kochfeld oder -Herd sieht wunderbar aus, es ist aber oft schwierig, dass dies so bleibt. Bei der Pflege eines Edelstahl-Kochfeldes gibt es 2 Probleme:<br \/>\n<u>1. Sichtbare Streifen nach der Reinigung<\/u><br \/>\nMit den meisten Reinigungsmitteln bleiben nach der Reinigung des Kochfeldes oder des Herdes Streifen \u00fcbrig. Indem Sie Innospray B600 \u00ae verwenden, vermeiden Sie Streifen, weil es schnell und streifenfrei trocknet. Innospray B600 \u00ae ist au\u00dferdem sehr geeignet, um leichte Verschmutzungen, (Fett-) Flecken und Fingerabdr\u00fccke vom Edelstahl-Kochfeld zu entfernen.<\/p>\n<p><u>2. Brauner Belag\/Flecken rund um das Kochfeld<\/u><br \/>\nWenn brauner Belag und\/oder Flecken rund um das Kochfeld eines Edelstahl-Herdes auftreten, ist die Reinigung mit Innospray B600 \u00ae nicht ausreichend. Es ist auch dringend davon abzuraten, Reinigungsmittel mit Scheuerpartikeln oder einem hohen S\u00e4uregehalt oder Reinigungsschw\u00e4mme mit Scheuerfl\u00e4che zu verwenden. Dies bedeutet, dass Kratzer auf dem Edelstahl-Kochfeld entstehen. Zum Entfernen des braunen Belags ist Innocare B580 \u00ae sehr gut geeignet. Dieser milde und neutrale Reiniger entfernt den Belag effektiv und bringt eine Schutzschicht auf Nanoebene auf.<\/p>\n\t\t<\/div>\n\n\t\t\n<style>\n#section_1097711491 {\n  padding-top: 30px;\n  padding-bottom: 30px;\n  background-color: rgb(248, 248, 248);\n}\n<\/style>\n\t<\/section>\n\t\n","protected":false},"excerpt":{"rendered":"","protected":false},"author":3,"featured_media":0,"parent":2509,"menu_order":0,"comment_status":"closed","ping_status":"closed","template":"","meta":{"footnotes":""},"class_list":["post-2567","page","type-page","status-publish","hentry"],"yoast_head":"<!-- This site is optimized with the Yoast SEO plugin v26.3 - https:\/\/yoast.com\/wordpress\/plugins\/seo\/ -->\n<title>Verbraucher - Aceros Metal Treatment<\/title>\n<meta name=\"robots\" content=\"index, follow, max-snippet:-1, max-image-preview:large, max-video-preview:-1\" \/>\n<link rel=\"canonical\" href=\"https:\/\/www.acerosmetal.com\/de\/branchen\/verbraucher\" \/>\n<meta property=\"og:locale\" content=\"de_DE\" \/>\n<meta property=\"og:type\" content=\"article\" \/>\n<meta property=\"og:title\" content=\"Verbraucher - Aceros Metal Treatment\" \/>\n<meta property=\"og:url\" content=\"https:\/\/www.acerosmetal.com\/de\/branchen\/verbraucher\" \/>\n<meta property=\"og:site_name\" content=\"Aceros Metal Treatment\" \/>\n<meta property=\"article:modified_time\" content=\"2019-03-15T14:45:24+00:00\" \/>\n<meta name=\"twitter:card\" content=\"summary_large_image\" \/>\n<meta name=\"twitter:label1\" content=\"Gesch\u00e4tzte Lesezeit\" \/>\n\t<meta name=\"twitter:data1\" content=\"3\u00a0Minuten\" \/>\n<script type=\"application\/ld+json\" class=\"yoast-schema-graph\">{\"@context\":\"https:\/\/schema.org\",\"@graph\":[{\"@type\":\"WebPage\",\"@id\":\"https:\/\/www.acerosmetal.com\/de\/branchen\/verbraucher\",\"url\":\"https:\/\/www.acerosmetal.com\/de\/branchen\/verbraucher\",\"name\":\"Verbraucher - Aceros Metal Treatment\",\"isPartOf\":{\"@id\":\"https:\/\/www.acerosmetal.com\/de\/#website\"},\"datePublished\":\"2019-03-07T20:42:29+00:00\",\"dateModified\":\"2019-03-15T14:45:24+00:00\",\"breadcrumb\":{\"@id\":\"https:\/\/www.acerosmetal.com\/de\/branchen\/verbraucher#breadcrumb\"},\"inLanguage\":\"de\",\"potentialAction\":[{\"@type\":\"ReadAction\",\"target\":[\"https:\/\/www.acerosmetal.com\/de\/branchen\/verbraucher\"]}]},{\"@type\":\"BreadcrumbList\",\"@id\":\"https:\/\/www.acerosmetal.com\/de\/branchen\/verbraucher#breadcrumb\",\"itemListElement\":[{\"@type\":\"ListItem\",\"position\":1,\"name\":\"Home\",\"item\":\"https:\/\/www.acerosmetal.com\/de\"},{\"@type\":\"ListItem\",\"position\":2,\"name\":\"Branchen\",\"item\":\"https:\/\/www.acerosmetal.com\/de\/branchen\"},{\"@type\":\"ListItem\",\"position\":3,\"name\":\"Verbraucher\"}]},{\"@type\":\"WebSite\",\"@id\":\"https:\/\/www.acerosmetal.com\/de\/#website\",\"url\":\"https:\/\/www.acerosmetal.com\/de\/\",\"name\":\"Aceros Metal Treatment\",\"description\":\"\",\"potentialAction\":[{\"@type\":\"SearchAction\",\"target\":{\"@type\":\"EntryPoint\",\"urlTemplate\":\"https:\/\/www.acerosmetal.com\/de\/?s={search_term_string}\"},\"query-input\":{\"@type\":\"PropertyValueSpecification\",\"valueRequired\":true,\"valueName\":\"search_term_string\"}}],\"inLanguage\":\"de\"}]}<\/script>\n<!-- \/ Yoast SEO plugin. -->","yoast_head_json":{"title":"Verbraucher - Aceros Metal Treatment","robots":{"index":"index","follow":"follow","max-snippet":"max-snippet:-1","max-image-preview":"max-image-preview:large","max-video-preview":"max-video-preview:-1"},"canonical":"https:\/\/www.acerosmetal.com\/de\/branchen\/verbraucher","og_locale":"de_DE","og_type":"article","og_title":"Verbraucher - Aceros Metal Treatment","og_url":"https:\/\/www.acerosmetal.com\/de\/branchen\/verbraucher","og_site_name":"Aceros Metal Treatment","article_modified_time":"2019-03-15T14:45:24+00:00","twitter_card":"summary_large_image","twitter_misc":{"Gesch\u00e4tzte Lesezeit":"3\u00a0Minuten"},"schema":{"@context":"https:\/\/schema.org","@graph":[{"@type":"WebPage","@id":"https:\/\/www.acerosmetal.com\/de\/branchen\/verbraucher","url":"https:\/\/www.acerosmetal.com\/de\/branchen\/verbraucher","name":"Verbraucher - Aceros Metal Treatment","isPartOf":{"@id":"https:\/\/www.acerosmetal.com\/de\/#website"},"datePublished":"2019-03-07T20:42:29+00:00","dateModified":"2019-03-15T14:45:24+00:00","breadcrumb":{"@id":"https:\/\/www.acerosmetal.com\/de\/branchen\/verbraucher#breadcrumb"},"inLanguage":"de","potentialAction":[{"@type":"ReadAction","target":["https:\/\/www.acerosmetal.com\/de\/branchen\/verbraucher"]}]},{"@type":"BreadcrumbList","@id":"https:\/\/www.acerosmetal.com\/de\/branchen\/verbraucher#breadcrumb","itemListElement":[{"@type":"ListItem","position":1,"name":"Home","item":"https:\/\/www.acerosmetal.com\/de"},{"@type":"ListItem","position":2,"name":"Branchen","item":"https:\/\/www.acerosmetal.com\/de\/branchen"},{"@type":"ListItem","position":3,"name":"Verbraucher"}]},{"@type":"WebSite","@id":"https:\/\/www.acerosmetal.com\/de\/#website","url":"https:\/\/www.acerosmetal.com\/de\/","name":"Aceros Metal Treatment","description":"","potentialAction":[{"@type":"SearchAction","target":{"@type":"EntryPoint","urlTemplate":"https:\/\/www.acerosmetal.com\/de\/?s={search_term_string}"},"query-input":{"@type":"PropertyValueSpecification","valueRequired":true,"valueName":"search_term_string"}}],"inLanguage":"de"}]}},"_links":{"self":[{"href":"https:\/\/www.acerosmetal.com\/de\/wp-json\/wp\/v2\/pages\/2567","targetHints":{"allow":["GET"]}}],"collection":[{"href":"https:\/\/www.acerosmetal.com\/de\/wp-json\/wp\/v2\/pages"}],"about":[{"href":"https:\/\/www.acerosmetal.com\/de\/wp-json\/wp\/v2\/types\/page"}],"author":[{"embeddable":true,"href":"https:\/\/www.acerosmetal.com\/de\/wp-json\/wp\/v2\/users\/3"}],"replies":[{"embeddable":true,"href":"https:\/\/www.acerosmetal.com\/de\/wp-json\/wp\/v2\/comments?post=2567"}],"version-history":[{"count":6,"href":"https:\/\/www.acerosmetal.com\/de\/wp-json\/wp\/v2\/pages\/2567\/revisions"}],"predecessor-version":[{"id":3285,"href":"https:\/\/www.acerosmetal.com\/de\/wp-json\/wp\/v2\/pages\/2567\/revisions\/3285"}],"up":[{"embeddable":true,"href":"https:\/\/www.acerosmetal.com\/de\/wp-json\/wp\/v2\/pages\/2509"}],"wp:attachment":[{"href":"https:\/\/www.acerosmetal.com\/de\/wp-json\/wp\/v2\/media?parent=2567"}],"curies":[{"name":"wp","href":"https:\/\/api.w.org\/{rel}","templated":true}]}}