{"id":2563,"date":"2019-03-07T21:32:17","date_gmt":"2019-03-07T20:32:17","guid":{"rendered":"https:\/\/www.acerosmetal.com\/branchen\/automotive"},"modified":"2019-03-15T15:41:53","modified_gmt":"2019-03-15T14:41:53","slug":"automobile","status":"publish","type":"page","link":"https:\/\/www.acerosmetal.com\/de\/branchen\/automobile","title":{"rendered":"Automobile"},"content":{"rendered":"\n\t<section class=\"section\" id=\"section_1967960151\">\n\t\t<div class=\"section-bg fill\" >\n\t\t\t\t\t\t\t\t\t\n\t\t\t\n\n\t\t<\/div>\n\n\t\t\n\n\t\t<div class=\"section-content relative\">\n\t\t\t\n<h1 class=\"uppercase\">Automobile<\/h1>\n<p>Die Produkte von <a href=\"\/\">Aceros Metal Treatment<\/a> werden h\u00e4ufig in der Automobilindustrie eingesetzt. Im Folgenden finden Sie einen \u00dcberblick dar\u00fcber, wie unsere Produkte angewendet werden.<\/p>\n<h2>Innoshine B570 \u00ae und Innocare B580 \u00ae<\/h2>\n<p><a href=\"\/shop\/edelstahlreiniger\/entfernen-von-rost-innoshine-b570\">Innoshine B570 \u00ae ist ein Tiefenreiniger, der Rost entfernt<\/a> und <a href=\"\/de\/de\/de\/shop\/edelstahlreiniger\/edelstahl-pflege-mit-innocare-b580\">Innocare B580 \u00ae ist ein neutraler und milder Reiniger<\/a>, der eine Schutzschicht auf Nanoebene auftr\u00e4gt. Zu beiden Produkten finden Sie umfangreiche Informationen auf unserer Produktseite.<\/p>\n<h3>Bremsfl\u00fcssigkeit von Felgen entfernen<\/h3>\n<p>Innoshine B570 \u00ae eignet sich hervorragend, um Bremsfl\u00fcssigkeit, Rost und anderen Belag vor Ihren Felgen zu entfernen. Dieser leistungsstarke Tiefenreiniger sorgt daf\u00fcr, dass Ihre Felgen wieder strahlen.<\/p>\n<p>Wir empfehlen Ihnen, Ihre Felgen danach mit Innocare B580 \u00ae zu behandeln. So werden letzte R\u00fcckst\u00e4nde entfernt und Sie bringen eine effektive Schutzschicht auf Nanoebene auf.<\/p>\n<h2>Entfernen von Rost und Rostflecken<\/h2>\n<p>S\u00e4mtliche Autofahrer, Werkst\u00e4tten und Karosseriebauer kennen das Problem. Rost und Korrosionsbelag auf dem Auto. Dar\u00fcber hinaus, dass es h\u00e4sslich aussieht, bringt Rost auch Risiken mit sich. Je l\u00e4nger Rost Zeit hat, desto gr\u00f6\u00dfer die Chance des Durchrostens, was Lecks und andere Probleme verursachen kann. Rostbildung muss schnell behandelt werden. Sie k\u00f6nnen dies effektiv tun, indem Sie Innoshine B570 \u00ae nutzen und die gereinigte Oberfl\u00e4che danach mit Innocare B580 \u00ae behandeln.<\/p>\n<h3>Innospray B600 \u00ae<\/h3>\n<p><a href=\"\/shop\/edelstahlreiniger\/edelstahl-reinigung-mit-innospray-b600\">Innospray B600 \u00ae ist ein gebrauchsfertiger Reiniger<\/a>, der sich sehr gut eignet, um Flecken und Fingerabdr\u00fccke zu entfernen. Innospray B600 \u00ae trocknet schnell und eignet sich daher einwandfrei, um Fingerabdr\u00fccke auf Autot\u00fcren zu entfernen. Innospray B600 \u00ae wird auf essen und in Ausstellungsr\u00e4umen verwendet, so dass das Auto immer perfekt aussieht.<\/p>\n\t\t<\/div>\n\n\t\t\n<style>\n#section_1967960151 {\n  padding-top: 30px;\n  padding-bottom: 30px;\n  background-color: rgb(248, 248, 248);\n}\n<\/style>\n\t<\/section>\n\t\n","protected":false},"excerpt":{"rendered":"","protected":false},"author":3,"featured_media":0,"parent":2509,"menu_order":0,"comment_status":"closed","ping_status":"closed","template":"","meta":{"footnotes":""},"class_list":["post-2563","page","type-page","status-publish","hentry"],"yoast_head":"<!-- This site is optimized with the Yoast SEO plugin v26.3 - https:\/\/yoast.com\/wordpress\/plugins\/seo\/ -->\n<title>Automobile - Aceros Metal Treatment<\/title>\n<meta name=\"robots\" content=\"index, follow, max-snippet:-1, max-image-preview:large, max-video-preview:-1\" \/>\n<link rel=\"canonical\" href=\"https:\/\/www.acerosmetal.com\/de\/branchen\/automobile\" \/>\n<meta property=\"og:locale\" content=\"de_DE\" \/>\n<meta property=\"og:type\" content=\"article\" \/>\n<meta property=\"og:title\" content=\"Automobile - Aceros Metal Treatment\" \/>\n<meta property=\"og:url\" content=\"https:\/\/www.acerosmetal.com\/de\/branchen\/automobile\" \/>\n<meta property=\"og:site_name\" content=\"Aceros Metal Treatment\" \/>\n<meta property=\"article:modified_time\" content=\"2019-03-15T14:41:53+00:00\" \/>\n<meta name=\"twitter:card\" content=\"summary_large_image\" \/>\n<meta name=\"twitter:label1\" content=\"Gesch\u00e4tzte Lesezeit\" \/>\n\t<meta name=\"twitter:data1\" content=\"1\u00a0Minute\" \/>\n<script type=\"application\/ld+json\" class=\"yoast-schema-graph\">{\"@context\":\"https:\/\/schema.org\",\"@graph\":[{\"@type\":\"WebPage\",\"@id\":\"https:\/\/www.acerosmetal.com\/de\/branchen\/automobile\",\"url\":\"https:\/\/www.acerosmetal.com\/de\/branchen\/automobile\",\"name\":\"Automobile - Aceros Metal Treatment\",\"isPartOf\":{\"@id\":\"https:\/\/www.acerosmetal.com\/de\/#website\"},\"datePublished\":\"2019-03-07T20:32:17+00:00\",\"dateModified\":\"2019-03-15T14:41:53+00:00\",\"breadcrumb\":{\"@id\":\"https:\/\/www.acerosmetal.com\/de\/branchen\/automobile#breadcrumb\"},\"inLanguage\":\"de\",\"potentialAction\":[{\"@type\":\"ReadAction\",\"target\":[\"https:\/\/www.acerosmetal.com\/de\/branchen\/automobile\"]}]},{\"@type\":\"BreadcrumbList\",\"@id\":\"https:\/\/www.acerosmetal.com\/de\/branchen\/automobile#breadcrumb\",\"itemListElement\":[{\"@type\":\"ListItem\",\"position\":1,\"name\":\"Home\",\"item\":\"https:\/\/www.acerosmetal.com\/de\"},{\"@type\":\"ListItem\",\"position\":2,\"name\":\"Branchen\",\"item\":\"https:\/\/www.acerosmetal.com\/de\/branchen\"},{\"@type\":\"ListItem\",\"position\":3,\"name\":\"Automobile\"}]},{\"@type\":\"WebSite\",\"@id\":\"https:\/\/www.acerosmetal.com\/de\/#website\",\"url\":\"https:\/\/www.acerosmetal.com\/de\/\",\"name\":\"Aceros Metal Treatment\",\"description\":\"\",\"potentialAction\":[{\"@type\":\"SearchAction\",\"target\":{\"@type\":\"EntryPoint\",\"urlTemplate\":\"https:\/\/www.acerosmetal.com\/de\/?s={search_term_string}\"},\"query-input\":{\"@type\":\"PropertyValueSpecification\",\"valueRequired\":true,\"valueName\":\"search_term_string\"}}],\"inLanguage\":\"de\"}]}<\/script>\n<!-- \/ Yoast SEO plugin. -->","yoast_head_json":{"title":"Automobile - Aceros Metal Treatment","robots":{"index":"index","follow":"follow","max-snippet":"max-snippet:-1","max-image-preview":"max-image-preview:large","max-video-preview":"max-video-preview:-1"},"canonical":"https:\/\/www.acerosmetal.com\/de\/branchen\/automobile","og_locale":"de_DE","og_type":"article","og_title":"Automobile - Aceros Metal Treatment","og_url":"https:\/\/www.acerosmetal.com\/de\/branchen\/automobile","og_site_name":"Aceros Metal Treatment","article_modified_time":"2019-03-15T14:41:53+00:00","twitter_card":"summary_large_image","twitter_misc":{"Gesch\u00e4tzte Lesezeit":"1\u00a0Minute"},"schema":{"@context":"https:\/\/schema.org","@graph":[{"@type":"WebPage","@id":"https:\/\/www.acerosmetal.com\/de\/branchen\/automobile","url":"https:\/\/www.acerosmetal.com\/de\/branchen\/automobile","name":"Automobile - Aceros Metal Treatment","isPartOf":{"@id":"https:\/\/www.acerosmetal.com\/de\/#website"},"datePublished":"2019-03-07T20:32:17+00:00","dateModified":"2019-03-15T14:41:53+00:00","breadcrumb":{"@id":"https:\/\/www.acerosmetal.com\/de\/branchen\/automobile#breadcrumb"},"inLanguage":"de","potentialAction":[{"@type":"ReadAction","target":["https:\/\/www.acerosmetal.com\/de\/branchen\/automobile"]}]},{"@type":"BreadcrumbList","@id":"https:\/\/www.acerosmetal.com\/de\/branchen\/automobile#breadcrumb","itemListElement":[{"@type":"ListItem","position":1,"name":"Home","item":"https:\/\/www.acerosmetal.com\/de"},{"@type":"ListItem","position":2,"name":"Branchen","item":"https:\/\/www.acerosmetal.com\/de\/branchen"},{"@type":"ListItem","position":3,"name":"Automobile"}]},{"@type":"WebSite","@id":"https:\/\/www.acerosmetal.com\/de\/#website","url":"https:\/\/www.acerosmetal.com\/de\/","name":"Aceros Metal Treatment","description":"","potentialAction":[{"@type":"SearchAction","target":{"@type":"EntryPoint","urlTemplate":"https:\/\/www.acerosmetal.com\/de\/?s={search_term_string}"},"query-input":{"@type":"PropertyValueSpecification","valueRequired":true,"valueName":"search_term_string"}}],"inLanguage":"de"}]}},"_links":{"self":[{"href":"https:\/\/www.acerosmetal.com\/de\/wp-json\/wp\/v2\/pages\/2563","targetHints":{"allow":["GET"]}}],"collection":[{"href":"https:\/\/www.acerosmetal.com\/de\/wp-json\/wp\/v2\/pages"}],"about":[{"href":"https:\/\/www.acerosmetal.com\/de\/wp-json\/wp\/v2\/types\/page"}],"author":[{"embeddable":true,"href":"https:\/\/www.acerosmetal.com\/de\/wp-json\/wp\/v2\/users\/3"}],"replies":[{"embeddable":true,"href":"https:\/\/www.acerosmetal.com\/de\/wp-json\/wp\/v2\/comments?post=2563"}],"version-history":[{"count":8,"href":"https:\/\/www.acerosmetal.com\/de\/wp-json\/wp\/v2\/pages\/2563\/revisions"}],"predecessor-version":[{"id":3281,"href":"https:\/\/www.acerosmetal.com\/de\/wp-json\/wp\/v2\/pages\/2563\/revisions\/3281"}],"up":[{"embeddable":true,"href":"https:\/\/www.acerosmetal.com\/de\/wp-json\/wp\/v2\/pages\/2509"}],"wp:attachment":[{"href":"https:\/\/www.acerosmetal.com\/de\/wp-json\/wp\/v2\/media?parent=2563"}],"curies":[{"name":"wp","href":"https:\/\/api.w.org\/{rel}","templated":true}]}}