{"id":2509,"date":"2019-03-04T20:47:56","date_gmt":"2019-03-04T19:47:56","guid":{"rendered":"https:\/\/www.acerosmetal.com\/branches"},"modified":"2019-03-11T20:11:05","modified_gmt":"2019-03-11T19:11:05","slug":"branchen","status":"publish","type":"page","link":"https:\/\/www.acerosmetal.com\/de\/branchen","title":{"rendered":"Branchen"},"content":{"rendered":"\n\t<section class=\"section\" id=\"section_289386616\">\n\t\t<div class=\"section-bg fill\" >\n\t\t\t\t\t\t\t\t\t\n\t\t\t\n\n\t\t<\/div>\n\n\t\t\n\n\t\t<div class=\"section-content relative\">\n\t\t\t\n<h1 class=\"uppercase\">Branchenl\u00f6sungen<\/h1>\n<p> Unsere einzigartigen Produkte werden in unterschiedlichen Branchen verwendet. Schauen und lesen Sie weiter, was wir f\u00fcr Sie bedeuten k\u00f6nnen!<\/p>\n<p>Ist die Branche, in der Sie aktiv sind, nicht erw\u00e4hnt? Dann nehmen Sie Kontakt auf, um herauszufinden, was wir f\u00fcr Sie bedeuten k\u00f6nnen.<\/p>\n<div class=\"row align-equal\"  id=\"row-1250745783\">\n\n\t<div id=\"col-280761624\" class=\"col medium-6 small-12 large-6\"  >\n\t\t\t\t<div class=\"col-inner box-shadow-1\"  >\n\t\t\t\n\t\t\t\n\t<div class=\"box has-hover   has-hover box-vertical box-text-bottom\" >\n\n\t\t<div class=\"box-image\" style=\"width:30%;\">\n\t\t\t\t\t\t<div class=\"\" >\n\t\t\t\t<img loading=\"lazy\" decoding=\"async\" width=\"140\" height=\"180\" src=\"https:\/\/www.acerosmetal.com\/wp-content\/uploads\/2019\/03\/branche-1.png\" class=\"attachment-original size-original\" alt=\"\" \/>\t\t\t\t\t\t\t\t\t\t\t<\/div>\n\t\t\t\t\t<\/div>\n\n\t\t<div class=\"box-text text-left\" >\n\t\t\t<div class=\"box-text-inner\">\n\t\t\t\t\n<h4>Automobile<\/h4>\n<p> Bremsfl\u00fcssigkeit von Felgen entfernen? Leicht Fingerabdr\u00fccke entfernen?<br \/>\nSehen Sie, was wir Ihnen bieten k\u00f6nnen.<\/p>\n<a href=\"\/de\/branchen\/automobile\" class=\"button primary expand\" >\n\t\t<span>Weiterlesen<\/span>\n\t<i class=\"icon-angle-right\" aria-hidden=\"true\"><\/i><\/a>\n\n\t\t\t<\/div>\n\t\t<\/div>\n\t<\/div>\n\t\n\t\t<\/div>\n\t\t\t\t\n<style>\n#col-280761624 > .col-inner {\n  padding: 0px 0px 0px 0px;\n}\n<\/style>\n\t<\/div>\n\n\t\n\n\t<div id=\"col-281581977\" class=\"col medium-6 small-12 large-6\"  >\n\t\t\t\t<div class=\"col-inner box-shadow-1\"  >\n\t\t\t\n\t\t\t\n\t<div class=\"box has-hover   has-hover box-vertical box-text-bottom\" >\n\n\t\t<div class=\"box-image\" style=\"width:30%;\">\n\t\t\t\t\t\t<div class=\"\" >\n\t\t\t\t<img loading=\"lazy\" decoding=\"async\" width=\"140\" height=\"180\" src=\"https:\/\/www.acerosmetal.com\/wp-content\/uploads\/2019\/03\/branche-2.png\" class=\"attachment-original size-original\" alt=\"\" \/>\t\t\t\t\t\t\t\t\t\t\t<\/div>\n\t\t\t\t\t<\/div>\n\n\t\t<div class=\"box-text text-left\" >\n\t\t\t<div class=\"box-text-inner\">\n\t\t\t\t\n<h4>Verbraucher<\/h4>\n<p>Ihnen Edelstahl-Dunstabzugshaube immer sauber? Rost entfernen von Ihrem gartenmobiliar?<\/p>\n<a href=\"\/branchen\/verbraucher\" class=\"button primary expand\" >\n\t\t<span>Weiterlesen<\/span>\n\t<i class=\"icon-angle-right\" aria-hidden=\"true\"><\/i><\/a>\n\n\t\t\t<\/div>\n\t\t<\/div>\n\t<\/div>\n\t\n\t\t<\/div>\n\t\t\t\t\n<style>\n#col-281581977 > .col-inner {\n  padding: 0px 0px 0px 0px;\n}\n<\/style>\n\t<\/div>\n\n\t\n\n\t<div id=\"col-1821980898\" class=\"col medium-6 small-12 large-6\"  >\n\t\t\t\t<div class=\"col-inner box-shadow-1\"  >\n\t\t\t\n\t\t\t\n\t<div class=\"box has-hover   has-hover box-vertical box-text-bottom\" >\n\n\t\t<div class=\"box-image\" style=\"width:30%;\">\n\t\t\t\t\t\t<div class=\"\" >\n\t\t\t\t<img loading=\"lazy\" decoding=\"async\" width=\"140\" height=\"180\" src=\"https:\/\/www.acerosmetal.com\/wp-content\/uploads\/2019\/03\/branche-8.png\" class=\"attachment-original size-original\" alt=\"\" \/>\t\t\t\t\t\t\t\t\t\t\t<\/div>\n\t\t\t\t\t<\/div>\n\n\t\t<div class=\"box-text text-left\" >\n\t\t\t<div class=\"box-text-inner\">\n\t\t\t\t\n<h4>Fahrradhersteller<\/h4>\n<p>Entfernen von Flugrost an Fahrradrahmen?<\/p>\n<a href=\"\/branchen\/fahrradhersteller\" class=\"button primary expand\" >\n\t\t<span>Weiterlesen<\/span>\n\t<i class=\"icon-angle-right\" aria-hidden=\"true\"><\/i><\/a>\n\n\t\t\t<\/div>\n\t\t<\/div>\n\t<\/div>\n\t\n\t\t<\/div>\n\t\t\t\t\n<style>\n#col-1821980898 > .col-inner {\n  padding: 0px 0px 0px 0px;\n}\n<\/style>\n\t<\/div>\n\n\t\n\n\t<div id=\"col-1144515409\" class=\"col medium-6 small-12 large-6\"  >\n\t\t\t\t<div class=\"col-inner box-shadow-1\"  >\n\t\t\t\n\t\t\t\n\t<div class=\"box has-hover   has-hover box-vertical box-text-bottom\" >\n\n\t\t<div class=\"box-image\" style=\"width:30%;\">\n\t\t\t\t\t\t<div class=\"\" >\n\t\t\t\t<img loading=\"lazy\" decoding=\"async\" width=\"140\" height=\"180\" src=\"https:\/\/www.acerosmetal.com\/wp-content\/uploads\/2019\/03\/branche-18.png\" class=\"attachment-original size-original\" alt=\"\" \/>\t\t\t\t\t\t\t\t\t\t\t<\/div>\n\t\t\t\t\t<\/div>\n\n\t\t<div class=\"box-text text-left\" >\n\t\t\t<div class=\"box-text-inner\">\n\t\t\t\t\n<h4>Maritiem en offshore<\/h4>\n<a href=\"\/branchen\/maritim\" class=\"button primary expand\" >\n\t\t<span>Weiterlesen<\/span>\n\t<i class=\"icon-angle-right\" aria-hidden=\"true\"><\/i><\/a>\n\n\t\t\t<\/div>\n\t\t<\/div>\n\t<\/div>\n\t\n\t\t<\/div>\n\t\t\t\t\n<style>\n#col-1144515409 > .col-inner {\n  padding: 0px 0px 0px 0px;\n}\n<\/style>\n\t<\/div>\n\n\t\n\n\t<div id=\"col-1673195292\" class=\"col medium-6 small-12 large-6\"  >\n\t\t\t\t<div class=\"col-inner box-shadow-1\"  >\n\t\t\t\n\t\t\t\n\t<div class=\"box has-hover   has-hover box-vertical box-text-bottom\" >\n\n\t\t<div class=\"box-image\" style=\"width:30%;\">\n\t\t\t\t\t\t<div class=\"\" >\n\t\t\t\t<img loading=\"lazy\" decoding=\"async\" width=\"140\" height=\"180\" src=\"https:\/\/www.acerosmetal.com\/wp-content\/uploads\/2019\/03\/branche-22.png\" class=\"attachment-original size-original\" alt=\"\" \/>\t\t\t\t\t\t\t\t\t\t\t<\/div>\n\t\t\t\t\t<\/div>\n\n\t\t<div class=\"box-text text-left\" >\n\t\t\t<div class=\"box-text-inner\">\n\t\t\t\t\n<h4>Zahn\u00e4rtze<\/h4>\n<p>Flugrost entfernen von instrumenten?<\/p>\n<a href=\"\/branchen\/zahnaertze\" class=\"button primary expand\" >\n\t\t<span>Weiterlesen<\/span>\n\t<i class=\"icon-angle-right\" aria-hidden=\"true\"><\/i><\/a>\n\n\t\t\t<\/div>\n\t\t<\/div>\n\t<\/div>\n\t\n\t\t<\/div>\n\t\t\t\t\n<style>\n#col-1673195292 > .col-inner {\n  padding: 0px 0px 0px 0px;\n}\n<\/style>\n\t<\/div>\n\n\t\n\n\t<div id=\"col-1615843763\" class=\"col medium-6 small-12 large-6\"  >\n\t\t\t\t<div class=\"col-inner box-shadow-1\"  >\n\t\t\t\n\t\t\t\n\t<div class=\"box has-hover   has-hover box-vertical box-text-bottom\" >\n\n\t\t<div class=\"box-image\" style=\"width:30%;\">\n\t\t\t\t\t\t<div class=\"\" >\n\t\t\t\t<img loading=\"lazy\" decoding=\"async\" width=\"140\" height=\"180\" src=\"https:\/\/www.acerosmetal.com\/wp-content\/uploads\/2019\/03\/branche-28.png\" class=\"attachment-original size-original\" alt=\"\" \/>\t\t\t\t\t\t\t\t\t\t\t<\/div>\n\t\t\t\t\t<\/div>\n\n\t\t<div class=\"box-text text-left\" >\n\t\t\t<div class=\"box-text-inner\">\n\t\t\t\t\n<h4>Schwimmb\u00e4der<\/h4>\n<p>Rost entfernen im Machinenraum? Edelstahl Winkelleisten immer in Top-Zustand?<\/p>\n<a href=\"\/branchen\/schwimmbaeder\" class=\"button primary expand\" >\n\t\t<span>Weiterlesen<\/span>\n\t<i class=\"icon-angle-right\" aria-hidden=\"true\"><\/i><\/a>\n\n\t\t\t<\/div>\n\t\t<\/div>\n\t<\/div>\n\t\n\t\t<\/div>\n\t\t\t\t\n<style>\n#col-1615843763 > .col-inner {\n  padding: 0px 0px 0px 0px;\n}\n<\/style>\n\t<\/div>\n\n\t\n\n<style>\n#row-1250745783 > .col > .col-inner {\n  padding: 10px 10px 10px 10px;\n  background-color: rgb(255, 255, 255);\n}\n<\/style>\n<\/div>\n\t\t<\/div>\n\n\t\t\n<style>\n#section_289386616 {\n  padding-top: 30px;\n  padding-bottom: 30px;\n  background-color: rgb(248, 248, 248);\n}\n<\/style>\n\t<\/section>\n\t\n","protected":false},"excerpt":{"rendered":"","protected":false},"author":3,"featured_media":0,"parent":0,"menu_order":0,"comment_status":"closed","ping_status":"closed","template":"","meta":{"footnotes":""},"class_list":["post-2509","page","type-page","status-publish","hentry"],"yoast_head":"<!-- This site is optimized with the Yoast SEO plugin v26.3 - https:\/\/yoast.com\/wordpress\/plugins\/seo\/ -->\n<title>Branchen - Aceros Metal Treatment<\/title>\n<meta name=\"robots\" content=\"index, follow, max-snippet:-1, max-image-preview:large, max-video-preview:-1\" \/>\n<link rel=\"canonical\" href=\"https:\/\/www.acerosmetal.com\/de\/branchen\" \/>\n<meta property=\"og:locale\" content=\"de_DE\" \/>\n<meta property=\"og:type\" content=\"article\" \/>\n<meta property=\"og:title\" content=\"Branchen - Aceros Metal Treatment\" \/>\n<meta property=\"og:url\" content=\"https:\/\/www.acerosmetal.com\/de\/branchen\" \/>\n<meta property=\"og:site_name\" content=\"Aceros Metal Treatment\" \/>\n<meta property=\"article:modified_time\" content=\"2019-03-11T19:11:05+00:00\" \/>\n<meta name=\"twitter:card\" content=\"summary_large_image\" \/>\n<meta name=\"twitter:label1\" content=\"Gesch\u00e4tzte Lesezeit\" \/>\n\t<meta name=\"twitter:data1\" content=\"2\u00a0Minuten\" \/>\n<script type=\"application\/ld+json\" class=\"yoast-schema-graph\">{\"@context\":\"https:\/\/schema.org\",\"@graph\":[{\"@type\":\"WebPage\",\"@id\":\"https:\/\/www.acerosmetal.com\/de\/branchen\",\"url\":\"https:\/\/www.acerosmetal.com\/de\/branchen\",\"name\":\"Branchen - Aceros Metal Treatment\",\"isPartOf\":{\"@id\":\"https:\/\/www.acerosmetal.com\/de\/#website\"},\"datePublished\":\"2019-03-04T19:47:56+00:00\",\"dateModified\":\"2019-03-11T19:11:05+00:00\",\"breadcrumb\":{\"@id\":\"https:\/\/www.acerosmetal.com\/de\/branchen#breadcrumb\"},\"inLanguage\":\"de\",\"potentialAction\":[{\"@type\":\"ReadAction\",\"target\":[\"https:\/\/www.acerosmetal.com\/de\/branchen\"]}]},{\"@type\":\"BreadcrumbList\",\"@id\":\"https:\/\/www.acerosmetal.com\/de\/branchen#breadcrumb\",\"itemListElement\":[{\"@type\":\"ListItem\",\"position\":1,\"name\":\"Home\",\"item\":\"https:\/\/www.acerosmetal.com\/de\"},{\"@type\":\"ListItem\",\"position\":2,\"name\":\"Branchen\"}]},{\"@type\":\"WebSite\",\"@id\":\"https:\/\/www.acerosmetal.com\/de\/#website\",\"url\":\"https:\/\/www.acerosmetal.com\/de\/\",\"name\":\"Aceros Metal Treatment\",\"description\":\"\",\"potentialAction\":[{\"@type\":\"SearchAction\",\"target\":{\"@type\":\"EntryPoint\",\"urlTemplate\":\"https:\/\/www.acerosmetal.com\/de\/?s={search_term_string}\"},\"query-input\":{\"@type\":\"PropertyValueSpecification\",\"valueRequired\":true,\"valueName\":\"search_term_string\"}}],\"inLanguage\":\"de\"}]}<\/script>\n<!-- \/ Yoast SEO plugin. -->","yoast_head_json":{"title":"Branchen - Aceros Metal Treatment","robots":{"index":"index","follow":"follow","max-snippet":"max-snippet:-1","max-image-preview":"max-image-preview:large","max-video-preview":"max-video-preview:-1"},"canonical":"https:\/\/www.acerosmetal.com\/de\/branchen","og_locale":"de_DE","og_type":"article","og_title":"Branchen - Aceros Metal Treatment","og_url":"https:\/\/www.acerosmetal.com\/de\/branchen","og_site_name":"Aceros Metal Treatment","article_modified_time":"2019-03-11T19:11:05+00:00","twitter_card":"summary_large_image","twitter_misc":{"Gesch\u00e4tzte Lesezeit":"2\u00a0Minuten"},"schema":{"@context":"https:\/\/schema.org","@graph":[{"@type":"WebPage","@id":"https:\/\/www.acerosmetal.com\/de\/branchen","url":"https:\/\/www.acerosmetal.com\/de\/branchen","name":"Branchen - Aceros Metal Treatment","isPartOf":{"@id":"https:\/\/www.acerosmetal.com\/de\/#website"},"datePublished":"2019-03-04T19:47:56+00:00","dateModified":"2019-03-11T19:11:05+00:00","breadcrumb":{"@id":"https:\/\/www.acerosmetal.com\/de\/branchen#breadcrumb"},"inLanguage":"de","potentialAction":[{"@type":"ReadAction","target":["https:\/\/www.acerosmetal.com\/de\/branchen"]}]},{"@type":"BreadcrumbList","@id":"https:\/\/www.acerosmetal.com\/de\/branchen#breadcrumb","itemListElement":[{"@type":"ListItem","position":1,"name":"Home","item":"https:\/\/www.acerosmetal.com\/de"},{"@type":"ListItem","position":2,"name":"Branchen"}]},{"@type":"WebSite","@id":"https:\/\/www.acerosmetal.com\/de\/#website","url":"https:\/\/www.acerosmetal.com\/de\/","name":"Aceros Metal Treatment","description":"","potentialAction":[{"@type":"SearchAction","target":{"@type":"EntryPoint","urlTemplate":"https:\/\/www.acerosmetal.com\/de\/?s={search_term_string}"},"query-input":{"@type":"PropertyValueSpecification","valueRequired":true,"valueName":"search_term_string"}}],"inLanguage":"de"}]}},"_links":{"self":[{"href":"https:\/\/www.acerosmetal.com\/de\/wp-json\/wp\/v2\/pages\/2509","targetHints":{"allow":["GET"]}}],"collection":[{"href":"https:\/\/www.acerosmetal.com\/de\/wp-json\/wp\/v2\/pages"}],"about":[{"href":"https:\/\/www.acerosmetal.com\/de\/wp-json\/wp\/v2\/types\/page"}],"author":[{"embeddable":true,"href":"https:\/\/www.acerosmetal.com\/de\/wp-json\/wp\/v2\/users\/3"}],"replies":[{"embeddable":true,"href":"https:\/\/www.acerosmetal.com\/de\/wp-json\/wp\/v2\/comments?post=2509"}],"version-history":[{"count":10,"href":"https:\/\/www.acerosmetal.com\/de\/wp-json\/wp\/v2\/pages\/2509\/revisions"}],"predecessor-version":[{"id":2690,"href":"https:\/\/www.acerosmetal.com\/de\/wp-json\/wp\/v2\/pages\/2509\/revisions\/2690"}],"wp:attachment":[{"href":"https:\/\/www.acerosmetal.com\/de\/wp-json\/wp\/v2\/media?parent=2509"}],"curies":[{"name":"wp","href":"https:\/\/api.w.org\/{rel}","templated":true}]}}