{"id":2273,"date":"2019-03-04T20:21:28","date_gmt":"2019-03-04T19:21:28","guid":{"rendered":"https:\/\/www.acerosmetal.com\/bilder-aus-der-praxis\/innopolish-b520"},"modified":"2019-03-04T20:26:03","modified_gmt":"2019-03-04T19:26:03","slug":"innopolish-b520","status":"publish","type":"page","link":"https:\/\/www.acerosmetal.com\/de\/bilder-aus-der-praxis\/innopolish-b520","title":{"rendered":"Innopolish B520 \u00ae"},"content":{"rendered":"\n\t<section class=\"section\" id=\"section_826476818\">\n\t\t<div class=\"section-bg fill\" >\n\t\t\t\t\t\t\t\t\t\n\t\t\t\n\n\t\t<\/div>\n\n\t\t\n\n\t\t<div class=\"section-content relative\">\n\t\t\t\n<h1 class=\"uppercase\">Innopolish B520 \u00ae<\/h1>\n<p>Tutaj znajdziesz kolekcj\u0119 zdj\u0119\u0107 metalowych element\u00f3w, kt\u00f3re by\u0142y leczone Innopolish B520.<\/p>\n<div class=\"row\"  id=\"row-627602775\">\n\n\t<div id=\"col-1659562418\" class=\"col medium-4 small-12 large-4\"  >\n\t\t\t\t<div class=\"col-inner\"  >\n\t\t\t\n\t\t\t\n\t<div class=\"img has-hover x md-x lg-x y md-y lg-y\" id=\"image_1901301387\">\n\t\t<a class=\"image-lightbox lightbox-gallery\" title=\"\" href=\"https:\/\/www.acerosmetal.com\/wp-content\/uploads\/2019\/03\/rvs-voorbeeld-3.jpg\">\t\t\t\t\t\t<div class=\"img-inner dark\" >\n\t\t\t<img loading=\"lazy\" decoding=\"async\" width=\"800\" height=\"600\" src=\"https:\/\/www.acerosmetal.com\/wp-content\/uploads\/2019\/03\/rvs-voorbeeld-3-800x600.jpg\" class=\"attachment-medium size-medium\" alt=\"\" srcset=\"https:\/\/www.acerosmetal.com\/wp-content\/uploads\/2019\/03\/rvs-voorbeeld-3.jpg 800w, https:\/\/www.acerosmetal.com\/wp-content\/uploads\/2019\/03\/rvs-voorbeeld-3-768x576.jpg 768w, https:\/\/www.acerosmetal.com\/wp-content\/uploads\/2019\/03\/rvs-voorbeeld-3-510x383.jpg 510w\" sizes=\"auto, (max-width: 800px) 100vw, 800px\" \/>\t\t\t\t\t\t\n\t\t\t\t\t<\/div>\n\t\t\t\t\t\t<\/a>\t\t\n<style>\n#image_1901301387 {\n  width: 100%;\n}\n<\/style>\n\t<\/div>\n\t\n\t\t<\/div>\n\t\t\t\t\t<\/div>\n\n\t\n\n\t<div id=\"col-214326382\" class=\"col medium-4 small-12 large-4\"  >\n\t\t\t\t<div class=\"col-inner\"  >\n\t\t\t\n\t\t\t\n\t<div class=\"img has-hover x md-x lg-x y md-y lg-y\" id=\"image_1891777907\">\n\t\t<a class=\"image-lightbox lightbox-gallery\" title=\"\" href=\"https:\/\/www.acerosmetal.com\/wp-content\/uploads\/2019\/03\/rvs-voorbeeld-4.jpg\">\t\t\t\t\t\t<div class=\"img-inner dark\" >\n\t\t\t<img loading=\"lazy\" decoding=\"async\" width=\"800\" height=\"600\" src=\"https:\/\/www.acerosmetal.com\/wp-content\/uploads\/2019\/03\/rvs-voorbeeld-4-800x600.jpg\" class=\"attachment-medium size-medium\" alt=\"\" srcset=\"https:\/\/www.acerosmetal.com\/wp-content\/uploads\/2019\/03\/rvs-voorbeeld-4.jpg 800w, https:\/\/www.acerosmetal.com\/wp-content\/uploads\/2019\/03\/rvs-voorbeeld-4-768x576.jpg 768w, https:\/\/www.acerosmetal.com\/wp-content\/uploads\/2019\/03\/rvs-voorbeeld-4-510x383.jpg 510w\" sizes=\"auto, (max-width: 800px) 100vw, 800px\" \/>\t\t\t\t\t\t\n\t\t\t\t\t<\/div>\n\t\t\t\t\t\t<\/a>\t\t\n<style>\n#image_1891777907 {\n  width: 100%;\n}\n<\/style>\n\t<\/div>\n\t\n\t\t<\/div>\n\t\t\t\t\t<\/div>\n\n\t\n\n\t<div id=\"col-690493033\" class=\"col medium-4 small-12 large-4\"  >\n\t\t\t\t<div class=\"col-inner\"  >\n\t\t\t\n\t\t\t\n\t<div class=\"img has-hover x md-x lg-x y md-y lg-y\" id=\"image_614466744\">\n\t\t<a class=\"image-lightbox lightbox-gallery\" title=\"\" href=\"https:\/\/www.acerosmetal.com\/wp-content\/uploads\/2019\/03\/rust-remover-21.jpg\">\t\t\t\t\t\t<div class=\"img-inner dark\" >\n\t\t\t<img loading=\"lazy\" decoding=\"async\" width=\"800\" height=\"600\" src=\"https:\/\/www.acerosmetal.com\/wp-content\/uploads\/2019\/03\/rust-remover-21-800x600.jpg\" class=\"attachment-medium size-medium\" alt=\"\" srcset=\"https:\/\/www.acerosmetal.com\/wp-content\/uploads\/2019\/03\/rust-remover-21.jpg 800w, https:\/\/www.acerosmetal.com\/wp-content\/uploads\/2019\/03\/rust-remover-21-768x576.jpg 768w, https:\/\/www.acerosmetal.com\/wp-content\/uploads\/2019\/03\/rust-remover-21-510x383.jpg 510w\" sizes=\"auto, (max-width: 800px) 100vw, 800px\" \/>\t\t\t\t\t\t\n\t\t\t\t\t<\/div>\n\t\t\t\t\t\t<\/a>\t\t\n<style>\n#image_614466744 {\n  width: 100%;\n}\n<\/style>\n\t<\/div>\n\t\n\t\t<\/div>\n\t\t\t\t\t<\/div>\n\n\t\n\n\t<div id=\"col-768112588\" class=\"col medium-4 small-12 large-4\"  >\n\t\t\t\t<div class=\"col-inner\"  >\n\t\t\t\n\t\t\t\n\t<div class=\"img has-hover x md-x lg-x y md-y lg-y\" id=\"image_498859425\">\n\t\t<a class=\"image-lightbox lightbox-gallery\" title=\"\" href=\"https:\/\/www.acerosmetal.com\/wp-content\/uploads\/2019\/03\/rust-remover-22.jpg\">\t\t\t\t\t\t<div class=\"img-inner dark\" >\n\t\t\t<img loading=\"lazy\" decoding=\"async\" width=\"800\" height=\"600\" src=\"https:\/\/www.acerosmetal.com\/wp-content\/uploads\/2019\/03\/rust-remover-22-800x600.jpg\" class=\"attachment-medium size-medium\" alt=\"\" srcset=\"https:\/\/www.acerosmetal.com\/wp-content\/uploads\/2019\/03\/rust-remover-22.jpg 800w, https:\/\/www.acerosmetal.com\/wp-content\/uploads\/2019\/03\/rust-remover-22-768x576.jpg 768w, https:\/\/www.acerosmetal.com\/wp-content\/uploads\/2019\/03\/rust-remover-22-510x383.jpg 510w\" sizes=\"auto, (max-width: 800px) 100vw, 800px\" \/>\t\t\t\t\t\t\n\t\t\t\t\t<\/div>\n\t\t\t\t\t\t<\/a>\t\t\n<style>\n#image_498859425 {\n  width: 100%;\n}\n<\/style>\n\t<\/div>\n\t\n\t\t<\/div>\n\t\t\t\t\t<\/div>\n\n\t\n<\/div>\n\t\t<\/div>\n\n\t\t\n<style>\n#section_826476818 {\n  padding-top: 30px;\n  padding-bottom: 30px;\n  background-color: rgb(248, 248, 248);\n}\n<\/style>\n\t<\/section>\n\t\n","protected":false},"excerpt":{"rendered":"","protected":false},"author":3,"featured_media":0,"parent":2082,"menu_order":0,"comment_status":"closed","ping_status":"closed","template":"","meta":{"footnotes":""},"class_list":["post-2273","page","type-page","status-publish","hentry"],"yoast_head":"<!-- This site is optimized with the Yoast SEO plugin v26.3 - https:\/\/yoast.com\/wordpress\/plugins\/seo\/ -->\n<title>Innopolish B520 \u00ae - Aceros Metal Treatment<\/title>\n<meta name=\"robots\" content=\"index, follow, max-snippet:-1, max-image-preview:large, max-video-preview:-1\" \/>\n<link rel=\"canonical\" href=\"https:\/\/www.acerosmetal.com\/de\/bilder-aus-der-praxis\/innopolish-b520\" \/>\n<meta property=\"og:locale\" content=\"de_DE\" \/>\n<meta property=\"og:type\" content=\"article\" \/>\n<meta property=\"og:title\" content=\"Innopolish B520 \u00ae - Aceros Metal Treatment\" \/>\n<meta property=\"og:url\" content=\"https:\/\/www.acerosmetal.com\/de\/bilder-aus-der-praxis\/innopolish-b520\" \/>\n<meta property=\"og:site_name\" content=\"Aceros Metal Treatment\" \/>\n<meta property=\"article:modified_time\" content=\"2019-03-04T19:26:03+00:00\" \/>\n<meta name=\"twitter:card\" content=\"summary_large_image\" \/>\n<script type=\"application\/ld+json\" class=\"yoast-schema-graph\">{\"@context\":\"https:\/\/schema.org\",\"@graph\":[{\"@type\":\"WebPage\",\"@id\":\"https:\/\/www.acerosmetal.com\/de\/bilder-aus-der-praxis\/innopolish-b520\",\"url\":\"https:\/\/www.acerosmetal.com\/de\/bilder-aus-der-praxis\/innopolish-b520\",\"name\":\"Innopolish B520 \u00ae - Aceros Metal Treatment\",\"isPartOf\":{\"@id\":\"https:\/\/www.acerosmetal.com\/de\/#website\"},\"datePublished\":\"2019-03-04T19:21:28+00:00\",\"dateModified\":\"2019-03-04T19:26:03+00:00\",\"breadcrumb\":{\"@id\":\"https:\/\/www.acerosmetal.com\/de\/bilder-aus-der-praxis\/innopolish-b520#breadcrumb\"},\"inLanguage\":\"de\",\"potentialAction\":[{\"@type\":\"ReadAction\",\"target\":[\"https:\/\/www.acerosmetal.com\/de\/bilder-aus-der-praxis\/innopolish-b520\"]}]},{\"@type\":\"BreadcrumbList\",\"@id\":\"https:\/\/www.acerosmetal.com\/de\/bilder-aus-der-praxis\/innopolish-b520#breadcrumb\",\"itemListElement\":[{\"@type\":\"ListItem\",\"position\":1,\"name\":\"Home\",\"item\":\"https:\/\/www.acerosmetal.com\/de\"},{\"@type\":\"ListItem\",\"position\":2,\"name\":\"Bilder aus der Praxis\",\"item\":\"https:\/\/www.acerosmetal.com\/de\/bilder-aus-der-praxis\"},{\"@type\":\"ListItem\",\"position\":3,\"name\":\"Innopolish B520 \u00ae\"}]},{\"@type\":\"WebSite\",\"@id\":\"https:\/\/www.acerosmetal.com\/de\/#website\",\"url\":\"https:\/\/www.acerosmetal.com\/de\/\",\"name\":\"Aceros Metal Treatment\",\"description\":\"\",\"potentialAction\":[{\"@type\":\"SearchAction\",\"target\":{\"@type\":\"EntryPoint\",\"urlTemplate\":\"https:\/\/www.acerosmetal.com\/de\/?s={search_term_string}\"},\"query-input\":{\"@type\":\"PropertyValueSpecification\",\"valueRequired\":true,\"valueName\":\"search_term_string\"}}],\"inLanguage\":\"de\"}]}<\/script>\n<!-- \/ Yoast SEO plugin. -->","yoast_head_json":{"title":"Innopolish B520 \u00ae - Aceros Metal Treatment","robots":{"index":"index","follow":"follow","max-snippet":"max-snippet:-1","max-image-preview":"max-image-preview:large","max-video-preview":"max-video-preview:-1"},"canonical":"https:\/\/www.acerosmetal.com\/de\/bilder-aus-der-praxis\/innopolish-b520","og_locale":"de_DE","og_type":"article","og_title":"Innopolish B520 \u00ae - Aceros Metal Treatment","og_url":"https:\/\/www.acerosmetal.com\/de\/bilder-aus-der-praxis\/innopolish-b520","og_site_name":"Aceros Metal Treatment","article_modified_time":"2019-03-04T19:26:03+00:00","twitter_card":"summary_large_image","schema":{"@context":"https:\/\/schema.org","@graph":[{"@type":"WebPage","@id":"https:\/\/www.acerosmetal.com\/de\/bilder-aus-der-praxis\/innopolish-b520","url":"https:\/\/www.acerosmetal.com\/de\/bilder-aus-der-praxis\/innopolish-b520","name":"Innopolish B520 \u00ae - Aceros Metal Treatment","isPartOf":{"@id":"https:\/\/www.acerosmetal.com\/de\/#website"},"datePublished":"2019-03-04T19:21:28+00:00","dateModified":"2019-03-04T19:26:03+00:00","breadcrumb":{"@id":"https:\/\/www.acerosmetal.com\/de\/bilder-aus-der-praxis\/innopolish-b520#breadcrumb"},"inLanguage":"de","potentialAction":[{"@type":"ReadAction","target":["https:\/\/www.acerosmetal.com\/de\/bilder-aus-der-praxis\/innopolish-b520"]}]},{"@type":"BreadcrumbList","@id":"https:\/\/www.acerosmetal.com\/de\/bilder-aus-der-praxis\/innopolish-b520#breadcrumb","itemListElement":[{"@type":"ListItem","position":1,"name":"Home","item":"https:\/\/www.acerosmetal.com\/de"},{"@type":"ListItem","position":2,"name":"Bilder aus der Praxis","item":"https:\/\/www.acerosmetal.com\/de\/bilder-aus-der-praxis"},{"@type":"ListItem","position":3,"name":"Innopolish B520 \u00ae"}]},{"@type":"WebSite","@id":"https:\/\/www.acerosmetal.com\/de\/#website","url":"https:\/\/www.acerosmetal.com\/de\/","name":"Aceros Metal Treatment","description":"","potentialAction":[{"@type":"SearchAction","target":{"@type":"EntryPoint","urlTemplate":"https:\/\/www.acerosmetal.com\/de\/?s={search_term_string}"},"query-input":{"@type":"PropertyValueSpecification","valueRequired":true,"valueName":"search_term_string"}}],"inLanguage":"de"}]}},"_links":{"self":[{"href":"https:\/\/www.acerosmetal.com\/de\/wp-json\/wp\/v2\/pages\/2273","targetHints":{"allow":["GET"]}}],"collection":[{"href":"https:\/\/www.acerosmetal.com\/de\/wp-json\/wp\/v2\/pages"}],"about":[{"href":"https:\/\/www.acerosmetal.com\/de\/wp-json\/wp\/v2\/types\/page"}],"author":[{"embeddable":true,"href":"https:\/\/www.acerosmetal.com\/de\/wp-json\/wp\/v2\/users\/3"}],"replies":[{"embeddable":true,"href":"https:\/\/www.acerosmetal.com\/de\/wp-json\/wp\/v2\/comments?post=2273"}],"version-history":[{"count":2,"href":"https:\/\/www.acerosmetal.com\/de\/wp-json\/wp\/v2\/pages\/2273\/revisions"}],"predecessor-version":[{"id":2278,"href":"https:\/\/www.acerosmetal.com\/de\/wp-json\/wp\/v2\/pages\/2273\/revisions\/2278"}],"up":[{"embeddable":true,"href":"https:\/\/www.acerosmetal.com\/de\/wp-json\/wp\/v2\/pages\/2082"}],"wp:attachment":[{"href":"https:\/\/www.acerosmetal.com\/de\/wp-json\/wp\/v2\/media?parent=2273"}],"curies":[{"name":"wp","href":"https:\/\/api.w.org\/{rel}","templated":true}]}}