{"id":1968,"date":"2019-03-02T22:00:28","date_gmt":"2019-03-02T21:00:28","guid":{"rendered":"https:\/\/www.acerosmetal.com\/advice"},"modified":"2020-04-06T23:20:04","modified_gmt":"2020-04-06T21:20:04","slug":"beratung","status":"publish","type":"page","link":"https:\/\/www.acerosmetal.com\/de\/beratung","title":{"rendered":"Beratung"},"content":{"rendered":"<div class=\"slider-wrapper relative\" id=\"slider-586148840\" >\n    <div class=\"slider slider-nav-circle slider-nav-normal slider-nav-light slider-style-normal\"\n        data-flickity-options='{\n            \"cellAlign\": \"center\",\n            \"imagesLoaded\": true,\n            \"lazyLoad\": 1,\n            \"freeScroll\": true,\n            \"wrapAround\": true,\n            \"autoPlay\": 6000,\n            \"pauseAutoPlayOnHover\" : true,\n            \"prevNextButtons\": false,\n            \"contain\" : true,\n            \"adaptiveHeight\" : true,\n            \"dragThreshold\" : 10,\n            \"percentPosition\": true,\n            \"pageDots\": false,\n            \"rightToLeft\": false,\n            \"draggable\": true,\n            \"selectedAttraction\": 0.1,\n            \"parallax\" : 0,\n            \"friction\": 0.6        }'\n        >\n        \n\n  <div class=\"banner has-hover\" id=\"banner-232376171\">\n          <div class=\"banner-inner fill\">\n        <div class=\"banner-bg fill\" >\n            <img loading=\"lazy\" decoding=\"async\" width=\"970\" height=\"250\" src=\"https:\/\/www.acerosmetal.com\/wp-content\/uploads\/2019\/02\/slider-2.jpg\" class=\"bg attachment-original size-original\" alt=\"stainless steel treatment\" \/>                                    \n                    <\/div>\n\t\t\n        <div class=\"banner-layers container\">\n            <div class=\"fill banner-link\"><\/div>            \n   <div id=\"text-box-2092775605\" class=\"text-box banner-layer x50 md-x50 lg-x50 y50 md-y50 lg-y50 res-text\">\n                                <div class=\"text-box-content text dark\">\n              \n              <div class=\"text-inner text-center\">\n                  \n              <\/div>\n           <\/div>\n                            \n<style>\n#text-box-2092775605 {\n  width: 60%;\n}\n#text-box-2092775605 .text-box-content {\n  font-size: 100%;\n}\n@media (min-width:550px) {\n  #text-box-2092775605 {\n    width: 60%;\n  }\n}\n<\/style>\n    <\/div>\n \n        <\/div>\n      <\/div>\n\n            \n<style>\n#banner-232376171 {\n  padding-top: 250px;\n}\n<\/style>\n  <\/div>\n\n\n\n  <div class=\"banner has-hover\" id=\"banner-1916192015\">\n          <div class=\"banner-inner fill\">\n        <div class=\"banner-bg fill\" >\n            <img loading=\"lazy\" decoding=\"async\" width=\"970\" height=\"250\" src=\"https:\/\/www.acerosmetal.com\/wp-content\/uploads\/2019\/02\/slider-3.jpg\" class=\"bg attachment-original size-original\" alt=\"metal treatment\" \/>                                    \n                    <\/div>\n\t\t\n        <div class=\"banner-layers container\">\n            <div class=\"fill banner-link\"><\/div>            \n   <div id=\"text-box-1243367941\" class=\"text-box banner-layer x50 md-x50 lg-x50 y50 md-y50 lg-y50 res-text\">\n                                <div class=\"text-box-content text dark\">\n              \n              <div class=\"text-inner text-center\">\n                  \n              <\/div>\n           <\/div>\n                            \n<style>\n#text-box-1243367941 {\n  width: 60%;\n}\n#text-box-1243367941 .text-box-content {\n  font-size: 100%;\n}\n@media (min-width:550px) {\n  #text-box-1243367941 {\n    width: 60%;\n  }\n}\n<\/style>\n    <\/div>\n \n        <\/div>\n      <\/div>\n\n            \n<style>\n#banner-1916192015 {\n  padding-top: 250px;\n}\n<\/style>\n  <\/div>\n\n\n\n  <div class=\"banner has-hover\" id=\"banner-493165864\">\n          <div class=\"banner-inner fill\">\n        <div class=\"banner-bg fill\" >\n            <img loading=\"lazy\" decoding=\"async\" width=\"970\" height=\"250\" src=\"https:\/\/www.acerosmetal.com\/wp-content\/uploads\/2019\/03\/slider-advice-5.jpg\" class=\"bg attachment-original size-original\" alt=\"\" \/>                                    \n                    <\/div>\n\t\t\n        <div class=\"banner-layers container\">\n            <div class=\"fill banner-link\"><\/div>            \n   <div id=\"text-box-198570344\" class=\"text-box banner-layer x50 md-x50 lg-x50 y50 md-y50 lg-y50 res-text\">\n                                <div class=\"text-box-content text dark\">\n              \n              <div class=\"text-inner text-center\">\n                  \n              <\/div>\n           <\/div>\n                            \n<style>\n#text-box-198570344 {\n  width: 60%;\n}\n#text-box-198570344 .text-box-content {\n  font-size: 100%;\n}\n@media (min-width:550px) {\n  #text-box-198570344 {\n    width: 60%;\n  }\n}\n<\/style>\n    <\/div>\n \n        <\/div>\n      <\/div>\n\n            \n<style>\n#banner-493165864 {\n  padding-top: 250px;\n}\n<\/style>\n  <\/div>\n\n\n     <\/div>\n\n     <div class=\"loading-spin dark large centered\"><\/div>\n\n\t<\/div>\n\n\n<div class=\"row\"  id=\"row-426353076\">\n\n\t<div id=\"col-1409562458\" class=\"col medium-8 small-12 large-8\"  >\n\t\t\t\t<div class=\"col-inner\"  >\n\t\t\t\n\t\t\t\n<h1>Beratung f\u00fcr rvs Wartung durch Spezialisten<\/h1>\n<p>Aceros Metal arbeitet mit Spezialisten in der Oberfl\u00e4chenbehandlung von NE-Metallen und der Pflege und Reinigung von Edelstahl zusammen. Deshalb sind wir ausgezeichnet in der Lage, Ihre Probleme zu analysieren. Auf der Grundlage dieser Analyse leisten wir dann eine effektive Beratung.<\/p>\n<h2>Konzept f\u00fcr Edelstahl-Pflege<\/h2>\n<p>Nichteisenmetalle sind nicht wartungsfrei. Ohne Wartung wird sich der Zustand von Nichteisenmetall verschlechtern. Metall in einem schlechten Zustand ist schneller anf\u00e4llig f\u00fcr Korrosion.<\/p>\n<p>Vers\u00e4umnisse bei der Pflege f\u00fcr den Edelstahl, bedeute eine Erh\u00f6hung der Kosten.  Sie m\u00fcssen immer h\u00e4ufiger den Austausch und\/oder die Reparatur von Metalloberfl\u00e4chen durchf\u00fchren.<\/p>\n<p>Aceros Metal Treatment bietet Ihnen ein Gesamtkonzept f\u00fcr die Pflege Ihrer Nichteisenmetalle. Auf der Grundlage einer Experten-Analyse und einer ordnungsgem\u00e4\u00dfen Anwendung unserer Produkte bleibt das Metall lebenslang in Top-Zustand. Nachdem der Edelstahl gereinigt wurde, ist die Pflege f\u00fcr den Edelstahl wichtig, um eine lange Lebensdauer des Metalls zu erzielen.<\/p>\n<p>Nehmen Sie unverbindlich mit uns <a href=\"\/de\/kontakt\">Kontakt auf<\/a>, um mehr \u00fcber die M\u00f6glichkeiten zu erfahren!<\/p>\n\t\t<\/div>\n\t\t\t\t\t<\/div>\n\n\t\n\n\t<div id=\"col-1177859423\" class=\"col medium-4 small-12 large-4\"  >\n\t\t\t\t<div class=\"col-inner\"  >\n\t\t\t\n\t\t\t\n\n  <div class=\"banner has-hover\" id=\"banner-1738843076\">\n          <div class=\"banner-inner fill\">\n        <div class=\"banner-bg fill\" >\n            <img loading=\"lazy\" decoding=\"async\" width=\"250\" height=\"150\" src=\"https:\/\/www.acerosmetal.com\/wp-content\/uploads\/2019\/03\/advice-rust-removing.jpg\" class=\"bg attachment-original size-original\" alt=\"removing rust\" \/>                                    \n                    <\/div>\n\t\t\n        <div class=\"banner-layers container\">\n            <div class=\"fill banner-link\"><\/div>            \n   <div id=\"text-box-2056854096\" class=\"text-box banner-layer x50 md-x50 lg-x50 y50 md-y50 lg-y50 res-text\">\n                                <div class=\"text-box-content text dark\">\n              \n              <div class=\"text-inner text-center\">\n                  \n              <\/div>\n           <\/div>\n                            \n<style>\n#text-box-2056854096 {\n  width: 60%;\n}\n#text-box-2056854096 .text-box-content {\n  font-size: 100%;\n}\n@media (min-width:550px) {\n  #text-box-2056854096 {\n    width: 60%;\n  }\n}\n<\/style>\n    <\/div>\n \n        <\/div>\n      <\/div>\n\n            \n<style>\n#banner-1738843076 {\n  padding-top: 50%;\n}\n<\/style>\n  <\/div>\n\n\n<a href=\"https:\/\/www.acerosmetal.com\/de\/kontakt\" class=\"button secondary expand\" >\n\t\t<span>Preisanfrage<\/span>\n\t<i class=\"icon-angle-right\" aria-hidden=\"true\"><\/i><\/a>\n\n\t\t<\/div>\n\t\t\t\t\t<\/div>\n\n\t\n<\/div>\n","protected":false},"excerpt":{"rendered":"","protected":false},"author":3,"featured_media":0,"parent":0,"menu_order":0,"comment_status":"closed","ping_status":"closed","template":"","meta":{"footnotes":""},"class_list":["post-1968","page","type-page","status-publish","hentry"],"yoast_head":"<!-- This site is optimized with the Yoast SEO plugin v26.3 - https:\/\/yoast.com\/wordpress\/plugins\/seo\/ -->\n<title>Advice on removing rust? 100% organic | Aceros Metal<\/title>\n<meta name=\"description\" content=\"Aceros Metal Treatment is distributor of cleaning and maintenance products against rust at all kind of metals Our rust remover is 100 organic\" \/>\n<meta name=\"robots\" content=\"index, follow, max-snippet:-1, max-image-preview:large, max-video-preview:-1\" \/>\n<link rel=\"canonical\" href=\"https:\/\/www.acerosmetal.com\/de\/beratung\" \/>\n<meta property=\"og:locale\" content=\"de_DE\" \/>\n<meta property=\"og:type\" content=\"article\" \/>\n<meta property=\"og:title\" content=\"Advice on removing rust? 100% organic | Aceros Metal\" \/>\n<meta property=\"og:description\" content=\"Aceros Metal Treatment is distributor of cleaning and maintenance products against rust at all kind of metals Our rust remover is 100 organic\" \/>\n<meta property=\"og:url\" content=\"https:\/\/www.acerosmetal.com\/de\/beratung\" \/>\n<meta property=\"og:site_name\" content=\"Aceros Metal Treatment\" \/>\n<meta property=\"article:modified_time\" content=\"2020-04-06T21:20:04+00:00\" \/>\n<meta name=\"twitter:card\" content=\"summary_large_image\" \/>\n<meta name=\"twitter:label1\" content=\"Gesch\u00e4tzte Lesezeit\" \/>\n\t<meta name=\"twitter:data1\" content=\"1\u00a0Minute\" \/>\n<script type=\"application\/ld+json\" class=\"yoast-schema-graph\">{\"@context\":\"https:\/\/schema.org\",\"@graph\":[{\"@type\":\"WebPage\",\"@id\":\"https:\/\/www.acerosmetal.com\/de\/beratung\",\"url\":\"https:\/\/www.acerosmetal.com\/de\/beratung\",\"name\":\"Advice on removing rust? 100% organic | Aceros Metal\",\"isPartOf\":{\"@id\":\"https:\/\/www.acerosmetal.com\/de\/#website\"},\"datePublished\":\"2019-03-02T21:00:28+00:00\",\"dateModified\":\"2020-04-06T21:20:04+00:00\",\"description\":\"Aceros Metal Treatment is distributor of cleaning and maintenance products against rust at all kind of metals Our rust remover is 100 organic\",\"breadcrumb\":{\"@id\":\"https:\/\/www.acerosmetal.com\/de\/beratung#breadcrumb\"},\"inLanguage\":\"de\",\"potentialAction\":[{\"@type\":\"ReadAction\",\"target\":[\"https:\/\/www.acerosmetal.com\/de\/beratung\"]}]},{\"@type\":\"BreadcrumbList\",\"@id\":\"https:\/\/www.acerosmetal.com\/de\/beratung#breadcrumb\",\"itemListElement\":[{\"@type\":\"ListItem\",\"position\":1,\"name\":\"Home\",\"item\":\"https:\/\/www.acerosmetal.com\/de\"},{\"@type\":\"ListItem\",\"position\":2,\"name\":\"Beratung\"}]},{\"@type\":\"WebSite\",\"@id\":\"https:\/\/www.acerosmetal.com\/de\/#website\",\"url\":\"https:\/\/www.acerosmetal.com\/de\/\",\"name\":\"Aceros Metal Treatment\",\"description\":\"\",\"potentialAction\":[{\"@type\":\"SearchAction\",\"target\":{\"@type\":\"EntryPoint\",\"urlTemplate\":\"https:\/\/www.acerosmetal.com\/de\/?s={search_term_string}\"},\"query-input\":{\"@type\":\"PropertyValueSpecification\",\"valueRequired\":true,\"valueName\":\"search_term_string\"}}],\"inLanguage\":\"de\"}]}<\/script>\n<!-- \/ Yoast SEO plugin. -->","yoast_head_json":{"title":"Advice on removing rust? 100% organic | Aceros Metal","description":"Aceros Metal Treatment is distributor of cleaning and maintenance products against rust at all kind of metals Our rust remover is 100 organic","robots":{"index":"index","follow":"follow","max-snippet":"max-snippet:-1","max-image-preview":"max-image-preview:large","max-video-preview":"max-video-preview:-1"},"canonical":"https:\/\/www.acerosmetal.com\/de\/beratung","og_locale":"de_DE","og_type":"article","og_title":"Advice on removing rust? 100% organic | Aceros Metal","og_description":"Aceros Metal Treatment is distributor of cleaning and maintenance products against rust at all kind of metals Our rust remover is 100 organic","og_url":"https:\/\/www.acerosmetal.com\/de\/beratung","og_site_name":"Aceros Metal Treatment","article_modified_time":"2020-04-06T21:20:04+00:00","twitter_card":"summary_large_image","twitter_misc":{"Gesch\u00e4tzte Lesezeit":"1\u00a0Minute"},"schema":{"@context":"https:\/\/schema.org","@graph":[{"@type":"WebPage","@id":"https:\/\/www.acerosmetal.com\/de\/beratung","url":"https:\/\/www.acerosmetal.com\/de\/beratung","name":"Advice on removing rust? 100% organic | Aceros Metal","isPartOf":{"@id":"https:\/\/www.acerosmetal.com\/de\/#website"},"datePublished":"2019-03-02T21:00:28+00:00","dateModified":"2020-04-06T21:20:04+00:00","description":"Aceros Metal Treatment is distributor of cleaning and maintenance products against rust at all kind of metals Our rust remover is 100 organic","breadcrumb":{"@id":"https:\/\/www.acerosmetal.com\/de\/beratung#breadcrumb"},"inLanguage":"de","potentialAction":[{"@type":"ReadAction","target":["https:\/\/www.acerosmetal.com\/de\/beratung"]}]},{"@type":"BreadcrumbList","@id":"https:\/\/www.acerosmetal.com\/de\/beratung#breadcrumb","itemListElement":[{"@type":"ListItem","position":1,"name":"Home","item":"https:\/\/www.acerosmetal.com\/de"},{"@type":"ListItem","position":2,"name":"Beratung"}]},{"@type":"WebSite","@id":"https:\/\/www.acerosmetal.com\/de\/#website","url":"https:\/\/www.acerosmetal.com\/de\/","name":"Aceros Metal Treatment","description":"","potentialAction":[{"@type":"SearchAction","target":{"@type":"EntryPoint","urlTemplate":"https:\/\/www.acerosmetal.com\/de\/?s={search_term_string}"},"query-input":{"@type":"PropertyValueSpecification","valueRequired":true,"valueName":"search_term_string"}}],"inLanguage":"de"}]}},"_links":{"self":[{"href":"https:\/\/www.acerosmetal.com\/de\/wp-json\/wp\/v2\/pages\/1968","targetHints":{"allow":["GET"]}}],"collection":[{"href":"https:\/\/www.acerosmetal.com\/de\/wp-json\/wp\/v2\/pages"}],"about":[{"href":"https:\/\/www.acerosmetal.com\/de\/wp-json\/wp\/v2\/types\/page"}],"author":[{"embeddable":true,"href":"https:\/\/www.acerosmetal.com\/de\/wp-json\/wp\/v2\/users\/3"}],"replies":[{"embeddable":true,"href":"https:\/\/www.acerosmetal.com\/de\/wp-json\/wp\/v2\/comments?post=1968"}],"version-history":[{"count":4,"href":"https:\/\/www.acerosmetal.com\/de\/wp-json\/wp\/v2\/pages\/1968\/revisions"}],"predecessor-version":[{"id":1977,"href":"https:\/\/www.acerosmetal.com\/de\/wp-json\/wp\/v2\/pages\/1968\/revisions\/1977"}],"wp:attachment":[{"href":"https:\/\/www.acerosmetal.com\/de\/wp-json\/wp\/v2\/media?parent=1968"}],"curies":[{"name":"wp","href":"https:\/\/api.w.org\/{rel}","templated":true}]}}