{"id":1860,"date":"2019-02-16T21:18:22","date_gmt":"2019-02-16T20:18:22","guid":{"rendered":"https:\/\/www.acerosmetal.com\/home"},"modified":"2023-08-09T09:54:37","modified_gmt":"2023-08-09T07:54:37","slug":"home","status":"publish","type":"page","link":"https:\/\/www.acerosmetal.com\/de","title":{"rendered":"Home"},"content":{"rendered":"<div class=\"slider-wrapper relative\" id=\"slider-730890967\" >\n    <div class=\"slider slider-nav-circle slider-nav-normal slider-nav-light slider-style-normal\"\n        data-flickity-options='{\n            \"cellAlign\": \"center\",\n            \"imagesLoaded\": true,\n            \"lazyLoad\": 1,\n            \"freeScroll\": true,\n            \"wrapAround\": true,\n            \"autoPlay\": 6000,\n            \"pauseAutoPlayOnHover\" : true,\n            \"prevNextButtons\": false,\n            \"contain\" : true,\n            \"adaptiveHeight\" : true,\n            \"dragThreshold\" : 10,\n            \"percentPosition\": true,\n            \"pageDots\": false,\n            \"rightToLeft\": false,\n            \"draggable\": true,\n            \"selectedAttraction\": 0.1,\n            \"parallax\" : 0,\n            \"friction\": 0.6        }'\n        >\n        \n\n  <div class=\"banner has-hover\" id=\"banner-643518961\">\n          <div class=\"banner-inner fill\">\n        <div class=\"banner-bg fill\" >\n            <img loading=\"lazy\" decoding=\"async\" width=\"970\" height=\"250\" src=\"https:\/\/www.acerosmetal.com\/wp-content\/uploads\/2019\/02\/slider-3.jpg\" class=\"bg attachment-original size-original\" alt=\"metal treatment\" \/>                                    \n                    <\/div>\n\t\t\n        <div class=\"banner-layers container\">\n            <div class=\"fill banner-link\"><\/div>            \n   <div id=\"text-box-696862400\" class=\"text-box banner-layer x50 md-x50 lg-x50 y50 md-y50 lg-y50 res-text\">\n                                <div class=\"text-box-content text dark\">\n              \n              <div class=\"text-inner text-center\">\n                  \n              <\/div>\n           <\/div>\n                            \n<style>\n#text-box-696862400 {\n  width: 60%;\n}\n#text-box-696862400 .text-box-content {\n  font-size: 100%;\n}\n@media (min-width:550px) {\n  #text-box-696862400 {\n    width: 60%;\n  }\n}\n<\/style>\n    <\/div>\n \n        <\/div>\n      <\/div>\n\n            \n<style>\n#banner-643518961 {\n  padding-top: 250px;\n}\n<\/style>\n  <\/div>\n\n\n\n  <div class=\"banner has-hover\" id=\"banner-1178071650\">\n          <div class=\"banner-inner fill\">\n        <div class=\"banner-bg fill\" >\n            <img loading=\"lazy\" decoding=\"async\" width=\"970\" height=\"250\" src=\"https:\/\/www.acerosmetal.com\/wp-content\/uploads\/2019\/02\/slider-1.jpg\" class=\"bg attachment-original size-original\" alt=\"\" \/>                                    \n                    <\/div>\n\t\t\n        <div class=\"banner-layers container\">\n            <div class=\"fill banner-link\"><\/div>            \n   <div id=\"text-box-905039907\" class=\"text-box banner-layer x50 md-x50 lg-x50 y50 md-y50 lg-y50 res-text\">\n                                <div class=\"text-box-content text dark\">\n              \n              <div class=\"text-inner text-center\">\n                  \n              <\/div>\n           <\/div>\n                            \n<style>\n#text-box-905039907 {\n  width: 60%;\n}\n#text-box-905039907 .text-box-content {\n  font-size: 100%;\n}\n@media (min-width:550px) {\n  #text-box-905039907 {\n    width: 60%;\n  }\n}\n<\/style>\n    <\/div>\n \n        <\/div>\n      <\/div>\n\n            \n<style>\n#banner-1178071650 {\n  padding-top: 250px;\n}\n<\/style>\n  <\/div>\n\n\n\n  <div class=\"banner has-hover\" id=\"banner-2134303387\">\n          <div class=\"banner-inner fill\">\n        <div class=\"banner-bg fill\" >\n            <img loading=\"lazy\" decoding=\"async\" width=\"970\" height=\"250\" src=\"https:\/\/www.acerosmetal.com\/wp-content\/uploads\/2019\/02\/slider-2.jpg\" class=\"bg attachment-original size-original\" alt=\"stainless steel treatment\" \/>                                    \n                    <\/div>\n\t\t\n        <div class=\"banner-layers container\">\n            <div class=\"fill banner-link\"><\/div>            \n   <div id=\"text-box-1890118787\" class=\"text-box banner-layer x50 md-x50 lg-x50 y50 md-y50 lg-y50 res-text\">\n                                <div class=\"text-box-content text dark\">\n              \n              <div class=\"text-inner text-center\">\n                  \n              <\/div>\n           <\/div>\n                            \n<style>\n#text-box-1890118787 {\n  width: 60%;\n}\n#text-box-1890118787 .text-box-content {\n  font-size: 100%;\n}\n@media (min-width:550px) {\n  #text-box-1890118787 {\n    width: 60%;\n  }\n}\n<\/style>\n    <\/div>\n \n        <\/div>\n      <\/div>\n\n            \n<style>\n#banner-2134303387 {\n  padding-top: 250px;\n}\n<\/style>\n  <\/div>\n\n\n     <\/div>\n\n     <div class=\"loading-spin dark large centered\"><\/div>\n\n\t<\/div>\n\n\n<div class=\"row row-small\"  id=\"row-1948219097\">\n\n\t<div id=\"col-1850497619\" class=\"col medium-8 small-12 large-8\"  >\n\t\t\t\t<div class=\"col-inner\" style=\"background-color:rgb(248, 248, 248);\" >\n\t\t\t\n\t\t\t\n<h1>Aceros Metal Treatment &#8211; Metal verdient Pflege<\/h1>\n<p>Aceros Metal Treatment ist ein Spezialist f\u00fcr die Reinigung und Pflege von Nichteisenmetallen. Zunehmend werden Edelstahl und Aluminium in verschiedenen Objekten und f\u00fcr verschiedene Gebrauchsgegenst\u00e4nde verwendet. Diese Metalle sind abriebfest und wartungsarm, aber sie sind sicherlich nicht wartungsfrei!<\/p>\n<p>Die Reinigung und Pflege Ihres Metalls ist von gro\u00dfer Bedeutung. Durch regelm\u00e4\u00dfige Wartung verl\u00e4ngert sich die Lebensdauer, vermeiden Sie Probleme durch Korrosion und sorgen Sie daf\u00fcr, dass das Metall weiterhin gut aussieht (\u00e4sthetisch). Ob es nun um Edelstahl oder Aluminium geht, Aceros Metal Treatment hat alles im Haus um Ihr Metall in Top-Zustand zu halten.<\/p>\n<p>Aceros Metal Treatment hat die L\u00f6sung gegen Korrosion (bzw. Rost) im Hause und auch um andere Angriffe auf Nichteisenmetalle zu beseitigen und zu verhindern. Wir tun dies durch:<\/p>\n<ul>\n<li>eine einzigartige Produktlinie f\u00fcr die Reinigung und Pflege von Edelstahl<\/li>\n<li>Beratung und Forschung durch Spezialisten<\/li>\n<li>unseren eigenen Reinigungsdienst<\/li>\n<\/ul>\n<h2>Einzigartige Produktlinie<\/h2>\n<p>Aceros Metal Treatment ist ein internationaler Distributor f\u00fcr verschiedene einzigartige Pflege- und Reinigungsmittel f\u00fcr Edelstahl. Lesen Sie mehr \u00fcber unsere Produkte auf unserer Produktseite, z.B. wie Sie einfach Rost entfernen.<\/p>\n<h2>Forschung und Beratung<\/h2>\n<p>Aceros Metal Treatment arbeitet mit Spezialisten auf dem Gebiet der Oberfl\u00e4chenbehandlung von Metallen zusammen. Diese Spezialisten analysieren Ihr Problem und beraten Sie, wie Sie das Problem l\u00f6sen. Lesen Sie mehr \u00fcber alle unsere M\u00f6glichkeiten auf unserer Ratgeber-Seite.<\/p>\n<h2>Reinigungsdienst<\/h2>\n<p>Neben fachkundiger Beratung und einzigartigen Produkten bieten wir auch einen Reinigungsservice. Aceros Metal Treatment hat ein Team von erfahrenen und kompetenten Menschen, das Ihnen gerne Reinigungsprojekte abnimmt. Wir sind au\u00dferdem in der Lage, f\u00fcr eine regelm\u00e4\u00dfige Reinigung Ihres Metalls zu sorgen. Schauen Sie sich unsere Seite zum Reinigungsdienst an oder nehmen Sie direkt Kontakt auf.<\/p>\n\t\t<\/div>\n\t\t\t\t\n<style>\n#col-1850497619 > .col-inner {\n  padding: 20px 19px 20px 20px;\n}\n<\/style>\n\t<\/div>\n\n\t\n\n\t<div id=\"col-173621753\" class=\"col medium-4 small-12 large-4\"  >\n\t\t\t\t<div class=\"col-inner text-left\"  >\n\t\t\t\n\t\t\t\n\n  <div class=\"banner has-hover\" id=\"banner-1038489158\">\n          <div class=\"banner-inner fill\">\n        <div class=\"banner-bg fill\" >\n            <img loading=\"lazy\" decoding=\"async\" width=\"692\" height=\"636\" src=\"https:\/\/www.acerosmetal.com\/wp-content\/uploads\/2017\/07\/starterkit-NL-100ML_NIEUW-2017.jpg\" class=\"bg attachment-large size-large\" alt=\"rvs reiniger, starterskit, spons\" \/>                                    \n                    <\/div>\n\t\t\n        <div class=\"banner-layers container\">\n            <div class=\"fill banner-link\"><\/div>            \n        <\/div>\n      <\/div>\n\n            \n<style>\n#banner-1038489158 {\n  padding-top: 50%;\n}\n<\/style>\n  <\/div>\n\n\n<a href=\"\/shop\/edelstahlreiniger\/edelstahl-starter-kit\" class=\"button secondary expand\" >\n\t\t<span>ein Starter-Kit bestellen<\/span>\n\t<i class=\"icon-angle-right\" aria-hidden=\"true\"><\/i><\/a>\n\n\t<div id=\"gap-269355943\" class=\"gap-element clearfix\" style=\"display:block; height:auto;\">\n\t\t\n<style>\n#gap-269355943 {\n  padding-top: 15px;\n}\n<\/style>\n\t<\/div>\n\t\n\n  <div class=\"banner has-hover\" id=\"banner-109289642\">\n          <div class=\"banner-inner fill\">\n        <div class=\"banner-bg fill\" >\n            <img loading=\"lazy\" decoding=\"async\" width=\"250\" height=\"150\" src=\"https:\/\/www.acerosmetal.com\/wp-content\/uploads\/2019\/02\/contact.jpg\" class=\"bg attachment-large size-large\" alt=\"\" \/>                                    \n                    <\/div>\n\t\t\n        <div class=\"banner-layers container\">\n            <div class=\"fill banner-link\"><\/div>            \n        <\/div>\n      <\/div>\n\n            \n<style>\n#banner-109289642 {\n  padding-top: 50%;\n}\n<\/style>\n  <\/div>\n\n\n<a href=\"\/kontakt\/\" class=\"button secondary expand\" >\n\t\t<span>Kontakt<\/span>\n\t<i class=\"icon-angle-right\" aria-hidden=\"true\"><\/i><\/a>\n\n\t<div id=\"gap-287235766\" class=\"gap-element clearfix\" style=\"display:block; height:auto;\">\n\t\t\n<style>\n#gap-287235766 {\n  padding-top: 15px;\n}\n<\/style>\n\t<\/div>\n\t\n\n  <div class=\"banner has-hover\" id=\"banner-626107187\">\n          <div class=\"banner-inner fill\">\n        <div class=\"banner-bg fill\" >\n            <img loading=\"lazy\" decoding=\"async\" width=\"250\" height=\"150\" src=\"https:\/\/www.acerosmetal.com\/wp-content\/uploads\/2019\/02\/gallery.jpg\" class=\"bg attachment-large size-large\" alt=\"\" \/>                                    \n                    <\/div>\n\t\t\n        <div class=\"banner-layers container\">\n            <div class=\"fill banner-link\"><\/div>            \n        <\/div>\n      <\/div>\n\n            \n<style>\n#banner-626107187 {\n  padding-top: 50%;\n}\n<\/style>\n  <\/div>\n\n\n<a href=\"\/bilder-aus-der-praxis\" class=\"button secondary expand\" >\n\t\t<span>Fotogallerie<\/span>\n\t<i class=\"icon-angle-right\" aria-hidden=\"true\"><\/i><\/a>\n\n\t\t<\/div>\n\t\t\t\t\t<\/div>\n\n\t\n<\/div>\n","protected":false},"excerpt":{"rendered":"","protected":false},"author":3,"featured_media":0,"parent":0,"menu_order":0,"comment_status":"closed","ping_status":"closed","template":"page-blank.php","meta":{"footnotes":""},"class_list":["post-1860","page","type-page","status-publish","hentry"],"yoast_head":"<!-- This site is optimized with the Yoast SEO plugin v26.3 - https:\/\/yoast.com\/wordpress\/plugins\/seo\/ -->\n<title>Edelstahl Reinigung und Pflege? | Aceros Metal Treatment<\/title>\n<meta name=\"description\" content=\"Aceros ist Spezialist f\u00fcr die Reinigung von Nichteisenmetallen. Ein Distributor f\u00fcr verschiedene einzigartige Reinigungsmittel f\u00fcr Edelstahl.\" \/>\n<meta name=\"robots\" content=\"index, follow, max-snippet:-1, max-image-preview:large, max-video-preview:-1\" \/>\n<link rel=\"canonical\" href=\"https:\/\/www.acerosmetal.com\/de\" \/>\n<meta property=\"og:locale\" content=\"de_DE\" \/>\n<meta property=\"og:type\" content=\"article\" \/>\n<meta property=\"og:title\" content=\"Edelstahl Reinigung und Pflege? | Aceros Metal Treatment\" \/>\n<meta property=\"og:description\" content=\"Aceros ist Spezialist f\u00fcr die Reinigung von Nichteisenmetallen. Ein Distributor f\u00fcr verschiedene einzigartige Reinigungsmittel f\u00fcr Edelstahl.\" \/>\n<meta property=\"og:url\" content=\"https:\/\/www.acerosmetal.com\/de\" \/>\n<meta property=\"og:site_name\" content=\"Aceros Metal Treatment\" \/>\n<meta property=\"article:modified_time\" content=\"2023-08-09T07:54:37+00:00\" \/>\n<meta name=\"twitter:card\" content=\"summary_large_image\" \/>\n<meta name=\"twitter:label1\" content=\"Gesch\u00e4tzte Lesezeit\" \/>\n\t<meta name=\"twitter:data1\" content=\"2\u00a0Minuten\" \/>\n<script type=\"application\/ld+json\" class=\"yoast-schema-graph\">{\"@context\":\"https:\/\/schema.org\",\"@graph\":[{\"@type\":\"WebPage\",\"@id\":\"https:\/\/www.acerosmetal.com\/de\",\"url\":\"https:\/\/www.acerosmetal.com\/de\",\"name\":\"Edelstahl Reinigung und Pflege? | Aceros Metal Treatment\",\"isPartOf\":{\"@id\":\"https:\/\/www.acerosmetal.com\/de\/#website\"},\"datePublished\":\"2019-02-16T20:18:22+00:00\",\"dateModified\":\"2023-08-09T07:54:37+00:00\",\"description\":\"Aceros ist Spezialist f\u00fcr die Reinigung von Nichteisenmetallen. Ein Distributor f\u00fcr verschiedene einzigartige Reinigungsmittel f\u00fcr Edelstahl.\",\"breadcrumb\":{\"@id\":\"https:\/\/www.acerosmetal.com\/de#breadcrumb\"},\"inLanguage\":\"de\",\"potentialAction\":[{\"@type\":\"ReadAction\",\"target\":[\"https:\/\/www.acerosmetal.com\/de\"]}]},{\"@type\":\"BreadcrumbList\",\"@id\":\"https:\/\/www.acerosmetal.com\/de#breadcrumb\",\"itemListElement\":[{\"@type\":\"ListItem\",\"position\":1,\"name\":\"Home\",\"item\":\"https:\/\/www.acerosmetal.com\/de\"},{\"@type\":\"ListItem\",\"position\":2,\"name\":\"Home\"}]},{\"@type\":\"WebSite\",\"@id\":\"https:\/\/www.acerosmetal.com\/de\/#website\",\"url\":\"https:\/\/www.acerosmetal.com\/de\/\",\"name\":\"Aceros Metal Treatment\",\"description\":\"\",\"potentialAction\":[{\"@type\":\"SearchAction\",\"target\":{\"@type\":\"EntryPoint\",\"urlTemplate\":\"https:\/\/www.acerosmetal.com\/de\/?s={search_term_string}\"},\"query-input\":{\"@type\":\"PropertyValueSpecification\",\"valueRequired\":true,\"valueName\":\"search_term_string\"}}],\"inLanguage\":\"de\"}]}<\/script>\n<!-- \/ Yoast SEO plugin. -->","yoast_head_json":{"title":"Edelstahl Reinigung und Pflege? | Aceros Metal Treatment","description":"Aceros ist Spezialist f\u00fcr die Reinigung von Nichteisenmetallen. Ein Distributor f\u00fcr verschiedene einzigartige Reinigungsmittel f\u00fcr Edelstahl.","robots":{"index":"index","follow":"follow","max-snippet":"max-snippet:-1","max-image-preview":"max-image-preview:large","max-video-preview":"max-video-preview:-1"},"canonical":"https:\/\/www.acerosmetal.com\/de","og_locale":"de_DE","og_type":"article","og_title":"Edelstahl Reinigung und Pflege? | Aceros Metal Treatment","og_description":"Aceros ist Spezialist f\u00fcr die Reinigung von Nichteisenmetallen. Ein Distributor f\u00fcr verschiedene einzigartige Reinigungsmittel f\u00fcr Edelstahl.","og_url":"https:\/\/www.acerosmetal.com\/de","og_site_name":"Aceros Metal Treatment","article_modified_time":"2023-08-09T07:54:37+00:00","twitter_card":"summary_large_image","twitter_misc":{"Gesch\u00e4tzte Lesezeit":"2\u00a0Minuten"},"schema":{"@context":"https:\/\/schema.org","@graph":[{"@type":"WebPage","@id":"https:\/\/www.acerosmetal.com\/de","url":"https:\/\/www.acerosmetal.com\/de","name":"Edelstahl Reinigung und Pflege? | Aceros Metal Treatment","isPartOf":{"@id":"https:\/\/www.acerosmetal.com\/de\/#website"},"datePublished":"2019-02-16T20:18:22+00:00","dateModified":"2023-08-09T07:54:37+00:00","description":"Aceros ist Spezialist f\u00fcr die Reinigung von Nichteisenmetallen. Ein Distributor f\u00fcr verschiedene einzigartige Reinigungsmittel f\u00fcr Edelstahl.","breadcrumb":{"@id":"https:\/\/www.acerosmetal.com\/de#breadcrumb"},"inLanguage":"de","potentialAction":[{"@type":"ReadAction","target":["https:\/\/www.acerosmetal.com\/de"]}]},{"@type":"BreadcrumbList","@id":"https:\/\/www.acerosmetal.com\/de#breadcrumb","itemListElement":[{"@type":"ListItem","position":1,"name":"Home","item":"https:\/\/www.acerosmetal.com\/de"},{"@type":"ListItem","position":2,"name":"Home"}]},{"@type":"WebSite","@id":"https:\/\/www.acerosmetal.com\/de\/#website","url":"https:\/\/www.acerosmetal.com\/de\/","name":"Aceros Metal Treatment","description":"","potentialAction":[{"@type":"SearchAction","target":{"@type":"EntryPoint","urlTemplate":"https:\/\/www.acerosmetal.com\/de\/?s={search_term_string}"},"query-input":{"@type":"PropertyValueSpecification","valueRequired":true,"valueName":"search_term_string"}}],"inLanguage":"de"}]}},"_links":{"self":[{"href":"https:\/\/www.acerosmetal.com\/de\/wp-json\/wp\/v2\/pages\/1860","targetHints":{"allow":["GET"]}}],"collection":[{"href":"https:\/\/www.acerosmetal.com\/de\/wp-json\/wp\/v2\/pages"}],"about":[{"href":"https:\/\/www.acerosmetal.com\/de\/wp-json\/wp\/v2\/types\/page"}],"author":[{"embeddable":true,"href":"https:\/\/www.acerosmetal.com\/de\/wp-json\/wp\/v2\/users\/3"}],"replies":[{"embeddable":true,"href":"https:\/\/www.acerosmetal.com\/de\/wp-json\/wp\/v2\/comments?post=1860"}],"version-history":[{"count":9,"href":"https:\/\/www.acerosmetal.com\/de\/wp-json\/wp\/v2\/pages\/1860\/revisions"}],"predecessor-version":[{"id":5644,"href":"https:\/\/www.acerosmetal.com\/de\/wp-json\/wp\/v2\/pages\/1860\/revisions\/5644"}],"wp:attachment":[{"href":"https:\/\/www.acerosmetal.com\/de\/wp-json\/wp\/v2\/media?parent=1860"}],"curies":[{"name":"wp","href":"https:\/\/api.w.org\/{rel}","templated":true}]}}